{"id":1510,"date":"2019-03-04T21:45:51","date_gmt":"2019-03-04T20:45:51","guid":{"rendered":"https:\/\/www.grills-saveurs.ch\/fr\/?page_id=1510"},"modified":"2021-08-20T09:42:58","modified_gmt":"2021-08-20T07:42:58","slug":"cours-barbecue-soiree-groupe-sur-mesure","status":"publish","type":"page","link":"https:\/\/www.grills-saveurs.ch\/fr\/cours-barbecue-soiree-groupe-sur-mesure\/","title":{"rendered":"Cours &#8211; Formule sur mesure"},"content":{"rendered":"<p>[vc_row type=\u00a0\u00bbfull-nopad\u00a0\u00bb][vc_column]\r\n\t\t\t<div class=\"nm-banner content-full image-type-fluid has-alt-image text-color-dark subtitle-below\" style=\"\"><img src=\"https:\/\/www.grills-saveurs.ch\/fr\/wp-content\/uploads\/2019\/03\/ban-cours-barbecue-grill-1.jpg\" alt=\"ban-cours-barbecue-grill\" \/><img src=\"https:\/\/www.grills-saveurs.ch\/fr\/wp-content\/uploads\/2019\/03\/ban-cours-barbecue-grill-1.jpg\" class=\"nm-banner-alt-image img\" alt=\"ban-cours-barbecue-grill\" \/>\r\n\t\t\t\t<div class=\"nm-banner-content\">\r\n\t\t\t\t\t<div class=\"nm-banner-content-inner h_center v_center align_center\">\r\n\t\t\t\t\t\t<div class=\"nm-banner-text medium\" style=\"\">\r\n\t\t\t\t\t\t\t<div class=\"nm-banner-text-inner\"><h1 class=\"nm-banner-title\">Cours de grillade sur mesure<\/h1><\/div>\r\n\t\t\t\t\t\t<\/div>\r\n\t\t\t\t\t<\/div>\r\n\t\t\t\t<\/div>\r\n\t\t\t<\/div>[\/vc_column][\/vc_row][vc_row type=\u00a0\u00bbboxed\u00a0\u00bb][vc_column width=\u00a0\u00bb5\/6&Prime; offset=\u00a0\u00bbvc_col-sm-offset-1&Prime;][vc_empty_space height=\u00a0\u00bb47px\u00a0\u00bb][vc_column_text]<\/p>\n<h2>DE L&rsquo;AP\u00c9RITIF AU DESSERT, LA FORMULE DE GROUPE QUI S&rsquo;ADAPTE \u00c0 VOS ENVIES !<\/h2>\n<p><strong>Soir\u00e9e d&rsquo;entreprise, f\u00eate entre amis, anniversaire&#8230; tout est permis !<\/strong>[\/vc_column_text][vc_empty_space height=\u00a0\u00bb47px\u00a0\u00bb][\/vc_column][\/vc_row][vc_row type=\u00a0\u00bbboxed\u00a0\u00bb][vc_column width=\u00a0\u00bb1\/4&Prime; offset=\u00a0\u00bbvc_col-sm-offset-1&Prime;][vc_column_text]<img loading=\"lazy\" class=\"alignnone wp-image-2003 size-full\" src=\"https:\/\/www.grills-saveurs.ch\/fr\/wp-content\/uploads\/2019\/03\/cours-grillade-soiree-entreprise-groupe.jpg\" alt=\"Grillade crustac\u00e9s cours\" width=\"464\" height=\"450\" srcset=\"https:\/\/www.grills-saveurs.ch\/fr\/wp-content\/uploads\/2019\/03\/cours-grillade-soiree-entreprise-groupe.jpg 464w, https:\/\/www.grills-saveurs.ch\/fr\/wp-content\/uploads\/2019\/03\/cours-grillade-soiree-entreprise-groupe-300x291.jpg 300w\" sizes=\"(max-width: 464px) 100vw, 464px\" \/>[\/vc_column_text][vc_empty_space height=\u00a0\u00bb17px\u00a0\u00bb][\/vc_column][vc_column width=\u00a0\u00bb7\/12&Prime;][vc_column_text]<\/p>\n<h3>\u00ab\u00a0Entre coll\u00e8gues ou entre amis, un moment fun et convivial.\u00a0\u00bb<\/h3>\n<p>Un endroit unique pour partager un moment inoubliable avec vos clients, vos coll\u00e8gues, vos amis ou votre famille. Ap\u00e9ritif, techniques cuisson au grill, trucs et astuces et recettes originales. Le tout suivi d&rsquo;un d\u00e9licieux repas.<\/p>\n<p><strong>Le menu<\/strong><\/p>\n<ul>\n<li>Sur mesure en fonction de l&rsquo;\u00e9v\u00e9nement et du nombre de personnes<\/li>\n<li>Ap\u00e9ritif de bienvenue (vin, bi\u00e8re ou min\u00e9rale)<\/li>\n<li>Vin et min\u00e9rales durant le repas<\/li>\n<li>Caf\u00e9<\/li>\n<\/ul>\n<p><strong>3&#8230;2&#8230;1&#8230; grillez et profitez !<\/strong>[\/vc_column_text][vc_empty_space height=\u00a0\u00bb46&Prime;]\r\n\t\t\t<div class=\"nm_btn_align_left\">\r\n\t\t\t\t<a href=\"https:\/\/www.grills-saveurs.ch\/fr\/contact-grills-et-saveurs\/\" class=\"nm_btn nm_btn_lg nm_btn_filled\">\r\n\t\t\t\t\t<span class=\"nm_btn_title\">Nous contacter<\/span>\r\n\t\t\t\t\t<span class=\"nm_btn_bg\"><\/span>\r\n\t\t\t\t<\/a>\r\n\t\t\t<\/div>[vc_empty_space height=\u00a0\u00bb46&Prime;][\/vc_column][\/vc_row][vc_row][vc_column][vc_column_text]<\/p>\n<p style=\"text-align: center;\">Des questions ? Appelez-nous au 021 566 16 66 ou par email\u00a0<a href=\"mailto:info@grills-saveurs.ch\">info@grills-saveurs.ch<\/a><\/p>\n<p>&nbsp;<\/p>\n<p style=\"text-align: center;\"><a href=\"https:\/\/www.grills-saveurs.ch\/fr\/cours-barbecue-weber-nos-formules\/\">Voir les autres cours de barbecue<\/a><\/p>\n<p>[\/vc_column_text][vc_single_image image=\u00a0\u00bb1448&Prime; img_size=\u00a0\u00bb300&#215;103&Prime; alignment=\u00a0\u00bbcenter\u00a0\u00bb][vc_empty_space height=\u00a0\u00bb47px\u00a0\u00bb][\/vc_column][\/vc_row]<\/p>\n","protected":false},"excerpt":{"rendered":"<p>[vc_row type=\u00a0\u00bbfull-nopad\u00a0\u00bb][vc_column][\/vc_column][\/vc_row][vc_row type=\u00a0\u00bbboxed\u00a0\u00bb][vc_column width=\u00a0\u00bb5\/6&Prime; offset=\u00a0\u00bbvc_col-sm-offset-1&Prime;][vc_empty_space height=\u00a0\u00bb47px\u00a0\u00bb][vc_column_text] DE L&rsquo;AP\u00c9RITIF AU DESSERT, LA FORMULE DE GROUPE QUI S&rsquo;ADAPTE \u00c0 VOS ENVIES ! Soir\u00e9e d&rsquo;entreprise, f\u00eate entre amis, anniversaire&#8230; tout est permis ![\/vc_column_text][vc_empty_space height=\u00a0\u00bb47px\u00a0\u00bb][\/vc_column][\/vc_row][vc_row type=\u00a0\u00bbboxed\u00a0\u00bb][vc_column width=\u00a0\u00bb1\/4&Prime; offset=\u00a0\u00bbvc_col-sm-offset-1&Prime;][vc_column_text][\/vc_column_text][vc_empty_space height=\u00a0\u00bb17px\u00a0\u00bb][\/vc_column][vc_column width=\u00a0\u00bb7\/12&Prime;][vc_column_text] \u00ab\u00a0Entre coll\u00e8gues ou entre amis, un moment fun et convivial.\u00a0\u00bb Un endroit unique pour partager un moment inoubliable avec &hellip;<\/p>\n","protected":false},"author":1,"featured_media":0,"parent":0,"menu_order":0,"comment_status":"closed","ping_status":"closed","template":"","meta":[],"yoast_head":"<!-- This site is optimized with the Yoast SEO plugin v18.2 - https:\/\/yoast.com\/wordpress\/plugins\/seo\/ -->\n<title>Soir\u00e9e d&#039;entreprise Morges - Cours de grillade, barbecue. - Vaud, Crissier, Lausanne, Suisse Romande<\/title>\n<meta name=\"description\" content=\"Un endroit unique pour partager un moment inoubliable avec vos clients, vos coll\u00e8gues, vos amis ou votre famille. Ap\u00e9ritif, techniques cuisson au grill, trucs et astuces et recettes originales. Le tout suivi d&#039;un d\u00e9licieux repas.\" \/>\n<meta name=\"robots\" content=\"index, follow, max-snippet:-1, max-image-preview:large, max-video-preview:-1\" \/>\n<link rel=\"canonical\" href=\"https:\/\/www.grills-saveurs.ch\/fr\/cours-barbecue-soiree-groupe-sur-mesure\/\" \/>\n<meta property=\"og:locale\" content=\"fr_FR\" \/>\n<meta property=\"og:type\" content=\"article\" \/>\n<meta property=\"og:title\" content=\"Soir\u00e9e d&#039;entreprise Morges - Cours de grillade, barbecue. - Vaud, Crissier, Lausanne, Suisse Romande\" \/>\n<meta property=\"og:description\" content=\"Un endroit unique pour partager un moment inoubliable avec vos clients, vos coll\u00e8gues, vos amis ou votre famille. Ap\u00e9ritif, techniques cuisson au grill, trucs et astuces et recettes originales. Le tout suivi d&#039;un d\u00e9licieux repas.\" \/>\n<meta property=\"og:url\" content=\"https:\/\/www.grills-saveurs.ch\/fr\/cours-barbecue-soiree-groupe-sur-mesure\/\" \/>\n<meta property=\"og:site_name\" content=\"Grills et Saveurs\" \/>\n<meta property=\"article:modified_time\" content=\"2021-08-20T07:42:58+00:00\" \/>\n<meta property=\"og:image\" content=\"https:\/\/www.grills-saveurs.ch\/fr\/wp-content\/uploads\/2019\/03\/cours-grillade-soiree-entreprise-groupe.jpg\" \/>\n<meta name=\"twitter:card\" content=\"summary_large_image\" \/>\n<meta name=\"twitter:label1\" content=\"Dur\u00e9e de lecture estim\u00e9e\" \/>\n\t<meta name=\"twitter:data1\" content=\"1 minute\" \/>\n<script type=\"application\/ld+json\" class=\"yoast-schema-graph\">{\"@context\":\"https:\/\/schema.org\",\"@graph\":[{\"@type\":\"WebSite\",\"@id\":\"https:\/\/www.grills-saveurs.ch\/fr\/#website\",\"url\":\"https:\/\/www.grills-saveurs.ch\/fr\/\",\"name\":\"Grills et Saveurs\",\"description\":\"Barbecues, Grills, Planchas, Chemin\u00e9es jardin - Lausanne, Suisse Romande\",\"potentialAction\":[{\"@type\":\"SearchAction\",\"target\":{\"@type\":\"EntryPoint\",\"urlTemplate\":\"https:\/\/www.grills-saveurs.ch\/fr\/?s={search_term_string}\"},\"query-input\":\"required name=search_term_string\"}],\"inLanguage\":\"fr-FR\"},{\"@type\":\"ImageObject\",\"@id\":\"https:\/\/www.grills-saveurs.ch\/fr\/cours-barbecue-soiree-groupe-sur-mesure\/#primaryimage\",\"inLanguage\":\"fr-FR\",\"url\":\"https:\/\/www.grills-saveurs.ch\/fr\/wp-content\/uploads\/2019\/03\/cours-grillade-soiree-entreprise-groupe.jpg\",\"contentUrl\":\"https:\/\/www.grills-saveurs.ch\/fr\/wp-content\/uploads\/2019\/03\/cours-grillade-soiree-entreprise-groupe.jpg\",\"width\":464,\"height\":450,\"caption\":\"Grillade crustac\u00e9s cours\"},{\"@type\":\"WebPage\",\"@id\":\"https:\/\/www.grills-saveurs.ch\/fr\/cours-barbecue-soiree-groupe-sur-mesure\/#webpage\",\"url\":\"https:\/\/www.grills-saveurs.ch\/fr\/cours-barbecue-soiree-groupe-sur-mesure\/\",\"name\":\"Soir\u00e9e d'entreprise Morges - Cours de grillade, barbecue. - Vaud, Crissier, Lausanne, Suisse Romande\",\"isPartOf\":{\"@id\":\"https:\/\/www.grills-saveurs.ch\/fr\/#website\"},\"primaryImageOfPage\":{\"@id\":\"https:\/\/www.grills-saveurs.ch\/fr\/cours-barbecue-soiree-groupe-sur-mesure\/#primaryimage\"},\"datePublished\":\"2019-03-04T20:45:51+00:00\",\"dateModified\":\"2021-08-20T07:42:58+00:00\",\"description\":\"Un endroit unique pour partager un moment inoubliable avec vos clients, vos coll\u00e8gues, vos amis ou votre famille. Ap\u00e9ritif, techniques cuisson au grill, trucs et astuces et recettes originales. Le tout suivi d'un d\u00e9licieux repas.\",\"breadcrumb\":{\"@id\":\"https:\/\/www.grills-saveurs.ch\/fr\/cours-barbecue-soiree-groupe-sur-mesure\/#breadcrumb\"},\"inLanguage\":\"fr-FR\",\"potentialAction\":[{\"@type\":\"ReadAction\",\"target\":[\"https:\/\/www.grills-saveurs.ch\/fr\/cours-barbecue-soiree-groupe-sur-mesure\/\"]}]},{\"@type\":\"BreadcrumbList\",\"@id\":\"https:\/\/www.grills-saveurs.ch\/fr\/cours-barbecue-soiree-groupe-sur-mesure\/#breadcrumb\",\"itemListElement\":[{\"@type\":\"ListItem\",\"position\":1,\"name\":\"Accueil\",\"item\":\"https:\/\/www.grills-saveurs.ch\/fr\/\"},{\"@type\":\"ListItem\",\"position\":2,\"name\":\"Cours &#8211; Formule sur mesure\"}]}]}<\/script>\n<!-- \/ Yoast SEO plugin. -->","yoast_head_json":{"title":"Soir\u00e9e d'entreprise Morges - Cours de grillade, barbecue. - Vaud, Crissier, Lausanne, Suisse Romande","description":"Un endroit unique pour partager un moment inoubliable avec vos clients, vos coll\u00e8gues, vos amis ou votre famille. Ap\u00e9ritif, techniques cuisson au grill, trucs et astuces et recettes originales. Le tout suivi d'un d\u00e9licieux repas.","robots":{"index":"index","follow":"follow","max-snippet":"max-snippet:-1","max-image-preview":"max-image-preview:large","max-video-preview":"max-video-preview:-1"},"canonical":"https:\/\/www.grills-saveurs.ch\/fr\/cours-barbecue-soiree-groupe-sur-mesure\/","og_locale":"fr_FR","og_type":"article","og_title":"Soir\u00e9e d'entreprise Morges - Cours de grillade, barbecue. - Vaud, Crissier, Lausanne, Suisse Romande","og_description":"Un endroit unique pour partager un moment inoubliable avec vos clients, vos coll\u00e8gues, vos amis ou votre famille. Ap\u00e9ritif, techniques cuisson au grill, trucs et astuces et recettes originales. Le tout suivi d'un d\u00e9licieux repas.","og_url":"https:\/\/www.grills-saveurs.ch\/fr\/cours-barbecue-soiree-groupe-sur-mesure\/","og_site_name":"Grills et Saveurs","article_modified_time":"2021-08-20T07:42:58+00:00","og_image":[{"url":"https:\/\/www.grills-saveurs.ch\/fr\/wp-content\/uploads\/2019\/03\/cours-grillade-soiree-entreprise-groupe.jpg"}],"twitter_card":"summary_large_image","twitter_misc":{"Dur\u00e9e de lecture estim\u00e9e":"1 minute"},"schema":{"@context":"https:\/\/schema.org","@graph":[{"@type":"WebSite","@id":"https:\/\/www.grills-saveurs.ch\/fr\/#website","url":"https:\/\/www.grills-saveurs.ch\/fr\/","name":"Grills et Saveurs","description":"Barbecues, Grills, Planchas, Chemin\u00e9es jardin - Lausanne, Suisse Romande","potentialAction":[{"@type":"SearchAction","target":{"@type":"EntryPoint","urlTemplate":"https:\/\/www.grills-saveurs.ch\/fr\/?s={search_term_string}"},"query-input":"required name=search_term_string"}],"inLanguage":"fr-FR"},{"@type":"ImageObject","@id":"https:\/\/www.grills-saveurs.ch\/fr\/cours-barbecue-soiree-groupe-sur-mesure\/#primaryimage","inLanguage":"fr-FR","url":"https:\/\/www.grills-saveurs.ch\/fr\/wp-content\/uploads\/2019\/03\/cours-grillade-soiree-entreprise-groupe.jpg","contentUrl":"https:\/\/www.grills-saveurs.ch\/fr\/wp-content\/uploads\/2019\/03\/cours-grillade-soiree-entreprise-groupe.jpg","width":464,"height":450,"caption":"Grillade crustac\u00e9s cours"},{"@type":"WebPage","@id":"https:\/\/www.grills-saveurs.ch\/fr\/cours-barbecue-soiree-groupe-sur-mesure\/#webpage","url":"https:\/\/www.grills-saveurs.ch\/fr\/cours-barbecue-soiree-groupe-sur-mesure\/","name":"Soir\u00e9e d'entreprise Morges - Cours de grillade, barbecue. - Vaud, Crissier, Lausanne, Suisse Romande","isPartOf":{"@id":"https:\/\/www.grills-saveurs.ch\/fr\/#website"},"primaryImageOfPage":{"@id":"https:\/\/www.grills-saveurs.ch\/fr\/cours-barbecue-soiree-groupe-sur-mesure\/#primaryimage"},"datePublished":"2019-03-04T20:45:51+00:00","dateModified":"2021-08-20T07:42:58+00:00","description":"Un endroit unique pour partager un moment inoubliable avec vos clients, vos coll\u00e8gues, vos amis ou votre famille. Ap\u00e9ritif, techniques cuisson au grill, trucs et astuces et recettes originales. Le tout suivi d'un d\u00e9licieux repas.","breadcrumb":{"@id":"https:\/\/www.grills-saveurs.ch\/fr\/cours-barbecue-soiree-groupe-sur-mesure\/#breadcrumb"},"inLanguage":"fr-FR","potentialAction":[{"@type":"ReadAction","target":["https:\/\/www.grills-saveurs.ch\/fr\/cours-barbecue-soiree-groupe-sur-mesure\/"]}]},{"@type":"BreadcrumbList","@id":"https:\/\/www.grills-saveurs.ch\/fr\/cours-barbecue-soiree-groupe-sur-mesure\/#breadcrumb","itemListElement":[{"@type":"ListItem","position":1,"name":"Accueil","item":"https:\/\/www.grills-saveurs.ch\/fr\/"},{"@type":"ListItem","position":2,"name":"Cours &#8211; Formule sur mesure"}]}]}},"_links":{"self":[{"href":"https:\/\/www.grills-saveurs.ch\/fr\/wp-json\/wp\/v2\/pages\/1510"}],"collection":[{"href":"https:\/\/www.grills-saveurs.ch\/fr\/wp-json\/wp\/v2\/pages"}],"about":[{"href":"https:\/\/www.grills-saveurs.ch\/fr\/wp-json\/wp\/v2\/types\/page"}],"author":[{"embeddable":true,"href":"https:\/\/www.grills-saveurs.ch\/fr\/wp-json\/wp\/v2\/users\/1"}],"replies":[{"embeddable":true,"href":"https:\/\/www.grills-saveurs.ch\/fr\/wp-json\/wp\/v2\/comments?post=1510"}],"version-history":[{"count":1,"href":"https:\/\/www.grills-saveurs.ch\/fr\/wp-json\/wp\/v2\/pages\/1510\/revisions"}],"predecessor-version":[{"id":7425,"href":"https:\/\/www.grills-saveurs.ch\/fr\/wp-json\/wp\/v2\/pages\/1510\/revisions\/7425"}],"wp:attachment":[{"href":"https:\/\/www.grills-saveurs.ch\/fr\/wp-json\/wp\/v2\/media?parent=1510"}],"curies":[{"name":"wp","href":"https:\/\/api.w.org\/{rel}","templated":true}]}}