{"id":2009,"date":"2019-03-07T21:31:57","date_gmt":"2019-03-07T20:31:57","guid":{"rendered":"https:\/\/www.grills-saveurs.ch\/fr\/?page_id=2009"},"modified":"2022-04-20T11:54:34","modified_gmt":"2022-04-20T09:54:34","slug":"cours-barbecue-weber","status":"publish","type":"page","link":"https:\/\/www.grills-saveurs.ch\/fr\/cours-barbecue-weber\/","title":{"rendered":"Cours certifi\u00e9s Weber"},"content":{"rendered":"<p>[vc_row type=\u00a0\u00bbfull-nopad\u00a0\u00bb][vc_column]\r\n\t\t\t<div class=\"nm-banner content-full image-type-fluid has-alt-image text-color-dark subtitle-below\" style=\"\"><img src=\"https:\/\/www.grills-saveurs.ch\/fr\/wp-content\/uploads\/2019\/03\/ban-cours-barbecue-grill-1.jpg\" alt=\"ban-cours-barbecue-grill\" \/><img src=\"https:\/\/www.grills-saveurs.ch\/fr\/wp-content\/uploads\/2019\/03\/ban-cours-barbecue-grill-1.jpg\" class=\"nm-banner-alt-image img\" alt=\"ban-cours-barbecue-grill\" \/>\r\n\t\t\t\t<div class=\"nm-banner-content\">\r\n\t\t\t\t\t<div class=\"nm-banner-content-inner h_center v_center align_center\">\r\n\t\t\t\t\t\t<div class=\"nm-banner-text medium\" style=\"\">\r\n\t\t\t\t\t\t\t<div class=\"nm-banner-text-inner\"><h1 class=\"nm-banner-title\">Cours certifi\u00e9s Weber<\/h1><\/div>\r\n\t\t\t\t\t\t<\/div>\r\n\t\t\t\t\t<\/div>\r\n\t\t\t\t<\/div>\r\n\t\t\t<\/div>[\/vc_column][\/vc_row][vc_row type=\u00a0\u00bbboxed\u00a0\u00bb][vc_column width=\u00a0\u00bb5\/6&Prime; offset=\u00a0\u00bbvc_col-sm-offset-1&Prime;][vc_empty_space height=\u00a0\u00bb47px\u00a0\u00bb][vc_column_text]<\/p>\n<h2>DE L&rsquo;AP\u00c9RITIF AU DESSERT, DEVENEZ UN CHEF DU BARBECUE !<\/h2>\n<p>[\/vc_column_text][vc_empty_space height=\u00a0\u00bb47px\u00a0\u00bb][\/vc_column][\/vc_row][vc_row type=\u00a0\u00bbboxed\u00a0\u00bb][vc_column width=\u00a0\u00bb1\/4&Prime; offset=\u00a0\u00bbvc_col-sm-offset-1&Prime;][vc_column_text]<img loading=\"lazy\" class=\"alignnone wp-image-7447 size-full\" src=\"https:\/\/www.grills-saveurs.ch\/fr\/wp-content\/uploads\/2021\/08\/catalogue-menu-weber.jpg\" alt=\"\" width=\"875\" height=\"1239\" srcset=\"https:\/\/www.grills-saveurs.ch\/fr\/wp-content\/uploads\/2021\/08\/catalogue-menu-weber.jpg 875w, https:\/\/www.grills-saveurs.ch\/fr\/wp-content\/uploads\/2021\/08\/catalogue-menu-weber-212x300.jpg 212w, https:\/\/www.grills-saveurs.ch\/fr\/wp-content\/uploads\/2021\/08\/catalogue-menu-weber-723x1024.jpg 723w, https:\/\/www.grills-saveurs.ch\/fr\/wp-content\/uploads\/2021\/08\/catalogue-menu-weber-768x1087.jpg 768w, https:\/\/www.grills-saveurs.ch\/fr\/wp-content\/uploads\/2021\/08\/catalogue-menu-weber-680x963.jpg 680w\" sizes=\"(max-width: 875px) 100vw, 875px\" \/><\/p>\n<p><a href=\"https:\/\/www.grills-saveurs.ch\/fr\/wp-content\/uploads\/2022\/04\/Menu-complet-2022.pdf\" target=\"_blank\" rel=\"noopener\">D\u00e9couvrir les menus complets et les dates<\/a>[\/vc_column_text][vc_empty_space height=\u00a0\u00bb17px\u00a0\u00bb][\/vc_column][vc_column width=\u00a0\u00bb7\/12&Prime;][vc_column_text]<\/p>\n<h3>\u00ab\u00a0La formule id\u00e9ale si vous voulez devenir un expert du barbecue de A \u00e0 Z.\u00a0\u00bb<\/h3>\n<p>D\u00e9couvrez les diff\u00e9rentes m\u00e9thodes de cuisson sur des grills Weber \u00e0 charbon, \u00e9lectriques ou \u00e0 gaz ainsi que les fumoirs.<\/p>\n<p>Durant le cours d&rsquo;environ 4 heures de 18h \u00e0 22h, vous pr\u00e9parez les mets que vous d\u00e9gusterez ensuite&#8230; L&rsquo;objectif est de cuisiner au grill un repas complet, du snack au dessert (d\u00e9tail des menus dans le flyer ci-contre).<\/p>\n<p>Avec le ma\u00eetre grilleur Weber et les autres apprentis cuisiniers du jour, vous participez \u00e0 un moment convivial o\u00f9 s&rsquo;encha\u00eenent ap\u00e9ritif, cuisson au barbecue et d\u00e9licieux repas.<\/p>\n<p>Les cours se d\u00e9roulent dans les locaux de Grills &amp; Saveurs : Route de Romanel 13, 1121 Bremblens.<\/p>\n<p>La r\u00e9servation en ligne suffit \u00e0 valider votre participation \u00e0 la date choisie, plus besoin de vous d\u00e9placer en boutique. S\u00e9lectionnez simplement le retrait en magasin \u00e0 la date du cours \u00e0 l&rsquo;\u00e9tape de la livraison.<\/p>\n<p>Vous souhaitez offrir ce cours en cadeau ? Nous r\u00e9alisons l&rsquo;envoi d&rsquo;un bon cadeau \u00e0 l&rsquo;adresse de votre choix sur simple demande.<\/p>\n<p><strong>Les menus<\/strong><\/p>\n<ul>\n<li>Menu D\u00e9gustation\n<ul>\n<li>C\u00f4tes de Boeuf<\/li>\n<li>Pata Negra Bellota<\/li>\n<\/ul>\n<\/li>\n<li>Menu M\u00e9diterran\u00e9en<\/li>\n<\/ul>\n<p>&nbsp;<\/p>\n<p><strong>3&#8230;2&#8230;1&#8230; grillez !<\/strong><\/p>\n<p><a href=\"https:\/\/www.grills-saveurs.ch\/fr\/wp-content\/uploads\/2022\/04\/Menu-complet-2022.pdf\" target=\"_blank\" rel=\"noopener\">D\u00e9couvrir les menus complets et les dates<\/a><\/p>\n<p><a href=\"https:\/\/www.grills-saveurs.ch\/fr\/product-category\/cours-de-barbecue\/\" target=\"_blank\" rel=\"noopener\">R\u00e9servez ou offrez ce cours en cadeau<\/a>[\/vc_column_text][vc_empty_space height=\u00a0\u00bb46&Prime;]\r\n\t\t\t<div class=\"nm_btn_align_left\">\r\n\t\t\t\t<a href=\"https:\/\/www.grills-saveurs.ch\/fr\/product-category\/cours-de-barbecue\/cours-certifies-weber\/\" class=\"nm_btn nm_btn_lg nm_btn_filled\">\r\n\t\t\t\t\t<span class=\"nm_btn_title\">D\u00e9couvrir les d\u00e9tails et dates des cours certifi\u00e9s Weber<\/span>\r\n\t\t\t\t\t<span class=\"nm_btn_bg\"><\/span>\r\n\t\t\t\t<\/a>\r\n\t\t\t<\/div>[vc_empty_space height=\u00a0\u00bb46&Prime;][\/vc_column][\/vc_row][vc_row][vc_column][vc_column_text]<\/p>\n<p style=\"text-align: center;\">Des questions ? Appelez-nous au 021 566 16 66 ou par email\u00a0<a href=\"mailto:info@grills-saveurs.ch\">info@grills-saveurs.ch<\/a><\/p>\n<p>&nbsp;<\/p>\n<p style=\"text-align: center;\"><a href=\"https:\/\/www.grills-saveurs.ch\/fr\/cours-barbecue-weber-nos-formules\/\">Voir les autres cours de barbecue<\/a><\/p>\n<p>[\/vc_column_text][vc_single_image image=\u00a0\u00bb1448&Prime; img_size=\u00a0\u00bb300&#215;103&Prime; alignment=\u00a0\u00bbcenter\u00a0\u00bb][vc_empty_space height=\u00a0\u00bb47px\u00a0\u00bb][\/vc_column][\/vc_row]<\/p>\n","protected":false},"excerpt":{"rendered":"<p>[vc_row type=\u00a0\u00bbfull-nopad\u00a0\u00bb][vc_column][\/vc_column][\/vc_row][vc_row type=\u00a0\u00bbboxed\u00a0\u00bb][vc_column width=\u00a0\u00bb5\/6&Prime; offset=\u00a0\u00bbvc_col-sm-offset-1&Prime;][vc_empty_space height=\u00a0\u00bb47px\u00a0\u00bb][vc_column_text] DE L&rsquo;AP\u00c9RITIF AU DESSERT, DEVENEZ UN CHEF DU BARBECUE ! [\/vc_column_text][vc_empty_space height=\u00a0\u00bb47px\u00a0\u00bb][\/vc_column][\/vc_row][vc_row type=\u00a0\u00bbboxed\u00a0\u00bb][vc_column width=\u00a0\u00bb1\/4&Prime; offset=\u00a0\u00bbvc_col-sm-offset-1&Prime;][vc_column_text] D\u00e9couvrir les menus complets et les dates[\/vc_column_text][vc_empty_space height=\u00a0\u00bb17px\u00a0\u00bb][\/vc_column][vc_column width=\u00a0\u00bb7\/12&Prime;][vc_column_text] \u00ab\u00a0La formule id\u00e9ale si vous voulez devenir un expert du barbecue de A \u00e0 Z.\u00a0\u00bb D\u00e9couvrez les diff\u00e9rentes m\u00e9thodes de cuisson sur des grills Weber &hellip;<\/p>\n","protected":false},"author":1,"featured_media":0,"parent":0,"menu_order":0,"comment_status":"closed","ping_status":"closed","template":"","meta":[],"yoast_head":"<!-- This site is optimized with the Yoast SEO plugin v18.2 - https:\/\/yoast.com\/wordpress\/plugins\/seo\/ -->\n<title>Cours certifi\u00e9s Weber - Grills et Saveurs<\/title>\n<meta name=\"robots\" content=\"index, follow, max-snippet:-1, max-image-preview:large, max-video-preview:-1\" \/>\n<link rel=\"canonical\" href=\"https:\/\/www.grills-saveurs.ch\/fr\/cours-barbecue-weber\/\" \/>\n<meta property=\"og:locale\" content=\"fr_FR\" \/>\n<meta property=\"og:type\" content=\"article\" \/>\n<meta property=\"og:title\" content=\"Cours certifi\u00e9s Weber - Grills et Saveurs\" \/>\n<meta property=\"og:description\" content=\"[vc_row type=\u00a0\u00bbfull-nopad\u00a0\u00bb][vc_column][\/vc_column][\/vc_row][vc_row type=\u00a0\u00bbboxed\u00a0\u00bb][vc_column width=\u00a0\u00bb5\/6&Prime; offset=\u00a0\u00bbvc_col-sm-offset-1&Prime;][vc_empty_space height=\u00a0\u00bb47px\u00a0\u00bb][vc_column_text] DE L&rsquo;AP\u00c9RITIF AU DESSERT, DEVENEZ UN CHEF DU BARBECUE ! [\/vc_column_text][vc_empty_space height=\u00a0\u00bb47px\u00a0\u00bb][\/vc_column][\/vc_row][vc_row type=\u00a0\u00bbboxed\u00a0\u00bb][vc_column width=\u00a0\u00bb1\/4&Prime; offset=\u00a0\u00bbvc_col-sm-offset-1&Prime;][vc_column_text] D\u00e9couvrir les menus complets et les dates[\/vc_column_text][vc_empty_space height=\u00a0\u00bb17px\u00a0\u00bb][\/vc_column][vc_column width=\u00a0\u00bb7\/12&Prime;][vc_column_text] \u00ab\u00a0La formule id\u00e9ale si vous voulez devenir un expert du barbecue de A \u00e0 Z.\u00a0\u00bb D\u00e9couvrez les diff\u00e9rentes m\u00e9thodes de cuisson sur des grills Weber &hellip;\" \/>\n<meta property=\"og:url\" content=\"https:\/\/www.grills-saveurs.ch\/fr\/cours-barbecue-weber\/\" \/>\n<meta property=\"og:site_name\" content=\"Grills et Saveurs\" \/>\n<meta property=\"article:modified_time\" content=\"2022-04-20T09:54:34+00:00\" \/>\n<meta property=\"og:image\" content=\"https:\/\/www.grills-saveurs.ch\/fr\/wp-content\/uploads\/2021\/08\/catalogue-menu-weber.jpg\" \/>\n<meta name=\"twitter:card\" content=\"summary_large_image\" \/>\n<meta name=\"twitter:label1\" content=\"Dur\u00e9e de lecture estim\u00e9e\" \/>\n\t<meta name=\"twitter:data1\" content=\"2 minutes\" \/>\n<script type=\"application\/ld+json\" class=\"yoast-schema-graph\">{\"@context\":\"https:\/\/schema.org\",\"@graph\":[{\"@type\":\"WebSite\",\"@id\":\"https:\/\/www.grills-saveurs.ch\/fr\/#website\",\"url\":\"https:\/\/www.grills-saveurs.ch\/fr\/\",\"name\":\"Grills et Saveurs\",\"description\":\"Barbecues, Grills, Planchas, Chemin\u00e9es jardin - Lausanne, Suisse Romande\",\"potentialAction\":[{\"@type\":\"SearchAction\",\"target\":{\"@type\":\"EntryPoint\",\"urlTemplate\":\"https:\/\/www.grills-saveurs.ch\/fr\/?s={search_term_string}\"},\"query-input\":\"required name=search_term_string\"}],\"inLanguage\":\"fr-FR\"},{\"@type\":\"ImageObject\",\"@id\":\"https:\/\/www.grills-saveurs.ch\/fr\/cours-barbecue-weber\/#primaryimage\",\"inLanguage\":\"fr-FR\",\"url\":\"https:\/\/www.grills-saveurs.ch\/fr\/wp-content\/uploads\/2021\/08\/catalogue-menu-weber.jpg\",\"contentUrl\":\"https:\/\/www.grills-saveurs.ch\/fr\/wp-content\/uploads\/2021\/08\/catalogue-menu-weber.jpg\",\"width\":875,\"height\":1239},{\"@type\":\"WebPage\",\"@id\":\"https:\/\/www.grills-saveurs.ch\/fr\/cours-barbecue-weber\/#webpage\",\"url\":\"https:\/\/www.grills-saveurs.ch\/fr\/cours-barbecue-weber\/\",\"name\":\"Cours certifi\u00e9s Weber - Grills et Saveurs\",\"isPartOf\":{\"@id\":\"https:\/\/www.grills-saveurs.ch\/fr\/#website\"},\"primaryImageOfPage\":{\"@id\":\"https:\/\/www.grills-saveurs.ch\/fr\/cours-barbecue-weber\/#primaryimage\"},\"datePublished\":\"2019-03-07T20:31:57+00:00\",\"dateModified\":\"2022-04-20T09:54:34+00:00\",\"breadcrumb\":{\"@id\":\"https:\/\/www.grills-saveurs.ch\/fr\/cours-barbecue-weber\/#breadcrumb\"},\"inLanguage\":\"fr-FR\",\"potentialAction\":[{\"@type\":\"ReadAction\",\"target\":[\"https:\/\/www.grills-saveurs.ch\/fr\/cours-barbecue-weber\/\"]}]},{\"@type\":\"BreadcrumbList\",\"@id\":\"https:\/\/www.grills-saveurs.ch\/fr\/cours-barbecue-weber\/#breadcrumb\",\"itemListElement\":[{\"@type\":\"ListItem\",\"position\":1,\"name\":\"Accueil\",\"item\":\"https:\/\/www.grills-saveurs.ch\/fr\/\"},{\"@type\":\"ListItem\",\"position\":2,\"name\":\"Cours certifi\u00e9s Weber\"}]}]}<\/script>\n<!-- \/ Yoast SEO plugin. -->","yoast_head_json":{"title":"Cours certifi\u00e9s Weber - Grills et Saveurs","robots":{"index":"index","follow":"follow","max-snippet":"max-snippet:-1","max-image-preview":"max-image-preview:large","max-video-preview":"max-video-preview:-1"},"canonical":"https:\/\/www.grills-saveurs.ch\/fr\/cours-barbecue-weber\/","og_locale":"fr_FR","og_type":"article","og_title":"Cours certifi\u00e9s Weber - Grills et Saveurs","og_description":"[vc_row type=\u00a0\u00bbfull-nopad\u00a0\u00bb][vc_column][\/vc_column][\/vc_row][vc_row type=\u00a0\u00bbboxed\u00a0\u00bb][vc_column width=\u00a0\u00bb5\/6&Prime; offset=\u00a0\u00bbvc_col-sm-offset-1&Prime;][vc_empty_space height=\u00a0\u00bb47px\u00a0\u00bb][vc_column_text] DE L&rsquo;AP\u00c9RITIF AU DESSERT, DEVENEZ UN CHEF DU BARBECUE ! [\/vc_column_text][vc_empty_space height=\u00a0\u00bb47px\u00a0\u00bb][\/vc_column][\/vc_row][vc_row type=\u00a0\u00bbboxed\u00a0\u00bb][vc_column width=\u00a0\u00bb1\/4&Prime; offset=\u00a0\u00bbvc_col-sm-offset-1&Prime;][vc_column_text] D\u00e9couvrir les menus complets et les dates[\/vc_column_text][vc_empty_space height=\u00a0\u00bb17px\u00a0\u00bb][\/vc_column][vc_column width=\u00a0\u00bb7\/12&Prime;][vc_column_text] \u00ab\u00a0La formule id\u00e9ale si vous voulez devenir un expert du barbecue de A \u00e0 Z.\u00a0\u00bb D\u00e9couvrez les diff\u00e9rentes m\u00e9thodes de cuisson sur des grills Weber &hellip;","og_url":"https:\/\/www.grills-saveurs.ch\/fr\/cours-barbecue-weber\/","og_site_name":"Grills et Saveurs","article_modified_time":"2022-04-20T09:54:34+00:00","og_image":[{"url":"https:\/\/www.grills-saveurs.ch\/fr\/wp-content\/uploads\/2021\/08\/catalogue-menu-weber.jpg"}],"twitter_card":"summary_large_image","twitter_misc":{"Dur\u00e9e de lecture estim\u00e9e":"2 minutes"},"schema":{"@context":"https:\/\/schema.org","@graph":[{"@type":"WebSite","@id":"https:\/\/www.grills-saveurs.ch\/fr\/#website","url":"https:\/\/www.grills-saveurs.ch\/fr\/","name":"Grills et Saveurs","description":"Barbecues, Grills, Planchas, Chemin\u00e9es jardin - Lausanne, Suisse Romande","potentialAction":[{"@type":"SearchAction","target":{"@type":"EntryPoint","urlTemplate":"https:\/\/www.grills-saveurs.ch\/fr\/?s={search_term_string}"},"query-input":"required name=search_term_string"}],"inLanguage":"fr-FR"},{"@type":"ImageObject","@id":"https:\/\/www.grills-saveurs.ch\/fr\/cours-barbecue-weber\/#primaryimage","inLanguage":"fr-FR","url":"https:\/\/www.grills-saveurs.ch\/fr\/wp-content\/uploads\/2021\/08\/catalogue-menu-weber.jpg","contentUrl":"https:\/\/www.grills-saveurs.ch\/fr\/wp-content\/uploads\/2021\/08\/catalogue-menu-weber.jpg","width":875,"height":1239},{"@type":"WebPage","@id":"https:\/\/www.grills-saveurs.ch\/fr\/cours-barbecue-weber\/#webpage","url":"https:\/\/www.grills-saveurs.ch\/fr\/cours-barbecue-weber\/","name":"Cours certifi\u00e9s Weber - Grills et Saveurs","isPartOf":{"@id":"https:\/\/www.grills-saveurs.ch\/fr\/#website"},"primaryImageOfPage":{"@id":"https:\/\/www.grills-saveurs.ch\/fr\/cours-barbecue-weber\/#primaryimage"},"datePublished":"2019-03-07T20:31:57+00:00","dateModified":"2022-04-20T09:54:34+00:00","breadcrumb":{"@id":"https:\/\/www.grills-saveurs.ch\/fr\/cours-barbecue-weber\/#breadcrumb"},"inLanguage":"fr-FR","potentialAction":[{"@type":"ReadAction","target":["https:\/\/www.grills-saveurs.ch\/fr\/cours-barbecue-weber\/"]}]},{"@type":"BreadcrumbList","@id":"https:\/\/www.grills-saveurs.ch\/fr\/cours-barbecue-weber\/#breadcrumb","itemListElement":[{"@type":"ListItem","position":1,"name":"Accueil","item":"https:\/\/www.grills-saveurs.ch\/fr\/"},{"@type":"ListItem","position":2,"name":"Cours certifi\u00e9s Weber"}]}]}},"_links":{"self":[{"href":"https:\/\/www.grills-saveurs.ch\/fr\/wp-json\/wp\/v2\/pages\/2009"}],"collection":[{"href":"https:\/\/www.grills-saveurs.ch\/fr\/wp-json\/wp\/v2\/pages"}],"about":[{"href":"https:\/\/www.grills-saveurs.ch\/fr\/wp-json\/wp\/v2\/types\/page"}],"author":[{"embeddable":true,"href":"https:\/\/www.grills-saveurs.ch\/fr\/wp-json\/wp\/v2\/users\/1"}],"replies":[{"embeddable":true,"href":"https:\/\/www.grills-saveurs.ch\/fr\/wp-json\/wp\/v2\/comments?post=2009"}],"version-history":[{"count":9,"href":"https:\/\/www.grills-saveurs.ch\/fr\/wp-json\/wp\/v2\/pages\/2009\/revisions"}],"predecessor-version":[{"id":7630,"href":"https:\/\/www.grills-saveurs.ch\/fr\/wp-json\/wp\/v2\/pages\/2009\/revisions\/7630"}],"wp:attachment":[{"href":"https:\/\/www.grills-saveurs.ch\/fr\/wp-json\/wp\/v2\/media?parent=2009"}],"curies":[{"name":"wp","href":"https:\/\/api.w.org\/{rel}","templated":true}]}}