{"id":2017,"date":"2019-03-07T21:45:18","date_gmt":"2019-03-07T20:45:18","guid":{"rendered":"https:\/\/www.grills-saveurs.ch\/fr\/?page_id=2017"},"modified":"2022-04-20T11:45:46","modified_gmt":"2022-04-20T09:45:46","slug":"menus-thematiques","status":"publish","type":"page","link":"https:\/\/www.grills-saveurs.ch\/fr\/menus-thematiques\/","title":{"rendered":"Menus th\u00e9matiques"},"content":{"rendered":"<p>[vc_row type=\u00a0\u00bbfull-nopad\u00a0\u00bb][vc_column]\r\n\t\t\t<div class=\"nm-banner content-full image-type-fluid has-alt-image text-color-dark subtitle-below\" style=\"\"><img src=\"https:\/\/www.grills-saveurs.ch\/fr\/wp-content\/uploads\/2019\/03\/ban-cours-barbecue-grill-1.jpg\" alt=\"ban-cours-barbecue-grill\" \/><img src=\"https:\/\/www.grills-saveurs.ch\/fr\/wp-content\/uploads\/2019\/03\/ban-cours-barbecue-grill-1.jpg\" class=\"nm-banner-alt-image img\" alt=\"ban-cours-barbecue-grill\" \/>\r\n\t\t\t\t<div class=\"nm-banner-content\">\r\n\t\t\t\t\t<div class=\"nm-banner-content-inner h_center v_center align_center\">\r\n\t\t\t\t\t\t<div class=\"nm-banner-text medium\" style=\"\">\r\n\t\t\t\t\t\t\t<div class=\"nm-banner-text-inner\"><h1 class=\"nm-banner-title\">Menus th\u00e9matiques<\/h1><\/div>\r\n\t\t\t\t\t\t<\/div>\r\n\t\t\t\t\t<\/div>\r\n\t\t\t\t<\/div>\r\n\t\t\t<\/div>[\/vc_column][\/vc_row][vc_row type=\u00a0\u00bbboxed\u00a0\u00bb][vc_column width=\u00a0\u00bb5\/6&Prime; offset=\u00a0\u00bbvc_col-sm-offset-1&Prime;][vc_empty_space height=\u00a0\u00bb47px\u00a0\u00bb][vc_column_text]<\/p>\n<h2>DE L&rsquo;AP\u00c9RITIF AU DESSERT, LA FORMULE DE GROUPE QUI S&rsquo;ADAPTE \u00c0 VOS ENVIES !<\/h2>\n<p><strong>Soir\u00e9e d&rsquo;entreprise, f\u00eate entre amis, anniversaire&#8230; tout est permis !<\/strong>[\/vc_column_text][vc_empty_space height=\u00a0\u00bb47px\u00a0\u00bb][\/vc_column][\/vc_row][vc_row type=\u00a0\u00bbboxed\u00a0\u00bb][vc_column width=\u00a0\u00bb1\/4&Prime; offset=\u00a0\u00bbvc_col-sm-offset-1&Prime;][vc_column_text]<img loading=\"lazy\" class=\"alignnone wp-image-2107 size-full\" src=\"https:\/\/www.grills-saveurs.ch\/fr\/wp-content\/uploads\/2019\/03\/cours-barbecue-thematiques.jpg\" alt=\"Cours barbecue th\u00e9matiques menu complet\" width=\"750\" height=\"750\" srcset=\"https:\/\/www.grills-saveurs.ch\/fr\/wp-content\/uploads\/2019\/03\/cours-barbecue-thematiques.jpg 750w, https:\/\/www.grills-saveurs.ch\/fr\/wp-content\/uploads\/2019\/03\/cours-barbecue-thematiques-150x150.jpg 150w, https:\/\/www.grills-saveurs.ch\/fr\/wp-content\/uploads\/2019\/03\/cours-barbecue-thematiques-300x300.jpg 300w, https:\/\/www.grills-saveurs.ch\/fr\/wp-content\/uploads\/2019\/03\/cours-barbecue-thematiques-350x350.jpg 350w, https:\/\/www.grills-saveurs.ch\/fr\/wp-content\/uploads\/2019\/03\/cours-barbecue-thematiques-680x680.jpg 680w, https:\/\/www.grills-saveurs.ch\/fr\/wp-content\/uploads\/2019\/03\/cours-barbecue-thematiques-100x100.jpg 100w\" sizes=\"(max-width: 750px) 100vw, 750px\" \/>[\/vc_column_text][vc_empty_space height=\u00a0\u00bb17px\u00a0\u00bb][\/vc_column][vc_column width=\u00a0\u00bb7\/12&Prime;][vc_column_text]<\/p>\n<h3>\u00ab\u00a0Entre coll\u00e8gues ou entre amis, un moment fun et convivial.\u00a0\u00bb<\/h3>\n<p>Un endroit unique pour partager un moment inoubliable avec vos clients, vos coll\u00e8gues, vos amis ou votre famille. Ap\u00e9ritif, techniques cuisson au grill, trucs et astuces et recettes originales. Le tout suivi d&rsquo;un d\u00e9licieux repas.<\/p>\n<p><strong>Menu D\u00e9gustation<\/strong><\/p>\n<ul>\n<li>Menu D\u00e9gustation\n<ul>\n<li>D\u00e9gustation de C\u00f4tes de b\u0153uf<\/li>\n<li>D\u00e9gustation de Pata Negra Bellota<\/li>\n<\/ul>\n<\/li>\n<li>Menu M\u00e9diterran\u00e9en<\/li>\n<\/ul>\n<p>&nbsp;<\/p>\n<p><strong>3&#8230;2&#8230;1&#8230; grillez et profitez !<\/strong>[\/vc_column_text][vc_empty_space height=\u00a0\u00bb46&Prime;]\r\n\t\t\t<div class=\"nm_btn_align_left\">\r\n\t\t\t\t<a href=\"https:\/\/www.grills-saveurs.ch\/fr\/product-category\/cours-de-barbecue\/cours-thematiques\/\" class=\"nm_btn nm_btn_lg nm_btn_filled\">\r\n\t\t\t\t\t<span class=\"nm_btn_title\">D\u00e9couvrir les dates et d\u00e9tails des cours th\u00e9matiques<\/span>\r\n\t\t\t\t\t<span class=\"nm_btn_bg\"><\/span>\r\n\t\t\t\t<\/a>\r\n\t\t\t<\/div>[vc_empty_space height=\u00a0\u00bb46&Prime;][\/vc_column][\/vc_row][vc_row][vc_column][vc_column_text]<\/p>\n<p style=\"text-align: center;\">Des questions ? Appelez-nous au 021 566 16 66 ou par email\u00a0<a href=\"mailto:info@grills-saveurs.ch\">info@grills-saveurs.ch<\/a><\/p>\n<p>&nbsp;<\/p>\n<p style=\"text-align: center;\"><a href=\"https:\/\/www.grills-saveurs.ch\/fr\/cours-barbecue-weber-nos-formules\/\">Voir les autres cours de barbecue<\/a><\/p>\n<p>[\/vc_column_text][vc_single_image image=\u00a0\u00bb1448&Prime; img_size=\u00a0\u00bb300&#215;103&Prime; alignment=\u00a0\u00bbcenter\u00a0\u00bb][vc_empty_space height=\u00a0\u00bb47px\u00a0\u00bb][\/vc_column][\/vc_row]<\/p>\n","protected":false},"excerpt":{"rendered":"<p>[vc_row type=\u00a0\u00bbfull-nopad\u00a0\u00bb][vc_column][\/vc_column][\/vc_row][vc_row type=\u00a0\u00bbboxed\u00a0\u00bb][vc_column width=\u00a0\u00bb5\/6&Prime; offset=\u00a0\u00bbvc_col-sm-offset-1&Prime;][vc_empty_space height=\u00a0\u00bb47px\u00a0\u00bb][vc_column_text] DE L&rsquo;AP\u00c9RITIF AU DESSERT, LA FORMULE DE GROUPE QUI S&rsquo;ADAPTE \u00c0 VOS ENVIES ! Soir\u00e9e d&rsquo;entreprise, f\u00eate entre amis, anniversaire&#8230; tout est permis ![\/vc_column_text][vc_empty_space height=\u00a0\u00bb47px\u00a0\u00bb][\/vc_column][\/vc_row][vc_row type=\u00a0\u00bbboxed\u00a0\u00bb][vc_column width=\u00a0\u00bb1\/4&Prime; offset=\u00a0\u00bbvc_col-sm-offset-1&Prime;][vc_column_text][\/vc_column_text][vc_empty_space height=\u00a0\u00bb17px\u00a0\u00bb][\/vc_column][vc_column width=\u00a0\u00bb7\/12&Prime;][vc_column_text] \u00ab\u00a0Entre coll\u00e8gues ou entre amis, un moment fun et convivial.\u00a0\u00bb Un endroit unique pour partager un moment inoubliable avec &hellip;<\/p>\n","protected":false},"author":1,"featured_media":0,"parent":0,"menu_order":0,"comment_status":"closed","ping_status":"closed","template":"","meta":[],"yoast_head":"<!-- This site is optimized with the Yoast SEO plugin v18.2 - https:\/\/yoast.com\/wordpress\/plugins\/seo\/ -->\n<title>Menus th\u00e9matiques - Grills et Saveurs<\/title>\n<meta name=\"robots\" content=\"index, follow, max-snippet:-1, max-image-preview:large, max-video-preview:-1\" \/>\n<link rel=\"canonical\" href=\"https:\/\/www.grills-saveurs.ch\/fr\/menus-thematiques\/\" \/>\n<meta property=\"og:locale\" content=\"fr_FR\" \/>\n<meta property=\"og:type\" content=\"article\" \/>\n<meta property=\"og:title\" content=\"Menus th\u00e9matiques - Grills et Saveurs\" \/>\n<meta property=\"og:description\" content=\"[vc_row type=\u00a0\u00bbfull-nopad\u00a0\u00bb][vc_column][\/vc_column][\/vc_row][vc_row type=\u00a0\u00bbboxed\u00a0\u00bb][vc_column width=\u00a0\u00bb5\/6&Prime; offset=\u00a0\u00bbvc_col-sm-offset-1&Prime;][vc_empty_space height=\u00a0\u00bb47px\u00a0\u00bb][vc_column_text] DE L&rsquo;AP\u00c9RITIF AU DESSERT, LA FORMULE DE GROUPE QUI S&rsquo;ADAPTE \u00c0 VOS ENVIES ! Soir\u00e9e d&rsquo;entreprise, f\u00eate entre amis, anniversaire&#8230; tout est permis ![\/vc_column_text][vc_empty_space height=\u00a0\u00bb47px\u00a0\u00bb][\/vc_column][\/vc_row][vc_row type=\u00a0\u00bbboxed\u00a0\u00bb][vc_column width=\u00a0\u00bb1\/4&Prime; offset=\u00a0\u00bbvc_col-sm-offset-1&Prime;][vc_column_text][\/vc_column_text][vc_empty_space height=\u00a0\u00bb17px\u00a0\u00bb][\/vc_column][vc_column width=\u00a0\u00bb7\/12&Prime;][vc_column_text] \u00ab\u00a0Entre coll\u00e8gues ou entre amis, un moment fun et convivial.\u00a0\u00bb Un endroit unique pour partager un moment inoubliable avec &hellip;\" \/>\n<meta property=\"og:url\" content=\"https:\/\/www.grills-saveurs.ch\/fr\/menus-thematiques\/\" \/>\n<meta property=\"og:site_name\" content=\"Grills et Saveurs\" \/>\n<meta property=\"article:modified_time\" content=\"2022-04-20T09:45:46+00:00\" \/>\n<meta property=\"og:image\" content=\"https:\/\/www.grills-saveurs.ch\/fr\/wp-content\/uploads\/2019\/03\/cours-barbecue-thematiques.jpg\" \/>\n<meta name=\"twitter:card\" content=\"summary_large_image\" \/>\n<meta name=\"twitter:label1\" content=\"Dur\u00e9e de lecture estim\u00e9e\" \/>\n\t<meta name=\"twitter:data1\" content=\"1 minute\" \/>\n<script type=\"application\/ld+json\" class=\"yoast-schema-graph\">{\"@context\":\"https:\/\/schema.org\",\"@graph\":[{\"@type\":\"WebSite\",\"@id\":\"https:\/\/www.grills-saveurs.ch\/fr\/#website\",\"url\":\"https:\/\/www.grills-saveurs.ch\/fr\/\",\"name\":\"Grills et Saveurs\",\"description\":\"Barbecues, Grills, Planchas, Chemin\u00e9es jardin - Lausanne, Suisse Romande\",\"potentialAction\":[{\"@type\":\"SearchAction\",\"target\":{\"@type\":\"EntryPoint\",\"urlTemplate\":\"https:\/\/www.grills-saveurs.ch\/fr\/?s={search_term_string}\"},\"query-input\":\"required name=search_term_string\"}],\"inLanguage\":\"fr-FR\"},{\"@type\":\"ImageObject\",\"@id\":\"https:\/\/www.grills-saveurs.ch\/fr\/menus-thematiques\/#primaryimage\",\"inLanguage\":\"fr-FR\",\"url\":\"https:\/\/www.grills-saveurs.ch\/fr\/wp-content\/uploads\/2019\/03\/cours-barbecue-thematiques.jpg\",\"contentUrl\":\"https:\/\/www.grills-saveurs.ch\/fr\/wp-content\/uploads\/2019\/03\/cours-barbecue-thematiques.jpg\",\"width\":750,\"height\":750,\"caption\":\"Cours barbecue th\u00e9matiques menu complet\"},{\"@type\":\"WebPage\",\"@id\":\"https:\/\/www.grills-saveurs.ch\/fr\/menus-thematiques\/#webpage\",\"url\":\"https:\/\/www.grills-saveurs.ch\/fr\/menus-thematiques\/\",\"name\":\"Menus th\u00e9matiques - Grills et Saveurs\",\"isPartOf\":{\"@id\":\"https:\/\/www.grills-saveurs.ch\/fr\/#website\"},\"primaryImageOfPage\":{\"@id\":\"https:\/\/www.grills-saveurs.ch\/fr\/menus-thematiques\/#primaryimage\"},\"datePublished\":\"2019-03-07T20:45:18+00:00\",\"dateModified\":\"2022-04-20T09:45:46+00:00\",\"breadcrumb\":{\"@id\":\"https:\/\/www.grills-saveurs.ch\/fr\/menus-thematiques\/#breadcrumb\"},\"inLanguage\":\"fr-FR\",\"potentialAction\":[{\"@type\":\"ReadAction\",\"target\":[\"https:\/\/www.grills-saveurs.ch\/fr\/menus-thematiques\/\"]}]},{\"@type\":\"BreadcrumbList\",\"@id\":\"https:\/\/www.grills-saveurs.ch\/fr\/menus-thematiques\/#breadcrumb\",\"itemListElement\":[{\"@type\":\"ListItem\",\"position\":1,\"name\":\"Accueil\",\"item\":\"https:\/\/www.grills-saveurs.ch\/fr\/\"},{\"@type\":\"ListItem\",\"position\":2,\"name\":\"Menus th\u00e9matiques\"}]}]}<\/script>\n<!-- \/ Yoast SEO plugin. -->","yoast_head_json":{"title":"Menus th\u00e9matiques - Grills et Saveurs","robots":{"index":"index","follow":"follow","max-snippet":"max-snippet:-1","max-image-preview":"max-image-preview:large","max-video-preview":"max-video-preview:-1"},"canonical":"https:\/\/www.grills-saveurs.ch\/fr\/menus-thematiques\/","og_locale":"fr_FR","og_type":"article","og_title":"Menus th\u00e9matiques - Grills et Saveurs","og_description":"[vc_row type=\u00a0\u00bbfull-nopad\u00a0\u00bb][vc_column][\/vc_column][\/vc_row][vc_row type=\u00a0\u00bbboxed\u00a0\u00bb][vc_column width=\u00a0\u00bb5\/6&Prime; offset=\u00a0\u00bbvc_col-sm-offset-1&Prime;][vc_empty_space height=\u00a0\u00bb47px\u00a0\u00bb][vc_column_text] DE L&rsquo;AP\u00c9RITIF AU DESSERT, LA FORMULE DE GROUPE QUI S&rsquo;ADAPTE \u00c0 VOS ENVIES ! Soir\u00e9e d&rsquo;entreprise, f\u00eate entre amis, anniversaire&#8230; tout est permis ![\/vc_column_text][vc_empty_space height=\u00a0\u00bb47px\u00a0\u00bb][\/vc_column][\/vc_row][vc_row type=\u00a0\u00bbboxed\u00a0\u00bb][vc_column width=\u00a0\u00bb1\/4&Prime; offset=\u00a0\u00bbvc_col-sm-offset-1&Prime;][vc_column_text][\/vc_column_text][vc_empty_space height=\u00a0\u00bb17px\u00a0\u00bb][\/vc_column][vc_column width=\u00a0\u00bb7\/12&Prime;][vc_column_text] \u00ab\u00a0Entre coll\u00e8gues ou entre amis, un moment fun et convivial.\u00a0\u00bb Un endroit unique pour partager un moment inoubliable avec &hellip;","og_url":"https:\/\/www.grills-saveurs.ch\/fr\/menus-thematiques\/","og_site_name":"Grills et Saveurs","article_modified_time":"2022-04-20T09:45:46+00:00","og_image":[{"url":"https:\/\/www.grills-saveurs.ch\/fr\/wp-content\/uploads\/2019\/03\/cours-barbecue-thematiques.jpg"}],"twitter_card":"summary_large_image","twitter_misc":{"Dur\u00e9e de lecture estim\u00e9e":"1 minute"},"schema":{"@context":"https:\/\/schema.org","@graph":[{"@type":"WebSite","@id":"https:\/\/www.grills-saveurs.ch\/fr\/#website","url":"https:\/\/www.grills-saveurs.ch\/fr\/","name":"Grills et Saveurs","description":"Barbecues, Grills, Planchas, Chemin\u00e9es jardin - Lausanne, Suisse Romande","potentialAction":[{"@type":"SearchAction","target":{"@type":"EntryPoint","urlTemplate":"https:\/\/www.grills-saveurs.ch\/fr\/?s={search_term_string}"},"query-input":"required name=search_term_string"}],"inLanguage":"fr-FR"},{"@type":"ImageObject","@id":"https:\/\/www.grills-saveurs.ch\/fr\/menus-thematiques\/#primaryimage","inLanguage":"fr-FR","url":"https:\/\/www.grills-saveurs.ch\/fr\/wp-content\/uploads\/2019\/03\/cours-barbecue-thematiques.jpg","contentUrl":"https:\/\/www.grills-saveurs.ch\/fr\/wp-content\/uploads\/2019\/03\/cours-barbecue-thematiques.jpg","width":750,"height":750,"caption":"Cours barbecue th\u00e9matiques menu complet"},{"@type":"WebPage","@id":"https:\/\/www.grills-saveurs.ch\/fr\/menus-thematiques\/#webpage","url":"https:\/\/www.grills-saveurs.ch\/fr\/menus-thematiques\/","name":"Menus th\u00e9matiques - Grills et Saveurs","isPartOf":{"@id":"https:\/\/www.grills-saveurs.ch\/fr\/#website"},"primaryImageOfPage":{"@id":"https:\/\/www.grills-saveurs.ch\/fr\/menus-thematiques\/#primaryimage"},"datePublished":"2019-03-07T20:45:18+00:00","dateModified":"2022-04-20T09:45:46+00:00","breadcrumb":{"@id":"https:\/\/www.grills-saveurs.ch\/fr\/menus-thematiques\/#breadcrumb"},"inLanguage":"fr-FR","potentialAction":[{"@type":"ReadAction","target":["https:\/\/www.grills-saveurs.ch\/fr\/menus-thematiques\/"]}]},{"@type":"BreadcrumbList","@id":"https:\/\/www.grills-saveurs.ch\/fr\/menus-thematiques\/#breadcrumb","itemListElement":[{"@type":"ListItem","position":1,"name":"Accueil","item":"https:\/\/www.grills-saveurs.ch\/fr\/"},{"@type":"ListItem","position":2,"name":"Menus th\u00e9matiques"}]}]}},"_links":{"self":[{"href":"https:\/\/www.grills-saveurs.ch\/fr\/wp-json\/wp\/v2\/pages\/2017"}],"collection":[{"href":"https:\/\/www.grills-saveurs.ch\/fr\/wp-json\/wp\/v2\/pages"}],"about":[{"href":"https:\/\/www.grills-saveurs.ch\/fr\/wp-json\/wp\/v2\/types\/page"}],"author":[{"embeddable":true,"href":"https:\/\/www.grills-saveurs.ch\/fr\/wp-json\/wp\/v2\/users\/1"}],"replies":[{"embeddable":true,"href":"https:\/\/www.grills-saveurs.ch\/fr\/wp-json\/wp\/v2\/comments?post=2017"}],"version-history":[{"count":4,"href":"https:\/\/www.grills-saveurs.ch\/fr\/wp-json\/wp\/v2\/pages\/2017\/revisions"}],"predecessor-version":[{"id":7628,"href":"https:\/\/www.grills-saveurs.ch\/fr\/wp-json\/wp\/v2\/pages\/2017\/revisions\/7628"}],"wp:attachment":[{"href":"https:\/\/www.grills-saveurs.ch\/fr\/wp-json\/wp\/v2\/media?parent=2017"}],"curies":[{"name":"wp","href":"https:\/\/api.w.org\/{rel}","templated":true}]}}