{"id":2029,"date":"2019-03-07T21:58:37","date_gmt":"2019-03-07T20:58:37","guid":{"rendered":"https:\/\/www.grills-saveurs.ch\/fr\/?page_id=2029"},"modified":"2022-04-20T11:22:42","modified_gmt":"2022-04-20T09:22:42","slug":"menus-saisonniers","status":"publish","type":"page","link":"https:\/\/www.grills-saveurs.ch\/fr\/menus-saisonniers\/","title":{"rendered":"Menus saisonniers"},"content":{"rendered":"<p>[vc_row type=\u00a0\u00bbfull-nopad\u00a0\u00bb][vc_column]\r\n\t\t\t<div class=\"nm-banner content-full image-type-fluid has-alt-image text-color-dark subtitle-below\" style=\"\"><img src=\"https:\/\/www.grills-saveurs.ch\/fr\/wp-content\/uploads\/2019\/03\/ban-cours-barbecue-grill-1.jpg\" alt=\"ban-cours-barbecue-grill\" \/><img src=\"https:\/\/www.grills-saveurs.ch\/fr\/wp-content\/uploads\/2019\/03\/ban-cours-barbecue-grill-1.jpg\" class=\"nm-banner-alt-image img\" alt=\"ban-cours-barbecue-grill\" \/>\r\n\t\t\t\t<div class=\"nm-banner-content\">\r\n\t\t\t\t\t<div class=\"nm-banner-content-inner h_center v_center align_center\">\r\n\t\t\t\t\t\t<div class=\"nm-banner-text medium\" style=\"\">\r\n\t\t\t\t\t\t\t<div class=\"nm-banner-text-inner\"><h1 class=\"nm-banner-title\">Menus saisonniers<\/h1><\/div>\r\n\t\t\t\t\t\t<\/div>\r\n\t\t\t\t\t<\/div>\r\n\t\t\t\t<\/div>\r\n\t\t\t<\/div>[\/vc_column][\/vc_row][vc_row type=\u00a0\u00bbboxed\u00a0\u00bb][vc_column width=\u00a0\u00bb5\/6&Prime; offset=\u00a0\u00bbvc_col-sm-offset-1&Prime;][vc_empty_space height=\u00a0\u00bb47px\u00a0\u00bb][vc_column_text]<\/p>\n<blockquote>\n<p class=\"font_8\"><span style=\"color: #b7383a;\"><b>A ce jour, nous n&rsquo;avons pas de cours saisonnier pr\u00e9vu pour le moment, mais vous pouvez participer \u00e0 <a href=\"https:\/\/www.grills-saveurs.ch\/fr\/product-category\/cours-de-barbecue\/cours-thematiques\/\" target=\"_blank\" rel=\"noopener\"><u>nos cours th\u00e9matiques en cliquant ici<\/u><\/a>.<\/b><\/span><\/p>\n<\/blockquote>\n<hr \/>\n<h2>La Chasse au Barbecue<\/h2>\n<p>[\/vc_column_text][vc_empty_space height=\u00a0\u00bb47px\u00a0\u00bb][\/vc_column][\/vc_row][vc_row type=\u00a0\u00bbboxed\u00a0\u00bb][vc_column width=\u00a0\u00bb1\/4&Prime; offset=\u00a0\u00bbvc_col-sm-offset-1&Prime;][vc_column_text]<img loading=\"lazy\" class=\"alignnone wp-image-2109 size-full\" src=\"https:\/\/www.grills-saveurs.ch\/fr\/wp-content\/uploads\/2019\/03\/cours-grill-menu-saisonnier.jpg\" alt=\"menus saisonniers barbecue\" width=\"750\" height=\"750\" srcset=\"https:\/\/www.grills-saveurs.ch\/fr\/wp-content\/uploads\/2019\/03\/cours-grill-menu-saisonnier.jpg 750w, https:\/\/www.grills-saveurs.ch\/fr\/wp-content\/uploads\/2019\/03\/cours-grill-menu-saisonnier-150x150.jpg 150w, https:\/\/www.grills-saveurs.ch\/fr\/wp-content\/uploads\/2019\/03\/cours-grill-menu-saisonnier-300x300.jpg 300w, https:\/\/www.grills-saveurs.ch\/fr\/wp-content\/uploads\/2019\/03\/cours-grill-menu-saisonnier-350x350.jpg 350w, https:\/\/www.grills-saveurs.ch\/fr\/wp-content\/uploads\/2019\/03\/cours-grill-menu-saisonnier-680x680.jpg 680w, https:\/\/www.grills-saveurs.ch\/fr\/wp-content\/uploads\/2019\/03\/cours-grill-menu-saisonnier-100x100.jpg 100w\" sizes=\"(max-width: 750px) 100vw, 750px\" \/>[\/vc_column_text][vc_empty_space height=\u00a0\u00bb17px\u00a0\u00bb][\/vc_column][vc_column width=\u00a0\u00bb7\/12&Prime;][vc_column_text]<strong>AP\u00c9RITIF <\/strong><\/p>\n<p>Charcuterie et rillettes de chasse<\/p>\n<p>Flammenk\u00fcche automnale<\/p>\n<p><strong>ENTR\u00c9E <\/strong><\/p>\n<p>Duo d\u2019entrec\u00f4tes de chasse (Cerf et sanglier)<\/p>\n<p>Fond de gibier<\/p>\n<p>Polenta cr\u00e9meuse aux champignons<\/p>\n<p><strong>PLAT PRINCIPAL <\/strong><\/p>\n<p>Trilogie de selle de chasse (Marcassin \u2013 Chamois \u2013 Chevreuil)<\/p>\n<p>Sp\u00e4tzli maison<\/p>\n<p>Accompagnement chasse (Choux rouge, choux de Bruxelles, poires safran\u00e9es au sirop de miel, marrons)<\/p>\n<p><strong>DESSERT <\/strong><\/p>\n<p>Crumble aux pruneaux caram\u00e9lis\u00e9s et flamb\u00e9s<\/p>\n<p>140.-\/p.p<\/p>\n<p>10% DE RABAIS SUR LES ACCESSOIRES N\u00c9CESSAIRES POUR REPRODUIRE LE MENU DU JOUR[\/vc_column_text][vc_empty_space height=\u00a0\u00bb46&Prime;]\r\n\t\t\t<div class=\"nm_btn_align_left\">\r\n\t\t\t\t<a href=\"https:\/\/www.grills-saveurs.ch\/fr\/product-category\/cours-de-barbecue\/cours-saisonniers\/\" class=\"nm_btn nm_btn_lg nm_btn_filled\">\r\n\t\t\t\t\t<span class=\"nm_btn_title\">D\u00e9couvrir les dates et d\u00e9tails des cours saisonniers<\/span>\r\n\t\t\t\t\t<span class=\"nm_btn_bg\"><\/span>\r\n\t\t\t\t<\/a>\r\n\t\t\t<\/div>[vc_empty_space height=\u00a0\u00bb46&Prime;][\/vc_column][\/vc_row][vc_row][vc_column][vc_column_text]<\/p>\n<p style=\"text-align: center;\">Des questions ? Appelez-nous au 021 566 16 66 ou par email\u00a0<a href=\"mailto:info@grills-saveurs.ch\">info@grills-saveurs.ch<\/a><\/p>\n<p>&nbsp;<\/p>\n<p style=\"text-align: center;\"><a href=\"https:\/\/www.grills-saveurs.ch\/fr\/cours-barbecue-weber-nos-formules\/\">Voir les autres cours de barbecue<\/a><\/p>\n<p>[\/vc_column_text][vc_single_image image=\u00a0\u00bb1448&Prime; img_size=\u00a0\u00bb300&#215;103&Prime; alignment=\u00a0\u00bbcenter\u00a0\u00bb][vc_empty_space height=\u00a0\u00bb47px\u00a0\u00bb][\/vc_column][\/vc_row]<\/p>\n","protected":false},"excerpt":{"rendered":"<p>[vc_row type=\u00a0\u00bbfull-nopad\u00a0\u00bb][vc_column][\/vc_column][\/vc_row][vc_row type=\u00a0\u00bbboxed\u00a0\u00bb][vc_column width=\u00a0\u00bb5\/6&Prime; offset=\u00a0\u00bbvc_col-sm-offset-1&Prime;][vc_empty_space height=\u00a0\u00bb47px\u00a0\u00bb][vc_column_text] A ce jour, nous n&rsquo;avons pas de cours saisonnier pr\u00e9vu pour le moment, mais vous pouvez participer \u00e0 nos cours th\u00e9matiques en cliquant ici. La Chasse au Barbecue [\/vc_column_text][vc_empty_space height=\u00a0\u00bb47px\u00a0\u00bb][\/vc_column][\/vc_row][vc_row type=\u00a0\u00bbboxed\u00a0\u00bb][vc_column width=\u00a0\u00bb1\/4&Prime; offset=\u00a0\u00bbvc_col-sm-offset-1&Prime;][vc_column_text][\/vc_column_text][vc_empty_space height=\u00a0\u00bb17px\u00a0\u00bb][\/vc_column][vc_column width=\u00a0\u00bb7\/12&Prime;][vc_column_text]AP\u00c9RITIF Charcuterie et rillettes de chasse Flammenk\u00fcche automnale ENTR\u00c9E Duo d\u2019entrec\u00f4tes de chasse (Cerf et &hellip;<\/p>\n","protected":false},"author":1,"featured_media":0,"parent":0,"menu_order":0,"comment_status":"closed","ping_status":"closed","template":"","meta":[],"yoast_head":"<!-- This site is optimized with the Yoast SEO plugin v18.2 - https:\/\/yoast.com\/wordpress\/plugins\/seo\/ -->\n<title>Menus saisonniers - Grills et Saveurs<\/title>\n<meta name=\"robots\" content=\"index, follow, max-snippet:-1, max-image-preview:large, max-video-preview:-1\" \/>\n<link rel=\"canonical\" href=\"https:\/\/www.grills-saveurs.ch\/fr\/menus-saisonniers\/\" \/>\n<meta property=\"og:locale\" content=\"fr_FR\" \/>\n<meta property=\"og:type\" content=\"article\" \/>\n<meta property=\"og:title\" content=\"Menus saisonniers - Grills et Saveurs\" \/>\n<meta property=\"og:description\" content=\"[vc_row type=\u00a0\u00bbfull-nopad\u00a0\u00bb][vc_column][\/vc_column][\/vc_row][vc_row type=\u00a0\u00bbboxed\u00a0\u00bb][vc_column width=\u00a0\u00bb5\/6&Prime; offset=\u00a0\u00bbvc_col-sm-offset-1&Prime;][vc_empty_space height=\u00a0\u00bb47px\u00a0\u00bb][vc_column_text] A ce jour, nous n&rsquo;avons pas de cours saisonnier pr\u00e9vu pour le moment, mais vous pouvez participer \u00e0 nos cours th\u00e9matiques en cliquant ici. La Chasse au Barbecue [\/vc_column_text][vc_empty_space height=\u00a0\u00bb47px\u00a0\u00bb][\/vc_column][\/vc_row][vc_row type=\u00a0\u00bbboxed\u00a0\u00bb][vc_column width=\u00a0\u00bb1\/4&Prime; offset=\u00a0\u00bbvc_col-sm-offset-1&Prime;][vc_column_text][\/vc_column_text][vc_empty_space height=\u00a0\u00bb17px\u00a0\u00bb][\/vc_column][vc_column width=\u00a0\u00bb7\/12&Prime;][vc_column_text]AP\u00c9RITIF Charcuterie et rillettes de chasse Flammenk\u00fcche automnale ENTR\u00c9E Duo d\u2019entrec\u00f4tes de chasse (Cerf et &hellip;\" \/>\n<meta property=\"og:url\" content=\"https:\/\/www.grills-saveurs.ch\/fr\/menus-saisonniers\/\" \/>\n<meta property=\"og:site_name\" content=\"Grills et Saveurs\" \/>\n<meta property=\"article:modified_time\" content=\"2022-04-20T09:22:42+00:00\" \/>\n<meta property=\"og:image\" content=\"https:\/\/www.grills-saveurs.ch\/fr\/wp-content\/uploads\/2019\/03\/cours-grill-menu-saisonnier.jpg\" \/>\n<meta name=\"twitter:card\" content=\"summary_large_image\" \/>\n<meta name=\"twitter:label1\" content=\"Dur\u00e9e de lecture estim\u00e9e\" \/>\n\t<meta name=\"twitter:data1\" content=\"1 minute\" \/>\n<script type=\"application\/ld+json\" class=\"yoast-schema-graph\">{\"@context\":\"https:\/\/schema.org\",\"@graph\":[{\"@type\":\"WebSite\",\"@id\":\"https:\/\/www.grills-saveurs.ch\/fr\/#website\",\"url\":\"https:\/\/www.grills-saveurs.ch\/fr\/\",\"name\":\"Grills et Saveurs\",\"description\":\"Barbecues, Grills, Planchas, Chemin\u00e9es jardin - Lausanne, Suisse Romande\",\"potentialAction\":[{\"@type\":\"SearchAction\",\"target\":{\"@type\":\"EntryPoint\",\"urlTemplate\":\"https:\/\/www.grills-saveurs.ch\/fr\/?s={search_term_string}\"},\"query-input\":\"required name=search_term_string\"}],\"inLanguage\":\"fr-FR\"},{\"@type\":\"ImageObject\",\"@id\":\"https:\/\/www.grills-saveurs.ch\/fr\/menus-saisonniers\/#primaryimage\",\"inLanguage\":\"fr-FR\",\"url\":\"https:\/\/www.grills-saveurs.ch\/fr\/wp-content\/uploads\/2019\/03\/cours-grill-menu-saisonnier.jpg\",\"contentUrl\":\"https:\/\/www.grills-saveurs.ch\/fr\/wp-content\/uploads\/2019\/03\/cours-grill-menu-saisonnier.jpg\",\"width\":750,\"height\":750,\"caption\":\"Menus saisonniers barbecue\"},{\"@type\":\"WebPage\",\"@id\":\"https:\/\/www.grills-saveurs.ch\/fr\/menus-saisonniers\/#webpage\",\"url\":\"https:\/\/www.grills-saveurs.ch\/fr\/menus-saisonniers\/\",\"name\":\"Menus saisonniers - Grills et Saveurs\",\"isPartOf\":{\"@id\":\"https:\/\/www.grills-saveurs.ch\/fr\/#website\"},\"primaryImageOfPage\":{\"@id\":\"https:\/\/www.grills-saveurs.ch\/fr\/menus-saisonniers\/#primaryimage\"},\"datePublished\":\"2019-03-07T20:58:37+00:00\",\"dateModified\":\"2022-04-20T09:22:42+00:00\",\"breadcrumb\":{\"@id\":\"https:\/\/www.grills-saveurs.ch\/fr\/menus-saisonniers\/#breadcrumb\"},\"inLanguage\":\"fr-FR\",\"potentialAction\":[{\"@type\":\"ReadAction\",\"target\":[\"https:\/\/www.grills-saveurs.ch\/fr\/menus-saisonniers\/\"]}]},{\"@type\":\"BreadcrumbList\",\"@id\":\"https:\/\/www.grills-saveurs.ch\/fr\/menus-saisonniers\/#breadcrumb\",\"itemListElement\":[{\"@type\":\"ListItem\",\"position\":1,\"name\":\"Accueil\",\"item\":\"https:\/\/www.grills-saveurs.ch\/fr\/\"},{\"@type\":\"ListItem\",\"position\":2,\"name\":\"Menus saisonniers\"}]}]}<\/script>\n<!-- \/ Yoast SEO plugin. -->","yoast_head_json":{"title":"Menus saisonniers - Grills et Saveurs","robots":{"index":"index","follow":"follow","max-snippet":"max-snippet:-1","max-image-preview":"max-image-preview:large","max-video-preview":"max-video-preview:-1"},"canonical":"https:\/\/www.grills-saveurs.ch\/fr\/menus-saisonniers\/","og_locale":"fr_FR","og_type":"article","og_title":"Menus saisonniers - Grills et Saveurs","og_description":"[vc_row type=\u00a0\u00bbfull-nopad\u00a0\u00bb][vc_column][\/vc_column][\/vc_row][vc_row type=\u00a0\u00bbboxed\u00a0\u00bb][vc_column width=\u00a0\u00bb5\/6&Prime; offset=\u00a0\u00bbvc_col-sm-offset-1&Prime;][vc_empty_space height=\u00a0\u00bb47px\u00a0\u00bb][vc_column_text] A ce jour, nous n&rsquo;avons pas de cours saisonnier pr\u00e9vu pour le moment, mais vous pouvez participer \u00e0 nos cours th\u00e9matiques en cliquant ici. La Chasse au Barbecue [\/vc_column_text][vc_empty_space height=\u00a0\u00bb47px\u00a0\u00bb][\/vc_column][\/vc_row][vc_row type=\u00a0\u00bbboxed\u00a0\u00bb][vc_column width=\u00a0\u00bb1\/4&Prime; offset=\u00a0\u00bbvc_col-sm-offset-1&Prime;][vc_column_text][\/vc_column_text][vc_empty_space height=\u00a0\u00bb17px\u00a0\u00bb][\/vc_column][vc_column width=\u00a0\u00bb7\/12&Prime;][vc_column_text]AP\u00c9RITIF Charcuterie et rillettes de chasse Flammenk\u00fcche automnale ENTR\u00c9E Duo d\u2019entrec\u00f4tes de chasse (Cerf et &hellip;","og_url":"https:\/\/www.grills-saveurs.ch\/fr\/menus-saisonniers\/","og_site_name":"Grills et Saveurs","article_modified_time":"2022-04-20T09:22:42+00:00","og_image":[{"url":"https:\/\/www.grills-saveurs.ch\/fr\/wp-content\/uploads\/2019\/03\/cours-grill-menu-saisonnier.jpg"}],"twitter_card":"summary_large_image","twitter_misc":{"Dur\u00e9e de lecture estim\u00e9e":"1 minute"},"schema":{"@context":"https:\/\/schema.org","@graph":[{"@type":"WebSite","@id":"https:\/\/www.grills-saveurs.ch\/fr\/#website","url":"https:\/\/www.grills-saveurs.ch\/fr\/","name":"Grills et Saveurs","description":"Barbecues, Grills, Planchas, Chemin\u00e9es jardin - Lausanne, Suisse Romande","potentialAction":[{"@type":"SearchAction","target":{"@type":"EntryPoint","urlTemplate":"https:\/\/www.grills-saveurs.ch\/fr\/?s={search_term_string}"},"query-input":"required name=search_term_string"}],"inLanguage":"fr-FR"},{"@type":"ImageObject","@id":"https:\/\/www.grills-saveurs.ch\/fr\/menus-saisonniers\/#primaryimage","inLanguage":"fr-FR","url":"https:\/\/www.grills-saveurs.ch\/fr\/wp-content\/uploads\/2019\/03\/cours-grill-menu-saisonnier.jpg","contentUrl":"https:\/\/www.grills-saveurs.ch\/fr\/wp-content\/uploads\/2019\/03\/cours-grill-menu-saisonnier.jpg","width":750,"height":750,"caption":"Menus saisonniers barbecue"},{"@type":"WebPage","@id":"https:\/\/www.grills-saveurs.ch\/fr\/menus-saisonniers\/#webpage","url":"https:\/\/www.grills-saveurs.ch\/fr\/menus-saisonniers\/","name":"Menus saisonniers - Grills et Saveurs","isPartOf":{"@id":"https:\/\/www.grills-saveurs.ch\/fr\/#website"},"primaryImageOfPage":{"@id":"https:\/\/www.grills-saveurs.ch\/fr\/menus-saisonniers\/#primaryimage"},"datePublished":"2019-03-07T20:58:37+00:00","dateModified":"2022-04-20T09:22:42+00:00","breadcrumb":{"@id":"https:\/\/www.grills-saveurs.ch\/fr\/menus-saisonniers\/#breadcrumb"},"inLanguage":"fr-FR","potentialAction":[{"@type":"ReadAction","target":["https:\/\/www.grills-saveurs.ch\/fr\/menus-saisonniers\/"]}]},{"@type":"BreadcrumbList","@id":"https:\/\/www.grills-saveurs.ch\/fr\/menus-saisonniers\/#breadcrumb","itemListElement":[{"@type":"ListItem","position":1,"name":"Accueil","item":"https:\/\/www.grills-saveurs.ch\/fr\/"},{"@type":"ListItem","position":2,"name":"Menus saisonniers"}]}]}},"_links":{"self":[{"href":"https:\/\/www.grills-saveurs.ch\/fr\/wp-json\/wp\/v2\/pages\/2029"}],"collection":[{"href":"https:\/\/www.grills-saveurs.ch\/fr\/wp-json\/wp\/v2\/pages"}],"about":[{"href":"https:\/\/www.grills-saveurs.ch\/fr\/wp-json\/wp\/v2\/types\/page"}],"author":[{"embeddable":true,"href":"https:\/\/www.grills-saveurs.ch\/fr\/wp-json\/wp\/v2\/users\/1"}],"replies":[{"embeddable":true,"href":"https:\/\/www.grills-saveurs.ch\/fr\/wp-json\/wp\/v2\/comments?post=2029"}],"version-history":[{"count":4,"href":"https:\/\/www.grills-saveurs.ch\/fr\/wp-json\/wp\/v2\/pages\/2029\/revisions"}],"predecessor-version":[{"id":7624,"href":"https:\/\/www.grills-saveurs.ch\/fr\/wp-json\/wp\/v2\/pages\/2029\/revisions\/7624"}],"wp:attachment":[{"href":"https:\/\/www.grills-saveurs.ch\/fr\/wp-json\/wp\/v2\/media?parent=2029"}],"curies":[{"name":"wp","href":"https:\/\/api.w.org\/{rel}","templated":true}]}}