{"id":2174,"date":"2019-03-12T15:50:45","date_gmt":"2019-03-12T14:50:45","guid":{"rendered":"https:\/\/www.grills-saveurs.ch\/fr\/?page_id=2174"},"modified":"2023-01-18T11:04:15","modified_gmt":"2023-01-18T10:04:15","slug":"entretien-et-garanties","status":"publish","type":"page","link":"https:\/\/www.grills-saveurs.ch\/fr\/entretien-et-garanties\/","title":{"rendered":"Entretien &#038; Garanties"},"content":{"rendered":"<p>[vc_row type=\u00a0\u00bbfull-nopad\u00a0\u00bb][vc_column]\r\n\t\t\t<div class=\"nm-banner content-full image-type-fluid has-alt-image text-color-dark subtitle-below\" style=\"\"><img src=\"https:\/\/www.grills-saveurs.ch\/fr\/wp-content\/uploads\/2019\/03\/banner-entretien.jpg\" alt=\"banner-entretien\" \/><img src=\"https:\/\/www.grills-saveurs.ch\/fr\/wp-content\/uploads\/2019\/03\/banner-entretien.jpg\" class=\"nm-banner-alt-image img\" alt=\"banner-entretien\" \/>\r\n\t\t\t\t<div class=\"nm-banner-content\">\r\n\t\t\t\t\t<div class=\"nm-banner-content-inner h_center v_center align_center\">\r\n\t\t\t\t\t\t<div class=\"nm-banner-text medium\" style=\"\">\r\n\t\t\t\t\t\t\t<div class=\"nm-banner-text-inner\"><h1 class=\"nm-banner-title\">Services PREMIUM<\/h1><\/div>\r\n\t\t\t\t\t\t<\/div>\r\n\t\t\t\t\t<\/div>\r\n\t\t\t\t<\/div>\r\n\t\t\t<\/div>[vc_empty_space height=\u00a0\u00bb47px\u00a0\u00bb][\/vc_column][\/vc_row][vc_row type=\u00a0\u00bbboxed\u00a0\u00bb][vc_column width=\u00a0\u00bb5\/6&Prime; offset=\u00a0\u00bbvc_col-sm-offset-1&Prime;][vc_empty_space height=\u00a0\u00bb47px\u00a0\u00bb][vc_column_text]<\/p>\n<h1>Service de montage Premium pour votre barbecue<\/h1>\n<p>[\/vc_column_text][vc_column_text]<\/p>\n<h4>&gt; Exclusivement chez Grills &amp; Saveurs<\/h4>\n<p>[\/vc_column_text][vc_empty_space height=\u00a0\u00bb47px\u00a0\u00bb][\/vc_column][\/vc_row][vc_row type=\u00a0\u00bbboxed\u00a0\u00bb][vc_column width=\u00a0\u00bb1\/4&Prime; offset=\u00a0\u00bbvc_col-sm-offset-1&Prime;][vc_column_text]<\/p>\n<h5>Haute qualit\u00e9<\/h5>\n<p>[\/vc_column_text][vc_empty_space height=\u00a0\u00bb17px\u00a0\u00bb][\/vc_column][vc_column width=\u00a0\u00bb7\/12&Prime;][vc_column_text]<\/p>\n<p class=\"p1\">Celui qui d\u00e9cide aujourd&rsquo;hui d&rsquo;acheter un <a href=\"https:\/\/www.grills-saveurs.ch\/fr\/product-category\/barbecues-weber\/\">barbecue Weber<\/a> ou <a href=\"https:\/\/www.grills-saveurs.ch\/fr\/product-category\/barbecues-broil-king\/\">Broil King<\/a> chez Grills &amp; Saveurs b\u00e9n\u00e9ficie de Services Premium en plus d&rsquo;un produit de haute qualit\u00e9.<br \/>\nNos produits sont garantis jusqu&rsquo;\u00e0 10 ans.<\/p>\n<p>[\/vc_column_text][\/vc_column][\/vc_row][vc_row][vc_column][vc_empty_space height=\u00a0\u00bb40&Prime;][\/vc_column][\/vc_row][vc_row type=\u00a0\u00bbboxed\u00a0\u00bb][vc_column width=\u00a0\u00bb1\/4&Prime; offset=\u00a0\u00bbvc_col-sm-offset-1&Prime;][vc_column_text]<\/p>\n<h5>Service apr\u00e8s-vente &amp; Montage<\/h5>\n<p>[\/vc_column_text][vc_empty_space height=\u00a0\u00bb17px\u00a0\u00bb][\/vc_column][vc_column width=\u00a0\u00bb7\/12&Prime;][vc_column_text]<\/p>\n<p class=\"p1\">Faites confiance \u00e0 nos professionnels.\u00a0Pour votre confort, Grills &amp; Saveurs r\u00e9alise l&rsquo;assemblage de votre barbecue.<\/p>\n<p>[\/vc_column_text][vc_empty_space height=\u00a0\u00bb17px\u00a0\u00bb][\/vc_column][\/vc_row][vc_row][vc_column][vc_empty_space height=\u00a0\u00bb40&Prime;][\/vc_column][\/vc_row]<\/p>\n","protected":false},"excerpt":{"rendered":"<p>[vc_row type=\u00a0\u00bbfull-nopad\u00a0\u00bb][vc_column][vc_empty_space height=\u00a0\u00bb47px\u00a0\u00bb][\/vc_column][\/vc_row][vc_row type=\u00a0\u00bbboxed\u00a0\u00bb][vc_column width=\u00a0\u00bb5\/6&Prime; offset=\u00a0\u00bbvc_col-sm-offset-1&Prime;][vc_empty_space height=\u00a0\u00bb47px\u00a0\u00bb][vc_column_text] Service de montage Premium pour votre barbecue [\/vc_column_text][vc_column_text] &gt; Exclusivement chez Grills &amp; Saveurs [\/vc_column_text][vc_empty_space height=\u00a0\u00bb47px\u00a0\u00bb][\/vc_column][\/vc_row][vc_row type=\u00a0\u00bbboxed\u00a0\u00bb][vc_column width=\u00a0\u00bb1\/4&Prime; offset=\u00a0\u00bbvc_col-sm-offset-1&Prime;][vc_column_text] Haute qualit\u00e9 [\/vc_column_text][vc_empty_space height=\u00a0\u00bb17px\u00a0\u00bb][\/vc_column][vc_column width=\u00a0\u00bb7\/12&Prime;][vc_column_text] Celui qui d\u00e9cide aujourd&rsquo;hui d&rsquo;acheter un barbecue Weber ou Broil King chez Grills &amp; Saveurs b\u00e9n\u00e9ficie de Services Premium en plus d&rsquo;un produit de &hellip;<\/p>\n","protected":false},"author":1,"featured_media":0,"parent":0,"menu_order":0,"comment_status":"closed","ping_status":"closed","template":"","meta":[],"yoast_head":"<!-- This site is optimized with the Yoast SEO plugin v18.2 - https:\/\/yoast.com\/wordpress\/plugins\/seo\/ -->\n<title>Entretien de votre barbecue en Suisse Romande - Service Premium \/ Weber<\/title>\n<meta name=\"description\" content=\"Celui qui d\u00e9cide aujourd\u2019hui d\u2019acheter un barbecue Weber chez Grills &amp; Saveurs b\u00e9n\u00e9ficie de Services Premium en plus d\u2019un produit de haute qualit\u00e9.Nos produits sont garantis jusqu\u2019\u00e0 10 ans.\" \/>\n<meta name=\"robots\" content=\"index, follow, max-snippet:-1, max-image-preview:large, max-video-preview:-1\" \/>\n<link rel=\"canonical\" href=\"https:\/\/www.grills-saveurs.ch\/fr\/entretien-et-garanties\/\" \/>\n<meta property=\"og:locale\" content=\"fr_FR\" \/>\n<meta property=\"og:type\" content=\"article\" \/>\n<meta property=\"og:title\" content=\"Entretien de votre barbecue en Suisse Romande - Service Premium \/ Weber\" \/>\n<meta property=\"og:description\" content=\"Celui qui d\u00e9cide aujourd\u2019hui d\u2019acheter un barbecue Weber chez Grills &amp; Saveurs b\u00e9n\u00e9ficie de Services Premium en plus d\u2019un produit de haute qualit\u00e9.Nos produits sont garantis jusqu\u2019\u00e0 10 ans.\" \/>\n<meta property=\"og:url\" content=\"https:\/\/www.grills-saveurs.ch\/fr\/entretien-et-garanties\/\" \/>\n<meta property=\"og:site_name\" content=\"Grills et Saveurs\" \/>\n<meta property=\"article:modified_time\" content=\"2023-01-18T10:04:15+00:00\" \/>\n<meta name=\"twitter:card\" content=\"summary_large_image\" \/>\n<meta name=\"twitter:label1\" content=\"Dur\u00e9e de lecture estim\u00e9e\" \/>\n\t<meta name=\"twitter:data1\" content=\"1 minute\" \/>\n<script type=\"application\/ld+json\" class=\"yoast-schema-graph\">{\"@context\":\"https:\/\/schema.org\",\"@graph\":[{\"@type\":\"WebSite\",\"@id\":\"https:\/\/www.grills-saveurs.ch\/fr\/#website\",\"url\":\"https:\/\/www.grills-saveurs.ch\/fr\/\",\"name\":\"Grills et Saveurs\",\"description\":\"Barbecues, Grills, Planchas, Chemin\u00e9es jardin - Lausanne, Suisse Romande\",\"potentialAction\":[{\"@type\":\"SearchAction\",\"target\":{\"@type\":\"EntryPoint\",\"urlTemplate\":\"https:\/\/www.grills-saveurs.ch\/fr\/?s={search_term_string}\"},\"query-input\":\"required name=search_term_string\"}],\"inLanguage\":\"fr-FR\"},{\"@type\":\"WebPage\",\"@id\":\"https:\/\/www.grills-saveurs.ch\/fr\/entretien-et-garanties\/#webpage\",\"url\":\"https:\/\/www.grills-saveurs.ch\/fr\/entretien-et-garanties\/\",\"name\":\"Entretien de votre barbecue en Suisse Romande - Service Premium \/ Weber\",\"isPartOf\":{\"@id\":\"https:\/\/www.grills-saveurs.ch\/fr\/#website\"},\"datePublished\":\"2019-03-12T14:50:45+00:00\",\"dateModified\":\"2023-01-18T10:04:15+00:00\",\"description\":\"Celui qui d\u00e9cide aujourd\u2019hui d\u2019acheter un barbecue Weber chez Grills & Saveurs b\u00e9n\u00e9ficie de Services Premium en plus d\u2019un produit de haute qualit\u00e9.Nos produits sont garantis jusqu\u2019\u00e0 10 ans.\",\"breadcrumb\":{\"@id\":\"https:\/\/www.grills-saveurs.ch\/fr\/entretien-et-garanties\/#breadcrumb\"},\"inLanguage\":\"fr-FR\",\"potentialAction\":[{\"@type\":\"ReadAction\",\"target\":[\"https:\/\/www.grills-saveurs.ch\/fr\/entretien-et-garanties\/\"]}]},{\"@type\":\"BreadcrumbList\",\"@id\":\"https:\/\/www.grills-saveurs.ch\/fr\/entretien-et-garanties\/#breadcrumb\",\"itemListElement\":[{\"@type\":\"ListItem\",\"position\":1,\"name\":\"Accueil\",\"item\":\"https:\/\/www.grills-saveurs.ch\/fr\/\"},{\"@type\":\"ListItem\",\"position\":2,\"name\":\"Entretien &#038; Garanties\"}]}]}<\/script>\n<!-- \/ Yoast SEO plugin. -->","yoast_head_json":{"title":"Entretien de votre barbecue en Suisse Romande - Service Premium \/ Weber","description":"Celui qui d\u00e9cide aujourd\u2019hui d\u2019acheter un barbecue Weber chez Grills & Saveurs b\u00e9n\u00e9ficie de Services Premium en plus d\u2019un produit de haute qualit\u00e9.Nos produits sont garantis jusqu\u2019\u00e0 10 ans.","robots":{"index":"index","follow":"follow","max-snippet":"max-snippet:-1","max-image-preview":"max-image-preview:large","max-video-preview":"max-video-preview:-1"},"canonical":"https:\/\/www.grills-saveurs.ch\/fr\/entretien-et-garanties\/","og_locale":"fr_FR","og_type":"article","og_title":"Entretien de votre barbecue en Suisse Romande - Service Premium \/ Weber","og_description":"Celui qui d\u00e9cide aujourd\u2019hui d\u2019acheter un barbecue Weber chez Grills & Saveurs b\u00e9n\u00e9ficie de Services Premium en plus d\u2019un produit de haute qualit\u00e9.Nos produits sont garantis jusqu\u2019\u00e0 10 ans.","og_url":"https:\/\/www.grills-saveurs.ch\/fr\/entretien-et-garanties\/","og_site_name":"Grills et Saveurs","article_modified_time":"2023-01-18T10:04:15+00:00","twitter_card":"summary_large_image","twitter_misc":{"Dur\u00e9e de lecture estim\u00e9e":"1 minute"},"schema":{"@context":"https:\/\/schema.org","@graph":[{"@type":"WebSite","@id":"https:\/\/www.grills-saveurs.ch\/fr\/#website","url":"https:\/\/www.grills-saveurs.ch\/fr\/","name":"Grills et Saveurs","description":"Barbecues, Grills, Planchas, Chemin\u00e9es jardin - Lausanne, Suisse Romande","potentialAction":[{"@type":"SearchAction","target":{"@type":"EntryPoint","urlTemplate":"https:\/\/www.grills-saveurs.ch\/fr\/?s={search_term_string}"},"query-input":"required name=search_term_string"}],"inLanguage":"fr-FR"},{"@type":"WebPage","@id":"https:\/\/www.grills-saveurs.ch\/fr\/entretien-et-garanties\/#webpage","url":"https:\/\/www.grills-saveurs.ch\/fr\/entretien-et-garanties\/","name":"Entretien de votre barbecue en Suisse Romande - Service Premium \/ Weber","isPartOf":{"@id":"https:\/\/www.grills-saveurs.ch\/fr\/#website"},"datePublished":"2019-03-12T14:50:45+00:00","dateModified":"2023-01-18T10:04:15+00:00","description":"Celui qui d\u00e9cide aujourd\u2019hui d\u2019acheter un barbecue Weber chez Grills & Saveurs b\u00e9n\u00e9ficie de Services Premium en plus d\u2019un produit de haute qualit\u00e9.Nos produits sont garantis jusqu\u2019\u00e0 10 ans.","breadcrumb":{"@id":"https:\/\/www.grills-saveurs.ch\/fr\/entretien-et-garanties\/#breadcrumb"},"inLanguage":"fr-FR","potentialAction":[{"@type":"ReadAction","target":["https:\/\/www.grills-saveurs.ch\/fr\/entretien-et-garanties\/"]}]},{"@type":"BreadcrumbList","@id":"https:\/\/www.grills-saveurs.ch\/fr\/entretien-et-garanties\/#breadcrumb","itemListElement":[{"@type":"ListItem","position":1,"name":"Accueil","item":"https:\/\/www.grills-saveurs.ch\/fr\/"},{"@type":"ListItem","position":2,"name":"Entretien &#038; Garanties"}]}]}},"_links":{"self":[{"href":"https:\/\/www.grills-saveurs.ch\/fr\/wp-json\/wp\/v2\/pages\/2174"}],"collection":[{"href":"https:\/\/www.grills-saveurs.ch\/fr\/wp-json\/wp\/v2\/pages"}],"about":[{"href":"https:\/\/www.grills-saveurs.ch\/fr\/wp-json\/wp\/v2\/types\/page"}],"author":[{"embeddable":true,"href":"https:\/\/www.grills-saveurs.ch\/fr\/wp-json\/wp\/v2\/users\/1"}],"replies":[{"embeddable":true,"href":"https:\/\/www.grills-saveurs.ch\/fr\/wp-json\/wp\/v2\/comments?post=2174"}],"version-history":[{"count":4,"href":"https:\/\/www.grills-saveurs.ch\/fr\/wp-json\/wp\/v2\/pages\/2174\/revisions"}],"predecessor-version":[{"id":8098,"href":"https:\/\/www.grills-saveurs.ch\/fr\/wp-json\/wp\/v2\/pages\/2174\/revisions\/8098"}],"wp:attachment":[{"href":"https:\/\/www.grills-saveurs.ch\/fr\/wp-json\/wp\/v2\/media?parent=2174"}],"curies":[{"name":"wp","href":"https:\/\/api.w.org\/{rel}","templated":true}]}}