{"id":2210,"date":"2019-03-12T17:04:02","date_gmt":"2019-03-12T16:04:02","guid":{"rendered":"https:\/\/www.grills-saveurs.ch\/fr\/?page_id=2210"},"modified":"2020-04-24T15:18:13","modified_gmt":"2020-04-24T13:18:13","slug":"livraison-paiement","status":"publish","type":"page","link":"https:\/\/www.grills-saveurs.ch\/fr\/livraison-paiement\/","title":{"rendered":"Livraison &#038; Paiement"},"content":{"rendered":"<p>[vc_row type=\u00a0\u00bbboxed\u00a0\u00bb max_width=\u00a0\u00bb800px\u00a0\u00bb][vc_column css=\u00a0\u00bb.vc_custom_1552406972415{padding-top: 0px !important;padding-right: 0px !important;padding-bottom: 0px !important;padding-left: 0px !important;background-color: #ffffff !important;}\u00a0\u00bb][vc_empty_space height=\u00a0\u00bb27px\u00a0\u00bb][\/vc_column][\/vc_row][vc_row type=\u00a0\u00bbboxed\u00a0\u00bb max_width=\u00a0\u00bb800px\u00a0\u00bb][vc_column css=\u00a0\u00bb.vc_custom_1552406770716{padding-top: 50px !important;padding-right: 50px !important;padding-bottom: 50px !important;padding-left: 50px !important;background-color: #f6f6f6 !important;}\u00a0\u00bb][vc_column_text]<\/p>\n<h3>&gt; ACTUALITES :<\/h3>\n<p>Suite aux directives de la conf\u00e9d\u00e9ration concernant la situation actuelle \u00ab\u00a0Covid-19\u00a0\u00bb, la livraison des articles en stock, ainsi que leur retrait sur le parking du magasin sont <strong>maintenus sous 24h\/48h<\/strong>. Le showroom reste ferm\u00e9, mais vous avez la possibilit\u00e9 de fixer un RDV pour une mise \u00e0 disposition d\u2019un barbecue d\u2019exposition sur le parking de notre magasin.<\/p>\n<h1>*************************<\/h1>\n<h1>Livraison<\/h1>\n<p>Pour chaque commande, vous pouvez choisir la livraison \u00e0 domicile partout en Suisse ou le <strong>retrait gratuit de votre commande au magasin<\/strong>.<\/p>\n<p>&nbsp;<\/p>\n<h3>Livraison \u00e0 domicile *<\/h3>\n<p>Livraison gratuite en Suisse d\u00e8s CHF 350.- d&rsquo;achats.<\/p>\n<p><img src=\"https:\/\/www.jardin-shop.ch\/media\/wysiwyg\/frais-port_1.png\" alt=\"Frais de livraison en Suisse\" \/><\/p>\n<p>&nbsp;<\/p>\n<h3>D\u00e9lais de livraison<\/h3>\n<p>Les articles en stock sont g\u00e9n\u00e9ralement livr\u00e9s en 48h.<\/p>\n<p>&nbsp;<\/p>\n<p>* Certains articles sont uniquement retirables au magasin. Dans ce cas, cela est clairement indiqu\u00e9 sur la fiche produit et vous ne pouvez pas choisir la livraison \u00e0 domicile lors de votre commande mais uniquement le retrait au magasin.<\/p>\n<p>&nbsp;<\/p>\n<h3>Retrait au magasin<\/h3>\n<p><strong>Vous recevez un email lorsque votre commande est pr\u00eate et que vous pouvez venir la chercher.<\/strong> Vous pouvez venir retirer votre commande aux horaires d&rsquo;ouvertures du magain :<\/p>\n<table border=\"0\">\n<tbody>\n<tr>\n<td valign=\"top\" width=\"151\" height=\"33\">Lundi<\/td>\n<td valign=\"top\" width=\"228\">13h30 \u00e0 18h00<\/td>\n<\/tr>\n<tr>\n<td valign=\"top\" width=\"151\" height=\"33\">Mardi-Vendredi<\/td>\n<td valign=\"top\" width=\"228\">08h00 \u00e0 12h00 &#8211; 13h30 \u00e0 18h00<\/td>\n<\/tr>\n<tr>\n<td valign=\"top\" height=\"31\">Samedi<\/td>\n<td valign=\"top\">09h00 \u00e0 12h00 (Uniquement printemps \/ \u00e9t\u00e9)<\/td>\n<\/tr>\n<tr>\n<td colspan=\"2\"><\/td>\n<\/tr>\n<tr>\n<td colspan=\"2\" valign=\"top\" height=\"35\">&gt; Sur demande, nous recevons \u00e9galement sur rendez-vous<\/td>\n<\/tr>\n<\/tbody>\n<\/table>\n<p>&nbsp;<\/p>\n<p>Adresse du magasin :<\/p>\n<p>Grills &amp; Saveurs<br \/>\nRoute de Romanel 13<br \/>\n1121 Bremblens<br \/>\nT. +41 (0)21 566 16 66<\/p>\n<p>&nbsp;<\/p>\n<p>&nbsp;<\/p>\n<h1>Paiement 100 % s\u00e9curis\u00e9<\/h1>\n<p>Toutes les transactions effectu\u00e9es sur le shop sont s\u00e9curis\u00e9es gr\u00e2ce au syst\u00e8me de paiement en ligne de PostFinance.<\/p>\n<p>Vous pouvez choisir de payer par :<\/p>\n<p>&#8211; PostFinance (PostFinance Card ou PostFinance ePayment)<\/p>\n<p>&#8211; Carte VISA<\/p>\n<p>&#8211; Carte Mastercard<\/p>\n<p>&#8211; Twint[\/vc_column_text][\/vc_column][\/vc_row][vc_row][vc_column][vc_empty_space height=\u00a0\u00bb46&Prime;][\/vc_column][\/vc_row]<\/p>\n","protected":false},"excerpt":{"rendered":"<p>[vc_row type=\u00a0\u00bbboxed\u00a0\u00bb max_width=\u00a0\u00bb800px\u00a0\u00bb][vc_column css=\u00a0\u00bb.vc_custom_1552406972415{padding-top: 0px !important;padding-right: 0px !important;padding-bottom: 0px !important;padding-left: 0px !important;background-color: #ffffff !important;}\u00a0\u00bb][vc_empty_space height=\u00a0\u00bb27px\u00a0\u00bb][\/vc_column][\/vc_row][vc_row type=\u00a0\u00bbboxed\u00a0\u00bb max_width=\u00a0\u00bb800px\u00a0\u00bb][vc_column css=\u00a0\u00bb.vc_custom_1552406770716{padding-top: 50px !important;padding-right: 50px !important;padding-bottom: 50px !important;padding-left: 50px !important;background-color: #f6f6f6 !important;}\u00a0\u00bb][vc_column_text] &gt; ACTUALITES : Suite aux directives de la conf\u00e9d\u00e9ration concernant la situation actuelle \u00ab\u00a0Covid-19\u00a0\u00bb, la livraison des articles en stock, ainsi que leur retrait sur le parking &hellip;<\/p>\n","protected":false},"author":1,"featured_media":0,"parent":0,"menu_order":0,"comment_status":"closed","ping_status":"closed","template":"","meta":[],"yoast_head":"<!-- This site is optimized with the Yoast SEO plugin v18.2 - https:\/\/yoast.com\/wordpress\/plugins\/seo\/ -->\n<title>Livraison &amp; Paiement - Grills et Saveurs<\/title>\n<meta name=\"robots\" content=\"index, follow, max-snippet:-1, max-image-preview:large, max-video-preview:-1\" \/>\n<link rel=\"canonical\" href=\"https:\/\/www.grills-saveurs.ch\/fr\/livraison-paiement\/\" \/>\n<meta property=\"og:locale\" content=\"fr_FR\" \/>\n<meta property=\"og:type\" content=\"article\" \/>\n<meta property=\"og:title\" content=\"Livraison &amp; Paiement - Grills et Saveurs\" \/>\n<meta property=\"og:description\" content=\"[vc_row type=\u00a0\u00bbboxed\u00a0\u00bb max_width=\u00a0\u00bb800px\u00a0\u00bb][vc_column css=\u00a0\u00bb.vc_custom_1552406972415{padding-top: 0px !important;padding-right: 0px !important;padding-bottom: 0px !important;padding-left: 0px !important;background-color: #ffffff !important;}\u00a0\u00bb][vc_empty_space height=\u00a0\u00bb27px\u00a0\u00bb][\/vc_column][\/vc_row][vc_row type=\u00a0\u00bbboxed\u00a0\u00bb max_width=\u00a0\u00bb800px\u00a0\u00bb][vc_column css=\u00a0\u00bb.vc_custom_1552406770716{padding-top: 50px !important;padding-right: 50px !important;padding-bottom: 50px !important;padding-left: 50px !important;background-color: #f6f6f6 !important;}\u00a0\u00bb][vc_column_text] &gt; ACTUALITES : Suite aux directives de la conf\u00e9d\u00e9ration concernant la situation actuelle \u00ab\u00a0Covid-19\u00a0\u00bb, la livraison des articles en stock, ainsi que leur retrait sur le parking &hellip;\" \/>\n<meta property=\"og:url\" content=\"https:\/\/www.grills-saveurs.ch\/fr\/livraison-paiement\/\" \/>\n<meta property=\"og:site_name\" content=\"Grills et Saveurs\" \/>\n<meta property=\"article:modified_time\" content=\"2020-04-24T13:18:13+00:00\" \/>\n<meta property=\"og:image\" content=\"https:\/\/www.jardin-shop.ch\/media\/wysiwyg\/frais-port_1.png\" \/>\n<meta name=\"twitter:card\" content=\"summary_large_image\" \/>\n<meta name=\"twitter:label1\" content=\"Dur\u00e9e de lecture estim\u00e9e\" \/>\n\t<meta name=\"twitter:data1\" content=\"2 minutes\" \/>\n<script type=\"application\/ld+json\" class=\"yoast-schema-graph\">{\"@context\":\"https:\/\/schema.org\",\"@graph\":[{\"@type\":\"WebSite\",\"@id\":\"https:\/\/www.grills-saveurs.ch\/fr\/#website\",\"url\":\"https:\/\/www.grills-saveurs.ch\/fr\/\",\"name\":\"Grills et Saveurs\",\"description\":\"Barbecues, Grills, Planchas, Chemin\u00e9es jardin - Lausanne, Suisse Romande\",\"potentialAction\":[{\"@type\":\"SearchAction\",\"target\":{\"@type\":\"EntryPoint\",\"urlTemplate\":\"https:\/\/www.grills-saveurs.ch\/fr\/?s={search_term_string}\"},\"query-input\":\"required name=search_term_string\"}],\"inLanguage\":\"fr-FR\"},{\"@type\":\"ImageObject\",\"@id\":\"https:\/\/www.grills-saveurs.ch\/fr\/livraison-paiement\/#primaryimage\",\"inLanguage\":\"fr-FR\",\"url\":\"https:\/\/www.jardin-shop.ch\/media\/wysiwyg\/frais-port_1.png\",\"contentUrl\":\"https:\/\/www.jardin-shop.ch\/media\/wysiwyg\/frais-port_1.png\"},{\"@type\":\"WebPage\",\"@id\":\"https:\/\/www.grills-saveurs.ch\/fr\/livraison-paiement\/#webpage\",\"url\":\"https:\/\/www.grills-saveurs.ch\/fr\/livraison-paiement\/\",\"name\":\"Livraison & Paiement - Grills et Saveurs\",\"isPartOf\":{\"@id\":\"https:\/\/www.grills-saveurs.ch\/fr\/#website\"},\"primaryImageOfPage\":{\"@id\":\"https:\/\/www.grills-saveurs.ch\/fr\/livraison-paiement\/#primaryimage\"},\"datePublished\":\"2019-03-12T16:04:02+00:00\",\"dateModified\":\"2020-04-24T13:18:13+00:00\",\"breadcrumb\":{\"@id\":\"https:\/\/www.grills-saveurs.ch\/fr\/livraison-paiement\/#breadcrumb\"},\"inLanguage\":\"fr-FR\",\"potentialAction\":[{\"@type\":\"ReadAction\",\"target\":[\"https:\/\/www.grills-saveurs.ch\/fr\/livraison-paiement\/\"]}]},{\"@type\":\"BreadcrumbList\",\"@id\":\"https:\/\/www.grills-saveurs.ch\/fr\/livraison-paiement\/#breadcrumb\",\"itemListElement\":[{\"@type\":\"ListItem\",\"position\":1,\"name\":\"Accueil\",\"item\":\"https:\/\/www.grills-saveurs.ch\/fr\/\"},{\"@type\":\"ListItem\",\"position\":2,\"name\":\"Livraison &#038; Paiement\"}]}]}<\/script>\n<!-- \/ Yoast SEO plugin. -->","yoast_head_json":{"title":"Livraison & Paiement - Grills et Saveurs","robots":{"index":"index","follow":"follow","max-snippet":"max-snippet:-1","max-image-preview":"max-image-preview:large","max-video-preview":"max-video-preview:-1"},"canonical":"https:\/\/www.grills-saveurs.ch\/fr\/livraison-paiement\/","og_locale":"fr_FR","og_type":"article","og_title":"Livraison & Paiement - Grills et Saveurs","og_description":"[vc_row type=\u00a0\u00bbboxed\u00a0\u00bb max_width=\u00a0\u00bb800px\u00a0\u00bb][vc_column css=\u00a0\u00bb.vc_custom_1552406972415{padding-top: 0px !important;padding-right: 0px !important;padding-bottom: 0px !important;padding-left: 0px !important;background-color: #ffffff !important;}\u00a0\u00bb][vc_empty_space height=\u00a0\u00bb27px\u00a0\u00bb][\/vc_column][\/vc_row][vc_row type=\u00a0\u00bbboxed\u00a0\u00bb max_width=\u00a0\u00bb800px\u00a0\u00bb][vc_column css=\u00a0\u00bb.vc_custom_1552406770716{padding-top: 50px !important;padding-right: 50px !important;padding-bottom: 50px !important;padding-left: 50px !important;background-color: #f6f6f6 !important;}\u00a0\u00bb][vc_column_text] &gt; ACTUALITES : Suite aux directives de la conf\u00e9d\u00e9ration concernant la situation actuelle \u00ab\u00a0Covid-19\u00a0\u00bb, la livraison des articles en stock, ainsi que leur retrait sur le parking &hellip;","og_url":"https:\/\/www.grills-saveurs.ch\/fr\/livraison-paiement\/","og_site_name":"Grills et Saveurs","article_modified_time":"2020-04-24T13:18:13+00:00","og_image":[{"url":"https:\/\/www.jardin-shop.ch\/media\/wysiwyg\/frais-port_1.png"}],"twitter_card":"summary_large_image","twitter_misc":{"Dur\u00e9e de lecture estim\u00e9e":"2 minutes"},"schema":{"@context":"https:\/\/schema.org","@graph":[{"@type":"WebSite","@id":"https:\/\/www.grills-saveurs.ch\/fr\/#website","url":"https:\/\/www.grills-saveurs.ch\/fr\/","name":"Grills et Saveurs","description":"Barbecues, Grills, Planchas, Chemin\u00e9es jardin - Lausanne, Suisse Romande","potentialAction":[{"@type":"SearchAction","target":{"@type":"EntryPoint","urlTemplate":"https:\/\/www.grills-saveurs.ch\/fr\/?s={search_term_string}"},"query-input":"required name=search_term_string"}],"inLanguage":"fr-FR"},{"@type":"ImageObject","@id":"https:\/\/www.grills-saveurs.ch\/fr\/livraison-paiement\/#primaryimage","inLanguage":"fr-FR","url":"https:\/\/www.jardin-shop.ch\/media\/wysiwyg\/frais-port_1.png","contentUrl":"https:\/\/www.jardin-shop.ch\/media\/wysiwyg\/frais-port_1.png"},{"@type":"WebPage","@id":"https:\/\/www.grills-saveurs.ch\/fr\/livraison-paiement\/#webpage","url":"https:\/\/www.grills-saveurs.ch\/fr\/livraison-paiement\/","name":"Livraison & Paiement - Grills et Saveurs","isPartOf":{"@id":"https:\/\/www.grills-saveurs.ch\/fr\/#website"},"primaryImageOfPage":{"@id":"https:\/\/www.grills-saveurs.ch\/fr\/livraison-paiement\/#primaryimage"},"datePublished":"2019-03-12T16:04:02+00:00","dateModified":"2020-04-24T13:18:13+00:00","breadcrumb":{"@id":"https:\/\/www.grills-saveurs.ch\/fr\/livraison-paiement\/#breadcrumb"},"inLanguage":"fr-FR","potentialAction":[{"@type":"ReadAction","target":["https:\/\/www.grills-saveurs.ch\/fr\/livraison-paiement\/"]}]},{"@type":"BreadcrumbList","@id":"https:\/\/www.grills-saveurs.ch\/fr\/livraison-paiement\/#breadcrumb","itemListElement":[{"@type":"ListItem","position":1,"name":"Accueil","item":"https:\/\/www.grills-saveurs.ch\/fr\/"},{"@type":"ListItem","position":2,"name":"Livraison &#038; Paiement"}]}]}},"_links":{"self":[{"href":"https:\/\/www.grills-saveurs.ch\/fr\/wp-json\/wp\/v2\/pages\/2210"}],"collection":[{"href":"https:\/\/www.grills-saveurs.ch\/fr\/wp-json\/wp\/v2\/pages"}],"about":[{"href":"https:\/\/www.grills-saveurs.ch\/fr\/wp-json\/wp\/v2\/types\/page"}],"author":[{"embeddable":true,"href":"https:\/\/www.grills-saveurs.ch\/fr\/wp-json\/wp\/v2\/users\/1"}],"replies":[{"embeddable":true,"href":"https:\/\/www.grills-saveurs.ch\/fr\/wp-json\/wp\/v2\/comments?post=2210"}],"version-history":[{"count":0,"href":"https:\/\/www.grills-saveurs.ch\/fr\/wp-json\/wp\/v2\/pages\/2210\/revisions"}],"wp:attachment":[{"href":"https:\/\/www.grills-saveurs.ch\/fr\/wp-json\/wp\/v2\/media?parent=2210"}],"curies":[{"name":"wp","href":"https:\/\/api.w.org\/{rel}","templated":true}]}}