{"id":358,"date":"2015-08-12T12:27:19","date_gmt":"2015-08-12T12:27:19","guid":{"rendered":"http:\/\/savoy.nordicmade.com\/?page_id=358"},"modified":"2022-11-23T14:19:34","modified_gmt":"2022-11-23T13:19:34","slug":"specialiste-barbecue-suisse","status":"publish","type":"page","link":"https:\/\/www.grills-saveurs.ch\/fr\/specialiste-barbecue-suisse\/","title":{"rendered":"A propos de nous"},"content":{"rendered":"<p>[vc_row type=\u00a0\u00bbfull-nopad\u00a0\u00bb][vc_column]\r\n\t\t\t<div class=\"nm-banner content-full image-type-fluid has-alt-image text-color-dark subtitle-below\" style=\"\"><img src=\"https:\/\/www.grills-saveurs.ch\/fr\/wp-content\/uploads\/2019\/02\/banner-barbecue-maison.jpg\" alt=\"banner-barbecue-maison\" \/><img src=\"https:\/\/www.grills-saveurs.ch\/fr\/wp-content\/uploads\/2019\/02\/banner-barbecue-maison.jpg\" class=\"nm-banner-alt-image img\" alt=\"banner-barbecue-maison\" \/>\r\n\t\t\t\t<div class=\"nm-banner-content\">\r\n\t\t\t\t\t<div class=\"nm-banner-content-inner h_center v_center align_center\">\r\n\t\t\t\t\t\t<div class=\"nm-banner-text medium\" style=\"\">\r\n\t\t\t\t\t\t\t<div class=\"nm-banner-text-inner\"><h1 class=\"nm-banner-title\">A propos de nous<\/h1><\/div>\r\n\t\t\t\t\t\t<\/div>\r\n\t\t\t\t\t<\/div>\r\n\t\t\t\t<\/div>\r\n\t\t\t<\/div>[vc_empty_space height=\u00a0\u00bb47px\u00a0\u00bb][\/vc_column][\/vc_row][vc_row type=\u00a0\u00bbboxed\u00a0\u00bb][vc_column width=\u00a0\u00bb5\/6&Prime; offset=\u00a0\u00bbvc_col-sm-offset-1&Prime;][vc_empty_space height=\u00a0\u00bb47px\u00a0\u00bb][vc_column_text]<\/p>\n<h1>Une \u00e9quipe \u00e0 votre service<\/h1>\n<p>[\/vc_column_text][vc_empty_space height=\u00a0\u00bb47px\u00a0\u00bb][\/vc_column][\/vc_row][vc_row type=\u00a0\u00bbboxed\u00a0\u00bb][vc_column width=\u00a0\u00bb1\/4&Prime; offset=\u00a0\u00bbvc_col-sm-offset-1&Prime;][vc_column_text]<\/p>\n<h4>Notre philosophie<\/h4>\n<p>[\/vc_column_text][vc_empty_space height=\u00a0\u00bb17px\u00a0\u00bb][\/vc_column][vc_column width=\u00a0\u00bb7\/12&Prime;][vc_row_inner][vc_column_inner width=\u00a0\u00bb2\/5&Prime;][vc_single_image image=\u00a0\u00bb5127&Prime; img_size=\u00a0\u00bbfull\u00a0\u00bb style=\u00a0\u00bbvc_box_shadow\u00a0\u00bb onclick=\u00a0\u00bbcustom_link\u00a0\u00bb img_link_target=\u00a0\u00bb_blank\u00a0\u00bb link=\u00a0\u00bbhttps:\/\/www.grills-saveurs.ch\/pdf\/Brochure_Grills_Saveurs_2020_web.pdf\u00a0\u00bb][vc_empty_space height=\u00a0\u00bb17px\u00a0\u00bb][vc_single_image image=\u00a0\u00bb3280&Prime; alignment=\u00a0\u00bbcenter\u00a0\u00bb][\/vc_column_inner][vc_column_inner width=\u00a0\u00bb3\/5&Prime;][vc_column_text]Grills &amp; Saveurs est une marque du groupe Piscines-Fitness qui propose depuis plus de 45 ans des solutions pour le bien-\u00eatre et l\u2019am\u00e9nagement du jardin.<\/p>\n<h3>CR\u00c9ATEURS DE SAVEURS RECONNUS<\/h3>\n<p><a href=\"https:\/\/www.grills-saveurs.ch\/fr\/product-category\/barbecues-weber\/\">Sp\u00e9cialistes suisse des barbecues<\/a>, <a href=\"https:\/\/www.grills-saveurs.ch\/fr\/product-category\/cheminees-dexterieur-tole\/#shop\">chemin\u00e9es<\/a> et <a href=\"https:\/\/www.grills-saveurs.ch\/fr\/product-category\/cuisines-dexterieur\/\">cuisines ext\u00e9rieures<\/a>, nous avons d\u00e9velopp\u00e9 des partenariats privil\u00e9gi\u00e9s avec les cr\u00e9ateurs de saveurs les plus prestigieux. A ce titre, Grills &amp; Saveurs est partenaire Platinium Broil King, Weber World et Premium pour les planchas les cuisines d\u2019ext\u00e9rieur ENO, ainsi que pour les chemin\u00e9es d\u2019ext\u00e9rieur Tole.<\/p>\n<h3>COURS DE CUISINE CERTIFI\u00c9S WEBER<\/h3>\n<p>Participez \u00e0 un cours de barbecue certifi\u00e9 Weber ! Que vous soyez en famille, entre amis ou entre coll\u00e8gues, vous passerez un moment convivial o\u00f9 s\u2019encha\u00eenent ap\u00e9ritif, cuisson au grill et d\u00e9licieux repas. Nous pouvons \u00e9galement vous proposer sur demande des formules au choix \u00e0 diff\u00e9rents moments de la journ\u00e9e. Retrouvez toutes les dates et menus disponibles sur notre site web et notre flyer d\u00e9di\u00e9.<\/p>\n<h3>TRANQUILLIT\u00c9 ASSUR\u00c9E AVEC NOTRE SERVICE D\u2019ENTRETIEN<\/h3>\n<p>Afin de toujours vous offrir le meilleur service, nous assurons aussi le service apr\u00e8s-vente de vos \u00e9quipements achet\u00e9s chez Grills &amp; Saveurs.[\/vc_column_text][vc_empty_space height=\u00a0\u00bb17px\u00a0\u00bb][vc_empty_space height=\u00a0\u00bb17px\u00a0\u00bb]\r\n\t\t\t<div class=\"nm_btn_align_left\">\r\n\t\t\t\t<a href=\"https:\/\/www.grills-saveurs.ch\/pdf\/Brochure_Grills_Saveurs_2019_web.pdf\" class=\"nm_btn nm_btn_lg nm_btn_filled\"target=\"_blank\">\r\n\t\t\t\t\t<span class=\"nm_btn_title\">T\u00e9l\u00e9chargez notre brochure<\/span>\r\n\t\t\t\t\t<span class=\"nm_btn_bg\"><\/span>\r\n\t\t\t\t<\/a>\r\n\t\t\t<\/div>[\/vc_column_inner][\/vc_row_inner][vc_empty_space height=\u00a0\u00bb17px\u00a0\u00bb][vc_empty_space height=\u00a0\u00bb17px\u00a0\u00bb][\/vc_column][\/vc_row][vc_row][vc_column][vc_empty_space height=\u00a0\u00bb40&Prime;][vc_empty_space height=\u00a0\u00bb40&Prime;][\/vc_column][\/vc_row][vc_row type=\u00a0\u00bbboxed\u00a0\u00bb][vc_column width=\u00a0\u00bb1\/4&Prime; offset=\u00a0\u00bbvc_col-sm-offset-1&Prime; css=\u00a0\u00bb.vc_custom_1669209533793{padding-top: 15px !important;}\u00a0\u00bb][vc_column_text]<\/p>\n<h4>Nos partenaires<\/h4>\n<p>[\/vc_column_text][\/vc_column][vc_column width=\u00a0\u00bb7\/12&Prime;][vc_row_inner][vc_column_inner width=\u00a0\u00bb1\/2&Prime; css=\u00a0\u00bb.vc_custom_1669209527888{padding-top: 5px !important;}\u00a0\u00bb][vc_column_text]<\/p>\n<p style=\"text-align: center;\"><a href=\"https:\/\/www.piscines-fitness.ch\/\" target=\"_blank\" rel=\"noopener\"><img loading=\"lazy\" class=\"aligncenter wp-image-8055\" src=\"https:\/\/www.grills-saveurs.ch\/fr\/wp-content\/uploads\/2022\/11\/piscines-fitness-sa-logo.png\" alt=\"\" width=\"300\" height=\"71\" \/><\/a><\/p>\n<p>[\/vc_column_text][\/vc_column_inner][vc_column_inner width=\u00a0\u00bb1\/2&Prime;][vc_column_text]<\/p>\n<p style=\"text-align: center;\"><a href=\"https:\/\/www.ombres-lumieres.ch\/\" target=\"_blank\" rel=\"noopener\"><img loading=\"lazy\" class=\"aligncenter wp-image-8061\" src=\"https:\/\/www.grills-saveurs.ch\/fr\/wp-content\/uploads\/2022\/11\/logo-ombres-lumieres.png\" alt=\"\" width=\"300\" height=\"79\" srcset=\"https:\/\/www.grills-saveurs.ch\/fr\/wp-content\/uploads\/2022\/11\/logo-ombres-lumieres.png 531w, https:\/\/www.grills-saveurs.ch\/fr\/wp-content\/uploads\/2022\/11\/logo-ombres-lumieres-300x79.png 300w\" sizes=\"(max-width: 300px) 100vw, 300px\" \/><\/a><\/p>\n<p>[\/vc_column_text][\/vc_column_inner][\/vc_row_inner][\/vc_column][\/vc_row][vc_row][vc_column][vc_empty_space height=\u00a0\u00bb40&Prime;][vc_empty_space height=\u00a0\u00bb40&Prime;][\/vc_column][\/vc_row][vc_row type=\u00a0\u00bbboxed\u00a0\u00bb disable_element=\u00a0\u00bbyes\u00a0\u00bb css=\u00a0\u00bb.vc_custom_1552591126947{padding-bottom: 39px !important;}\u00a0\u00bb][vc_column width=\u00a0\u00bb1\/4&Prime; offset=\u00a0\u00bbvc_col-sm-offset-1&Prime;][vc_column_text]<\/p>\n<h4>Notre \u00e9quipe<\/h4>\n<p>[\/vc_column_text][vc_empty_space height=\u00a0\u00bb23px\u00a0\u00bb][\/vc_column][vc_column width=\u00a0\u00bb7\/12&Prime;]\r\n\t\t\t<ul class=\"nm-team small-block-grid-2 medium-block-grid-2 large-block-grid-3\">\r\n\t\t\t\t<li>\r\n\t\t\t\t\t<div class=\"nm-team-member\">\r\n\t\t\t\t\t\t<div class=\"nm-team-member-image default\"><img src=\"https:\/\/www.grills-saveurs.ch\/fr\/wp-content\/uploads\/2015\/08\/team-member.jpg\" alt=\"team-member\" \/>\r\n\t\t\t\t\t\t\t<div class=\"nm-team-member-overlay\"><ul class=\"nm-team-member-social-icons\"><li><a href=\"mailto:l.pellet@piscines-fitness.ch\" target=\"_blank\"><i class=\"nm-font nm-font-envelope\"><\/i><\/a><\/li><\/ul>\r\n\t\t\t\t\t\t\t<\/div>\r\n\t\t\t\t\t\t<\/div>\r\n\t\t\t\t\t\t<div class=\"nm-team-member-content\"><h2>Laurent Pellet<\/h2><h3>Fondateur & CEO<\/h3><div class=\"wpb_text_column\"><\/div>\r\n\t\t\t\t\t\t<\/div>\r\n\t\t\t\t\t<\/div>\r\n\t\t\t\t<\/li>\r\n\t\t\t\t<li>\r\n\t\t\t\t\t<div class=\"nm-team-member\">\r\n\t\t\t\t\t\t<div class=\"nm-team-member-image default\"><img src=\"https:\/\/www.grills-saveurs.ch\/fr\/wp-content\/uploads\/2015\/08\/team-member.jpg\" alt=\"team-member\" \/>\r\n\t\t\t\t\t\t\t<div class=\"nm-team-member-overlay\"><ul class=\"nm-team-member-social-icons\"><li><a href=\"mailto:r.herrera@piscines-fitness.ch\" target=\"_blank\"><i class=\"nm-font nm-font-envelope\"><\/i><\/a><\/li><\/ul>\r\n\t\t\t\t\t\t\t<\/div>\r\n\t\t\t\t\t\t<\/div>\r\n\t\t\t\t\t\t<div class=\"nm-team-member-content\"><h2>Rebecca Herrera Reina<\/h2><h3>Office manager<\/h3><div class=\"wpb_text_column\"><\/div>\r\n\t\t\t\t\t\t<\/div>\r\n\t\t\t\t\t<\/div>\r\n\t\t\t\t<\/li>\r\n\t\t\t\t<li>\r\n\t\t\t\t\t<div class=\"nm-team-member\">\r\n\t\t\t\t\t\t<div class=\"nm-team-member-image default\"><img src=\"https:\/\/www.grills-saveurs.ch\/fr\/wp-content\/uploads\/2015\/08\/team-member.jpg\" alt=\"team-member\" \/>\r\n\t\t\t\t\t\t\t<div class=\"nm-team-member-overlay\"><ul class=\"nm-team-member-social-icons\"><li><a href=\"mailto:d.prior@grills-saveurs.ch\" target=\"_blank\"><i class=\"nm-font nm-font-envelope\"><\/i><\/a><\/li><\/ul>\r\n\t\t\t\t\t\t\t<\/div>\r\n\t\t\t\t\t\t<\/div>\r\n\t\t\t\t\t\t<div class=\"nm-team-member-content\"><h2>Denis Prior<\/h2><h3>Technico commercial<\/h3><div class=\"wpb_text_column\"><\/div>\r\n\t\t\t\t\t\t<\/div>\r\n\t\t\t\t\t<\/div>\r\n\t\t\t\t<\/li>\r\n\t\t\t<\/ul>[\/vc_column][\/vc_row][vc_row][vc_column][vc_empty_space height=\u00a0\u00bb46&Prime;][\/vc_column][\/vc_row]<\/p>\n","protected":false},"excerpt":{"rendered":"<p>[vc_row type=\u00a0\u00bbfull-nopad\u00a0\u00bb][vc_column][vc_empty_space height=\u00a0\u00bb47px\u00a0\u00bb][\/vc_column][\/vc_row][vc_row type=\u00a0\u00bbboxed\u00a0\u00bb][vc_column width=\u00a0\u00bb5\/6&Prime; offset=\u00a0\u00bbvc_col-sm-offset-1&Prime;][vc_empty_space height=\u00a0\u00bb47px\u00a0\u00bb][vc_column_text] Une \u00e9quipe \u00e0 votre service [\/vc_column_text][vc_empty_space height=\u00a0\u00bb47px\u00a0\u00bb][\/vc_column][\/vc_row][vc_row type=\u00a0\u00bbboxed\u00a0\u00bb][vc_column width=\u00a0\u00bb1\/4&Prime; offset=\u00a0\u00bbvc_col-sm-offset-1&Prime;][vc_column_text] Notre philosophie [\/vc_column_text][vc_empty_space height=\u00a0\u00bb17px\u00a0\u00bb][\/vc_column][vc_column width=\u00a0\u00bb7\/12&Prime;][vc_row_inner][vc_column_inner width=\u00a0\u00bb2\/5&Prime;][vc_single_image image=\u00a0\u00bb5127&Prime; img_size=\u00a0\u00bbfull\u00a0\u00bb style=\u00a0\u00bbvc_box_shadow\u00a0\u00bb onclick=\u00a0\u00bbcustom_link\u00a0\u00bb img_link_target=\u00a0\u00bb_blank\u00a0\u00bb link=\u00a0\u00bbhttps:\/\/www.grills-saveurs.ch\/pdf\/Brochure_Grills_Saveurs_2020_web.pdf\u00a0\u00bb][vc_empty_space height=\u00a0\u00bb17px\u00a0\u00bb][vc_single_image image=\u00a0\u00bb3280&Prime; alignment=\u00a0\u00bbcenter\u00a0\u00bb][\/vc_column_inner][vc_column_inner width=\u00a0\u00bb3\/5&Prime;][vc_column_text]Grills &amp; Saveurs est une marque du groupe Piscines-Fitness qui propose depuis plus de 45 ans des solutions pour le bien-\u00eatre et l\u2019am\u00e9nagement &hellip;<\/p>\n","protected":false},"author":1,"featured_media":0,"parent":0,"menu_order":0,"comment_status":"closed","ping_status":"closed","template":"","meta":[],"yoast_head":"<!-- This site is optimized with the Yoast SEO plugin v18.2 - https:\/\/yoast.com\/wordpress\/plugins\/seo\/ -->\n<title>Sp\u00e9cialiste Barbecue, Sp\u00e9cialiste grill Suisse, Service d&#039;entretien barbecue, Revendeur Weber - Vaud, Morges, Crissier, Lausanne, Suisse Romande<\/title>\n<meta name=\"description\" content=\"D\u00e9couvrez toute notre gamme de barbecues, chemin\u00e9es d&#039;ext\u00e9rieur, brasero dans notre showroom \u00e0 c\u00f4t\u00e9 de Lausanne.\" \/>\n<meta name=\"robots\" content=\"index, follow, max-snippet:-1, max-image-preview:large, max-video-preview:-1\" \/>\n<link rel=\"canonical\" href=\"https:\/\/www.grills-saveurs.ch\/fr\/specialiste-barbecue-suisse\/\" \/>\n<meta property=\"og:locale\" content=\"fr_FR\" \/>\n<meta property=\"og:type\" content=\"article\" \/>\n<meta property=\"og:title\" content=\"Sp\u00e9cialiste Barbecue, Sp\u00e9cialiste grill Suisse, Service d&#039;entretien barbecue, Revendeur Weber - Vaud, Morges, Crissier, Lausanne, Suisse Romande\" \/>\n<meta property=\"og:description\" content=\"D\u00e9couvrez toute notre gamme de barbecues, chemin\u00e9es d&#039;ext\u00e9rieur, brasero dans notre showroom \u00e0 c\u00f4t\u00e9 de Lausanne.\" \/>\n<meta property=\"og:url\" content=\"https:\/\/www.grills-saveurs.ch\/fr\/specialiste-barbecue-suisse\/\" \/>\n<meta property=\"og:site_name\" content=\"Grills et Saveurs\" \/>\n<meta property=\"article:modified_time\" content=\"2022-11-23T13:19:34+00:00\" \/>\n<meta property=\"og:image\" content=\"https:\/\/www.grills-saveurs.ch\/fr\/wp-content\/uploads\/2022\/11\/piscines-fitness-sa-logo.png\" \/>\n<meta name=\"twitter:card\" content=\"summary_large_image\" \/>\n<meta name=\"twitter:label1\" content=\"Dur\u00e9e de lecture estim\u00e9e\" \/>\n\t<meta name=\"twitter:data1\" content=\"2 minutes\" \/>\n<script type=\"application\/ld+json\" class=\"yoast-schema-graph\">{\"@context\":\"https:\/\/schema.org\",\"@graph\":[{\"@type\":\"WebSite\",\"@id\":\"https:\/\/www.grills-saveurs.ch\/fr\/#website\",\"url\":\"https:\/\/www.grills-saveurs.ch\/fr\/\",\"name\":\"Grills et Saveurs\",\"description\":\"Barbecues, Grills, Planchas, Chemin\u00e9es jardin - Lausanne, Suisse Romande\",\"potentialAction\":[{\"@type\":\"SearchAction\",\"target\":{\"@type\":\"EntryPoint\",\"urlTemplate\":\"https:\/\/www.grills-saveurs.ch\/fr\/?s={search_term_string}\"},\"query-input\":\"required name=search_term_string\"}],\"inLanguage\":\"fr-FR\"},{\"@type\":\"ImageObject\",\"@id\":\"https:\/\/www.grills-saveurs.ch\/fr\/specialiste-barbecue-suisse\/#primaryimage\",\"inLanguage\":\"fr-FR\",\"url\":\"https:\/\/www.grills-saveurs.ch\/fr\/wp-content\/uploads\/2022\/11\/piscines-fitness-sa-logo.png\",\"contentUrl\":\"https:\/\/www.grills-saveurs.ch\/fr\/wp-content\/uploads\/2022\/11\/piscines-fitness-sa-logo.png\",\"width\":265,\"height\":63},{\"@type\":\"WebPage\",\"@id\":\"https:\/\/www.grills-saveurs.ch\/fr\/specialiste-barbecue-suisse\/#webpage\",\"url\":\"https:\/\/www.grills-saveurs.ch\/fr\/specialiste-barbecue-suisse\/\",\"name\":\"Sp\u00e9cialiste Barbecue, Sp\u00e9cialiste grill Suisse, Service d'entretien barbecue, Revendeur Weber - Vaud, Morges, Crissier, Lausanne, Suisse Romande\",\"isPartOf\":{\"@id\":\"https:\/\/www.grills-saveurs.ch\/fr\/#website\"},\"primaryImageOfPage\":{\"@id\":\"https:\/\/www.grills-saveurs.ch\/fr\/specialiste-barbecue-suisse\/#primaryimage\"},\"datePublished\":\"2015-08-12T12:27:19+00:00\",\"dateModified\":\"2022-11-23T13:19:34+00:00\",\"description\":\"D\u00e9couvrez toute notre gamme de barbecues, chemin\u00e9es d'ext\u00e9rieur, brasero dans notre showroom \u00e0 c\u00f4t\u00e9 de Lausanne.\",\"breadcrumb\":{\"@id\":\"https:\/\/www.grills-saveurs.ch\/fr\/specialiste-barbecue-suisse\/#breadcrumb\"},\"inLanguage\":\"fr-FR\",\"potentialAction\":[{\"@type\":\"ReadAction\",\"target\":[\"https:\/\/www.grills-saveurs.ch\/fr\/specialiste-barbecue-suisse\/\"]}]},{\"@type\":\"BreadcrumbList\",\"@id\":\"https:\/\/www.grills-saveurs.ch\/fr\/specialiste-barbecue-suisse\/#breadcrumb\",\"itemListElement\":[{\"@type\":\"ListItem\",\"position\":1,\"name\":\"Accueil\",\"item\":\"https:\/\/www.grills-saveurs.ch\/fr\/\"},{\"@type\":\"ListItem\",\"position\":2,\"name\":\"A propos de nous\"}]}]}<\/script>\n<!-- \/ Yoast SEO plugin. -->","yoast_head_json":{"title":"Sp\u00e9cialiste Barbecue, Sp\u00e9cialiste grill Suisse, Service d'entretien barbecue, Revendeur Weber - Vaud, Morges, Crissier, Lausanne, Suisse Romande","description":"D\u00e9couvrez toute notre gamme de barbecues, chemin\u00e9es d'ext\u00e9rieur, brasero dans notre showroom \u00e0 c\u00f4t\u00e9 de Lausanne.","robots":{"index":"index","follow":"follow","max-snippet":"max-snippet:-1","max-image-preview":"max-image-preview:large","max-video-preview":"max-video-preview:-1"},"canonical":"https:\/\/www.grills-saveurs.ch\/fr\/specialiste-barbecue-suisse\/","og_locale":"fr_FR","og_type":"article","og_title":"Sp\u00e9cialiste Barbecue, Sp\u00e9cialiste grill Suisse, Service d'entretien barbecue, Revendeur Weber - Vaud, Morges, Crissier, Lausanne, Suisse Romande","og_description":"D\u00e9couvrez toute notre gamme de barbecues, chemin\u00e9es d'ext\u00e9rieur, brasero dans notre showroom \u00e0 c\u00f4t\u00e9 de Lausanne.","og_url":"https:\/\/www.grills-saveurs.ch\/fr\/specialiste-barbecue-suisse\/","og_site_name":"Grills et Saveurs","article_modified_time":"2022-11-23T13:19:34+00:00","og_image":[{"url":"https:\/\/www.grills-saveurs.ch\/fr\/wp-content\/uploads\/2022\/11\/piscines-fitness-sa-logo.png"}],"twitter_card":"summary_large_image","twitter_misc":{"Dur\u00e9e de lecture estim\u00e9e":"2 minutes"},"schema":{"@context":"https:\/\/schema.org","@graph":[{"@type":"WebSite","@id":"https:\/\/www.grills-saveurs.ch\/fr\/#website","url":"https:\/\/www.grills-saveurs.ch\/fr\/","name":"Grills et Saveurs","description":"Barbecues, Grills, Planchas, Chemin\u00e9es jardin - Lausanne, Suisse Romande","potentialAction":[{"@type":"SearchAction","target":{"@type":"EntryPoint","urlTemplate":"https:\/\/www.grills-saveurs.ch\/fr\/?s={search_term_string}"},"query-input":"required name=search_term_string"}],"inLanguage":"fr-FR"},{"@type":"ImageObject","@id":"https:\/\/www.grills-saveurs.ch\/fr\/specialiste-barbecue-suisse\/#primaryimage","inLanguage":"fr-FR","url":"https:\/\/www.grills-saveurs.ch\/fr\/wp-content\/uploads\/2022\/11\/piscines-fitness-sa-logo.png","contentUrl":"https:\/\/www.grills-saveurs.ch\/fr\/wp-content\/uploads\/2022\/11\/piscines-fitness-sa-logo.png","width":265,"height":63},{"@type":"WebPage","@id":"https:\/\/www.grills-saveurs.ch\/fr\/specialiste-barbecue-suisse\/#webpage","url":"https:\/\/www.grills-saveurs.ch\/fr\/specialiste-barbecue-suisse\/","name":"Sp\u00e9cialiste Barbecue, Sp\u00e9cialiste grill Suisse, Service d'entretien barbecue, Revendeur Weber - Vaud, Morges, Crissier, Lausanne, Suisse Romande","isPartOf":{"@id":"https:\/\/www.grills-saveurs.ch\/fr\/#website"},"primaryImageOfPage":{"@id":"https:\/\/www.grills-saveurs.ch\/fr\/specialiste-barbecue-suisse\/#primaryimage"},"datePublished":"2015-08-12T12:27:19+00:00","dateModified":"2022-11-23T13:19:34+00:00","description":"D\u00e9couvrez toute notre gamme de barbecues, chemin\u00e9es d'ext\u00e9rieur, brasero dans notre showroom \u00e0 c\u00f4t\u00e9 de Lausanne.","breadcrumb":{"@id":"https:\/\/www.grills-saveurs.ch\/fr\/specialiste-barbecue-suisse\/#breadcrumb"},"inLanguage":"fr-FR","potentialAction":[{"@type":"ReadAction","target":["https:\/\/www.grills-saveurs.ch\/fr\/specialiste-barbecue-suisse\/"]}]},{"@type":"BreadcrumbList","@id":"https:\/\/www.grills-saveurs.ch\/fr\/specialiste-barbecue-suisse\/#breadcrumb","itemListElement":[{"@type":"ListItem","position":1,"name":"Accueil","item":"https:\/\/www.grills-saveurs.ch\/fr\/"},{"@type":"ListItem","position":2,"name":"A propos de nous"}]}]}},"_links":{"self":[{"href":"https:\/\/www.grills-saveurs.ch\/fr\/wp-json\/wp\/v2\/pages\/358"}],"collection":[{"href":"https:\/\/www.grills-saveurs.ch\/fr\/wp-json\/wp\/v2\/pages"}],"about":[{"href":"https:\/\/www.grills-saveurs.ch\/fr\/wp-json\/wp\/v2\/types\/page"}],"author":[{"embeddable":true,"href":"https:\/\/www.grills-saveurs.ch\/fr\/wp-json\/wp\/v2\/users\/1"}],"replies":[{"embeddable":true,"href":"https:\/\/www.grills-saveurs.ch\/fr\/wp-json\/wp\/v2\/comments?post=358"}],"version-history":[{"count":13,"href":"https:\/\/www.grills-saveurs.ch\/fr\/wp-json\/wp\/v2\/pages\/358\/revisions"}],"predecessor-version":[{"id":8066,"href":"https:\/\/www.grills-saveurs.ch\/fr\/wp-json\/wp\/v2\/pages\/358\/revisions\/8066"}],"wp:attachment":[{"href":"https:\/\/www.grills-saveurs.ch\/fr\/wp-json\/wp\/v2\/media?parent=358"}],"curies":[{"name":"wp","href":"https:\/\/api.w.org\/{rel}","templated":true}]}}