{"id":4954,"date":"2020-02-24T19:34:36","date_gmt":"2020-02-24T18:34:36","guid":{"rendered":"https:\/\/www.grills-saveurs.ch\/fr\/?page_id=4954"},"modified":"2020-02-24T19:44:36","modified_gmt":"2020-02-24T18:44:36","slug":"revendeur-weber-experience-world","status":"publish","type":"page","link":"https:\/\/www.grills-saveurs.ch\/fr\/revendeur-weber-experience-world\/","title":{"rendered":"Revendeur Weber Experience World"},"content":{"rendered":"<p>[vc_row type=\u00a0\u00bbfull-nopad\u00a0\u00bb][vc_column]\r\n\t\t\t<div class=\"nm-banner content-full image-type-fluid has-alt-image text-color-dark subtitle-below\" style=\"\"><img src=\"https:\/\/www.grills-saveurs.ch\/fr\/wp-content\/uploads\/2020\/02\/ban-weber-barbecues.jpg\" alt=\"ban-weber-barbecues\" \/><img src=\"https:\/\/www.grills-saveurs.ch\/fr\/wp-content\/uploads\/2019\/03\/ban-cours-barbecue-grill-1.jpg\" class=\"nm-banner-alt-image img\" alt=\"ban-cours-barbecue-grill\" \/>\r\n\t\t\t<\/div>[vc_empty_space height=\u00a0\u00bb47px\u00a0\u00bb][\/vc_column][\/vc_row][vc_row][vc_column width=\u00a0\u00bb1\/4&Prime;][\/vc_column][vc_column width=\u00a0\u00bb1\/2&Prime; css=\u00a0\u00bb.vc_custom_1551711246489{padding-top: 30px !important;padding-right: 30px !important;padding-bottom: 30px !important;padding-left: 30px !important;background-color: #f4f4f4 !important;}\u00a0\u00bb][vc_column_text]<img loading=\"lazy\" class=\"alignnone wp-image-4906 aligncenter\" src=\"https:\/\/www.grills-saveurs.ch\/fr\/wp-content\/uploads\/2020\/01\/weber-gold.png\" alt=\"\" width=\"160\" height=\"159\" srcset=\"https:\/\/www.grills-saveurs.ch\/fr\/wp-content\/uploads\/2020\/01\/weber-gold.png 200w, https:\/\/www.grills-saveurs.ch\/fr\/wp-content\/uploads\/2020\/01\/weber-gold-150x150.png 150w, https:\/\/www.grills-saveurs.ch\/fr\/wp-content\/uploads\/2020\/01\/weber-gold-100x100.png 100w\" sizes=\"(max-width: 160px) 100vw, 160px\" \/><\/p>\n<p style=\"text-align: center;\"><b>Revendeur Weber Experience World<\/b><\/p>\n<p style=\"text-align: center;\">Grills &amp; Saveurs est class\u00e9 parmi les revendeurs Weber Experience World autoris\u00e9s qui pr\u00e9sentent l&rsquo;ensemble de l&rsquo;assortiment Weber sur une <a href=\"https:\/\/www.grills-saveurs.ch\/fr\/showroom-exposition-barbecue-weber\/\">grande surface d&rsquo;exposition<\/a> mais aussi sur une <a href=\"https:\/\/www.grills-saveurs.ch\/fr\/product-category\/barbecues-weber\/barbecue-weber-smokefire\/\">boutique en ligne<\/a>.<\/p>\n<p style=\"text-align: center;\">A ce titre, nos \u00e9quipes form\u00e9es par Weber peuvent vous offrir des conseils avis\u00e9s et complets <a href=\"https:\/\/www.grills-saveurs.ch\/fr\/showroom-exposition-barbecue-weber\/\">dans notre showroom d\u00e9di\u00e9 \u00e0 la vente et aux \u00e9v\u00e9nements Weber<\/a> situ\u00e9 entre Morges et Lausanne.<\/p>\n<p style=\"text-align: center;\">En tant que client privil\u00e9gi\u00e9 chez Grills &amp; Saveurs, vous b\u00e9n\u00e9ficiez aussi du <a href=\"https:\/\/www.grills-saveurs.ch\/fr\/entretien-et-garanties\/\">service partenaire Weber<\/a> et pouvez participer \u00e0 l\u2019un des nombreux <a href=\"https:\/\/www.grills-saveurs.ch\/fr\/product-category\/cours-de-barbecue\/\">cours de barbecue<\/a> organis\u00e9s dans notre showroom.<\/p>\n<p>[\/vc_column_text][vc_empty_space height=\u00a0\u00bb47px\u00a0\u00bb]\r\n\t\t\t<div class=\"nm_btn_align_center\">\r\n\t\t\t\t<a href=\"https:\/\/www.grills-saveurs.ch\/fr\/product-category\/barbecues-weber\/\" class=\"nm_btn nm_btn_lg nm_btn_filled\">\r\n\t\t\t\t\t<span class=\"nm_btn_title\">D\u00e9couvrir nos barbecues Weber<\/span>\r\n\t\t\t\t\t<span class=\"nm_btn_bg\"><\/span>\r\n\t\t\t\t<\/a>\r\n\t\t\t<\/div>[\/vc_column][vc_column width=\u00a0\u00bb1\/4&Prime;][\/vc_column][\/vc_row]<\/p>\n","protected":false},"excerpt":{"rendered":"<p>[vc_row type=\u00a0\u00bbfull-nopad\u00a0\u00bb][vc_column][vc_empty_space height=\u00a0\u00bb47px\u00a0\u00bb][\/vc_column][\/vc_row][vc_row][vc_column width=\u00a0\u00bb1\/4&Prime;][\/vc_column][vc_column width=\u00a0\u00bb1\/2&Prime; css=\u00a0\u00bb.vc_custom_1551711246489{padding-top: 30px !important;padding-right: 30px !important;padding-bottom: 30px !important;padding-left: 30px !important;background-color: #f4f4f4 !important;}\u00a0\u00bb][vc_column_text] Revendeur Weber Experience World Grills &amp; Saveurs est class\u00e9 parmi les revendeurs Weber Experience World autoris\u00e9s qui pr\u00e9sentent l&rsquo;ensemble de l&rsquo;assortiment Weber sur une grande surface d&rsquo;exposition mais aussi sur une boutique en ligne. A ce titre, nos \u00e9quipes &hellip;<\/p>\n","protected":false},"author":1,"featured_media":0,"parent":0,"menu_order":0,"comment_status":"closed","ping_status":"closed","template":"","meta":[],"yoast_head":"<!-- This site is optimized with the Yoast SEO plugin v18.2 - https:\/\/yoast.com\/wordpress\/plugins\/seo\/ -->\n<title>Revendeur Weber Experience World - Grills et Saveurs<\/title>\n<meta name=\"robots\" content=\"index, follow, max-snippet:-1, max-image-preview:large, max-video-preview:-1\" \/>\n<link rel=\"canonical\" href=\"https:\/\/www.grills-saveurs.ch\/fr\/revendeur-weber-experience-world\/\" \/>\n<meta property=\"og:locale\" content=\"fr_FR\" \/>\n<meta property=\"og:type\" content=\"article\" \/>\n<meta property=\"og:title\" content=\"Revendeur Weber Experience World - Grills et Saveurs\" \/>\n<meta property=\"og:description\" content=\"[vc_row type=\u00a0\u00bbfull-nopad\u00a0\u00bb][vc_column][vc_empty_space height=\u00a0\u00bb47px\u00a0\u00bb][\/vc_column][\/vc_row][vc_row][vc_column width=\u00a0\u00bb1\/4&Prime;][\/vc_column][vc_column width=\u00a0\u00bb1\/2&Prime; css=\u00a0\u00bb.vc_custom_1551711246489{padding-top: 30px !important;padding-right: 30px !important;padding-bottom: 30px !important;padding-left: 30px !important;background-color: #f4f4f4 !important;}\u00a0\u00bb][vc_column_text] Revendeur Weber Experience World Grills &amp; Saveurs est class\u00e9 parmi les revendeurs Weber Experience World autoris\u00e9s qui pr\u00e9sentent l&rsquo;ensemble de l&rsquo;assortiment Weber sur une grande surface d&rsquo;exposition mais aussi sur une boutique en ligne. A ce titre, nos \u00e9quipes &hellip;\" \/>\n<meta property=\"og:url\" content=\"https:\/\/www.grills-saveurs.ch\/fr\/revendeur-weber-experience-world\/\" \/>\n<meta property=\"og:site_name\" content=\"Grills et Saveurs\" \/>\n<meta property=\"article:modified_time\" content=\"2020-02-24T18:44:36+00:00\" \/>\n<meta property=\"og:image\" content=\"https:\/\/www.grills-saveurs.ch\/fr\/wp-content\/uploads\/2020\/01\/weber-gold.png\" \/>\n<meta name=\"twitter:card\" content=\"summary_large_image\" \/>\n<meta name=\"twitter:label1\" content=\"Dur\u00e9e de lecture estim\u00e9e\" \/>\n\t<meta name=\"twitter:data1\" content=\"1 minute\" \/>\n<script type=\"application\/ld+json\" class=\"yoast-schema-graph\">{\"@context\":\"https:\/\/schema.org\",\"@graph\":[{\"@type\":\"WebSite\",\"@id\":\"https:\/\/www.grills-saveurs.ch\/fr\/#website\",\"url\":\"https:\/\/www.grills-saveurs.ch\/fr\/\",\"name\":\"Grills et Saveurs\",\"description\":\"Barbecues, Grills, Planchas, Chemin\u00e9es jardin - Lausanne, Suisse Romande\",\"potentialAction\":[{\"@type\":\"SearchAction\",\"target\":{\"@type\":\"EntryPoint\",\"urlTemplate\":\"https:\/\/www.grills-saveurs.ch\/fr\/?s={search_term_string}\"},\"query-input\":\"required name=search_term_string\"}],\"inLanguage\":\"fr-FR\"},{\"@type\":\"ImageObject\",\"@id\":\"https:\/\/www.grills-saveurs.ch\/fr\/revendeur-weber-experience-world\/#primaryimage\",\"inLanguage\":\"fr-FR\",\"url\":\"https:\/\/www.grills-saveurs.ch\/fr\/wp-content\/uploads\/2020\/01\/weber-gold.png\",\"contentUrl\":\"https:\/\/www.grills-saveurs.ch\/fr\/wp-content\/uploads\/2020\/01\/weber-gold.png\",\"width\":200,\"height\":199},{\"@type\":\"WebPage\",\"@id\":\"https:\/\/www.grills-saveurs.ch\/fr\/revendeur-weber-experience-world\/#webpage\",\"url\":\"https:\/\/www.grills-saveurs.ch\/fr\/revendeur-weber-experience-world\/\",\"name\":\"Revendeur Weber Experience World - Grills et Saveurs\",\"isPartOf\":{\"@id\":\"https:\/\/www.grills-saveurs.ch\/fr\/#website\"},\"primaryImageOfPage\":{\"@id\":\"https:\/\/www.grills-saveurs.ch\/fr\/revendeur-weber-experience-world\/#primaryimage\"},\"datePublished\":\"2020-02-24T18:34:36+00:00\",\"dateModified\":\"2020-02-24T18:44:36+00:00\",\"breadcrumb\":{\"@id\":\"https:\/\/www.grills-saveurs.ch\/fr\/revendeur-weber-experience-world\/#breadcrumb\"},\"inLanguage\":\"fr-FR\",\"potentialAction\":[{\"@type\":\"ReadAction\",\"target\":[\"https:\/\/www.grills-saveurs.ch\/fr\/revendeur-weber-experience-world\/\"]}]},{\"@type\":\"BreadcrumbList\",\"@id\":\"https:\/\/www.grills-saveurs.ch\/fr\/revendeur-weber-experience-world\/#breadcrumb\",\"itemListElement\":[{\"@type\":\"ListItem\",\"position\":1,\"name\":\"Accueil\",\"item\":\"https:\/\/www.grills-saveurs.ch\/fr\/\"},{\"@type\":\"ListItem\",\"position\":2,\"name\":\"Revendeur Weber Experience World\"}]}]}<\/script>\n<!-- \/ Yoast SEO plugin. -->","yoast_head_json":{"title":"Revendeur Weber Experience World - Grills et Saveurs","robots":{"index":"index","follow":"follow","max-snippet":"max-snippet:-1","max-image-preview":"max-image-preview:large","max-video-preview":"max-video-preview:-1"},"canonical":"https:\/\/www.grills-saveurs.ch\/fr\/revendeur-weber-experience-world\/","og_locale":"fr_FR","og_type":"article","og_title":"Revendeur Weber Experience World - Grills et Saveurs","og_description":"[vc_row type=\u00a0\u00bbfull-nopad\u00a0\u00bb][vc_column][vc_empty_space height=\u00a0\u00bb47px\u00a0\u00bb][\/vc_column][\/vc_row][vc_row][vc_column width=\u00a0\u00bb1\/4&Prime;][\/vc_column][vc_column width=\u00a0\u00bb1\/2&Prime; css=\u00a0\u00bb.vc_custom_1551711246489{padding-top: 30px !important;padding-right: 30px !important;padding-bottom: 30px !important;padding-left: 30px !important;background-color: #f4f4f4 !important;}\u00a0\u00bb][vc_column_text] Revendeur Weber Experience World Grills &amp; Saveurs est class\u00e9 parmi les revendeurs Weber Experience World autoris\u00e9s qui pr\u00e9sentent l&rsquo;ensemble de l&rsquo;assortiment Weber sur une grande surface d&rsquo;exposition mais aussi sur une boutique en ligne. A ce titre, nos \u00e9quipes &hellip;","og_url":"https:\/\/www.grills-saveurs.ch\/fr\/revendeur-weber-experience-world\/","og_site_name":"Grills et Saveurs","article_modified_time":"2020-02-24T18:44:36+00:00","og_image":[{"url":"https:\/\/www.grills-saveurs.ch\/fr\/wp-content\/uploads\/2020\/01\/weber-gold.png"}],"twitter_card":"summary_large_image","twitter_misc":{"Dur\u00e9e de lecture estim\u00e9e":"1 minute"},"schema":{"@context":"https:\/\/schema.org","@graph":[{"@type":"WebSite","@id":"https:\/\/www.grills-saveurs.ch\/fr\/#website","url":"https:\/\/www.grills-saveurs.ch\/fr\/","name":"Grills et Saveurs","description":"Barbecues, Grills, Planchas, Chemin\u00e9es jardin - Lausanne, Suisse Romande","potentialAction":[{"@type":"SearchAction","target":{"@type":"EntryPoint","urlTemplate":"https:\/\/www.grills-saveurs.ch\/fr\/?s={search_term_string}"},"query-input":"required name=search_term_string"}],"inLanguage":"fr-FR"},{"@type":"ImageObject","@id":"https:\/\/www.grills-saveurs.ch\/fr\/revendeur-weber-experience-world\/#primaryimage","inLanguage":"fr-FR","url":"https:\/\/www.grills-saveurs.ch\/fr\/wp-content\/uploads\/2020\/01\/weber-gold.png","contentUrl":"https:\/\/www.grills-saveurs.ch\/fr\/wp-content\/uploads\/2020\/01\/weber-gold.png","width":200,"height":199},{"@type":"WebPage","@id":"https:\/\/www.grills-saveurs.ch\/fr\/revendeur-weber-experience-world\/#webpage","url":"https:\/\/www.grills-saveurs.ch\/fr\/revendeur-weber-experience-world\/","name":"Revendeur Weber Experience World - Grills et Saveurs","isPartOf":{"@id":"https:\/\/www.grills-saveurs.ch\/fr\/#website"},"primaryImageOfPage":{"@id":"https:\/\/www.grills-saveurs.ch\/fr\/revendeur-weber-experience-world\/#primaryimage"},"datePublished":"2020-02-24T18:34:36+00:00","dateModified":"2020-02-24T18:44:36+00:00","breadcrumb":{"@id":"https:\/\/www.grills-saveurs.ch\/fr\/revendeur-weber-experience-world\/#breadcrumb"},"inLanguage":"fr-FR","potentialAction":[{"@type":"ReadAction","target":["https:\/\/www.grills-saveurs.ch\/fr\/revendeur-weber-experience-world\/"]}]},{"@type":"BreadcrumbList","@id":"https:\/\/www.grills-saveurs.ch\/fr\/revendeur-weber-experience-world\/#breadcrumb","itemListElement":[{"@type":"ListItem","position":1,"name":"Accueil","item":"https:\/\/www.grills-saveurs.ch\/fr\/"},{"@type":"ListItem","position":2,"name":"Revendeur Weber Experience World"}]}]}},"_links":{"self":[{"href":"https:\/\/www.grills-saveurs.ch\/fr\/wp-json\/wp\/v2\/pages\/4954"}],"collection":[{"href":"https:\/\/www.grills-saveurs.ch\/fr\/wp-json\/wp\/v2\/pages"}],"about":[{"href":"https:\/\/www.grills-saveurs.ch\/fr\/wp-json\/wp\/v2\/types\/page"}],"author":[{"embeddable":true,"href":"https:\/\/www.grills-saveurs.ch\/fr\/wp-json\/wp\/v2\/users\/1"}],"replies":[{"embeddable":true,"href":"https:\/\/www.grills-saveurs.ch\/fr\/wp-json\/wp\/v2\/comments?post=4954"}],"version-history":[{"count":0,"href":"https:\/\/www.grills-saveurs.ch\/fr\/wp-json\/wp\/v2\/pages\/4954\/revisions"}],"wp:attachment":[{"href":"https:\/\/www.grills-saveurs.ch\/fr\/wp-json\/wp\/v2\/media?parent=4954"}],"curies":[{"name":"wp","href":"https:\/\/api.w.org\/{rel}","templated":true}]}}