{"id":545,"date":"2015-08-12T14:37:01","date_gmt":"2015-08-12T14:37:01","guid":{"rendered":"http:\/\/savoy.nordicmade.com\/?page_id=376"},"modified":"2025-09-18T14:09:40","modified_gmt":"2025-09-18T12:09:40","slug":"contact-grills-et-saveurs","status":"publish","type":"page","link":"https:\/\/www.grills-saveurs.ch\/fr\/contact-grills-et-saveurs\/","title":{"rendered":"Contact"},"content":{"rendered":"<p>[vc_row type=\u00a0\u00bbfull-nopad\u00a0\u00bb][vc_column]\r\n\t\t\t<div class=\"nm-banner content-full image-type-fluid has-alt-image text-color-dark subtitle-below\" style=\"\"><img src=\"https:\/\/www.grills-saveurs.ch\/fr\/wp-content\/uploads\/2019\/02\/banner-showroom.jpg\" alt=\"banner-showroom\" \/><img src=\"https:\/\/www.grills-saveurs.ch\/fr\/wp-content\/uploads\/2019\/02\/banner-showroom.jpg\" class=\"nm-banner-alt-image img\" alt=\"banner-showroom\" \/>\r\n\t\t\t\t<div class=\"nm-banner-content\">\r\n\t\t\t\t\t<div class=\"nm-banner-content-inner h_center v_center align_center\">\r\n\t\t\t\t\t\t<div class=\"nm-banner-text medium\" style=\"\">\r\n\t\t\t\t\t\t\t<div class=\"nm-banner-text-inner\"><h1 class=\"nm-banner-title\">Contact<\/h1><\/div>\r\n\t\t\t\t\t\t<\/div>\r\n\t\t\t\t\t<\/div>\r\n\t\t\t\t<\/div>\r\n\t\t\t<\/div>[vc_empty_space height=\u00a0\u00bb60px\u00a0\u00bb][\/vc_column][\/vc_row][vc_row type=\u00a0\u00bbboxed\u00a0\u00bb disable_element=\u00a0\u00bbyes\u00a0\u00bb css=\u00a0\u00bb.vc_custom_1593373233850{padding-top: 40px !important;padding-right: 40px !important;padding-bottom: 40px !important;padding-left: 40px !important;background-color: #b7383a !important;}\u00a0\u00bb][vc_column][vc_column_text]<\/p>\n<div class=\"nm-row nm-row-full vc_row wpb_row vc_custom_1586942006564\">\n<div class=\"nm_column wpb_column vc_column_container col-sm-12\">\n<div class=\"vc_column-inner\">\n<div class=\"wpb_wrapper\">\n<div class=\"wpb_text_column wpb_content_element \">\n<div class=\"wpb_wrapper\">\n<p style=\"text-align: center;\"><span style=\"color: #ffffff;\">Suite aux directives de la conf\u00e9d\u00e9ration concernant la situation actuelle \u00ab Covid-19 \u00bb, la livraison des articles en stock, ainsi que leur retrait au magasin sont maintenus sous 24h\/48h. Le showroom est de nouveau ouvert dans le respect des gestes barri\u00e8res.<\/span><\/p>\n<\/div>\n<\/div>\n<\/div>\n<\/div>\n<\/div>\n<\/div>\n<div class=\"nm-row nm-row-boxed vc_row wpb_row \">\n<div class=\"nm_column wpb_column vc_column_container col-sm-10 col-sm-offset-1\">\n<div class=\"vc_column-inner\">\n<div class=\"wpb_wrapper\" style=\"text-align: center;\"><\/div>\n<\/div>\n<\/div>\n<\/div>\n<p>[\/vc_column_text][\/vc_column][\/vc_row][vc_row type=\u00a0\u00bbboxed\u00a0\u00bb][vc_column offset=\u00a0\u00bbvc_col-md-offset-1 vc_col-md-10&Prime; css=\u00a0\u00bb.vc_custom_1433192826304{padding-top: 47px !important;}\u00a0\u00bb][vc_column_text]<\/p>\n<h1>Notre \u00e9quipe se fera un plaisir de vous r\u00e9pondre<\/h1>\n<p>[\/vc_column_text][vc_empty_space height=\u00a0\u00bb17px\u00a0\u00bb][vc_column_text]Nous sommes partenaire Premium Pro les marques de barbecues Broil King, Weber, Bastard et Grand Hall, ainsi que pour les prestigieuses marques de plancha ENO et Le Marquier. Sp\u00e9cialistes Suisse pour les barbecues, les planchas, les chemin\u00e9es Tole et les cuisines ext\u00e9rieures, nous assurons \u00e9galement le<strong> service apr\u00e8s-vente complet des articles achet\u00e9s chez Grills &amp; Saveurs.<\/strong>[\/vc_column_text][\/vc_column][\/vc_row][vc_row type=\u00a0\u00bbboxed\u00a0\u00bb css=\u00a0\u00bb.vc_custom_1549822172687{padding-top: 48px !important;}\u00a0\u00bb][vc_column width=\u00a0\u00bb1\/3&Prime; offset=\u00a0\u00bbvc_col-md-offset-1&Prime;][vc_column_text]<\/p>\n<h4>Nous nous tenons \u00e0 disposition<\/h4>\n<p>[\/vc_column_text][vc_empty_space height=\u00a0\u00bb17px\u00a0\u00bb][\/vc_column][vc_column width=\u00a0\u00bb2\/3&Prime; offset=\u00a0\u00bbvc_col-md-6&Prime;][vc_column_text]<\/p>\n<table border=\"0\" width=\"389\">\n<tbody>\n<tr>\n<td valign=\"top\" width=\"151\" height=\"33\"><strong>Lundi<\/strong><\/td>\n<td valign=\"top\" width=\"228\">13h30 \u00e0 18h00<\/td>\n<\/tr>\n<tr>\n<td valign=\"top\" width=\"151\" height=\"33\"><strong>Mardi-Vendredi<\/strong><\/td>\n<td valign=\"top\" width=\"228\">09h \u00e0 12h &#8211; 13h30 \u00e0 18h00<\/td>\n<\/tr>\n<tr>\n<td valign=\"top\" width=\"151\" height=\"33\"><strong>Samedi<\/strong><\/td>\n<td valign=\"top\" width=\"228\">Ferm\u00e9<\/td>\n<\/tr>\n<tr>\n<td style=\"text-align: center;\" colspan=\"2\"><span style=\"color: #ffffff;\"><strong>Fermeture annuelle de fin d&rsquo;ann\u00e9e<\/strong><\/span><\/td>\n<\/tr>\n<tr>\n<td style=\"text-align: center;\" colspan=\"2\" valign=\"top\" height=\"35\"><span style=\"color: #ffffff;\"><strong>du 23.12.2024 au 10.01.2025 inclus<\/strong><\/span><\/td>\n<\/tr>\n<\/tbody>\n<\/table>\n<p style=\"text-align: center;\">Grills &amp; Saveurs<br \/>\nRoute de Romanel 13<br \/>\n1121 Bremblens<br \/>\nT. +41 21 566 16 66<br \/>\nM.\u00a0<a href=\"mailto:info@grills-saveurs.ch\">info@grills-saveurs.ch<\/a><\/p>\n<p>Venez visiter notre showroom ![\/vc_column_text][\/vc_column][\/vc_row][vc_row type=\u00a0\u00bbboxed\u00a0\u00bb css=\u00a0\u00bb.vc_custom_1550152679024{padding-top: 47px !important;padding-bottom: 54px !important;}\u00a0\u00bb el_id=\u00a0\u00bbshowroom\u00a0\u00bb][vc_column width=\u00a0\u00bb1\/3&Prime; offset=\u00a0\u00bbvc_col-md-offset-1&Prime;][vc_column_text]<\/p>\n<h4>Contactez-nous<\/h4>\n<p>[\/vc_column_text][\/vc_column][vc_column width=\u00a0\u00bb2\/3&Prime; offset=\u00a0\u00bbvc_col-md-6&Prime;]<div role=\"form\" class=\"wpcf7\" id=\"wpcf7-f5-o1\" lang=\"en-US\" dir=\"ltr\">\n<div class=\"screen-reader-response\"><p role=\"status\" aria-live=\"polite\" aria-atomic=\"true\"><\/p> <ul><\/ul><\/div>\n<form action=\"\/fr\/wp-json\/wp\/v2\/pages\/545#wpcf7-f5-o1\" method=\"post\" class=\"wpcf7-form init\" novalidate=\"novalidate\" data-status=\"init\">\n<div style=\"display: none;\">\n<input type=\"hidden\" name=\"_wpcf7\" value=\"5\" \/>\n<input type=\"hidden\" name=\"_wpcf7_version\" value=\"5.5.6\" \/>\n<input type=\"hidden\" name=\"_wpcf7_locale\" value=\"en_US\" \/>\n<input type=\"hidden\" name=\"_wpcf7_unit_tag\" value=\"wpcf7-f5-o1\" \/>\n<input type=\"hidden\" name=\"_wpcf7_container_post\" value=\"0\" \/>\n<input type=\"hidden\" name=\"_wpcf7_posted_data_hash\" value=\"\" \/>\n<input type=\"hidden\" name=\"_wpcf7_recaptcha_response\" value=\"\" \/>\n<\/div>\n<p class=\"half\"><span class=\"wpcf7-form-control-wrap your-name\"><input type=\"text\" name=\"your-name\" value=\"\" size=\"40\" class=\"wpcf7-form-control wpcf7-text wpcf7-validates-as-required\" aria-required=\"true\" aria-invalid=\"false\" placeholder=\"Votre nom *\" \/><\/span><\/p>\n<p class=\"half\"><span class=\"wpcf7-form-control-wrap your-email\"><input type=\"email\" name=\"your-email\" value=\"\" size=\"40\" class=\"wpcf7-form-control wpcf7-text wpcf7-email wpcf7-validates-as-required wpcf7-validates-as-email\" aria-required=\"true\" aria-invalid=\"false\" placeholder=\"Votre e-mail*\" \/><\/span><\/p>\n<p><span class=\"wpcf7-form-control-wrap your-message\"><textarea name=\"your-message\" cols=\"40\" rows=\"10\" class=\"wpcf7-form-control wpcf7-textarea\" aria-invalid=\"false\" placeholder=\"Message\"><\/textarea><\/span><\/p>\n<p><input type=\"submit\" value=\"Envoyer\" class=\"wpcf7-form-control has-spinner wpcf7-submit\" \/><\/p>\n<div class=\"wpcf7-response-output\" aria-hidden=\"true\"><\/div><\/form><\/div>[\/vc_column][\/vc_row][vc_row el_id=\u00a0\u00bbshowroom\u00a0\u00bb][vc_column css=\u00a0\u00bb.vc_custom_1433192840435{padding-top: 44px !important;}\u00a0\u00bb][vc_empty_space height=\u00a0\u00bb23px\u00a0\u00bb][vc_column_text]<iframe loading=\"lazy\" style=\"border: 0; width: 100%;\" src=\"https:\/\/www.google.com\/maps\/embed?pb=!1m14!1m8!1m3!1d5487.800299001465!2d6.511767!3d46.549662!3m2!1i1024!2i768!4f13.1!3m3!1m2!1s0x0%3A0x3f620928e2e2350a!2sGrills+%26+Saveurs+-+Barbecue+Weber%2C+Chemin%C3%A9e+ext%C3%A9rieure%2C+Cuisine+mobile!5e0!3m2!1sfr!2sch!4v1549817491579\" width=\"100%\" height=\"450\" frameborder=\"0\" allowfullscreen=\"allowfullscreen\"><\/iframe>[\/vc_column_text][vc_empty_space height=\u00a0\u00bb23px\u00a0\u00bb][\/vc_column][\/vc_row]<\/p>\n","protected":false},"excerpt":{"rendered":"<p>[vc_row type=\u00a0\u00bbfull-nopad\u00a0\u00bb][vc_column][vc_empty_space height=\u00a0\u00bb60px\u00a0\u00bb][\/vc_column][\/vc_row][vc_row type=\u00a0\u00bbboxed\u00a0\u00bb disable_element=\u00a0\u00bbyes\u00a0\u00bb css=\u00a0\u00bb.vc_custom_1593373233850{padding-top: 40px !important;padding-right: 40px !important;padding-bottom: 40px !important;padding-left: 40px !important;background-color: #b7383a !important;}\u00a0\u00bb][vc_column][vc_column_text] Suite aux directives de la conf\u00e9d\u00e9ration concernant la situation actuelle \u00ab Covid-19 \u00bb, la livraison des articles en stock, ainsi que leur retrait au magasin sont maintenus sous 24h\/48h. Le showroom est de nouveau ouvert dans le respect des &hellip;<\/p>\n","protected":false},"author":1,"featured_media":0,"parent":0,"menu_order":0,"comment_status":"closed","ping_status":"closed","template":"","meta":[],"yoast_head":"<!-- This site is optimized with the Yoast SEO plugin v18.2 - https:\/\/yoast.com\/wordpress\/plugins\/seo\/ -->\n<title>Contact - Vente et entretien barbecue Weber<\/title>\n<meta name=\"description\" content=\"Nous sommes partenaires World Experience Weber, et premium pour les prestigieuses marques Tole et Indu. Sp\u00e9cialistes Suisse pour les barbecues, les chemin\u00e9es et cuisines ext\u00e9rieures, nous assurons \u00e9galement l\u2019entretien complet et le service apr\u00e8s-vente.\" \/>\n<meta name=\"robots\" content=\"index, follow, max-snippet:-1, max-image-preview:large, max-video-preview:-1\" \/>\n<link rel=\"canonical\" href=\"https:\/\/www.grills-saveurs.ch\/fr\/contact-grills-et-saveurs\/\" \/>\n<meta property=\"og:locale\" content=\"fr_FR\" \/>\n<meta property=\"og:type\" content=\"article\" \/>\n<meta property=\"og:title\" content=\"Contact - Vente et entretien barbecue Weber\" \/>\n<meta property=\"og:description\" content=\"Nous sommes partenaires World Experience Weber, et premium pour les prestigieuses marques Tole et Indu. Sp\u00e9cialistes Suisse pour les barbecues, les chemin\u00e9es et cuisines ext\u00e9rieures, nous assurons \u00e9galement l\u2019entretien complet et le service apr\u00e8s-vente.\" \/>\n<meta property=\"og:url\" content=\"https:\/\/www.grills-saveurs.ch\/fr\/contact-grills-et-saveurs\/\" \/>\n<meta property=\"og:site_name\" content=\"Grills et Saveurs\" \/>\n<meta property=\"article:modified_time\" content=\"2025-09-18T12:09:40+00:00\" \/>\n<meta name=\"twitter:card\" content=\"summary_large_image\" \/>\n<meta name=\"twitter:label1\" content=\"Dur\u00e9e de lecture estim\u00e9e\" \/>\n\t<meta name=\"twitter:data1\" content=\"2 minutes\" \/>\n<script type=\"application\/ld+json\" class=\"yoast-schema-graph\">{\"@context\":\"https:\/\/schema.org\",\"@graph\":[{\"@type\":\"WebSite\",\"@id\":\"https:\/\/www.grills-saveurs.ch\/fr\/#website\",\"url\":\"https:\/\/www.grills-saveurs.ch\/fr\/\",\"name\":\"Grills et Saveurs\",\"description\":\"Barbecues, Grills, Planchas, Chemin\u00e9es jardin - Lausanne, Suisse Romande\",\"potentialAction\":[{\"@type\":\"SearchAction\",\"target\":{\"@type\":\"EntryPoint\",\"urlTemplate\":\"https:\/\/www.grills-saveurs.ch\/fr\/?s={search_term_string}\"},\"query-input\":\"required name=search_term_string\"}],\"inLanguage\":\"fr-FR\"},{\"@type\":\"WebPage\",\"@id\":\"https:\/\/www.grills-saveurs.ch\/fr\/contact-grills-et-saveurs\/#webpage\",\"url\":\"https:\/\/www.grills-saveurs.ch\/fr\/contact-grills-et-saveurs\/\",\"name\":\"Contact - Vente et entretien barbecue Weber\",\"isPartOf\":{\"@id\":\"https:\/\/www.grills-saveurs.ch\/fr\/#website\"},\"datePublished\":\"2015-08-12T14:37:01+00:00\",\"dateModified\":\"2025-09-18T12:09:40+00:00\",\"description\":\"Nous sommes partenaires World Experience Weber, et premium pour les prestigieuses marques Tole et Indu. Sp\u00e9cialistes Suisse pour les barbecues, les chemin\u00e9es et cuisines ext\u00e9rieures, nous assurons \u00e9galement l\u2019entretien complet et le service apr\u00e8s-vente.\",\"breadcrumb\":{\"@id\":\"https:\/\/www.grills-saveurs.ch\/fr\/contact-grills-et-saveurs\/#breadcrumb\"},\"inLanguage\":\"fr-FR\",\"potentialAction\":[{\"@type\":\"ReadAction\",\"target\":[\"https:\/\/www.grills-saveurs.ch\/fr\/contact-grills-et-saveurs\/\"]}]},{\"@type\":\"BreadcrumbList\",\"@id\":\"https:\/\/www.grills-saveurs.ch\/fr\/contact-grills-et-saveurs\/#breadcrumb\",\"itemListElement\":[{\"@type\":\"ListItem\",\"position\":1,\"name\":\"Accueil\",\"item\":\"https:\/\/www.grills-saveurs.ch\/fr\/\"},{\"@type\":\"ListItem\",\"position\":2,\"name\":\"Contact\"}]}]}<\/script>\n<!-- \/ Yoast SEO plugin. -->","yoast_head_json":{"title":"Contact - Vente et entretien barbecue Weber","description":"Nous sommes partenaires World Experience Weber, et premium pour les prestigieuses marques Tole et Indu. Sp\u00e9cialistes Suisse pour les barbecues, les chemin\u00e9es et cuisines ext\u00e9rieures, nous assurons \u00e9galement l\u2019entretien complet et le service apr\u00e8s-vente.","robots":{"index":"index","follow":"follow","max-snippet":"max-snippet:-1","max-image-preview":"max-image-preview:large","max-video-preview":"max-video-preview:-1"},"canonical":"https:\/\/www.grills-saveurs.ch\/fr\/contact-grills-et-saveurs\/","og_locale":"fr_FR","og_type":"article","og_title":"Contact - Vente et entretien barbecue Weber","og_description":"Nous sommes partenaires World Experience Weber, et premium pour les prestigieuses marques Tole et Indu. Sp\u00e9cialistes Suisse pour les barbecues, les chemin\u00e9es et cuisines ext\u00e9rieures, nous assurons \u00e9galement l\u2019entretien complet et le service apr\u00e8s-vente.","og_url":"https:\/\/www.grills-saveurs.ch\/fr\/contact-grills-et-saveurs\/","og_site_name":"Grills et Saveurs","article_modified_time":"2025-09-18T12:09:40+00:00","twitter_card":"summary_large_image","twitter_misc":{"Dur\u00e9e de lecture estim\u00e9e":"2 minutes"},"schema":{"@context":"https:\/\/schema.org","@graph":[{"@type":"WebSite","@id":"https:\/\/www.grills-saveurs.ch\/fr\/#website","url":"https:\/\/www.grills-saveurs.ch\/fr\/","name":"Grills et Saveurs","description":"Barbecues, Grills, Planchas, Chemin\u00e9es jardin - Lausanne, Suisse Romande","potentialAction":[{"@type":"SearchAction","target":{"@type":"EntryPoint","urlTemplate":"https:\/\/www.grills-saveurs.ch\/fr\/?s={search_term_string}"},"query-input":"required name=search_term_string"}],"inLanguage":"fr-FR"},{"@type":"WebPage","@id":"https:\/\/www.grills-saveurs.ch\/fr\/contact-grills-et-saveurs\/#webpage","url":"https:\/\/www.grills-saveurs.ch\/fr\/contact-grills-et-saveurs\/","name":"Contact - Vente et entretien barbecue Weber","isPartOf":{"@id":"https:\/\/www.grills-saveurs.ch\/fr\/#website"},"datePublished":"2015-08-12T14:37:01+00:00","dateModified":"2025-09-18T12:09:40+00:00","description":"Nous sommes partenaires World Experience Weber, et premium pour les prestigieuses marques Tole et Indu. Sp\u00e9cialistes Suisse pour les barbecues, les chemin\u00e9es et cuisines ext\u00e9rieures, nous assurons \u00e9galement l\u2019entretien complet et le service apr\u00e8s-vente.","breadcrumb":{"@id":"https:\/\/www.grills-saveurs.ch\/fr\/contact-grills-et-saveurs\/#breadcrumb"},"inLanguage":"fr-FR","potentialAction":[{"@type":"ReadAction","target":["https:\/\/www.grills-saveurs.ch\/fr\/contact-grills-et-saveurs\/"]}]},{"@type":"BreadcrumbList","@id":"https:\/\/www.grills-saveurs.ch\/fr\/contact-grills-et-saveurs\/#breadcrumb","itemListElement":[{"@type":"ListItem","position":1,"name":"Accueil","item":"https:\/\/www.grills-saveurs.ch\/fr\/"},{"@type":"ListItem","position":2,"name":"Contact"}]}]}},"_links":{"self":[{"href":"https:\/\/www.grills-saveurs.ch\/fr\/wp-json\/wp\/v2\/pages\/545"}],"collection":[{"href":"https:\/\/www.grills-saveurs.ch\/fr\/wp-json\/wp\/v2\/pages"}],"about":[{"href":"https:\/\/www.grills-saveurs.ch\/fr\/wp-json\/wp\/v2\/types\/page"}],"author":[{"embeddable":true,"href":"https:\/\/www.grills-saveurs.ch\/fr\/wp-json\/wp\/v2\/users\/1"}],"replies":[{"embeddable":true,"href":"https:\/\/www.grills-saveurs.ch\/fr\/wp-json\/wp\/v2\/comments?post=545"}],"version-history":[{"count":17,"href":"https:\/\/www.grills-saveurs.ch\/fr\/wp-json\/wp\/v2\/pages\/545\/revisions"}],"predecessor-version":[{"id":9795,"href":"https:\/\/www.grills-saveurs.ch\/fr\/wp-json\/wp\/v2\/pages\/545\/revisions\/9795"}],"wp:attachment":[{"href":"https:\/\/www.grills-saveurs.ch\/fr\/wp-json\/wp\/v2\/media?parent=545"}],"curies":[{"name":"wp","href":"https:\/\/api.w.org\/{rel}","templated":true}]}}