{"id":757,"date":"2015-08-11T16:02:41","date_gmt":"2015-08-11T16:02:41","guid":{"rendered":"http:\/\/savoy.nordicmade.com\/?page_id=11"},"modified":"2024-04-29T16:15:24","modified_gmt":"2024-04-29T14:15:24","slug":"home","status":"publish","type":"page","link":"https:\/\/www.grills-saveurs.ch\/fr\/","title":{"rendered":"Home"},"content":{"rendered":"<p>[vc_row type=\u00a0\u00bbfull-nopad\u00a0\u00bb max_width=\u00a0\u00bb3500&Prime; disable_element=\u00a0\u00bbyes\u00a0\u00bb css=\u00a0\u00bb.vc_custom_1714138188131{padding-right: 0px !important;padding-left: 0px !important;}\u00a0\u00bb][vc_column css=\u00a0\u00bb.vc_custom_1549805600491{padding-right: 0px !important;padding-left: 0px !important;}\u00a0\u00bb]<div class=\"nm-banner-slider plugin-slick pagination-color-gray slick-slider slick-dots-inside has-pagination pagination-mobile-outside pagination-left\" data-arrows=\"true\" data-dots=\"true\" data-fade=\"true\" data-speed=\"1000\" data-autoplay=\"true\" data-autoplay-speed=\"4000\" data-infinite=\"true\">\r\n\t\t\t<div class=\"nm-banner content-full image-type-fluid has-alt-image text-color-light subtitle-below\" style=\"\"><img src=\"https:\/\/www.grills-saveurs.ch\/fr\/wp-content\/uploads\/2021\/02\/Banniere-cuisine-Broil-King.png\" alt=\"Banniere-cuisine-Broil-King\" \/><img src=\"https:\/\/www.grills-saveurs.ch\/fr\/wp-content\/uploads\/2021\/02\/Banniere-cuisine-Broil-King.png\" class=\"nm-banner-alt-image img\" alt=\"Banniere-cuisine-Broil-King\" \/>\r\n\t\t\t\t<div class=\"nm-banner-content\">\r\n\t\t\t\t\t<div class=\"nm-banner-content-inner h_left v_center align_left\">\r\n\t\t\t\t\t\t<div class=\"nm-banner-text medium\" style=\"max-width:37%;\">\r\n\t\t\t\t\t\t\t<div class=\"nm-banner-text-inner nm-animated\" data-animate=\"fadeIn\"><h1 class=\"nm-banner-title\">D\u00e9couvrez la gamme de cuisines d'ext\u00e9rieur Built-in de Broil King<\/h1><a href=\"https:\/\/www.grills-saveurs.ch\/fr\/product-category\/cuisines-broil-king\/\" class=\"nm-banner-link nm-banner-shop-link type-txt\">D\u00e9couvrir<\/a><\/div>\r\n\t\t\t\t\t\t<\/div>\r\n\t\t\t\t\t<\/div>\r\n\t\t\t\t<\/div>\r\n\t\t\t<\/div>\r\n\t\t\t<div class=\"nm-banner content-full image-type-fluid has-alt-image text-color-light subtitle-below\" style=\"\"><img src=\"https:\/\/www.grills-saveurs.ch\/fr\/wp-content\/uploads\/2021\/02\/banniere-grill-weber-summit.png\" alt=\"banniere-grill-weber-summit\" \/><img src=\"https:\/\/www.grills-saveurs.ch\/fr\/wp-content\/uploads\/2021\/02\/banniere-grill-weber-summit.png\" class=\"nm-banner-alt-image img\" alt=\"banniere-grill-weber-summit\" \/>\r\n\t\t\t\t<div class=\"nm-banner-content\">\r\n\t\t\t\t\t<div class=\"nm-banner-content-inner h_left v_center align_left\">\r\n\t\t\t\t\t\t<div class=\"nm-banner-text medium\" style=\"max-width:37%;\">\r\n\t\t\t\t\t\t\t<div class=\"nm-banner-text-inner nm-animated\" data-animate=\"fadeIn\"><h1 class=\"nm-banner-title\">Barbecue \u00e0 gaz Weber : Succombez \u00e0 la Rolls Royce des barbecues<\/h1><a href=\"https:\/\/www.grills-saveurs.ch\/fr\/product-category\/barbecues-weber\/barbecues-a-gaz\/\" class=\"nm-banner-link nm-banner-shop-link type-txt\">D\u00e9couvrir<\/a><\/div>\r\n\t\t\t\t\t\t<\/div>\r\n\t\t\t\t\t<\/div>\r\n\t\t\t\t<\/div>\r\n\t\t\t<\/div><\/div>[\/vc_column][\/vc_row][vc_row type=\u00a0\u00bbfull-nopad\u00a0\u00bb max_width=\u00a0\u00bb3500&Prime; css=\u00a0\u00bb.vc_custom_1550181332102{padding-right: 0px !important;padding-left: 0px !important;}\u00a0\u00bb][vc_column css=\u00a0\u00bb.vc_custom_1549805600491{padding-right: 0px !important;padding-left: 0px !important;}\u00a0\u00bb]<div class=\"nm-banner-slider plugin-slick pagination-color-gray slick-slider slick-dots-inside has-pagination pagination-mobile-outside pagination-left\" data-arrows=\"true\" data-dots=\"true\" data-fade=\"true\" data-speed=\"1000\" data-autoplay=\"true\" data-autoplay-speed=\"4000\" data-infinite=\"true\">\r\n\t\t\t<div class=\"nm-banner content-full image-type-fluid has-alt-image text-color-light subtitle-below\" style=\"\"><img src=\"https:\/\/www.grills-saveurs.ch\/fr\/wp-content\/uploads\/2021\/02\/banniere-grill-weber-summit.png\" alt=\"banniere-grill-weber-summit\" \/><img src=\"https:\/\/www.grills-saveurs.ch\/fr\/wp-content\/uploads\/2021\/02\/banniere-grill-weber-summit.png\" class=\"nm-banner-alt-image img\" alt=\"banniere-grill-weber-summit\" \/>\r\n\t\t\t\t<div class=\"nm-banner-content\">\r\n\t\t\t\t\t<div class=\"nm-banner-content-inner h_left v_center align_left\">\r\n\t\t\t\t\t\t<div class=\"nm-banner-text medium\" style=\"max-width:37%;\">\r\n\t\t\t\t\t\t\t<div class=\"nm-banner-text-inner nm-animated\" data-animate=\"fadeIn\"><h1 class=\"nm-banner-title\">Barbecue \u00e0 gaz Weber : Succombez \u00e0 la Rolls Royce des barbecues<\/h1><a href=\"https:\/\/www.grills-saveurs.ch\/fr\/product-category\/barbecues-weber\/barbecues-a-gaz\/\" class=\"nm-banner-link nm-banner-shop-link type-txt\">D\u00e9couvrir<\/a><\/div>\r\n\t\t\t\t\t\t<\/div>\r\n\t\t\t\t\t<\/div>\r\n\t\t\t\t<\/div>\r\n\t\t\t<\/div><\/div>[\/vc_column][\/vc_row][vc_row type=\u00a0\u00bbboxed\u00a0\u00bb max_width=\u00a0\u00bb800&Prime;][vc_column][vc_empty_space height=\u00a0\u00bb72px\u00a0\u00bb][vc_column_text]<\/p>\n<h4 style=\"text-align: center;\">Envie du barbecue parfait pour profiter de d\u00e9licieux moments de convivialit\u00e9 ?<\/h4>\n<h4 style=\"text-align: center;\">Grills &amp; Saveurs met \u00e0 votre service son exp\u00e9rience de plus de 45 ans en Suisse Romande et ses marques prestigieuses pour vos grillades.<\/h4>\n<p>[\/vc_column_text][vc_empty_space height=\u00a0\u00bb72px\u00a0\u00bb][\/vc_column][\/vc_row][vc_row css=\u00a0\u00bb.vc_custom_1552569423705{padding-bottom: 50px !important;}\u00a0\u00bb][vc_column width=\u00a0\u00bb1\/5&Prime;][vc_row_inner][vc_column_inner][\/vc_column_inner][\/vc_row_inner][\/vc_column][vc_column width=\u00a0\u00bb1\/5&Prime;][\/vc_column][vc_column width=\u00a0\u00bb1\/5&Prime;][vc_single_image image=\u00a0\u00bb9669&Prime; img_size=\u00a0\u00bbfull\u00a0\u00bb alignment=\u00a0\u00bbcenter\u00a0\u00bb onclick=\u00a0\u00bbcustom_link\u00a0\u00bb img_link_target=\u00a0\u00bb_blank\u00a0\u00bb][vc_empty_space height=\u00a0\u00bb11px\u00a0\u00bb][vc_single_image image=\u00a0\u00bb9668&Prime; img_size=\u00a0\u00bbfull\u00a0\u00bb alignment=\u00a0\u00bbcenter\u00a0\u00bb onclick=\u00a0\u00bbcustom_link\u00a0\u00bb img_link_target=\u00a0\u00bb_blank\u00a0\u00bb][vc_empty_space height=\u00a0\u00bb11px\u00a0\u00bb][\/vc_column][vc_column width=\u00a0\u00bb1\/5&Prime;][\/vc_column][vc_column width=\u00a0\u00bb1\/5&Prime;][\/vc_column][vc_column][\/vc_column][\/vc_row][vc_row css=\u00a0\u00bb.vc_custom_1552569423705{padding-bottom: 50px !important;}\u00a0\u00bb][vc_column width=\u00a0\u00bb1\/5&Prime;][vc_row_inner][vc_column_inner][vc_single_image image=\u00a0\u00bb6653&Prime; img_size=\u00a0\u00bbfull\u00a0\u00bb alignment=\u00a0\u00bbcenter\u00a0\u00bb onclick=\u00a0\u00bbcustom_link\u00a0\u00bb img_link_target=\u00a0\u00bb_blank\u00a0\u00bb link=\u00a0\u00bbhttps:\/\/www.grills-saveurs.ch\/fr\/product-category\/barbecues-weber\/\u00a0\u00bb][vc_empty_space height=\u00a0\u00bb11px\u00a0\u00bb][vc_single_image image=\u00a0\u00bb6655&Prime; img_size=\u00a0\u00bbfull\u00a0\u00bb alignment=\u00a0\u00bbcenter\u00a0\u00bb onclick=\u00a0\u00bbcustom_link\u00a0\u00bb img_link_target=\u00a0\u00bb_blank\u00a0\u00bb link=\u00a0\u00bbhttps:\/\/www.grills-saveurs.ch\/fr\/product-category\/barbecues-weber\/accessoires-weber\/\u00a0\u00bb][vc_empty_space height=\u00a0\u00bb11px\u00a0\u00bb][\/vc_column_inner][\/vc_row_inner][\/vc_column][vc_column width=\u00a0\u00bb1\/5&Prime;][vc_single_image image=\u00a0\u00bb6664&Prime; img_size=\u00a0\u00bbfull\u00a0\u00bb alignment=\u00a0\u00bbcenter\u00a0\u00bb onclick=\u00a0\u00bbcustom_link\u00a0\u00bb img_link_target=\u00a0\u00bb_blank\u00a0\u00bb link=\u00a0\u00bbhttps:\/\/www.grills-saveurs.ch\/fr\/product-category\/barbecues-broil-king\/\u00a0\u00bb][vc_empty_space height=\u00a0\u00bb11px\u00a0\u00bb][vc_single_image image=\u00a0\u00bb6666&Prime; img_size=\u00a0\u00bbfull\u00a0\u00bb alignment=\u00a0\u00bbcenter\u00a0\u00bb onclick=\u00a0\u00bbcustom_link\u00a0\u00bb img_link_target=\u00a0\u00bb_blank\u00a0\u00bb link=\u00a0\u00bbhttps:\/\/www.grills-saveurs.ch\/fr\/product-category\/barbecues-broil-king\/accessoires-broil-king\/\u00a0\u00bb][vc_empty_space height=\u00a0\u00bb11px\u00a0\u00bb][\/vc_column][vc_column width=\u00a0\u00bb1\/5&Prime;][vc_single_image image=\u00a0\u00bb7702&Prime; img_size=\u00a0\u00bbfull\u00a0\u00bb alignment=\u00a0\u00bbcenter\u00a0\u00bb onclick=\u00a0\u00bbcustom_link\u00a0\u00bb img_link_target=\u00a0\u00bb_blank\u00a0\u00bb link=\u00a0\u00bbhttps:\/\/www.grills-saveurs.ch\/fr\/product-category\/barbecues-bastard\/barbecues-a-charbon\/\u00a0\u00bb][vc_empty_space height=\u00a0\u00bb11px\u00a0\u00bb][vc_single_image image=\u00a0\u00bb6688&Prime; img_size=\u00a0\u00bbfull\u00a0\u00bb alignment=\u00a0\u00bbcenter\u00a0\u00bb onclick=\u00a0\u00bbcustom_link\u00a0\u00bb img_link_target=\u00a0\u00bb_blank\u00a0\u00bb link=\u00a0\u00bbhttps:\/\/www.grills-saveurs.ch\/fr\/product-category\/planchas-eno\/accessoires-planchas\/\u00a0\u00bb][vc_empty_space height=\u00a0\u00bb11px\u00a0\u00bb][\/vc_column][vc_column width=\u00a0\u00bb1\/5&Prime;][vc_single_image image=\u00a0\u00bb6676&Prime; img_size=\u00a0\u00bbfull\u00a0\u00bb alignment=\u00a0\u00bbcenter\u00a0\u00bb onclick=\u00a0\u00bbcustom_link\u00a0\u00bb img_link_target=\u00a0\u00bb_blank\u00a0\u00bb link=\u00a0\u00bbhttps:\/\/www.grills-saveurs.ch\/fr\/product-category\/cuisines-broil-king\/\u00a0\u00bb][vc_empty_space height=\u00a0\u00bb11px\u00a0\u00bb][vc_single_image image=\u00a0\u00bb6678&Prime; img_size=\u00a0\u00bbfull\u00a0\u00bb alignment=\u00a0\u00bbcenter\u00a0\u00bb onclick=\u00a0\u00bbcustom_link\u00a0\u00bb img_link_target=\u00a0\u00bb_blank\u00a0\u00bb link=\u00a0\u00bbhttps:\/\/www.grills-saveurs.ch\/fr\/product-category\/cuisines-dexterieur\/cuisines-eno\/\u00a0\u00bb][\/vc_column][vc_column width=\u00a0\u00bb1\/5&Prime;][vc_single_image image=\u00a0\u00bb6682&Prime; img_size=\u00a0\u00bbfull\u00a0\u00bb alignment=\u00a0\u00bbcenter\u00a0\u00bb onclick=\u00a0\u00bbcustom_link\u00a0\u00bb img_link_target=\u00a0\u00bb_blank\u00a0\u00bb link=\u00a0\u00bbhttps:\/\/www.grills-saveurs.ch\/fr\/product-category\/cuisines-dexterieur\/cheminees-d-exterieur\/cheminees-dexterieur-tole\/\u00a0\u00bb][vc_empty_space height=\u00a0\u00bb11px\u00a0\u00bb][vc_single_image image=\u00a0\u00bb6686&Prime; img_size=\u00a0\u00bbfull\u00a0\u00bb alignment=\u00a0\u00bbcenter\u00a0\u00bb onclick=\u00a0\u00bbcustom_link\u00a0\u00bb img_link_target=\u00a0\u00bb_blank\u00a0\u00bb link=\u00a0\u00bbhttps:\/\/www.grills-saveurs.ch\/fr\/product-category\/planchas-eno\/\u00a0\u00bb][\/vc_column][vc_column][\/vc_column][\/vc_row][vc_row][vc_column][vc_empty_space height=\u00a0\u00bb42px\u00a0\u00bb][vc_column_text]<\/p>\n<h2 style=\"text-align: center;\"><strong>Un service Premium pour votre barbecue<\/strong><br \/>\n<strong>Exclusivement\u00a0<\/strong><strong>chez Grills &amp; Saveurs<\/strong><\/h2>\n<p>[\/vc_column_text][vc_empty_space height=\u00a0\u00bb23px\u00a0\u00bb][vc_single_image image=\u00a0\u00bb2181&Prime; img_size=\u00a0\u00bbfull\u00a0\u00bb alignment=\u00a0\u00bbcenter\u00a0\u00bb onclick=\u00a0\u00bbcustom_link\u00a0\u00bb link=\u00a0\u00bbhttps:\/\/www.grills-saveurs.ch\/fr\/entretien-et-garanties\/\u00a0\u00bb][vc_empty_space height=\u00a0\u00bb45px\u00a0\u00bb][\/vc_column][\/vc_row]<\/p>\n","protected":false},"excerpt":{"rendered":"<p>[vc_row type=\u00a0\u00bbfull-nopad\u00a0\u00bb max_width=\u00a0\u00bb3500&Prime; disable_element=\u00a0\u00bbyes\u00a0\u00bb css=\u00a0\u00bb.vc_custom_1714138188131{padding-right: 0px !important;padding-left: 0px !important;}\u00a0\u00bb][vc_column css=\u00a0\u00bb.vc_custom_1549805600491{padding-right: 0px !important;padding-left: 0px !important;}\u00a0\u00bb][\/vc_column][\/vc_row][vc_row type=\u00a0\u00bbfull-nopad\u00a0\u00bb max_width=\u00a0\u00bb3500&Prime; css=\u00a0\u00bb.vc_custom_1550181332102{padding-right: 0px !important;padding-left: 0px !important;}\u00a0\u00bb][vc_column css=\u00a0\u00bb.vc_custom_1549805600491{padding-right: 0px !important;padding-left: 0px !important;}\u00a0\u00bb][\/vc_column][\/vc_row][vc_row type=\u00a0\u00bbboxed\u00a0\u00bb max_width=\u00a0\u00bb800&Prime;][vc_column][vc_empty_space height=\u00a0\u00bb72px\u00a0\u00bb][vc_column_text] Envie du barbecue parfait pour profiter de d\u00e9licieux moments de convivialit\u00e9 ? Grills &amp; Saveurs met \u00e0 votre service son exp\u00e9rience de plus de 45 ans &hellip;<\/p>\n","protected":false},"author":1,"featured_media":0,"parent":379,"menu_order":0,"comment_status":"closed","ping_status":"closed","template":"","meta":[],"yoast_head":"<!-- This site is optimized with the Yoast SEO plugin v18.2 - https:\/\/yoast.com\/wordpress\/plugins\/seo\/ -->\n<title>Vente grills Weber, Broil King, Eno, charbon, \u00e9lectrique, gaz, planchas<\/title>\n<meta name=\"description\" content=\"Envie du barbecue parfait pour profiter de moments de convivialit\u00e9 ? D\u00e9couvrez notre boutique en ligne de cuisines d&#039;\u00e9t\u00e9. Livraison partout en Suisse.\" \/>\n<meta name=\"robots\" content=\"index, follow, max-snippet:-1, max-image-preview:large, max-video-preview:-1\" \/>\n<link rel=\"canonical\" href=\"https:\/\/www.grills-saveurs.ch\/fr\/\" \/>\n<meta property=\"og:locale\" content=\"fr_FR\" \/>\n<meta property=\"og:type\" content=\"article\" \/>\n<meta property=\"og:title\" content=\"Vente grills Weber, Broil King, Eno, charbon, \u00e9lectrique, gaz, planchas\" \/>\n<meta property=\"og:description\" content=\"Envie du barbecue parfait pour profiter de moments de convivialit\u00e9 ? D\u00e9couvrez notre boutique en ligne de cuisines d&#039;\u00e9t\u00e9. Livraison partout en Suisse.\" \/>\n<meta property=\"og:url\" content=\"https:\/\/www.grills-saveurs.ch\/fr\/\" \/>\n<meta property=\"og:site_name\" content=\"Grills et Saveurs\" \/>\n<meta property=\"article:modified_time\" content=\"2024-04-29T14:15:24+00:00\" \/>\n<meta name=\"twitter:card\" content=\"summary_large_image\" \/>\n<meta name=\"twitter:label1\" content=\"Dur\u00e9e de lecture estim\u00e9e\" \/>\n\t<meta name=\"twitter:data1\" content=\"2 minutes\" \/>\n<script type=\"application\/ld+json\" class=\"yoast-schema-graph\">{\"@context\":\"https:\/\/schema.org\",\"@graph\":[{\"@type\":\"WebSite\",\"@id\":\"https:\/\/www.grills-saveurs.ch\/fr\/#website\",\"url\":\"https:\/\/www.grills-saveurs.ch\/fr\/\",\"name\":\"Grills et Saveurs\",\"description\":\"Barbecues, Grills, Planchas, Chemin\u00e9es jardin - Lausanne, Suisse Romande\",\"potentialAction\":[{\"@type\":\"SearchAction\",\"target\":{\"@type\":\"EntryPoint\",\"urlTemplate\":\"https:\/\/www.grills-saveurs.ch\/fr\/?s={search_term_string}\"},\"query-input\":\"required name=search_term_string\"}],\"inLanguage\":\"fr-FR\"},{\"@type\":\"WebPage\",\"@id\":\"https:\/\/www.grills-saveurs.ch\/fr\/#webpage\",\"url\":\"https:\/\/www.grills-saveurs.ch\/fr\/\",\"name\":\"Vente grills Weber, Broil King, Eno, charbon, \u00e9lectrique, gaz, planchas\",\"isPartOf\":{\"@id\":\"https:\/\/www.grills-saveurs.ch\/fr\/#website\"},\"datePublished\":\"2015-08-11T16:02:41+00:00\",\"dateModified\":\"2024-04-29T14:15:24+00:00\",\"description\":\"Envie du barbecue parfait pour profiter de moments de convivialit\u00e9 ? D\u00e9couvrez notre boutique en ligne de cuisines d'\u00e9t\u00e9. Livraison partout en Suisse.\",\"breadcrumb\":{\"@id\":\"https:\/\/www.grills-saveurs.ch\/fr\/#breadcrumb\"},\"inLanguage\":\"fr-FR\",\"potentialAction\":[{\"@type\":\"ReadAction\",\"target\":[\"https:\/\/www.grills-saveurs.ch\/fr\/\"]}]},{\"@type\":\"BreadcrumbList\",\"@id\":\"https:\/\/www.grills-saveurs.ch\/fr\/#breadcrumb\",\"itemListElement\":[{\"@type\":\"ListItem\",\"position\":1,\"name\":\"Accueil\",\"item\":\"https:\/\/www.grills-saveurs.ch\/fr\/\"},{\"@type\":\"ListItem\",\"position\":2,\"name\":\"FAQ\",\"item\":\"https:\/\/www.grills-saveurs.ch\/fr\/faq\/\"},{\"@type\":\"ListItem\",\"position\":3,\"name\":\"Home\"}]}]}<\/script>\n<!-- \/ Yoast SEO plugin. -->","yoast_head_json":{"title":"Vente grills Weber, Broil King, Eno, charbon, \u00e9lectrique, gaz, planchas","description":"Envie du barbecue parfait pour profiter de moments de convivialit\u00e9 ? D\u00e9couvrez notre boutique en ligne de cuisines d'\u00e9t\u00e9. Livraison partout en Suisse.","robots":{"index":"index","follow":"follow","max-snippet":"max-snippet:-1","max-image-preview":"max-image-preview:large","max-video-preview":"max-video-preview:-1"},"canonical":"https:\/\/www.grills-saveurs.ch\/fr\/","og_locale":"fr_FR","og_type":"article","og_title":"Vente grills Weber, Broil King, Eno, charbon, \u00e9lectrique, gaz, planchas","og_description":"Envie du barbecue parfait pour profiter de moments de convivialit\u00e9 ? D\u00e9couvrez notre boutique en ligne de cuisines d'\u00e9t\u00e9. Livraison partout en Suisse.","og_url":"https:\/\/www.grills-saveurs.ch\/fr\/","og_site_name":"Grills et Saveurs","article_modified_time":"2024-04-29T14:15:24+00:00","twitter_card":"summary_large_image","twitter_misc":{"Dur\u00e9e de lecture estim\u00e9e":"2 minutes"},"schema":{"@context":"https:\/\/schema.org","@graph":[{"@type":"WebSite","@id":"https:\/\/www.grills-saveurs.ch\/fr\/#website","url":"https:\/\/www.grills-saveurs.ch\/fr\/","name":"Grills et Saveurs","description":"Barbecues, Grills, Planchas, Chemin\u00e9es jardin - Lausanne, Suisse Romande","potentialAction":[{"@type":"SearchAction","target":{"@type":"EntryPoint","urlTemplate":"https:\/\/www.grills-saveurs.ch\/fr\/?s={search_term_string}"},"query-input":"required name=search_term_string"}],"inLanguage":"fr-FR"},{"@type":"WebPage","@id":"https:\/\/www.grills-saveurs.ch\/fr\/#webpage","url":"https:\/\/www.grills-saveurs.ch\/fr\/","name":"Vente grills Weber, Broil King, Eno, charbon, \u00e9lectrique, gaz, planchas","isPartOf":{"@id":"https:\/\/www.grills-saveurs.ch\/fr\/#website"},"datePublished":"2015-08-11T16:02:41+00:00","dateModified":"2024-04-29T14:15:24+00:00","description":"Envie du barbecue parfait pour profiter de moments de convivialit\u00e9 ? D\u00e9couvrez notre boutique en ligne de cuisines d'\u00e9t\u00e9. Livraison partout en Suisse.","breadcrumb":{"@id":"https:\/\/www.grills-saveurs.ch\/fr\/#breadcrumb"},"inLanguage":"fr-FR","potentialAction":[{"@type":"ReadAction","target":["https:\/\/www.grills-saveurs.ch\/fr\/"]}]},{"@type":"BreadcrumbList","@id":"https:\/\/www.grills-saveurs.ch\/fr\/#breadcrumb","itemListElement":[{"@type":"ListItem","position":1,"name":"Accueil","item":"https:\/\/www.grills-saveurs.ch\/fr\/"},{"@type":"ListItem","position":2,"name":"FAQ","item":"https:\/\/www.grills-saveurs.ch\/fr\/faq\/"},{"@type":"ListItem","position":3,"name":"Home"}]}]}},"_links":{"self":[{"href":"https:\/\/www.grills-saveurs.ch\/fr\/wp-json\/wp\/v2\/pages\/757"}],"collection":[{"href":"https:\/\/www.grills-saveurs.ch\/fr\/wp-json\/wp\/v2\/pages"}],"about":[{"href":"https:\/\/www.grills-saveurs.ch\/fr\/wp-json\/wp\/v2\/types\/page"}],"author":[{"embeddable":true,"href":"https:\/\/www.grills-saveurs.ch\/fr\/wp-json\/wp\/v2\/users\/1"}],"replies":[{"embeddable":true,"href":"https:\/\/www.grills-saveurs.ch\/fr\/wp-json\/wp\/v2\/comments?post=757"}],"version-history":[{"count":33,"href":"https:\/\/www.grills-saveurs.ch\/fr\/wp-json\/wp\/v2\/pages\/757\/revisions"}],"predecessor-version":[{"id":9672,"href":"https:\/\/www.grills-saveurs.ch\/fr\/wp-json\/wp\/v2\/pages\/757\/revisions\/9672"}],"up":[{"embeddable":true,"href":"https:\/\/www.grills-saveurs.ch\/fr\/wp-json\/wp\/v2\/pages\/379"}],"wp:attachment":[{"href":"https:\/\/www.grills-saveurs.ch\/fr\/wp-json\/wp\/v2\/media?parent=757"}],"curies":[{"name":"wp","href":"https:\/\/api.w.org\/{rel}","templated":true}]}}