{"id":9713,"date":"2024-11-08T12:25:47","date_gmt":"2024-11-08T11:25:47","guid":{"rendered":"https:\/\/www.grills-saveurs.ch\/fr\/?page_id=9713"},"modified":"2025-03-22T19:26:38","modified_gmt":"2025-03-22T18:26:38","slug":"promotions-bremblens","status":"publish","type":"page","link":"https:\/\/www.grills-saveurs.ch\/fr\/promotions-bremblens\/","title":{"rendered":"Promotions de printemps"},"content":{"rendered":"<p>[vc_row][vc_column width=\u00a0\u00bb1\/4&Prime;][\/vc_column][vc_column width=\u00a0\u00bb1\/2&Prime; css=\u00a0\u00bb.vc_custom_1714037304325{padding-top: 30px !important;padding-right: 30px !important;padding-bottom: 30px !important;padding-left: 30px !important;}\u00a0\u00bb][vc_column_text]<img loading=\"lazy\" class=\"aligncenter size-full wp-image-9727\" src=\"https:\/\/www.grills-saveurs.ch\/fr\/wp-content\/uploads\/2024\/11\/Page_1-1.png\" alt=\"\" width=\"1068\" height=\"449\" srcset=\"https:\/\/www.grills-saveurs.ch\/fr\/wp-content\/uploads\/2024\/11\/Page_1-1.png 1068w, https:\/\/www.grills-saveurs.ch\/fr\/wp-content\/uploads\/2024\/11\/Page_1-1-300x126.png 300w, https:\/\/www.grills-saveurs.ch\/fr\/wp-content\/uploads\/2024\/11\/Page_1-1-1024x431.png 1024w, https:\/\/www.grills-saveurs.ch\/fr\/wp-content\/uploads\/2024\/11\/Page_1-1-768x323.png 768w, https:\/\/www.grills-saveurs.ch\/fr\/wp-content\/uploads\/2024\/11\/Page_1-1-680x286.png 680w\" sizes=\"(max-width: 1068px) 100vw, 1068px\" \/>[\/vc_column_text][vc_empty_space][vc_column_text]<\/p>\n<p style=\"text-align: center;\"><span style=\"color: #000000;\"><strong>Liquidation du stock en magasin avant travaux au Showroom : 50% de rabais sur tout*.<\/strong><\/span><br \/>\n<span style=\"color: #000000;\"><strong>Uniquement \u00e0 la boutique de\u00a0<span class=\"\">Bremblens<\/span>. Dans la limite des stocks disponibles.\u00a0<\/strong><\/span><\/p>\n<p>&nbsp;<\/p>\n<p style=\"text-align: center;\"><strong><span style=\"color: #000000;\">Grills &amp; Saveurs<\/span><\/strong><br \/>\n<span style=\"color: #000000;\">Route de Romanel 13<\/span><br \/>\n<span style=\"color: #000000;\">1121 Bremblens<\/span><br \/>\n<span style=\"color: #000000;\">T. +41 21 566 16 66<\/span><br \/>\n<span style=\"color: #000000;\">M.\u00a0<a style=\"color: #000000;\" href=\"mailto:info@grills-saveurs.ch\">info@grills-saveurs.ch<\/a><\/span><\/p>\n<p style=\"text-align: center;\"><span style=\"color: #000000;\">Lu : 13h30 \u00e0 18h00<\/span><br \/>\n<span style=\"color: #000000;\">Ma-Ve : 09h \u00e0 12h \u2013 13h30 \u00e0 18h00<\/span><br \/>\n<span style=\"color: #000000;\">Samedi : Ferm\u00e9<\/span><\/p>\n<p>[\/vc_column_text][vc_empty_space][\/vc_column][vc_column width=\u00a0\u00bb1\/4&Prime;][\/vc_column][\/vc_row][vc_row][vc_column][vc_column_text]<iframe loading=\"lazy\" style=\"border: 0; width: 100%;\" src=\"https:\/\/www.google.com\/maps\/embed?pb=!1m14!1m8!1m3!1d5487.800299001465!2d6.511767!3d46.549662!3m2!1i1024!2i768!4f13.1!3m3!1m2!1s0x0%3A0x3f620928e2e2350a!2sGrills+%26+Saveurs+-+Barbecue+Weber%2C+Chemin%C3%A9e+ext%C3%A9rieure%2C+Cuisine+mobile!5e0!3m2!1sfr!2sch!4v1549817491579\" width=\"100%\" height=\"450\" frameborder=\"0\" allowfullscreen=\"allowfullscreen\"><\/iframe>[\/vc_column_text][\/vc_column][\/vc_row][vc_row disable_element=\u00a0\u00bbyes\u00a0\u00bb][vc_column width=\u00a0\u00bb1\/4&Prime;][\/vc_column][vc_column width=\u00a0\u00bb1\/2&Prime; css=\u00a0\u00bb.vc_custom_1551711246489{padding-top: 30px !important;padding-right: 30px !important;padding-bottom: 30px !important;padding-left: 30px !important;background-color: #f4f4f4 !important;}\u00a0\u00bb][vc_empty_space height=\u00a0\u00bb47px\u00a0\u00bb][vc_column_text]<\/p>\n<blockquote>\n<p class=\"font_8\"><span style=\"font-size: 28px;\">LES COURS DE BBQ, C&rsquo;EST FUN<\/span><\/p>\n<\/blockquote>\n<p>Vous passez un bon moment \u00e0 d\u00e9couvrir de\u00a0<a href=\"https:\/\/www.grills-saveurs.ch\/cours-barbecue-weber-nos-formules.php\">nouvelles id\u00e9es de recettes pour votre barbecue<\/a>. Des mets raffin\u00e9s, d\u00e9licieux et originaux.[\/vc_column_text][vc_empty_space height=\u00a0\u00bb47px\u00a0\u00bb][vc_column_text]<\/p>\n<h2 id=\"design\">\u00c7A \u00c9PATE VOS AMIS<\/h2>\n<p>Vous apprendrez tous les secrets d&rsquo;un bon barbecue&#8230; et il y en a beaucoup. Que ce soit au gaz, au charbon ou \u00e9lectrique de l&rsquo;ap\u00e9ritif au dessert. De quoi \u00e9pater la galerie ![\/vc_column_text][vc_empty_space height=\u00a0\u00bb47px\u00a0\u00bb][vc_column_text]<\/p>\n<h2>C&rsquo;EST SURPRENANT<\/h2>\n<p>Saviez-vous qu&rsquo;on peut cuisiner des gaufres au barbecue ? Vous allez \u00eatre surpris de voir toutes les possibilit\u00e9s en dehors des traditionnelles chipolatas !<br \/>\n<a href=\"https:\/\/www.grills-saveurs.ch\/cours-barbecue-weber-gouter-enfants.php\">Du go\u00fbter pour les enfants<\/a>\u00a0au\u00a0<a href=\"https:\/\/www.grills-saveurs.ch\/cours-barbecue-weber-formule-decouverte.php\">repas complet au barbecue<\/a>[\/vc_column_text][vc_empty_space height=\u00a0\u00bb47px\u00a0\u00bb][vc_column_text]<\/p>\n<h2 id=\"design\">C&rsquo;EST AUSSI DES SOIREES D&rsquo;ENTREPRISE<\/h2>\n<p>Alors \u00e7a c&rsquo;est une id\u00e9e originale entre coll\u00e8gues ! C&rsquo;est fun, on se marre bien et en plus c&rsquo;est bon ! Nous vous pr\u00e9parons une\u00a0<a href=\"https:\/\/www.grills-saveurs.ch\/cours-barbecue-soiree-groupe-sur-mesure.php\">formule sur mesure pour votre entreprise<\/a>.[\/vc_column_text][vc_empty_space height=\u00a0\u00bb47px\u00a0\u00bb]\r\n\t\t\t<div class=\"nm_btn_align_center\">\r\n\t\t\t\t<a href=\"https:\/\/www.grills-saveurs.ch\/fr\/product-category\/cours-de-barbecue\/\" class=\"nm_btn nm_btn_lg nm_btn_filled\">\r\n\t\t\t\t\t<span class=\"nm_btn_title\">D\u00e9couvrir nos cours de barbecue<\/span>\r\n\t\t\t\t\t<span class=\"nm_btn_bg\"><\/span>\r\n\t\t\t\t<\/a>\r\n\t\t\t<\/div>[\/vc_column][vc_column width=\u00a0\u00bb1\/4&Prime;][\/vc_column][\/vc_row]<\/p>\n","protected":false},"excerpt":{"rendered":"<p>[vc_row][vc_column width=\u00a0\u00bb1\/4&Prime;][\/vc_column][vc_column width=\u00a0\u00bb1\/2&Prime; css=\u00a0\u00bb.vc_custom_1714037304325{padding-top: 30px !important;padding-right: 30px !important;padding-bottom: 30px !important;padding-left: 30px !important;}\u00a0\u00bb][vc_column_text][\/vc_column_text][vc_empty_space][vc_column_text] Liquidation du stock en magasin avant travaux au Showroom : 50% de rabais sur tout*. Uniquement \u00e0 la boutique de\u00a0Bremblens. Dans la limite des stocks disponibles.\u00a0 &nbsp; Grills &amp; Saveurs Route de Romanel 13 1121 Bremblens T. +41 21 566 16 66 M.\u00a0info@grills-saveurs.ch &hellip;<\/p>\n","protected":false},"author":1,"featured_media":0,"parent":0,"menu_order":0,"comment_status":"closed","ping_status":"closed","template":"","meta":[],"yoast_head":"<!-- This site is optimized with the Yoast SEO plugin v18.2 - https:\/\/yoast.com\/wordpress\/plugins\/seo\/ -->\n<title>Promotions : 50 % sur les barbecues et accessoires<\/title>\n<meta name=\"robots\" content=\"index, follow, max-snippet:-1, max-image-preview:large, max-video-preview:-1\" \/>\n<link rel=\"canonical\" href=\"https:\/\/www.grills-saveurs.ch\/fr\/promotions-bremblens\/\" \/>\n<meta property=\"og:locale\" content=\"fr_FR\" \/>\n<meta property=\"og:type\" content=\"article\" \/>\n<meta property=\"og:title\" content=\"Promotions : 50 % sur les barbecues et accessoires\" \/>\n<meta property=\"og:description\" content=\"[vc_row][vc_column width=\u00a0\u00bb1\/4&Prime;][\/vc_column][vc_column width=\u00a0\u00bb1\/2&Prime; css=\u00a0\u00bb.vc_custom_1714037304325{padding-top: 30px !important;padding-right: 30px !important;padding-bottom: 30px !important;padding-left: 30px !important;}\u00a0\u00bb][vc_column_text][\/vc_column_text][vc_empty_space][vc_column_text] Liquidation du stock en magasin avant travaux au Showroom : 50% de rabais sur tout*. Uniquement \u00e0 la boutique de\u00a0Bremblens. Dans la limite des stocks disponibles.\u00a0 &nbsp; Grills &amp; Saveurs Route de Romanel 13 1121 Bremblens T. +41 21 566 16 66 M.\u00a0info@grills-saveurs.ch &hellip;\" \/>\n<meta property=\"og:url\" content=\"https:\/\/www.grills-saveurs.ch\/fr\/promotions-bremblens\/\" \/>\n<meta property=\"og:site_name\" content=\"Grills et Saveurs\" \/>\n<meta property=\"article:modified_time\" content=\"2025-03-22T18:26:38+00:00\" \/>\n<meta property=\"og:image\" content=\"https:\/\/www.grills-saveurs.ch\/fr\/wp-content\/uploads\/2024\/11\/Page_1-1.png\" \/>\n<meta name=\"twitter:card\" content=\"summary_large_image\" \/>\n<meta name=\"twitter:label1\" content=\"Dur\u00e9e de lecture estim\u00e9e\" \/>\n\t<meta name=\"twitter:data1\" content=\"2 minutes\" \/>\n<script type=\"application\/ld+json\" class=\"yoast-schema-graph\">{\"@context\":\"https:\/\/schema.org\",\"@graph\":[{\"@type\":\"WebSite\",\"@id\":\"https:\/\/www.grills-saveurs.ch\/fr\/#website\",\"url\":\"https:\/\/www.grills-saveurs.ch\/fr\/\",\"name\":\"Grills et Saveurs\",\"description\":\"Barbecues, Grills, Planchas, Chemin\u00e9es jardin - Lausanne, Suisse Romande\",\"potentialAction\":[{\"@type\":\"SearchAction\",\"target\":{\"@type\":\"EntryPoint\",\"urlTemplate\":\"https:\/\/www.grills-saveurs.ch\/fr\/?s={search_term_string}\"},\"query-input\":\"required name=search_term_string\"}],\"inLanguage\":\"fr-FR\"},{\"@type\":\"ImageObject\",\"@id\":\"https:\/\/www.grills-saveurs.ch\/fr\/promotions-bremblens\/#primaryimage\",\"inLanguage\":\"fr-FR\",\"url\":\"https:\/\/www.grills-saveurs.ch\/fr\/wp-content\/uploads\/2024\/11\/Page_1-1.png\",\"contentUrl\":\"https:\/\/www.grills-saveurs.ch\/fr\/wp-content\/uploads\/2024\/11\/Page_1-1.png\",\"width\":1068,\"height\":449},{\"@type\":\"WebPage\",\"@id\":\"https:\/\/www.grills-saveurs.ch\/fr\/promotions-bremblens\/#webpage\",\"url\":\"https:\/\/www.grills-saveurs.ch\/fr\/promotions-bremblens\/\",\"name\":\"Promotions : 50 % sur les barbecues et accessoires\",\"isPartOf\":{\"@id\":\"https:\/\/www.grills-saveurs.ch\/fr\/#website\"},\"primaryImageOfPage\":{\"@id\":\"https:\/\/www.grills-saveurs.ch\/fr\/promotions-bremblens\/#primaryimage\"},\"datePublished\":\"2024-11-08T11:25:47+00:00\",\"dateModified\":\"2025-03-22T18:26:38+00:00\",\"breadcrumb\":{\"@id\":\"https:\/\/www.grills-saveurs.ch\/fr\/promotions-bremblens\/#breadcrumb\"},\"inLanguage\":\"fr-FR\",\"potentialAction\":[{\"@type\":\"ReadAction\",\"target\":[\"https:\/\/www.grills-saveurs.ch\/fr\/promotions-bremblens\/\"]}]},{\"@type\":\"BreadcrumbList\",\"@id\":\"https:\/\/www.grills-saveurs.ch\/fr\/promotions-bremblens\/#breadcrumb\",\"itemListElement\":[{\"@type\":\"ListItem\",\"position\":1,\"name\":\"Accueil\",\"item\":\"https:\/\/www.grills-saveurs.ch\/fr\/\"},{\"@type\":\"ListItem\",\"position\":2,\"name\":\"Promotions de printemps\"}]}]}<\/script>\n<!-- \/ Yoast SEO plugin. -->","yoast_head_json":{"title":"Promotions : 50 % sur les barbecues et accessoires","robots":{"index":"index","follow":"follow","max-snippet":"max-snippet:-1","max-image-preview":"max-image-preview:large","max-video-preview":"max-video-preview:-1"},"canonical":"https:\/\/www.grills-saveurs.ch\/fr\/promotions-bremblens\/","og_locale":"fr_FR","og_type":"article","og_title":"Promotions : 50 % sur les barbecues et accessoires","og_description":"[vc_row][vc_column width=\u00a0\u00bb1\/4&Prime;][\/vc_column][vc_column width=\u00a0\u00bb1\/2&Prime; css=\u00a0\u00bb.vc_custom_1714037304325{padding-top: 30px !important;padding-right: 30px !important;padding-bottom: 30px !important;padding-left: 30px !important;}\u00a0\u00bb][vc_column_text][\/vc_column_text][vc_empty_space][vc_column_text] Liquidation du stock en magasin avant travaux au Showroom : 50% de rabais sur tout*. Uniquement \u00e0 la boutique de\u00a0Bremblens. Dans la limite des stocks disponibles.\u00a0 &nbsp; Grills &amp; Saveurs Route de Romanel 13 1121 Bremblens T. +41 21 566 16 66 M.\u00a0info@grills-saveurs.ch &hellip;","og_url":"https:\/\/www.grills-saveurs.ch\/fr\/promotions-bremblens\/","og_site_name":"Grills et Saveurs","article_modified_time":"2025-03-22T18:26:38+00:00","og_image":[{"url":"https:\/\/www.grills-saveurs.ch\/fr\/wp-content\/uploads\/2024\/11\/Page_1-1.png"}],"twitter_card":"summary_large_image","twitter_misc":{"Dur\u00e9e de lecture estim\u00e9e":"2 minutes"},"schema":{"@context":"https:\/\/schema.org","@graph":[{"@type":"WebSite","@id":"https:\/\/www.grills-saveurs.ch\/fr\/#website","url":"https:\/\/www.grills-saveurs.ch\/fr\/","name":"Grills et Saveurs","description":"Barbecues, Grills, Planchas, Chemin\u00e9es jardin - Lausanne, Suisse Romande","potentialAction":[{"@type":"SearchAction","target":{"@type":"EntryPoint","urlTemplate":"https:\/\/www.grills-saveurs.ch\/fr\/?s={search_term_string}"},"query-input":"required name=search_term_string"}],"inLanguage":"fr-FR"},{"@type":"ImageObject","@id":"https:\/\/www.grills-saveurs.ch\/fr\/promotions-bremblens\/#primaryimage","inLanguage":"fr-FR","url":"https:\/\/www.grills-saveurs.ch\/fr\/wp-content\/uploads\/2024\/11\/Page_1-1.png","contentUrl":"https:\/\/www.grills-saveurs.ch\/fr\/wp-content\/uploads\/2024\/11\/Page_1-1.png","width":1068,"height":449},{"@type":"WebPage","@id":"https:\/\/www.grills-saveurs.ch\/fr\/promotions-bremblens\/#webpage","url":"https:\/\/www.grills-saveurs.ch\/fr\/promotions-bremblens\/","name":"Promotions : 50 % sur les barbecues et accessoires","isPartOf":{"@id":"https:\/\/www.grills-saveurs.ch\/fr\/#website"},"primaryImageOfPage":{"@id":"https:\/\/www.grills-saveurs.ch\/fr\/promotions-bremblens\/#primaryimage"},"datePublished":"2024-11-08T11:25:47+00:00","dateModified":"2025-03-22T18:26:38+00:00","breadcrumb":{"@id":"https:\/\/www.grills-saveurs.ch\/fr\/promotions-bremblens\/#breadcrumb"},"inLanguage":"fr-FR","potentialAction":[{"@type":"ReadAction","target":["https:\/\/www.grills-saveurs.ch\/fr\/promotions-bremblens\/"]}]},{"@type":"BreadcrumbList","@id":"https:\/\/www.grills-saveurs.ch\/fr\/promotions-bremblens\/#breadcrumb","itemListElement":[{"@type":"ListItem","position":1,"name":"Accueil","item":"https:\/\/www.grills-saveurs.ch\/fr\/"},{"@type":"ListItem","position":2,"name":"Promotions de printemps"}]}]}},"_links":{"self":[{"href":"https:\/\/www.grills-saveurs.ch\/fr\/wp-json\/wp\/v2\/pages\/9713"}],"collection":[{"href":"https:\/\/www.grills-saveurs.ch\/fr\/wp-json\/wp\/v2\/pages"}],"about":[{"href":"https:\/\/www.grills-saveurs.ch\/fr\/wp-json\/wp\/v2\/types\/page"}],"author":[{"embeddable":true,"href":"https:\/\/www.grills-saveurs.ch\/fr\/wp-json\/wp\/v2\/users\/1"}],"replies":[{"embeddable":true,"href":"https:\/\/www.grills-saveurs.ch\/fr\/wp-json\/wp\/v2\/comments?post=9713"}],"version-history":[{"count":13,"href":"https:\/\/www.grills-saveurs.ch\/fr\/wp-json\/wp\/v2\/pages\/9713\/revisions"}],"predecessor-version":[{"id":9764,"href":"https:\/\/www.grills-saveurs.ch\/fr\/wp-json\/wp\/v2\/pages\/9713\/revisions\/9764"}],"wp:attachment":[{"href":"https:\/\/www.grills-saveurs.ch\/fr\/wp-json\/wp\/v2\/media?parent=9713"}],"curies":[{"name":"wp","href":"https:\/\/api.w.org\/{rel}","templated":true}]}}