{"id":1593,"date":"2019-03-07T09:00:08","date_gmt":"2019-03-07T08:00:08","guid":{"rendered":"https:\/\/www.grills-saveurs.ch\/fr\/produit\/performer-deluxe-gbs-57cm-black\/"},"modified":"2024-05-18T12:08:37","modified_gmt":"2024-05-18T10:08:37","slug":"performer-deluxe-gbs-57cm-black","status":"publish","type":"product","link":"https:\/\/www.grills-saveurs.ch\/fr\/produit\/performer-deluxe-gbs-57cm-black\/","title":{"rendered":"Barbecue \u00e0 charbon &#8211; Performer Deluxe GBS \u00d8 57 cm"},"content":{"rendered":"<p>Allumez la flamme et utilisez vos ustensiles sur la nouvelle g\u00e9n\u00e9ration de barbecue \u00e0 charbon. Sur simple pression d\u2019un bouton, le charbon devient ardent et les aliments se mettent \u00e0 gr\u00e9siller. Il ne vous reste plus qu\u2019\u00e0 vous asseoir et \u00e0 observer votre barbecue \u00e0 charbon Performer Deluxe GBS en action.<\/p>\n<p><strong>CARACT\u00c9RISTIQUES<\/strong><\/p>\n<ul>\n<li>Syst\u00e8me d\u2019allumage au gaz Touch-N-Go<\/li>\n<li>Grille de cuisson articul\u00e9e en acier chrom\u00e9 Gourmet BBQ System<\/li>\n<li>Grille foy\u00e8re en acier<\/li>\n<li>Foyer et couvercle en acier \u00e9maill\u00e9<\/li>\n<li>Thermom\u00e8tre int\u00e9gr\u00e9 au couvercle<\/li>\n<li>Plan de travail rabattable en m\u00e9tal peint<\/li>\n<li>Chariot ouvert<\/li>\n<li>Chariot en acier<\/li>\n<li>\u00c9tag\u00e8re m\u00e9tallique inf\u00e9rieure<\/li>\n<li>Poign\u00e9e de couvercle avec protection contre la chaleur<\/li>\n<li>Porte-couvercle Tuck-Away<\/li>\n<li>Cendrier haute capacit\u00e9, amovible, en aluminium<\/li>\n<li>Syst\u00e8me de nettoyage One-Touch en acier inoxydable<\/li>\n<li>Bol doseur de briquettes<\/li>\n<li>Minuteur de cuisson LCD r\u00e9tro\u00e9clair\u00e9 amovible<\/li>\n<li>Bac de stockage charbon r\u00e9sistant aux intemp\u00e9ries<\/li>\n<\/ul>\n<p><strong>D\u00c9TAILS<\/strong><\/p>\n<ul>\n<li>Dimensions &#8211; couvercle ferm\u00e9 : 110.5 cm H x 121.9 cm L x 76.2 cm P<\/li>\n<li>Diam\u00e8tre : 57\u00a0cm<\/li>\n<li>Type d\u2019\u00e9nergie : charbon<\/li>\n<li>Poign\u00e9es en nylon renforc\u00e9 \u00e0 la fibre de verre : 1<\/li>\n<li>Roulettes pivotantes autobloquantes : 2<\/li>\n<li>Roulettes r\u00e9sistantes \u00e0 toutes les conditions climatiques : 2<\/li>\n<li>Crochets porte-ustensiles : 3<\/li>\n<li>Clapets de ventilation en aluminium : 1<\/li>\n<li>Paniers \u00e0 charbon Char-Basket : 2<\/li>\n<li>Type de pile : AA, AAA<\/li>\n<li>Piles : 3<\/li>\n<\/ul>\n","protected":false},"excerpt":{"rendered":"<p>15501004<\/p>\n","protected":false},"featured_media":3418,"template":"","meta":[],"product_cat":[260],"product_tag":[84],"yoast_head":"<!-- This site is optimized with the Yoast SEO plugin v18.2 - https:\/\/yoast.com\/wordpress\/plugins\/seo\/ -->\n<title>Barbecue \u00e0 charbon - Performer Deluxe GBS \u00d8 57 cm - Grills et Saveurs<\/title>\n<meta name=\"description\" content=\"Utilisez la nouvelle g\u00e9n\u00e9ration de barbecue \u00e0 charbon. Sur simple pression d\u2019un bouton, le charbon devient ardent et les aliments se mettent \u00e0 gr\u00e9siller.\" \/>\n<meta name=\"robots\" content=\"index, follow, max-snippet:-1, max-image-preview:large, max-video-preview:-1\" \/>\n<link rel=\"canonical\" href=\"https:\/\/www.grills-saveurs.ch\/fr\/produit\/performer-deluxe-gbs-57cm-black\/\" \/>\n<meta property=\"og:locale\" content=\"fr_FR\" \/>\n<meta property=\"og:type\" content=\"article\" \/>\n<meta property=\"og:title\" content=\"Barbecue \u00e0 charbon - Performer Deluxe GBS \u00d8 57 cm - Grills et Saveurs\" \/>\n<meta property=\"og:description\" content=\"Utilisez la nouvelle g\u00e9n\u00e9ration de barbecue \u00e0 charbon. Sur simple pression d\u2019un bouton, le charbon devient ardent et les aliments se mettent \u00e0 gr\u00e9siller.\" \/>\n<meta property=\"og:url\" content=\"https:\/\/www.grills-saveurs.ch\/fr\/produit\/performer-deluxe-gbs-57cm-black\/\" \/>\n<meta property=\"og:site_name\" content=\"Grills et Saveurs\" \/>\n<meta property=\"article:modified_time\" content=\"2024-05-18T10:08:37+00:00\" \/>\n<meta property=\"og:image\" content=\"https:\/\/www.grills-saveurs.ch\/fr\/wp-content\/uploads\/2019\/03\/15501004_Barbecue_a_charbon_Perfomer_Deluxe_GBS_57_cm_noir_____.png\" \/>\n\t<meta property=\"og:image:width\" content=\"1000\" \/>\n\t<meta property=\"og:image:height\" content=\"950\" \/>\n\t<meta property=\"og:image:type\" content=\"image\/png\" \/>\n<meta name=\"twitter:card\" content=\"summary_large_image\" \/>\n<meta name=\"twitter:label1\" content=\"Dur\u00e9e de lecture estim\u00e9e\" \/>\n\t<meta name=\"twitter:data1\" content=\"1 minute\" \/>\n<script type=\"application\/ld+json\" class=\"yoast-schema-graph\">{\"@context\":\"https:\/\/schema.org\",\"@graph\":[{\"@type\":\"WebSite\",\"@id\":\"https:\/\/www.grills-saveurs.ch\/fr\/#website\",\"url\":\"https:\/\/www.grills-saveurs.ch\/fr\/\",\"name\":\"Grills et Saveurs\",\"description\":\"Barbecues, Grills, Planchas, Chemin\u00e9es jardin - Lausanne, Suisse Romande\",\"potentialAction\":[{\"@type\":\"SearchAction\",\"target\":{\"@type\":\"EntryPoint\",\"urlTemplate\":\"https:\/\/www.grills-saveurs.ch\/fr\/?s={search_term_string}\"},\"query-input\":\"required name=search_term_string\"}],\"inLanguage\":\"fr-FR\"},{\"@type\":\"ImageObject\",\"@id\":\"https:\/\/www.grills-saveurs.ch\/fr\/produit\/performer-deluxe-gbs-57cm-black\/#primaryimage\",\"inLanguage\":\"fr-FR\",\"url\":\"https:\/\/www.grills-saveurs.ch\/fr\/wp-content\/uploads\/2019\/03\/15501004_Barbecue_a_charbon_Perfomer_Deluxe_GBS_57_cm_noir_____.png\",\"contentUrl\":\"https:\/\/www.grills-saveurs.ch\/fr\/wp-content\/uploads\/2019\/03\/15501004_Barbecue_a_charbon_Perfomer_Deluxe_GBS_57_cm_noir_____.png\",\"width\":1000,\"height\":950},{\"@type\":\"WebPage\",\"@id\":\"https:\/\/www.grills-saveurs.ch\/fr\/produit\/performer-deluxe-gbs-57cm-black\/#webpage\",\"url\":\"https:\/\/www.grills-saveurs.ch\/fr\/produit\/performer-deluxe-gbs-57cm-black\/\",\"name\":\"Barbecue \u00e0 charbon - Performer Deluxe GBS \u00d8 57 cm - Grills et Saveurs\",\"isPartOf\":{\"@id\":\"https:\/\/www.grills-saveurs.ch\/fr\/#website\"},\"primaryImageOfPage\":{\"@id\":\"https:\/\/www.grills-saveurs.ch\/fr\/produit\/performer-deluxe-gbs-57cm-black\/#primaryimage\"},\"datePublished\":\"2019-03-07T08:00:08+00:00\",\"dateModified\":\"2024-05-18T10:08:37+00:00\",\"description\":\"Utilisez la nouvelle g\u00e9n\u00e9ration de barbecue \u00e0 charbon. Sur simple pression d\u2019un bouton, le charbon devient ardent et les aliments se mettent \u00e0 gr\u00e9siller.\",\"breadcrumb\":{\"@id\":\"https:\/\/www.grills-saveurs.ch\/fr\/produit\/performer-deluxe-gbs-57cm-black\/#breadcrumb\"},\"inLanguage\":\"fr-FR\",\"potentialAction\":[{\"@type\":\"ReadAction\",\"target\":[\"https:\/\/www.grills-saveurs.ch\/fr\/produit\/performer-deluxe-gbs-57cm-black\/\"]}]},{\"@type\":\"BreadcrumbList\",\"@id\":\"https:\/\/www.grills-saveurs.ch\/fr\/produit\/performer-deluxe-gbs-57cm-black\/#breadcrumb\",\"itemListElement\":[{\"@type\":\"ListItem\",\"position\":1,\"name\":\"Accueil\",\"item\":\"https:\/\/www.grills-saveurs.ch\/fr\/\"},{\"@type\":\"ListItem\",\"position\":2,\"name\":\"Shop \/ Boutique\",\"item\":\"https:\/\/www.grills-saveurs.ch\/fr\/boutique\/\"},{\"@type\":\"ListItem\",\"position\":3,\"name\":\"Barbecue \u00e0 charbon &#8211; Performer Deluxe GBS \u00d8 57 cm\"}]}]}<\/script>\n<!-- \/ Yoast SEO plugin. -->","yoast_head_json":{"title":"Barbecue \u00e0 charbon - Performer Deluxe GBS \u00d8 57 cm - Grills et Saveurs","description":"Utilisez la nouvelle g\u00e9n\u00e9ration de barbecue \u00e0 charbon. Sur simple pression d\u2019un bouton, le charbon devient ardent et les aliments se mettent \u00e0 gr\u00e9siller.","robots":{"index":"index","follow":"follow","max-snippet":"max-snippet:-1","max-image-preview":"max-image-preview:large","max-video-preview":"max-video-preview:-1"},"canonical":"https:\/\/www.grills-saveurs.ch\/fr\/produit\/performer-deluxe-gbs-57cm-black\/","og_locale":"fr_FR","og_type":"article","og_title":"Barbecue \u00e0 charbon - Performer Deluxe GBS \u00d8 57 cm - Grills et Saveurs","og_description":"Utilisez la nouvelle g\u00e9n\u00e9ration de barbecue \u00e0 charbon. Sur simple pression d\u2019un bouton, le charbon devient ardent et les aliments se mettent \u00e0 gr\u00e9siller.","og_url":"https:\/\/www.grills-saveurs.ch\/fr\/produit\/performer-deluxe-gbs-57cm-black\/","og_site_name":"Grills et Saveurs","article_modified_time":"2024-05-18T10:08:37+00:00","og_image":[{"width":1000,"height":950,"url":"https:\/\/www.grills-saveurs.ch\/fr\/wp-content\/uploads\/2019\/03\/15501004_Barbecue_a_charbon_Perfomer_Deluxe_GBS_57_cm_noir_____.png","type":"image\/png"}],"twitter_card":"summary_large_image","twitter_misc":{"Dur\u00e9e de lecture estim\u00e9e":"1 minute"},"schema":{"@context":"https:\/\/schema.org","@graph":[{"@type":"WebSite","@id":"https:\/\/www.grills-saveurs.ch\/fr\/#website","url":"https:\/\/www.grills-saveurs.ch\/fr\/","name":"Grills et Saveurs","description":"Barbecues, Grills, Planchas, Chemin\u00e9es jardin - Lausanne, Suisse Romande","potentialAction":[{"@type":"SearchAction","target":{"@type":"EntryPoint","urlTemplate":"https:\/\/www.grills-saveurs.ch\/fr\/?s={search_term_string}"},"query-input":"required name=search_term_string"}],"inLanguage":"fr-FR"},{"@type":"ImageObject","@id":"https:\/\/www.grills-saveurs.ch\/fr\/produit\/performer-deluxe-gbs-57cm-black\/#primaryimage","inLanguage":"fr-FR","url":"https:\/\/www.grills-saveurs.ch\/fr\/wp-content\/uploads\/2019\/03\/15501004_Barbecue_a_charbon_Perfomer_Deluxe_GBS_57_cm_noir_____.png","contentUrl":"https:\/\/www.grills-saveurs.ch\/fr\/wp-content\/uploads\/2019\/03\/15501004_Barbecue_a_charbon_Perfomer_Deluxe_GBS_57_cm_noir_____.png","width":1000,"height":950},{"@type":"WebPage","@id":"https:\/\/www.grills-saveurs.ch\/fr\/produit\/performer-deluxe-gbs-57cm-black\/#webpage","url":"https:\/\/www.grills-saveurs.ch\/fr\/produit\/performer-deluxe-gbs-57cm-black\/","name":"Barbecue \u00e0 charbon - Performer Deluxe GBS \u00d8 57 cm - Grills et Saveurs","isPartOf":{"@id":"https:\/\/www.grills-saveurs.ch\/fr\/#website"},"primaryImageOfPage":{"@id":"https:\/\/www.grills-saveurs.ch\/fr\/produit\/performer-deluxe-gbs-57cm-black\/#primaryimage"},"datePublished":"2019-03-07T08:00:08+00:00","dateModified":"2024-05-18T10:08:37+00:00","description":"Utilisez la nouvelle g\u00e9n\u00e9ration de barbecue \u00e0 charbon. Sur simple pression d\u2019un bouton, le charbon devient ardent et les aliments se mettent \u00e0 gr\u00e9siller.","breadcrumb":{"@id":"https:\/\/www.grills-saveurs.ch\/fr\/produit\/performer-deluxe-gbs-57cm-black\/#breadcrumb"},"inLanguage":"fr-FR","potentialAction":[{"@type":"ReadAction","target":["https:\/\/www.grills-saveurs.ch\/fr\/produit\/performer-deluxe-gbs-57cm-black\/"]}]},{"@type":"BreadcrumbList","@id":"https:\/\/www.grills-saveurs.ch\/fr\/produit\/performer-deluxe-gbs-57cm-black\/#breadcrumb","itemListElement":[{"@type":"ListItem","position":1,"name":"Accueil","item":"https:\/\/www.grills-saveurs.ch\/fr\/"},{"@type":"ListItem","position":2,"name":"Shop \/ Boutique","item":"https:\/\/www.grills-saveurs.ch\/fr\/boutique\/"},{"@type":"ListItem","position":3,"name":"Barbecue \u00e0 charbon &#8211; Performer Deluxe GBS \u00d8 57 cm"}]}]}},"_links":{"self":[{"href":"https:\/\/www.grills-saveurs.ch\/fr\/wp-json\/wp\/v2\/product\/1593"}],"collection":[{"href":"https:\/\/www.grills-saveurs.ch\/fr\/wp-json\/wp\/v2\/product"}],"about":[{"href":"https:\/\/www.grills-saveurs.ch\/fr\/wp-json\/wp\/v2\/types\/product"}],"wp:featuredmedia":[{"embeddable":true,"href":"https:\/\/www.grills-saveurs.ch\/fr\/wp-json\/wp\/v2\/media\/3418"}],"wp:attachment":[{"href":"https:\/\/www.grills-saveurs.ch\/fr\/wp-json\/wp\/v2\/media?parent=1593"}],"wp:term":[{"taxonomy":"product_cat","embeddable":true,"href":"https:\/\/www.grills-saveurs.ch\/fr\/wp-json\/wp\/v2\/product_cat?post=1593"},{"taxonomy":"product_tag","embeddable":true,"href":"https:\/\/www.grills-saveurs.ch\/fr\/wp-json\/wp\/v2\/product_tag?post=1593"}],"curies":[{"name":"wp","href":"https:\/\/api.w.org\/{rel}","templated":true}]}}