{"id":1598,"date":"2019-03-07T09:00:10","date_gmt":"2019-03-07T08:00:10","guid":{"rendered":"https:\/\/www.grills-saveurs.ch\/fr\/produit\/smokey-mountain-cooker-smoker-o-57-cm-black\/"},"modified":"2024-05-18T11:53:41","modified_gmt":"2024-05-18T09:53:41","slug":"smokey-mountain-cooker-smoker-o-57-cm-black","status":"publish","type":"product","link":"https:\/\/www.grills-saveurs.ch\/fr\/produit\/smokey-mountain-cooker-smoker-o-57-cm-black\/","title":{"rendered":"Fumoir \u00e0 charbon Weber &#8211; Smokey Mountain Cooker Smoker \u00d8 57 cm"},"content":{"rendered":"<p>Ralentissez le rythme et faites place au barbecue. Vos amis affluent petit \u00e0 petit : sentez l\u2019excitation les gagner tandis que le porc effiloch\u00e9 et les c\u00f4telettes sont fum\u00e9s \u00e0 la perfection sous le couvercle de votre fumoir Smokey Mountain Cooker. Il est de votre responsabilit\u00e9 de v\u00e9rifier la r\u00e9glementation en vigueur pour l&rsquo;utilisation d&rsquo;un barbecue en plein nature, de v\u00e9rifier les accords de copropri\u00e9t\u00e9 ou de municipalit\u00e9 et de respecter la l\u00e9gislation locale.<\/p>\n<p><strong>CARACT\u00c9RISTIQUES<\/strong><\/p>\n<ul>\n<li>Grilles de cuisson en acier chrom\u00e9<\/li>\n<li>Grille foy\u00e8re en acier<\/li>\n<li>Thermom\u00e8tre int\u00e9gr\u00e9 au couvercle<\/li>\n<li>Cuve, couvercle, section centrale et r\u00e9ceptacle \u00e0 eau \u00e9maill\u00e9s<\/li>\n<li>Chambre \u00e0 charbon<\/li>\n<li>Oeillet en silicone r\u00e9sistant \u00e0 la temp\u00e9rature<\/li>\n<li>Porte \u00e0 combustible en aluminium inoxydable<\/li>\n<li>\u00c9cran de protection contre la chaleur en aluminium inoxydable<\/li>\n<li>Couvercle inclus<\/li>\n<\/ul>\n<p><strong>D\u00c9TAILS<\/strong><\/p>\n<ul>\n<li>Dimensions &#8211; couvercle ferm\u00e9 (cm) : 123.2cm h x 58.5cm l x 61cm p<\/li>\n<li>Diam\u00e8tre (cm) : 57<\/li>\n<li>Type d\u2019\u00e9nergie : charbon<\/li>\n<li>Poign\u00e9es en nylon renforc\u00e9 \u00e0 la fibre de verre : 2<\/li>\n<li>Clapets de ventilation en aluminium : 4<\/li>\n<\/ul>\n","protected":false},"excerpt":{"rendered":"<p>731004<\/p>\n","protected":false},"featured_media":3426,"template":"","meta":[],"product_cat":[15],"product_tag":[84],"yoast_head":"<!-- This site is optimized with the Yoast SEO plugin v18.2 - https:\/\/yoast.com\/wordpress\/plugins\/seo\/ -->\n<title>Fumoir \u00e0 charbon Weber - Smokey Mountain Cooker Smoker \u00d8 57 cm - Grills et Saveurs<\/title>\n<meta name=\"robots\" content=\"index, follow, max-snippet:-1, max-image-preview:large, max-video-preview:-1\" \/>\n<link rel=\"canonical\" href=\"https:\/\/www.grills-saveurs.ch\/fr\/produit\/smokey-mountain-cooker-smoker-o-57-cm-black\/\" \/>\n<meta property=\"og:locale\" content=\"fr_FR\" \/>\n<meta property=\"og:type\" content=\"article\" \/>\n<meta property=\"og:title\" content=\"Fumoir \u00e0 charbon Weber - Smokey Mountain Cooker Smoker \u00d8 57 cm - Grills et Saveurs\" \/>\n<meta property=\"og:description\" content=\"731004\" \/>\n<meta property=\"og:url\" content=\"https:\/\/www.grills-saveurs.ch\/fr\/produit\/smokey-mountain-cooker-smoker-o-57-cm-black\/\" \/>\n<meta property=\"og:site_name\" content=\"Grills et Saveurs\" \/>\n<meta property=\"article:modified_time\" content=\"2024-05-18T09:53:41+00:00\" \/>\n<meta property=\"og:image\" content=\"https:\/\/www.grills-saveurs.ch\/fr\/wp-content\/uploads\/2019\/03\/731004_Fumoir_Smokey_Mountain_57_cm_noir__.png\" \/>\n\t<meta property=\"og:image:width\" content=\"1000\" \/>\n\t<meta property=\"og:image:height\" content=\"950\" \/>\n\t<meta property=\"og:image:type\" content=\"image\/png\" \/>\n<meta name=\"twitter:card\" content=\"summary_large_image\" \/>\n<meta name=\"twitter:label1\" content=\"Dur\u00e9e de lecture estim\u00e9e\" \/>\n\t<meta name=\"twitter:data1\" content=\"1 minute\" \/>\n<script type=\"application\/ld+json\" class=\"yoast-schema-graph\">{\"@context\":\"https:\/\/schema.org\",\"@graph\":[{\"@type\":\"WebSite\",\"@id\":\"https:\/\/www.grills-saveurs.ch\/fr\/#website\",\"url\":\"https:\/\/www.grills-saveurs.ch\/fr\/\",\"name\":\"Grills et Saveurs\",\"description\":\"Barbecues, Grills, Planchas, Chemin\u00e9es jardin - Lausanne, Suisse Romande\",\"potentialAction\":[{\"@type\":\"SearchAction\",\"target\":{\"@type\":\"EntryPoint\",\"urlTemplate\":\"https:\/\/www.grills-saveurs.ch\/fr\/?s={search_term_string}\"},\"query-input\":\"required name=search_term_string\"}],\"inLanguage\":\"fr-FR\"},{\"@type\":\"ImageObject\",\"@id\":\"https:\/\/www.grills-saveurs.ch\/fr\/produit\/smokey-mountain-cooker-smoker-o-57-cm-black\/#primaryimage\",\"inLanguage\":\"fr-FR\",\"url\":\"https:\/\/www.grills-saveurs.ch\/fr\/wp-content\/uploads\/2019\/03\/731004_Fumoir_Smokey_Mountain_57_cm_noir__.png\",\"contentUrl\":\"https:\/\/www.grills-saveurs.ch\/fr\/wp-content\/uploads\/2019\/03\/731004_Fumoir_Smokey_Mountain_57_cm_noir__.png\",\"width\":1000,\"height\":950},{\"@type\":\"WebPage\",\"@id\":\"https:\/\/www.grills-saveurs.ch\/fr\/produit\/smokey-mountain-cooker-smoker-o-57-cm-black\/#webpage\",\"url\":\"https:\/\/www.grills-saveurs.ch\/fr\/produit\/smokey-mountain-cooker-smoker-o-57-cm-black\/\",\"name\":\"Fumoir \u00e0 charbon Weber - Smokey Mountain Cooker Smoker \u00d8 57 cm - Grills et Saveurs\",\"isPartOf\":{\"@id\":\"https:\/\/www.grills-saveurs.ch\/fr\/#website\"},\"primaryImageOfPage\":{\"@id\":\"https:\/\/www.grills-saveurs.ch\/fr\/produit\/smokey-mountain-cooker-smoker-o-57-cm-black\/#primaryimage\"},\"datePublished\":\"2019-03-07T08:00:10+00:00\",\"dateModified\":\"2024-05-18T09:53:41+00:00\",\"breadcrumb\":{\"@id\":\"https:\/\/www.grills-saveurs.ch\/fr\/produit\/smokey-mountain-cooker-smoker-o-57-cm-black\/#breadcrumb\"},\"inLanguage\":\"fr-FR\",\"potentialAction\":[{\"@type\":\"ReadAction\",\"target\":[\"https:\/\/www.grills-saveurs.ch\/fr\/produit\/smokey-mountain-cooker-smoker-o-57-cm-black\/\"]}]},{\"@type\":\"BreadcrumbList\",\"@id\":\"https:\/\/www.grills-saveurs.ch\/fr\/produit\/smokey-mountain-cooker-smoker-o-57-cm-black\/#breadcrumb\",\"itemListElement\":[{\"@type\":\"ListItem\",\"position\":1,\"name\":\"Accueil\",\"item\":\"https:\/\/www.grills-saveurs.ch\/fr\/\"},{\"@type\":\"ListItem\",\"position\":2,\"name\":\"Shop \/ Boutique\",\"item\":\"https:\/\/www.grills-saveurs.ch\/fr\/boutique\/\"},{\"@type\":\"ListItem\",\"position\":3,\"name\":\"Fumoir \u00e0 charbon Weber &#8211; Smokey Mountain Cooker Smoker \u00d8 57 cm\"}]}]}<\/script>\n<!-- \/ Yoast SEO plugin. -->","yoast_head_json":{"title":"Fumoir \u00e0 charbon Weber - Smokey Mountain Cooker Smoker \u00d8 57 cm - Grills et Saveurs","robots":{"index":"index","follow":"follow","max-snippet":"max-snippet:-1","max-image-preview":"max-image-preview:large","max-video-preview":"max-video-preview:-1"},"canonical":"https:\/\/www.grills-saveurs.ch\/fr\/produit\/smokey-mountain-cooker-smoker-o-57-cm-black\/","og_locale":"fr_FR","og_type":"article","og_title":"Fumoir \u00e0 charbon Weber - Smokey Mountain Cooker Smoker \u00d8 57 cm - Grills et Saveurs","og_description":"731004","og_url":"https:\/\/www.grills-saveurs.ch\/fr\/produit\/smokey-mountain-cooker-smoker-o-57-cm-black\/","og_site_name":"Grills et Saveurs","article_modified_time":"2024-05-18T09:53:41+00:00","og_image":[{"width":1000,"height":950,"url":"https:\/\/www.grills-saveurs.ch\/fr\/wp-content\/uploads\/2019\/03\/731004_Fumoir_Smokey_Mountain_57_cm_noir__.png","type":"image\/png"}],"twitter_card":"summary_large_image","twitter_misc":{"Dur\u00e9e de lecture estim\u00e9e":"1 minute"},"schema":{"@context":"https:\/\/schema.org","@graph":[{"@type":"WebSite","@id":"https:\/\/www.grills-saveurs.ch\/fr\/#website","url":"https:\/\/www.grills-saveurs.ch\/fr\/","name":"Grills et Saveurs","description":"Barbecues, Grills, Planchas, Chemin\u00e9es jardin - Lausanne, Suisse Romande","potentialAction":[{"@type":"SearchAction","target":{"@type":"EntryPoint","urlTemplate":"https:\/\/www.grills-saveurs.ch\/fr\/?s={search_term_string}"},"query-input":"required name=search_term_string"}],"inLanguage":"fr-FR"},{"@type":"ImageObject","@id":"https:\/\/www.grills-saveurs.ch\/fr\/produit\/smokey-mountain-cooker-smoker-o-57-cm-black\/#primaryimage","inLanguage":"fr-FR","url":"https:\/\/www.grills-saveurs.ch\/fr\/wp-content\/uploads\/2019\/03\/731004_Fumoir_Smokey_Mountain_57_cm_noir__.png","contentUrl":"https:\/\/www.grills-saveurs.ch\/fr\/wp-content\/uploads\/2019\/03\/731004_Fumoir_Smokey_Mountain_57_cm_noir__.png","width":1000,"height":950},{"@type":"WebPage","@id":"https:\/\/www.grills-saveurs.ch\/fr\/produit\/smokey-mountain-cooker-smoker-o-57-cm-black\/#webpage","url":"https:\/\/www.grills-saveurs.ch\/fr\/produit\/smokey-mountain-cooker-smoker-o-57-cm-black\/","name":"Fumoir \u00e0 charbon Weber - Smokey Mountain Cooker Smoker \u00d8 57 cm - Grills et Saveurs","isPartOf":{"@id":"https:\/\/www.grills-saveurs.ch\/fr\/#website"},"primaryImageOfPage":{"@id":"https:\/\/www.grills-saveurs.ch\/fr\/produit\/smokey-mountain-cooker-smoker-o-57-cm-black\/#primaryimage"},"datePublished":"2019-03-07T08:00:10+00:00","dateModified":"2024-05-18T09:53:41+00:00","breadcrumb":{"@id":"https:\/\/www.grills-saveurs.ch\/fr\/produit\/smokey-mountain-cooker-smoker-o-57-cm-black\/#breadcrumb"},"inLanguage":"fr-FR","potentialAction":[{"@type":"ReadAction","target":["https:\/\/www.grills-saveurs.ch\/fr\/produit\/smokey-mountain-cooker-smoker-o-57-cm-black\/"]}]},{"@type":"BreadcrumbList","@id":"https:\/\/www.grills-saveurs.ch\/fr\/produit\/smokey-mountain-cooker-smoker-o-57-cm-black\/#breadcrumb","itemListElement":[{"@type":"ListItem","position":1,"name":"Accueil","item":"https:\/\/www.grills-saveurs.ch\/fr\/"},{"@type":"ListItem","position":2,"name":"Shop \/ Boutique","item":"https:\/\/www.grills-saveurs.ch\/fr\/boutique\/"},{"@type":"ListItem","position":3,"name":"Fumoir \u00e0 charbon Weber &#8211; Smokey Mountain Cooker Smoker \u00d8 57 cm"}]}]}},"_links":{"self":[{"href":"https:\/\/www.grills-saveurs.ch\/fr\/wp-json\/wp\/v2\/product\/1598"}],"collection":[{"href":"https:\/\/www.grills-saveurs.ch\/fr\/wp-json\/wp\/v2\/product"}],"about":[{"href":"https:\/\/www.grills-saveurs.ch\/fr\/wp-json\/wp\/v2\/types\/product"}],"wp:featuredmedia":[{"embeddable":true,"href":"https:\/\/www.grills-saveurs.ch\/fr\/wp-json\/wp\/v2\/media\/3426"}],"wp:attachment":[{"href":"https:\/\/www.grills-saveurs.ch\/fr\/wp-json\/wp\/v2\/media?parent=1598"}],"wp:term":[{"taxonomy":"product_cat","embeddable":true,"href":"https:\/\/www.grills-saveurs.ch\/fr\/wp-json\/wp\/v2\/product_cat?post=1598"},{"taxonomy":"product_tag","embeddable":true,"href":"https:\/\/www.grills-saveurs.ch\/fr\/wp-json\/wp\/v2\/product_tag?post=1598"}],"curies":[{"name":"wp","href":"https:\/\/api.w.org\/{rel}","templated":true}]}}