{"id":1601,"date":"2019-03-07T09:00:11","date_gmt":"2019-03-07T08:00:11","guid":{"rendered":"https:\/\/www.grills-saveurs.ch\/fr\/produit\/go-anywhere-gas-grill-black\/"},"modified":"2024-08-09T10:15:16","modified_gmt":"2024-08-09T08:15:16","slug":"go-anywhere-gas-grill-black","status":"publish","type":"product","link":"https:\/\/www.grills-saveurs.ch\/fr\/produit\/go-anywhere-gas-grill-black\/","title":{"rendered":"Barbecue \u00e0 gaz portable Weber &#8211; Go-Anywhere"},"content":{"rendered":"<p>La libert\u00e9 de pouvoir bouger et explorer, et cette ambition de rendre chacune de vos aventures encore plus savoureuse. Avec votre barbecue Go-Anywhere dans le coffre et une carte dans la main, toutes les routes s\u2019offrent \u00e0 vous. Il est de votre responsabilit\u00e9 de v\u00e9rifier la r\u00e9glementation en vigueur pour l&rsquo;utilisation d&rsquo;un barbecue en plein nature, de v\u00e9rifier les accords de copropri\u00e9t\u00e9 ou de municipalit\u00e9 et de respecter la l\u00e9gislation locale.<\/p>\n<p><strong>CARACT\u00c9RISTIQUES<\/strong><\/p>\n<ul>\n<li>Grille de cuisson en acier \u00e9maill\u00e9<\/li>\n<li>Bouton d\u2019allumage<\/li>\n<li>Charni\u00e8re de pied en acier chrom\u00e9 permettant de verrouiller le couvercle lors du transport<\/li>\n<li>Fond et couvercle \u00e9maill\u00e9s<\/li>\n<\/ul>\n<p><strong>D\u00c9TAILS<\/strong><\/p>\n<ul>\n<li>Br\u00fbleurs principaux : kw 2,1<\/li>\n<li>Dimensions &#8211; couvercle ferm\u00e9 (cm) : 36.9cm h x 53.4cm l x 31cm p<\/li>\n<li>Surface principale de cuisson (cm\u00b2) : 41 x 26<\/li>\n<li>Br\u00fbleurs en acier inoxydable : 1<\/li>\n<li>Type d\u2019\u00e9nergie : cartouche de gaz weber petit format<\/li>\n<li>Poign\u00e9es en nylon renforc\u00e9 \u00e0 la fibre de verre : 1<\/li>\n<\/ul>\n","protected":false},"excerpt":{"rendered":"<p>1141075<\/p>\n","protected":false},"featured_media":3580,"template":"","meta":[],"product_cat":[260],"product_tag":[84],"yoast_head":"<!-- This site is optimized with the Yoast SEO plugin v18.2 - https:\/\/yoast.com\/wordpress\/plugins\/seo\/ -->\n<title>Barbecue \u00e0 gaz portable Weber - Go-Anywhere - Grills et Saveurs<\/title>\n<meta name=\"description\" content=\"La libert\u00e9 de pouvoir bouger et explorer, et cette ambition de rendre chacune de vos aventures encore plus savoureus avec votre barbecue Go-Anywhere.\" \/>\n<meta name=\"robots\" content=\"index, follow, max-snippet:-1, max-image-preview:large, max-video-preview:-1\" \/>\n<link rel=\"canonical\" href=\"https:\/\/www.grills-saveurs.ch\/fr\/produit\/go-anywhere-gas-grill-black\/\" \/>\n<meta property=\"og:locale\" content=\"fr_FR\" \/>\n<meta property=\"og:type\" content=\"article\" \/>\n<meta property=\"og:title\" content=\"Barbecue \u00e0 gaz portable Weber - Go-Anywhere - Grills et Saveurs\" \/>\n<meta property=\"og:description\" content=\"La libert\u00e9 de pouvoir bouger et explorer, et cette ambition de rendre chacune de vos aventures encore plus savoureus avec votre barbecue Go-Anywhere.\" \/>\n<meta property=\"og:url\" content=\"https:\/\/www.grills-saveurs.ch\/fr\/produit\/go-anywhere-gas-grill-black\/\" \/>\n<meta property=\"og:site_name\" content=\"Grills et Saveurs\" \/>\n<meta property=\"article:modified_time\" content=\"2024-08-09T08:15:16+00:00\" \/>\n<meta property=\"og:image\" content=\"https:\/\/www.grills-saveurs.ch\/fr\/wp-content\/uploads\/2019\/03\/1141075_Barbecue_a_gaz_Go-Anywhere_noir__.png\" \/>\n\t<meta property=\"og:image:width\" content=\"1000\" \/>\n\t<meta property=\"og:image:height\" content=\"950\" \/>\n\t<meta property=\"og:image:type\" content=\"image\/png\" \/>\n<meta name=\"twitter:card\" content=\"summary_large_image\" \/>\n<meta name=\"twitter:label1\" content=\"Dur\u00e9e de lecture estim\u00e9e\" \/>\n\t<meta name=\"twitter:data1\" content=\"1 minute\" \/>\n<script type=\"application\/ld+json\" class=\"yoast-schema-graph\">{\"@context\":\"https:\/\/schema.org\",\"@graph\":[{\"@type\":\"WebSite\",\"@id\":\"https:\/\/www.grills-saveurs.ch\/fr\/#website\",\"url\":\"https:\/\/www.grills-saveurs.ch\/fr\/\",\"name\":\"Grills et Saveurs\",\"description\":\"Barbecues, Grills, Planchas, Chemin\u00e9es jardin - Lausanne, Suisse Romande\",\"potentialAction\":[{\"@type\":\"SearchAction\",\"target\":{\"@type\":\"EntryPoint\",\"urlTemplate\":\"https:\/\/www.grills-saveurs.ch\/fr\/?s={search_term_string}\"},\"query-input\":\"required name=search_term_string\"}],\"inLanguage\":\"fr-FR\"},{\"@type\":\"ImageObject\",\"@id\":\"https:\/\/www.grills-saveurs.ch\/fr\/produit\/go-anywhere-gas-grill-black\/#primaryimage\",\"inLanguage\":\"fr-FR\",\"url\":\"https:\/\/www.grills-saveurs.ch\/fr\/wp-content\/uploads\/2019\/03\/1141075_Barbecue_a_gaz_Go-Anywhere_noir__.png\",\"contentUrl\":\"https:\/\/www.grills-saveurs.ch\/fr\/wp-content\/uploads\/2019\/03\/1141075_Barbecue_a_gaz_Go-Anywhere_noir__.png\",\"width\":1000,\"height\":950},{\"@type\":\"WebPage\",\"@id\":\"https:\/\/www.grills-saveurs.ch\/fr\/produit\/go-anywhere-gas-grill-black\/#webpage\",\"url\":\"https:\/\/www.grills-saveurs.ch\/fr\/produit\/go-anywhere-gas-grill-black\/\",\"name\":\"Barbecue \u00e0 gaz portable Weber - Go-Anywhere - Grills et Saveurs\",\"isPartOf\":{\"@id\":\"https:\/\/www.grills-saveurs.ch\/fr\/#website\"},\"primaryImageOfPage\":{\"@id\":\"https:\/\/www.grills-saveurs.ch\/fr\/produit\/go-anywhere-gas-grill-black\/#primaryimage\"},\"datePublished\":\"2019-03-07T08:00:11+00:00\",\"dateModified\":\"2024-08-09T08:15:16+00:00\",\"description\":\"La libert\u00e9 de pouvoir bouger et explorer, et cette ambition de rendre chacune de vos aventures encore plus savoureus avec votre barbecue Go-Anywhere.\",\"breadcrumb\":{\"@id\":\"https:\/\/www.grills-saveurs.ch\/fr\/produit\/go-anywhere-gas-grill-black\/#breadcrumb\"},\"inLanguage\":\"fr-FR\",\"potentialAction\":[{\"@type\":\"ReadAction\",\"target\":[\"https:\/\/www.grills-saveurs.ch\/fr\/produit\/go-anywhere-gas-grill-black\/\"]}]},{\"@type\":\"BreadcrumbList\",\"@id\":\"https:\/\/www.grills-saveurs.ch\/fr\/produit\/go-anywhere-gas-grill-black\/#breadcrumb\",\"itemListElement\":[{\"@type\":\"ListItem\",\"position\":1,\"name\":\"Accueil\",\"item\":\"https:\/\/www.grills-saveurs.ch\/fr\/\"},{\"@type\":\"ListItem\",\"position\":2,\"name\":\"Shop \/ Boutique\",\"item\":\"https:\/\/www.grills-saveurs.ch\/fr\/boutique\/\"},{\"@type\":\"ListItem\",\"position\":3,\"name\":\"Barbecue \u00e0 gaz portable Weber &#8211; Go-Anywhere\"}]}]}<\/script>\n<!-- \/ Yoast SEO plugin. -->","yoast_head_json":{"title":"Barbecue \u00e0 gaz portable Weber - Go-Anywhere - Grills et Saveurs","description":"La libert\u00e9 de pouvoir bouger et explorer, et cette ambition de rendre chacune de vos aventures encore plus savoureus avec votre barbecue Go-Anywhere.","robots":{"index":"index","follow":"follow","max-snippet":"max-snippet:-1","max-image-preview":"max-image-preview:large","max-video-preview":"max-video-preview:-1"},"canonical":"https:\/\/www.grills-saveurs.ch\/fr\/produit\/go-anywhere-gas-grill-black\/","og_locale":"fr_FR","og_type":"article","og_title":"Barbecue \u00e0 gaz portable Weber - Go-Anywhere - Grills et Saveurs","og_description":"La libert\u00e9 de pouvoir bouger et explorer, et cette ambition de rendre chacune de vos aventures encore plus savoureus avec votre barbecue Go-Anywhere.","og_url":"https:\/\/www.grills-saveurs.ch\/fr\/produit\/go-anywhere-gas-grill-black\/","og_site_name":"Grills et Saveurs","article_modified_time":"2024-08-09T08:15:16+00:00","og_image":[{"width":1000,"height":950,"url":"https:\/\/www.grills-saveurs.ch\/fr\/wp-content\/uploads\/2019\/03\/1141075_Barbecue_a_gaz_Go-Anywhere_noir__.png","type":"image\/png"}],"twitter_card":"summary_large_image","twitter_misc":{"Dur\u00e9e de lecture estim\u00e9e":"1 minute"},"schema":{"@context":"https:\/\/schema.org","@graph":[{"@type":"WebSite","@id":"https:\/\/www.grills-saveurs.ch\/fr\/#website","url":"https:\/\/www.grills-saveurs.ch\/fr\/","name":"Grills et Saveurs","description":"Barbecues, Grills, Planchas, Chemin\u00e9es jardin - Lausanne, Suisse Romande","potentialAction":[{"@type":"SearchAction","target":{"@type":"EntryPoint","urlTemplate":"https:\/\/www.grills-saveurs.ch\/fr\/?s={search_term_string}"},"query-input":"required name=search_term_string"}],"inLanguage":"fr-FR"},{"@type":"ImageObject","@id":"https:\/\/www.grills-saveurs.ch\/fr\/produit\/go-anywhere-gas-grill-black\/#primaryimage","inLanguage":"fr-FR","url":"https:\/\/www.grills-saveurs.ch\/fr\/wp-content\/uploads\/2019\/03\/1141075_Barbecue_a_gaz_Go-Anywhere_noir__.png","contentUrl":"https:\/\/www.grills-saveurs.ch\/fr\/wp-content\/uploads\/2019\/03\/1141075_Barbecue_a_gaz_Go-Anywhere_noir__.png","width":1000,"height":950},{"@type":"WebPage","@id":"https:\/\/www.grills-saveurs.ch\/fr\/produit\/go-anywhere-gas-grill-black\/#webpage","url":"https:\/\/www.grills-saveurs.ch\/fr\/produit\/go-anywhere-gas-grill-black\/","name":"Barbecue \u00e0 gaz portable Weber - Go-Anywhere - Grills et Saveurs","isPartOf":{"@id":"https:\/\/www.grills-saveurs.ch\/fr\/#website"},"primaryImageOfPage":{"@id":"https:\/\/www.grills-saveurs.ch\/fr\/produit\/go-anywhere-gas-grill-black\/#primaryimage"},"datePublished":"2019-03-07T08:00:11+00:00","dateModified":"2024-08-09T08:15:16+00:00","description":"La libert\u00e9 de pouvoir bouger et explorer, et cette ambition de rendre chacune de vos aventures encore plus savoureus avec votre barbecue Go-Anywhere.","breadcrumb":{"@id":"https:\/\/www.grills-saveurs.ch\/fr\/produit\/go-anywhere-gas-grill-black\/#breadcrumb"},"inLanguage":"fr-FR","potentialAction":[{"@type":"ReadAction","target":["https:\/\/www.grills-saveurs.ch\/fr\/produit\/go-anywhere-gas-grill-black\/"]}]},{"@type":"BreadcrumbList","@id":"https:\/\/www.grills-saveurs.ch\/fr\/produit\/go-anywhere-gas-grill-black\/#breadcrumb","itemListElement":[{"@type":"ListItem","position":1,"name":"Accueil","item":"https:\/\/www.grills-saveurs.ch\/fr\/"},{"@type":"ListItem","position":2,"name":"Shop \/ Boutique","item":"https:\/\/www.grills-saveurs.ch\/fr\/boutique\/"},{"@type":"ListItem","position":3,"name":"Barbecue \u00e0 gaz portable Weber &#8211; Go-Anywhere"}]}]}},"_links":{"self":[{"href":"https:\/\/www.grills-saveurs.ch\/fr\/wp-json\/wp\/v2\/product\/1601"}],"collection":[{"href":"https:\/\/www.grills-saveurs.ch\/fr\/wp-json\/wp\/v2\/product"}],"about":[{"href":"https:\/\/www.grills-saveurs.ch\/fr\/wp-json\/wp\/v2\/types\/product"}],"wp:featuredmedia":[{"embeddable":true,"href":"https:\/\/www.grills-saveurs.ch\/fr\/wp-json\/wp\/v2\/media\/3580"}],"wp:attachment":[{"href":"https:\/\/www.grills-saveurs.ch\/fr\/wp-json\/wp\/v2\/media?parent=1601"}],"wp:term":[{"taxonomy":"product_cat","embeddable":true,"href":"https:\/\/www.grills-saveurs.ch\/fr\/wp-json\/wp\/v2\/product_cat?post=1601"},{"taxonomy":"product_tag","embeddable":true,"href":"https:\/\/www.grills-saveurs.ch\/fr\/wp-json\/wp\/v2\/product_tag?post=1601"}],"curies":[{"name":"wp","href":"https:\/\/api.w.org\/{rel}","templated":true}]}}