{"id":1658,"date":"2019-03-07T09:00:30","date_gmt":"2019-03-07T08:00:30","guid":{"rendered":"https:\/\/www.grills-saveurs.ch\/fr\/produit\/pulse-1000-black\/"},"modified":"2025-05-01T18:51:08","modified_gmt":"2025-05-01T16:51:08","slug":"pulse-1000-black","status":"publish","type":"product","link":"https:\/\/www.grills-saveurs.ch\/fr\/produit\/pulse-1000-black\/","title":{"rendered":"Barbecue \u00e9lectrique &#8211;  Weber Pulse 1000"},"content":{"rendered":"<div>Red\u00e9couvrez le barbecue \u00e9lectrique, la grillade authentique et l&rsquo;avenir de l&rsquo;exp\u00e9rience barbecue. Le barbecue \u00e9lectrique Pulse\u00a01000 est le premier \u00e0 combiner des technologies connect\u00e9es \u00e0 des performances num\u00e9riques de pointe, r\u00e9volutionnant ainsi les grillades traditionnelles dans le confort de votre balcon.<\/div>\n<div><\/div>\n<div><strong>CARACT\u00c9RISTIQUES<\/strong><\/div>\n<ul>\n<li>Grilles de cuisson en fonte d\u2019acier \u00e9maill\u00e9e<\/li>\n<li>Couvercle et cuve en fonte d\u2019aluminium<\/li>\n<li>Technologie Igrill int\u00e9gr\u00e9e \/ \u00e0 utiliser avec l\u2019application gratuite weber Igrill<\/li>\n<li>Syst\u00e8me de gestion de la graisse<\/li>\n<li>Fa\u00e7ade avant et autres \u00e9l\u00e9ments amovibles<\/li>\n<li>Bouton d\u2019alimentation \u00e0 fonction DDR int\u00e9gr\u00e9e<\/li>\n<li>Clip int\u00e9gr\u00e9 pour enrouler le c\u00e2ble<\/li>\n<li>Contr\u00f4le \u00e9lectronique de la temp\u00e9rature<\/li>\n<li>T\u00e9moin lumineux<\/li>\n<li>Thermom\u00e8tre digital \u00e0 affichage led<\/li>\n<li>Plateau amovible avec bac de r\u00e9cup\u00e9ration de graisse<\/li>\n<li>Poign\u00e9e de couvercle en acier inoxydable<\/li>\n<li>Rev\u00eatement en aluminium \u00e0 r\u00e9tention de chaleur<\/li>\n<\/ul>\n<p><strong>D\u00c9TAILS<\/strong><\/p>\n<ul>\n<li>Dimensions &#8211; couvercle ouvert (cm) : 68cm h x 61cm l x 65cm p<\/li>\n<li>Dimensions &#8211; couvercle ferm\u00e9 (cm) : 33cm h x 61cm l x 54cm p<\/li>\n<li>Surface totale de cuisson (cm) : 41 x 31 cm<\/li>\n<li>Type d\u2019\u00e9nergie : \u00e9lectrique<\/li>\n<li>Poign\u00e9es en nylon renforc\u00e9 \u00e0 la fibre de verre : 2<\/li>\n<li>Puissance : 1800 w \/ 230 v<\/li>\n<li>Sondes pour viande incluses : 1<\/li>\n<li>Capacit\u00e9 de sondes : 2<\/li>\n<\/ul>\n","protected":false},"excerpt":{"rendered":"<p>81010094<\/p>\n","protected":false},"featured_media":3564,"template":"","meta":[],"product_cat":[260],"product_tag":[84],"yoast_head":"<!-- This site is optimized with the Yoast SEO plugin v18.2 - https:\/\/yoast.com\/wordpress\/plugins\/seo\/ -->\n<title>Barbecue \u00e9lectrique - Weber Pulse 1000 - Grills et Saveurs<\/title>\n<meta name=\"description\" content=\"Le barbecue \u00e9lectrique Pulse 1000 est le premier \u00e0 combiner des technologies connect\u00e9es \u00e0 des performances num\u00e9riques de pointe.\" \/>\n<meta name=\"robots\" content=\"index, follow, max-snippet:-1, max-image-preview:large, max-video-preview:-1\" \/>\n<link rel=\"canonical\" href=\"https:\/\/www.grills-saveurs.ch\/fr\/produit\/pulse-1000-black\/\" \/>\n<meta property=\"og:locale\" content=\"fr_FR\" \/>\n<meta property=\"og:type\" content=\"article\" \/>\n<meta property=\"og:title\" content=\"Barbecue \u00e9lectrique - Weber Pulse 1000 - Grills et Saveurs\" \/>\n<meta property=\"og:description\" content=\"Le barbecue \u00e9lectrique Pulse 1000 est le premier \u00e0 combiner des technologies connect\u00e9es \u00e0 des performances num\u00e9riques de pointe.\" \/>\n<meta property=\"og:url\" content=\"https:\/\/www.grills-saveurs.ch\/fr\/produit\/pulse-1000-black\/\" \/>\n<meta property=\"og:site_name\" content=\"Grills et Saveurs\" \/>\n<meta property=\"article:modified_time\" content=\"2025-05-01T16:51:08+00:00\" \/>\n<meta property=\"og:image\" content=\"https:\/\/www.grills-saveurs.ch\/fr\/wp-content\/uploads\/2019\/03\/81010004_Barbecue_electrique_Pulse_1000_noir__.png\" \/>\n\t<meta property=\"og:image:width\" content=\"1000\" \/>\n\t<meta property=\"og:image:height\" content=\"950\" \/>\n\t<meta property=\"og:image:type\" content=\"image\/png\" \/>\n<meta name=\"twitter:card\" content=\"summary_large_image\" \/>\n<meta name=\"twitter:label1\" content=\"Dur\u00e9e de lecture estim\u00e9e\" \/>\n\t<meta name=\"twitter:data1\" content=\"1 minute\" \/>\n<script type=\"application\/ld+json\" class=\"yoast-schema-graph\">{\"@context\":\"https:\/\/schema.org\",\"@graph\":[{\"@type\":\"WebSite\",\"@id\":\"https:\/\/www.grills-saveurs.ch\/fr\/#website\",\"url\":\"https:\/\/www.grills-saveurs.ch\/fr\/\",\"name\":\"Grills et Saveurs\",\"description\":\"Barbecues, Grills, Planchas, Chemin\u00e9es jardin - Lausanne, Suisse Romande\",\"potentialAction\":[{\"@type\":\"SearchAction\",\"target\":{\"@type\":\"EntryPoint\",\"urlTemplate\":\"https:\/\/www.grills-saveurs.ch\/fr\/?s={search_term_string}\"},\"query-input\":\"required name=search_term_string\"}],\"inLanguage\":\"fr-FR\"},{\"@type\":\"ImageObject\",\"@id\":\"https:\/\/www.grills-saveurs.ch\/fr\/produit\/pulse-1000-black\/#primaryimage\",\"inLanguage\":\"fr-FR\",\"url\":\"https:\/\/www.grills-saveurs.ch\/fr\/wp-content\/uploads\/2019\/03\/81010004_Barbecue_electrique_Pulse_1000_noir__.png\",\"contentUrl\":\"https:\/\/www.grills-saveurs.ch\/fr\/wp-content\/uploads\/2019\/03\/81010004_Barbecue_electrique_Pulse_1000_noir__.png\",\"width\":1000,\"height\":950},{\"@type\":\"WebPage\",\"@id\":\"https:\/\/www.grills-saveurs.ch\/fr\/produit\/pulse-1000-black\/#webpage\",\"url\":\"https:\/\/www.grills-saveurs.ch\/fr\/produit\/pulse-1000-black\/\",\"name\":\"Barbecue \u00e9lectrique - Weber Pulse 1000 - Grills et Saveurs\",\"isPartOf\":{\"@id\":\"https:\/\/www.grills-saveurs.ch\/fr\/#website\"},\"primaryImageOfPage\":{\"@id\":\"https:\/\/www.grills-saveurs.ch\/fr\/produit\/pulse-1000-black\/#primaryimage\"},\"datePublished\":\"2019-03-07T08:00:30+00:00\",\"dateModified\":\"2025-05-01T16:51:08+00:00\",\"description\":\"Le barbecue \u00e9lectrique Pulse 1000 est le premier \u00e0 combiner des technologies connect\u00e9es \u00e0 des performances num\u00e9riques de pointe.\",\"breadcrumb\":{\"@id\":\"https:\/\/www.grills-saveurs.ch\/fr\/produit\/pulse-1000-black\/#breadcrumb\"},\"inLanguage\":\"fr-FR\",\"potentialAction\":[{\"@type\":\"ReadAction\",\"target\":[\"https:\/\/www.grills-saveurs.ch\/fr\/produit\/pulse-1000-black\/\"]}]},{\"@type\":\"BreadcrumbList\",\"@id\":\"https:\/\/www.grills-saveurs.ch\/fr\/produit\/pulse-1000-black\/#breadcrumb\",\"itemListElement\":[{\"@type\":\"ListItem\",\"position\":1,\"name\":\"Accueil\",\"item\":\"https:\/\/www.grills-saveurs.ch\/fr\/\"},{\"@type\":\"ListItem\",\"position\":2,\"name\":\"Shop \/ Boutique\",\"item\":\"https:\/\/www.grills-saveurs.ch\/fr\/boutique\/\"},{\"@type\":\"ListItem\",\"position\":3,\"name\":\"Barbecue \u00e9lectrique &#8211; Weber Pulse 1000\"}]}]}<\/script>\n<!-- \/ Yoast SEO plugin. -->","yoast_head_json":{"title":"Barbecue \u00e9lectrique - Weber Pulse 1000 - Grills et Saveurs","description":"Le barbecue \u00e9lectrique Pulse 1000 est le premier \u00e0 combiner des technologies connect\u00e9es \u00e0 des performances num\u00e9riques de pointe.","robots":{"index":"index","follow":"follow","max-snippet":"max-snippet:-1","max-image-preview":"max-image-preview:large","max-video-preview":"max-video-preview:-1"},"canonical":"https:\/\/www.grills-saveurs.ch\/fr\/produit\/pulse-1000-black\/","og_locale":"fr_FR","og_type":"article","og_title":"Barbecue \u00e9lectrique - Weber Pulse 1000 - Grills et Saveurs","og_description":"Le barbecue \u00e9lectrique Pulse 1000 est le premier \u00e0 combiner des technologies connect\u00e9es \u00e0 des performances num\u00e9riques de pointe.","og_url":"https:\/\/www.grills-saveurs.ch\/fr\/produit\/pulse-1000-black\/","og_site_name":"Grills et Saveurs","article_modified_time":"2025-05-01T16:51:08+00:00","og_image":[{"width":1000,"height":950,"url":"https:\/\/www.grills-saveurs.ch\/fr\/wp-content\/uploads\/2019\/03\/81010004_Barbecue_electrique_Pulse_1000_noir__.png","type":"image\/png"}],"twitter_card":"summary_large_image","twitter_misc":{"Dur\u00e9e de lecture estim\u00e9e":"1 minute"},"schema":{"@context":"https:\/\/schema.org","@graph":[{"@type":"WebSite","@id":"https:\/\/www.grills-saveurs.ch\/fr\/#website","url":"https:\/\/www.grills-saveurs.ch\/fr\/","name":"Grills et Saveurs","description":"Barbecues, Grills, Planchas, Chemin\u00e9es jardin - Lausanne, Suisse Romande","potentialAction":[{"@type":"SearchAction","target":{"@type":"EntryPoint","urlTemplate":"https:\/\/www.grills-saveurs.ch\/fr\/?s={search_term_string}"},"query-input":"required name=search_term_string"}],"inLanguage":"fr-FR"},{"@type":"ImageObject","@id":"https:\/\/www.grills-saveurs.ch\/fr\/produit\/pulse-1000-black\/#primaryimage","inLanguage":"fr-FR","url":"https:\/\/www.grills-saveurs.ch\/fr\/wp-content\/uploads\/2019\/03\/81010004_Barbecue_electrique_Pulse_1000_noir__.png","contentUrl":"https:\/\/www.grills-saveurs.ch\/fr\/wp-content\/uploads\/2019\/03\/81010004_Barbecue_electrique_Pulse_1000_noir__.png","width":1000,"height":950},{"@type":"WebPage","@id":"https:\/\/www.grills-saveurs.ch\/fr\/produit\/pulse-1000-black\/#webpage","url":"https:\/\/www.grills-saveurs.ch\/fr\/produit\/pulse-1000-black\/","name":"Barbecue \u00e9lectrique - Weber Pulse 1000 - Grills et Saveurs","isPartOf":{"@id":"https:\/\/www.grills-saveurs.ch\/fr\/#website"},"primaryImageOfPage":{"@id":"https:\/\/www.grills-saveurs.ch\/fr\/produit\/pulse-1000-black\/#primaryimage"},"datePublished":"2019-03-07T08:00:30+00:00","dateModified":"2025-05-01T16:51:08+00:00","description":"Le barbecue \u00e9lectrique Pulse 1000 est le premier \u00e0 combiner des technologies connect\u00e9es \u00e0 des performances num\u00e9riques de pointe.","breadcrumb":{"@id":"https:\/\/www.grills-saveurs.ch\/fr\/produit\/pulse-1000-black\/#breadcrumb"},"inLanguage":"fr-FR","potentialAction":[{"@type":"ReadAction","target":["https:\/\/www.grills-saveurs.ch\/fr\/produit\/pulse-1000-black\/"]}]},{"@type":"BreadcrumbList","@id":"https:\/\/www.grills-saveurs.ch\/fr\/produit\/pulse-1000-black\/#breadcrumb","itemListElement":[{"@type":"ListItem","position":1,"name":"Accueil","item":"https:\/\/www.grills-saveurs.ch\/fr\/"},{"@type":"ListItem","position":2,"name":"Shop \/ Boutique","item":"https:\/\/www.grills-saveurs.ch\/fr\/boutique\/"},{"@type":"ListItem","position":3,"name":"Barbecue \u00e9lectrique &#8211; Weber Pulse 1000"}]}]}},"_links":{"self":[{"href":"https:\/\/www.grills-saveurs.ch\/fr\/wp-json\/wp\/v2\/product\/1658"}],"collection":[{"href":"https:\/\/www.grills-saveurs.ch\/fr\/wp-json\/wp\/v2\/product"}],"about":[{"href":"https:\/\/www.grills-saveurs.ch\/fr\/wp-json\/wp\/v2\/types\/product"}],"wp:featuredmedia":[{"embeddable":true,"href":"https:\/\/www.grills-saveurs.ch\/fr\/wp-json\/wp\/v2\/media\/3564"}],"wp:attachment":[{"href":"https:\/\/www.grills-saveurs.ch\/fr\/wp-json\/wp\/v2\/media?parent=1658"}],"wp:term":[{"taxonomy":"product_cat","embeddable":true,"href":"https:\/\/www.grills-saveurs.ch\/fr\/wp-json\/wp\/v2\/product_cat?post=1658"},{"taxonomy":"product_tag","embeddable":true,"href":"https:\/\/www.grills-saveurs.ch\/fr\/wp-json\/wp\/v2\/product_tag?post=1658"}],"curies":[{"name":"wp","href":"https:\/\/api.w.org\/{rel}","templated":true}]}}