{"id":1662,"date":"2019-03-07T09:00:33","date_gmt":"2019-03-07T08:00:33","guid":{"rendered":"https:\/\/www.grills-saveurs.ch\/fr\/produit\/barquettes-en-aluminium-weber-petit-modele\/"},"modified":"2024-08-02T16:03:05","modified_gmt":"2024-08-02T14:03:05","slug":"barquettes-en-aluminium-weber-petit-modele","status":"publish","type":"product","link":"https:\/\/www.grills-saveurs.ch\/fr\/produit\/barquettes-en-aluminium-weber-petit-modele\/","title":{"rendered":"Barquettes jetables Weber, petit mod\u00e8le"},"content":{"rendered":"<p>Une simple l\u00e8chefrite peut vous \u00e9viter beaucoup d\u2019entretien. Elle se positionne dans le bac de r\u00e9cup\u00e9ration des graisses de votre barbecue afin de faciliter l&rsquo;\u00e9limination de ces derni\u00e8res de fa\u00e7on propre et facile.<\/p>\n<p><strong>CARACT\u00c9RISTIQUES<\/strong><\/p>\n<ul>\n<li>Rev\u00eatements en papier aluminium pour bac de r\u00e9cup\u00e9ration de graisse<\/li>\n<li>Quantit\u00e9 : 10<\/li>\n<li>Conseils de nettoyage : laver \u00e0 la main avant utilisation<\/li>\n<li>Compatible : Barbecues Weber\u00ae Q, barbecues \u00e9lectrique Pulse, barbecues \u00e0 gaz Spirit et barbecues \u00e0 gaz Spirit II, barbecues \u00e0 gaz Genesis\u00ae et barbecues \u00e0 gaz s\u00e9ries Genesis\u00ae II \/ Genesis\u00ae II LX 200 et 300<\/li>\n<\/ul>\n","protected":false},"excerpt":{"rendered":"<p>6415<\/p>\n","protected":false},"featured_media":4132,"template":"","meta":[],"product_cat":[152,153,163,169],"product_tag":[84],"yoast_head":"<!-- This site is optimized with the Yoast SEO plugin v18.2 - https:\/\/yoast.com\/wordpress\/plugins\/seo\/ -->\n<title>Barquettes jetables Weber, petit mod\u00e8le - Grills et Saveurs<\/title>\n<meta name=\"description\" content=\"La l\u00e8chefrite se positionne dans le bac de r\u00e9cup\u00e9ration des graisses de votre barbecue afin de faciliter l&#039;\u00e9limination de ces derni\u00e8res.\" \/>\n<meta name=\"robots\" content=\"index, follow, max-snippet:-1, max-image-preview:large, max-video-preview:-1\" \/>\n<link rel=\"canonical\" href=\"https:\/\/www.grills-saveurs.ch\/fr\/produit\/barquettes-en-aluminium-weber-petit-modele\/\" \/>\n<meta property=\"og:locale\" content=\"fr_FR\" \/>\n<meta property=\"og:type\" content=\"article\" \/>\n<meta property=\"og:title\" content=\"Barquettes jetables Weber, petit mod\u00e8le - Grills et Saveurs\" \/>\n<meta property=\"og:description\" content=\"La l\u00e8chefrite se positionne dans le bac de r\u00e9cup\u00e9ration des graisses de votre barbecue afin de faciliter l&#039;\u00e9limination de ces derni\u00e8res.\" \/>\n<meta property=\"og:url\" content=\"https:\/\/www.grills-saveurs.ch\/fr\/produit\/barquettes-en-aluminium-weber-petit-modele\/\" \/>\n<meta property=\"og:site_name\" content=\"Grills et Saveurs\" \/>\n<meta property=\"article:modified_time\" content=\"2024-08-02T14:03:05+00:00\" \/>\n<meta property=\"og:image\" content=\"https:\/\/www.grills-saveurs.ch\/fr\/wp-content\/uploads\/2019\/03\/6415-Barquettes-jetables-Weber-petit-mod\u00e8le.png\" \/>\n\t<meta property=\"og:image:width\" content=\"1000\" \/>\n\t<meta property=\"og:image:height\" content=\"950\" \/>\n\t<meta property=\"og:image:type\" content=\"image\/png\" \/>\n<meta name=\"twitter:card\" content=\"summary_large_image\" \/>\n<script type=\"application\/ld+json\" class=\"yoast-schema-graph\">{\"@context\":\"https:\/\/schema.org\",\"@graph\":[{\"@type\":\"WebSite\",\"@id\":\"https:\/\/www.grills-saveurs.ch\/fr\/#website\",\"url\":\"https:\/\/www.grills-saveurs.ch\/fr\/\",\"name\":\"Grills et Saveurs\",\"description\":\"Barbecues, Grills, Planchas, Chemin\u00e9es jardin - Lausanne, Suisse Romande\",\"potentialAction\":[{\"@type\":\"SearchAction\",\"target\":{\"@type\":\"EntryPoint\",\"urlTemplate\":\"https:\/\/www.grills-saveurs.ch\/fr\/?s={search_term_string}\"},\"query-input\":\"required name=search_term_string\"}],\"inLanguage\":\"fr-FR\"},{\"@type\":\"ImageObject\",\"@id\":\"https:\/\/www.grills-saveurs.ch\/fr\/produit\/barquettes-en-aluminium-weber-petit-modele\/#primaryimage\",\"inLanguage\":\"fr-FR\",\"url\":\"https:\/\/www.grills-saveurs.ch\/fr\/wp-content\/uploads\/2019\/03\/6415-Barquettes-jetables-Weber-petit-mod\u00e8le.png\",\"contentUrl\":\"https:\/\/www.grills-saveurs.ch\/fr\/wp-content\/uploads\/2019\/03\/6415-Barquettes-jetables-Weber-petit-mod\u00e8le.png\",\"width\":1000,\"height\":950,\"caption\":\"6415 Barquettes jetables Weber, petit mod\u00e8le\"},{\"@type\":\"WebPage\",\"@id\":\"https:\/\/www.grills-saveurs.ch\/fr\/produit\/barquettes-en-aluminium-weber-petit-modele\/#webpage\",\"url\":\"https:\/\/www.grills-saveurs.ch\/fr\/produit\/barquettes-en-aluminium-weber-petit-modele\/\",\"name\":\"Barquettes jetables Weber, petit mod\u00e8le - Grills et Saveurs\",\"isPartOf\":{\"@id\":\"https:\/\/www.grills-saveurs.ch\/fr\/#website\"},\"primaryImageOfPage\":{\"@id\":\"https:\/\/www.grills-saveurs.ch\/fr\/produit\/barquettes-en-aluminium-weber-petit-modele\/#primaryimage\"},\"datePublished\":\"2019-03-07T08:00:33+00:00\",\"dateModified\":\"2024-08-02T14:03:05+00:00\",\"description\":\"La l\u00e8chefrite se positionne dans le bac de r\u00e9cup\u00e9ration des graisses de votre barbecue afin de faciliter l'\u00e9limination de ces derni\u00e8res.\",\"breadcrumb\":{\"@id\":\"https:\/\/www.grills-saveurs.ch\/fr\/produit\/barquettes-en-aluminium-weber-petit-modele\/#breadcrumb\"},\"inLanguage\":\"fr-FR\",\"potentialAction\":[{\"@type\":\"ReadAction\",\"target\":[\"https:\/\/www.grills-saveurs.ch\/fr\/produit\/barquettes-en-aluminium-weber-petit-modele\/\"]}]},{\"@type\":\"BreadcrumbList\",\"@id\":\"https:\/\/www.grills-saveurs.ch\/fr\/produit\/barquettes-en-aluminium-weber-petit-modele\/#breadcrumb\",\"itemListElement\":[{\"@type\":\"ListItem\",\"position\":1,\"name\":\"Accueil\",\"item\":\"https:\/\/www.grills-saveurs.ch\/fr\/\"},{\"@type\":\"ListItem\",\"position\":2,\"name\":\"Shop \/ Boutique\",\"item\":\"https:\/\/www.grills-saveurs.ch\/fr\/boutique\/\"},{\"@type\":\"ListItem\",\"position\":3,\"name\":\"Barquettes jetables Weber, petit mod\u00e8le\"}]}]}<\/script>\n<!-- \/ Yoast SEO plugin. -->","yoast_head_json":{"title":"Barquettes jetables Weber, petit mod\u00e8le - Grills et Saveurs","description":"La l\u00e8chefrite se positionne dans le bac de r\u00e9cup\u00e9ration des graisses de votre barbecue afin de faciliter l'\u00e9limination de ces derni\u00e8res.","robots":{"index":"index","follow":"follow","max-snippet":"max-snippet:-1","max-image-preview":"max-image-preview:large","max-video-preview":"max-video-preview:-1"},"canonical":"https:\/\/www.grills-saveurs.ch\/fr\/produit\/barquettes-en-aluminium-weber-petit-modele\/","og_locale":"fr_FR","og_type":"article","og_title":"Barquettes jetables Weber, petit mod\u00e8le - Grills et Saveurs","og_description":"La l\u00e8chefrite se positionne dans le bac de r\u00e9cup\u00e9ration des graisses de votre barbecue afin de faciliter l'\u00e9limination de ces derni\u00e8res.","og_url":"https:\/\/www.grills-saveurs.ch\/fr\/produit\/barquettes-en-aluminium-weber-petit-modele\/","og_site_name":"Grills et Saveurs","article_modified_time":"2024-08-02T14:03:05+00:00","og_image":[{"width":1000,"height":950,"url":"https:\/\/www.grills-saveurs.ch\/fr\/wp-content\/uploads\/2019\/03\/6415-Barquettes-jetables-Weber-petit-mod\u00e8le.png","type":"image\/png"}],"twitter_card":"summary_large_image","schema":{"@context":"https:\/\/schema.org","@graph":[{"@type":"WebSite","@id":"https:\/\/www.grills-saveurs.ch\/fr\/#website","url":"https:\/\/www.grills-saveurs.ch\/fr\/","name":"Grills et Saveurs","description":"Barbecues, Grills, Planchas, Chemin\u00e9es jardin - Lausanne, Suisse Romande","potentialAction":[{"@type":"SearchAction","target":{"@type":"EntryPoint","urlTemplate":"https:\/\/www.grills-saveurs.ch\/fr\/?s={search_term_string}"},"query-input":"required name=search_term_string"}],"inLanguage":"fr-FR"},{"@type":"ImageObject","@id":"https:\/\/www.grills-saveurs.ch\/fr\/produit\/barquettes-en-aluminium-weber-petit-modele\/#primaryimage","inLanguage":"fr-FR","url":"https:\/\/www.grills-saveurs.ch\/fr\/wp-content\/uploads\/2019\/03\/6415-Barquettes-jetables-Weber-petit-mod\u00e8le.png","contentUrl":"https:\/\/www.grills-saveurs.ch\/fr\/wp-content\/uploads\/2019\/03\/6415-Barquettes-jetables-Weber-petit-mod\u00e8le.png","width":1000,"height":950,"caption":"6415 Barquettes jetables Weber, petit mod\u00e8le"},{"@type":"WebPage","@id":"https:\/\/www.grills-saveurs.ch\/fr\/produit\/barquettes-en-aluminium-weber-petit-modele\/#webpage","url":"https:\/\/www.grills-saveurs.ch\/fr\/produit\/barquettes-en-aluminium-weber-petit-modele\/","name":"Barquettes jetables Weber, petit mod\u00e8le - Grills et Saveurs","isPartOf":{"@id":"https:\/\/www.grills-saveurs.ch\/fr\/#website"},"primaryImageOfPage":{"@id":"https:\/\/www.grills-saveurs.ch\/fr\/produit\/barquettes-en-aluminium-weber-petit-modele\/#primaryimage"},"datePublished":"2019-03-07T08:00:33+00:00","dateModified":"2024-08-02T14:03:05+00:00","description":"La l\u00e8chefrite se positionne dans le bac de r\u00e9cup\u00e9ration des graisses de votre barbecue afin de faciliter l'\u00e9limination de ces derni\u00e8res.","breadcrumb":{"@id":"https:\/\/www.grills-saveurs.ch\/fr\/produit\/barquettes-en-aluminium-weber-petit-modele\/#breadcrumb"},"inLanguage":"fr-FR","potentialAction":[{"@type":"ReadAction","target":["https:\/\/www.grills-saveurs.ch\/fr\/produit\/barquettes-en-aluminium-weber-petit-modele\/"]}]},{"@type":"BreadcrumbList","@id":"https:\/\/www.grills-saveurs.ch\/fr\/produit\/barquettes-en-aluminium-weber-petit-modele\/#breadcrumb","itemListElement":[{"@type":"ListItem","position":1,"name":"Accueil","item":"https:\/\/www.grills-saveurs.ch\/fr\/"},{"@type":"ListItem","position":2,"name":"Shop \/ Boutique","item":"https:\/\/www.grills-saveurs.ch\/fr\/boutique\/"},{"@type":"ListItem","position":3,"name":"Barquettes jetables Weber, petit mod\u00e8le"}]}]}},"_links":{"self":[{"href":"https:\/\/www.grills-saveurs.ch\/fr\/wp-json\/wp\/v2\/product\/1662"}],"collection":[{"href":"https:\/\/www.grills-saveurs.ch\/fr\/wp-json\/wp\/v2\/product"}],"about":[{"href":"https:\/\/www.grills-saveurs.ch\/fr\/wp-json\/wp\/v2\/types\/product"}],"wp:featuredmedia":[{"embeddable":true,"href":"https:\/\/www.grills-saveurs.ch\/fr\/wp-json\/wp\/v2\/media\/4132"}],"wp:attachment":[{"href":"https:\/\/www.grills-saveurs.ch\/fr\/wp-json\/wp\/v2\/media?parent=1662"}],"wp:term":[{"taxonomy":"product_cat","embeddable":true,"href":"https:\/\/www.grills-saveurs.ch\/fr\/wp-json\/wp\/v2\/product_cat?post=1662"},{"taxonomy":"product_tag","embeddable":true,"href":"https:\/\/www.grills-saveurs.ch\/fr\/wp-json\/wp\/v2\/product_tag?post=1662"}],"curies":[{"name":"wp","href":"https:\/\/api.w.org\/{rel}","templated":true}]}}