{"id":1664,"date":"2019-03-07T09:00:33","date_gmt":"2019-03-07T08:00:33","guid":{"rendered":"https:\/\/www.grills-saveurs.ch\/fr\/produit\/barquettes-en-aluminium-weber-xl\/"},"modified":"2024-03-22T14:45:59","modified_gmt":"2024-03-22T13:45:59","slug":"barquettes-en-aluminium-weber-xl","status":"publish","type":"product","link":"https:\/\/www.grills-saveurs.ch\/fr\/produit\/barquettes-en-aluminium-weber-xl\/","title":{"rendered":"Barquettes jetables Weber, mod\u00e8le XL"},"content":{"rendered":"<p>Le secret d\u2019une sauce de No\u00ebl qui fera parler d\u2019elle toute l\u2019ann\u00e9e, c\u2019est une simple barquette jetable. Placez une barquette jetable directement sous votre dinde ou r\u00f4ti pour en r\u00e9cup\u00e9rer les savoureux sucs qui deviendront bient\u00f4t la meilleure sauce que vous ayez jamais go\u00fbt\u00e9e.<\/p>\n<p><strong>CARACT\u00c9RISTIQUES<\/strong><\/p>\n<ul>\n<li>Barquettes jetables pour le transport des aliments vers le barbecue et \u00e0 partir de celui-ci<\/li>\n<li>\u00c0 utiliser avec une r\u00f4tissoire, une grille de cuisson rehauss\u00e9e ou entre des paniers \u00e0 charbon char-baskets pour une cuisson indirecte<\/li>\n<li>Rev\u00eatement en papier aluminium<\/li>\n<li>Quantit\u00e9 : 5<\/li>\n<li>Conseils de nettoyage : laver \u00e0 la main avant utilisation<\/li>\n<\/ul>\n","protected":false},"excerpt":{"rendered":"<p>6454<\/p>\n","protected":false},"featured_media":4136,"template":"","meta":[],"product_cat":[163,169],"product_tag":[84],"yoast_head":"<!-- This site is optimized with the Yoast SEO plugin v18.2 - https:\/\/yoast.com\/wordpress\/plugins\/seo\/ -->\n<title>Barquettes jetables Weber, mod\u00e8le XL - Grills et Saveurs<\/title>\n<meta name=\"description\" content=\"Placez une grande barquette jetable Weber directement sous votre dinde ou sous votre r\u00f4ti pour en r\u00e9cup\u00e9rer les savoureux sucs.\" \/>\n<meta name=\"robots\" content=\"index, follow, max-snippet:-1, max-image-preview:large, max-video-preview:-1\" \/>\n<link rel=\"canonical\" href=\"https:\/\/www.grills-saveurs.ch\/fr\/produit\/barquettes-en-aluminium-weber-xl\/\" \/>\n<meta property=\"og:locale\" content=\"fr_FR\" \/>\n<meta property=\"og:type\" content=\"article\" \/>\n<meta property=\"og:title\" content=\"Barquettes jetables Weber, mod\u00e8le XL - Grills et Saveurs\" \/>\n<meta property=\"og:description\" content=\"Placez une grande barquette jetable Weber directement sous votre dinde ou sous votre r\u00f4ti pour en r\u00e9cup\u00e9rer les savoureux sucs.\" \/>\n<meta property=\"og:url\" content=\"https:\/\/www.grills-saveurs.ch\/fr\/produit\/barquettes-en-aluminium-weber-xl\/\" \/>\n<meta property=\"og:site_name\" content=\"Grills et Saveurs\" \/>\n<meta property=\"article:modified_time\" content=\"2024-03-22T13:45:59+00:00\" \/>\n<meta property=\"og:image\" content=\"https:\/\/www.grills-saveurs.ch\/fr\/wp-content\/uploads\/2019\/03\/6454-Barquettes-jetables-Weber-mod\u00e8le-XL.png\" \/>\n\t<meta property=\"og:image:width\" content=\"1000\" \/>\n\t<meta property=\"og:image:height\" content=\"950\" \/>\n\t<meta property=\"og:image:type\" content=\"image\/png\" \/>\n<meta name=\"twitter:card\" content=\"summary_large_image\" \/>\n<meta name=\"twitter:label1\" content=\"Dur\u00e9e de lecture estim\u00e9e\" \/>\n\t<meta name=\"twitter:data1\" content=\"1 minute\" \/>\n<script type=\"application\/ld+json\" class=\"yoast-schema-graph\">{\"@context\":\"https:\/\/schema.org\",\"@graph\":[{\"@type\":\"WebSite\",\"@id\":\"https:\/\/www.grills-saveurs.ch\/fr\/#website\",\"url\":\"https:\/\/www.grills-saveurs.ch\/fr\/\",\"name\":\"Grills et Saveurs\",\"description\":\"Barbecues, Grills, Planchas, Chemin\u00e9es jardin - Lausanne, Suisse Romande\",\"potentialAction\":[{\"@type\":\"SearchAction\",\"target\":{\"@type\":\"EntryPoint\",\"urlTemplate\":\"https:\/\/www.grills-saveurs.ch\/fr\/?s={search_term_string}\"},\"query-input\":\"required name=search_term_string\"}],\"inLanguage\":\"fr-FR\"},{\"@type\":\"ImageObject\",\"@id\":\"https:\/\/www.grills-saveurs.ch\/fr\/produit\/barquettes-en-aluminium-weber-xl\/#primaryimage\",\"inLanguage\":\"fr-FR\",\"url\":\"https:\/\/www.grills-saveurs.ch\/fr\/wp-content\/uploads\/2019\/03\/6454-Barquettes-jetables-Weber-mod\u00e8le-XL.png\",\"contentUrl\":\"https:\/\/www.grills-saveurs.ch\/fr\/wp-content\/uploads\/2019\/03\/6454-Barquettes-jetables-Weber-mod\u00e8le-XL.png\",\"width\":1000,\"height\":950,\"caption\":\"6454 Barquettes jetables Weber, mod\u00e8le XL\"},{\"@type\":\"WebPage\",\"@id\":\"https:\/\/www.grills-saveurs.ch\/fr\/produit\/barquettes-en-aluminium-weber-xl\/#webpage\",\"url\":\"https:\/\/www.grills-saveurs.ch\/fr\/produit\/barquettes-en-aluminium-weber-xl\/\",\"name\":\"Barquettes jetables Weber, mod\u00e8le XL - Grills et Saveurs\",\"isPartOf\":{\"@id\":\"https:\/\/www.grills-saveurs.ch\/fr\/#website\"},\"primaryImageOfPage\":{\"@id\":\"https:\/\/www.grills-saveurs.ch\/fr\/produit\/barquettes-en-aluminium-weber-xl\/#primaryimage\"},\"datePublished\":\"2019-03-07T08:00:33+00:00\",\"dateModified\":\"2024-03-22T13:45:59+00:00\",\"description\":\"Placez une grande barquette jetable Weber directement sous votre dinde ou sous votre r\u00f4ti pour en r\u00e9cup\u00e9rer les savoureux sucs.\",\"breadcrumb\":{\"@id\":\"https:\/\/www.grills-saveurs.ch\/fr\/produit\/barquettes-en-aluminium-weber-xl\/#breadcrumb\"},\"inLanguage\":\"fr-FR\",\"potentialAction\":[{\"@type\":\"ReadAction\",\"target\":[\"https:\/\/www.grills-saveurs.ch\/fr\/produit\/barquettes-en-aluminium-weber-xl\/\"]}]},{\"@type\":\"BreadcrumbList\",\"@id\":\"https:\/\/www.grills-saveurs.ch\/fr\/produit\/barquettes-en-aluminium-weber-xl\/#breadcrumb\",\"itemListElement\":[{\"@type\":\"ListItem\",\"position\":1,\"name\":\"Accueil\",\"item\":\"https:\/\/www.grills-saveurs.ch\/fr\/\"},{\"@type\":\"ListItem\",\"position\":2,\"name\":\"Shop \/ Boutique\",\"item\":\"https:\/\/www.grills-saveurs.ch\/fr\/boutique\/\"},{\"@type\":\"ListItem\",\"position\":3,\"name\":\"Barquettes jetables Weber, mod\u00e8le XL\"}]}]}<\/script>\n<!-- \/ Yoast SEO plugin. -->","yoast_head_json":{"title":"Barquettes jetables Weber, mod\u00e8le XL - Grills et Saveurs","description":"Placez une grande barquette jetable Weber directement sous votre dinde ou sous votre r\u00f4ti pour en r\u00e9cup\u00e9rer les savoureux sucs.","robots":{"index":"index","follow":"follow","max-snippet":"max-snippet:-1","max-image-preview":"max-image-preview:large","max-video-preview":"max-video-preview:-1"},"canonical":"https:\/\/www.grills-saveurs.ch\/fr\/produit\/barquettes-en-aluminium-weber-xl\/","og_locale":"fr_FR","og_type":"article","og_title":"Barquettes jetables Weber, mod\u00e8le XL - Grills et Saveurs","og_description":"Placez une grande barquette jetable Weber directement sous votre dinde ou sous votre r\u00f4ti pour en r\u00e9cup\u00e9rer les savoureux sucs.","og_url":"https:\/\/www.grills-saveurs.ch\/fr\/produit\/barquettes-en-aluminium-weber-xl\/","og_site_name":"Grills et Saveurs","article_modified_time":"2024-03-22T13:45:59+00:00","og_image":[{"width":1000,"height":950,"url":"https:\/\/www.grills-saveurs.ch\/fr\/wp-content\/uploads\/2019\/03\/6454-Barquettes-jetables-Weber-mod\u00e8le-XL.png","type":"image\/png"}],"twitter_card":"summary_large_image","twitter_misc":{"Dur\u00e9e de lecture estim\u00e9e":"1 minute"},"schema":{"@context":"https:\/\/schema.org","@graph":[{"@type":"WebSite","@id":"https:\/\/www.grills-saveurs.ch\/fr\/#website","url":"https:\/\/www.grills-saveurs.ch\/fr\/","name":"Grills et Saveurs","description":"Barbecues, Grills, Planchas, Chemin\u00e9es jardin - Lausanne, Suisse Romande","potentialAction":[{"@type":"SearchAction","target":{"@type":"EntryPoint","urlTemplate":"https:\/\/www.grills-saveurs.ch\/fr\/?s={search_term_string}"},"query-input":"required name=search_term_string"}],"inLanguage":"fr-FR"},{"@type":"ImageObject","@id":"https:\/\/www.grills-saveurs.ch\/fr\/produit\/barquettes-en-aluminium-weber-xl\/#primaryimage","inLanguage":"fr-FR","url":"https:\/\/www.grills-saveurs.ch\/fr\/wp-content\/uploads\/2019\/03\/6454-Barquettes-jetables-Weber-mod\u00e8le-XL.png","contentUrl":"https:\/\/www.grills-saveurs.ch\/fr\/wp-content\/uploads\/2019\/03\/6454-Barquettes-jetables-Weber-mod\u00e8le-XL.png","width":1000,"height":950,"caption":"6454 Barquettes jetables Weber, mod\u00e8le XL"},{"@type":"WebPage","@id":"https:\/\/www.grills-saveurs.ch\/fr\/produit\/barquettes-en-aluminium-weber-xl\/#webpage","url":"https:\/\/www.grills-saveurs.ch\/fr\/produit\/barquettes-en-aluminium-weber-xl\/","name":"Barquettes jetables Weber, mod\u00e8le XL - Grills et Saveurs","isPartOf":{"@id":"https:\/\/www.grills-saveurs.ch\/fr\/#website"},"primaryImageOfPage":{"@id":"https:\/\/www.grills-saveurs.ch\/fr\/produit\/barquettes-en-aluminium-weber-xl\/#primaryimage"},"datePublished":"2019-03-07T08:00:33+00:00","dateModified":"2024-03-22T13:45:59+00:00","description":"Placez une grande barquette jetable Weber directement sous votre dinde ou sous votre r\u00f4ti pour en r\u00e9cup\u00e9rer les savoureux sucs.","breadcrumb":{"@id":"https:\/\/www.grills-saveurs.ch\/fr\/produit\/barquettes-en-aluminium-weber-xl\/#breadcrumb"},"inLanguage":"fr-FR","potentialAction":[{"@type":"ReadAction","target":["https:\/\/www.grills-saveurs.ch\/fr\/produit\/barquettes-en-aluminium-weber-xl\/"]}]},{"@type":"BreadcrumbList","@id":"https:\/\/www.grills-saveurs.ch\/fr\/produit\/barquettes-en-aluminium-weber-xl\/#breadcrumb","itemListElement":[{"@type":"ListItem","position":1,"name":"Accueil","item":"https:\/\/www.grills-saveurs.ch\/fr\/"},{"@type":"ListItem","position":2,"name":"Shop \/ Boutique","item":"https:\/\/www.grills-saveurs.ch\/fr\/boutique\/"},{"@type":"ListItem","position":3,"name":"Barquettes jetables Weber, mod\u00e8le XL"}]}]}},"_links":{"self":[{"href":"https:\/\/www.grills-saveurs.ch\/fr\/wp-json\/wp\/v2\/product\/1664"}],"collection":[{"href":"https:\/\/www.grills-saveurs.ch\/fr\/wp-json\/wp\/v2\/product"}],"about":[{"href":"https:\/\/www.grills-saveurs.ch\/fr\/wp-json\/wp\/v2\/types\/product"}],"wp:featuredmedia":[{"embeddable":true,"href":"https:\/\/www.grills-saveurs.ch\/fr\/wp-json\/wp\/v2\/media\/4136"}],"wp:attachment":[{"href":"https:\/\/www.grills-saveurs.ch\/fr\/wp-json\/wp\/v2\/media?parent=1664"}],"wp:term":[{"taxonomy":"product_cat","embeddable":true,"href":"https:\/\/www.grills-saveurs.ch\/fr\/wp-json\/wp\/v2\/product_cat?post=1664"},{"taxonomy":"product_tag","embeddable":true,"href":"https:\/\/www.grills-saveurs.ch\/fr\/wp-json\/wp\/v2\/product_tag?post=1664"}],"curies":[{"name":"wp","href":"https:\/\/api.w.org\/{rel}","templated":true}]}}