{"id":1669,"date":"2019-03-07T09:00:35","date_gmt":"2019-03-07T08:00:35","guid":{"rendered":"https:\/\/www.grills-saveurs.ch\/fr\/produit\/couvert-compacts-premium-weber\/"},"modified":"2024-03-25T22:31:05","modified_gmt":"2024-03-25T21:31:05","slug":"couvert-compacts-premium-weber","status":"publish","type":"product","link":"https:\/\/www.grills-saveurs.ch\/fr\/produit\/couvert-compacts-premium-weber\/","title":{"rendered":"Ensemble 2 ustensiles Premium, compacts"},"content":{"rendered":"<p>Que vous restiez chez vous ou soyez en vadrouille, l\u2019ensemble d\u2019ustensiles Premium de voyage est indispensable \u00e0 tous les passionn\u00e9s de barbecue. Particuli\u00e8rement compactes, la spatule coud\u00e9e et la pince \u00e0 verrouillage mains libres font partie de vos incontournables du quotidien, pour retourner des hamburgers en for\u00eat ou du saumon sur votre balcon. Il est de votre responsabilit\u00e9 de v\u00e9rifier la r\u00e9glementation en vigueur pour l&rsquo;utilisation d&rsquo;un barbecue en pleine nature, de v\u00e9rifier les accords de copropri\u00e9t\u00e9 ou de municipalit\u00e9 et de respecter la l\u00e9gislation locale.<\/p>\n<p><strong>CARACT\u00c9RISTIQUES<\/strong><\/p>\n<ul>\n<li>Dimensions compactes, parfaites pour le camping, les pique-niques et les grillades urbaines<\/li>\n<li>Comprend une spatule et une pince \u00e0 verrouillage<\/li>\n<li>Mat\u00e9riau : acier inoxydable<\/li>\n<li>Conseils de nettoyage : passe au lave-vaisselle<\/li>\n<\/ul>\n","protected":false},"excerpt":{"rendered":"<p>6645<\/p>\n","protected":false},"featured_media":4122,"template":"","meta":[],"product_cat":[186,185,160],"product_tag":[84],"yoast_head":"<!-- This site is optimized with the Yoast SEO plugin v18.2 - https:\/\/yoast.com\/wordpress\/plugins\/seo\/ -->\n<title>Ensemble 2 ustensiles Premium, compacts - Grills et Saveurs<\/title>\n<meta name=\"description\" content=\"Particuli\u00e8rement compactes, la spatule coud\u00e9e et la pince \u00e0 verrouillage mains libres font partie de vos incontournables du barbecue.\" \/>\n<meta name=\"robots\" content=\"index, follow, max-snippet:-1, max-image-preview:large, max-video-preview:-1\" \/>\n<link rel=\"canonical\" href=\"https:\/\/www.grills-saveurs.ch\/fr\/produit\/couvert-compacts-premium-weber\/\" \/>\n<meta property=\"og:locale\" content=\"fr_FR\" \/>\n<meta property=\"og:type\" content=\"article\" \/>\n<meta property=\"og:title\" content=\"Ensemble 2 ustensiles Premium, compacts - Grills et Saveurs\" \/>\n<meta property=\"og:description\" content=\"Particuli\u00e8rement compactes, la spatule coud\u00e9e et la pince \u00e0 verrouillage mains libres font partie de vos incontournables du barbecue.\" \/>\n<meta property=\"og:url\" content=\"https:\/\/www.grills-saveurs.ch\/fr\/produit\/couvert-compacts-premium-weber\/\" \/>\n<meta property=\"og:site_name\" content=\"Grills et Saveurs\" \/>\n<meta property=\"article:modified_time\" content=\"2024-03-25T21:31:05+00:00\" \/>\n<meta property=\"og:image\" content=\"https:\/\/www.grills-saveurs.ch\/fr\/wp-content\/uploads\/2019\/03\/6645-Ensemble-d\u2019ustensiles-Premium-compacts.png\" \/>\n\t<meta property=\"og:image:width\" content=\"1000\" \/>\n\t<meta property=\"og:image:height\" content=\"950\" \/>\n\t<meta property=\"og:image:type\" content=\"image\/png\" \/>\n<meta name=\"twitter:card\" content=\"summary_large_image\" \/>\n<meta name=\"twitter:label1\" content=\"Dur\u00e9e de lecture estim\u00e9e\" \/>\n\t<meta name=\"twitter:data1\" content=\"1 minute\" \/>\n<script type=\"application\/ld+json\" class=\"yoast-schema-graph\">{\"@context\":\"https:\/\/schema.org\",\"@graph\":[{\"@type\":\"WebSite\",\"@id\":\"https:\/\/www.grills-saveurs.ch\/fr\/#website\",\"url\":\"https:\/\/www.grills-saveurs.ch\/fr\/\",\"name\":\"Grills et Saveurs\",\"description\":\"Barbecues, Grills, Planchas, Chemin\u00e9es jardin - Lausanne, Suisse Romande\",\"potentialAction\":[{\"@type\":\"SearchAction\",\"target\":{\"@type\":\"EntryPoint\",\"urlTemplate\":\"https:\/\/www.grills-saveurs.ch\/fr\/?s={search_term_string}\"},\"query-input\":\"required name=search_term_string\"}],\"inLanguage\":\"fr-FR\"},{\"@type\":\"ImageObject\",\"@id\":\"https:\/\/www.grills-saveurs.ch\/fr\/produit\/couvert-compacts-premium-weber\/#primaryimage\",\"inLanguage\":\"fr-FR\",\"url\":\"https:\/\/www.grills-saveurs.ch\/fr\/wp-content\/uploads\/2019\/03\/6645-Ensemble-d\u2019ustensiles-Premium-compacts.png\",\"contentUrl\":\"https:\/\/www.grills-saveurs.ch\/fr\/wp-content\/uploads\/2019\/03\/6645-Ensemble-d\u2019ustensiles-Premium-compacts.png\",\"width\":1000,\"height\":950,\"caption\":\"6645 Ensemble d\u2019ustensiles Premium, compacts\"},{\"@type\":\"WebPage\",\"@id\":\"https:\/\/www.grills-saveurs.ch\/fr\/produit\/couvert-compacts-premium-weber\/#webpage\",\"url\":\"https:\/\/www.grills-saveurs.ch\/fr\/produit\/couvert-compacts-premium-weber\/\",\"name\":\"Ensemble 2 ustensiles Premium, compacts - Grills et Saveurs\",\"isPartOf\":{\"@id\":\"https:\/\/www.grills-saveurs.ch\/fr\/#website\"},\"primaryImageOfPage\":{\"@id\":\"https:\/\/www.grills-saveurs.ch\/fr\/produit\/couvert-compacts-premium-weber\/#primaryimage\"},\"datePublished\":\"2019-03-07T08:00:35+00:00\",\"dateModified\":\"2024-03-25T21:31:05+00:00\",\"description\":\"Particuli\u00e8rement compactes, la spatule coud\u00e9e et la pince \u00e0 verrouillage mains libres font partie de vos incontournables du barbecue.\",\"breadcrumb\":{\"@id\":\"https:\/\/www.grills-saveurs.ch\/fr\/produit\/couvert-compacts-premium-weber\/#breadcrumb\"},\"inLanguage\":\"fr-FR\",\"potentialAction\":[{\"@type\":\"ReadAction\",\"target\":[\"https:\/\/www.grills-saveurs.ch\/fr\/produit\/couvert-compacts-premium-weber\/\"]}]},{\"@type\":\"BreadcrumbList\",\"@id\":\"https:\/\/www.grills-saveurs.ch\/fr\/produit\/couvert-compacts-premium-weber\/#breadcrumb\",\"itemListElement\":[{\"@type\":\"ListItem\",\"position\":1,\"name\":\"Accueil\",\"item\":\"https:\/\/www.grills-saveurs.ch\/fr\/\"},{\"@type\":\"ListItem\",\"position\":2,\"name\":\"Shop \/ Boutique\",\"item\":\"https:\/\/www.grills-saveurs.ch\/fr\/boutique\/\"},{\"@type\":\"ListItem\",\"position\":3,\"name\":\"Ensemble 2 ustensiles Premium, compacts\"}]}]}<\/script>\n<!-- \/ Yoast SEO plugin. -->","yoast_head_json":{"title":"Ensemble 2 ustensiles Premium, compacts - Grills et Saveurs","description":"Particuli\u00e8rement compactes, la spatule coud\u00e9e et la pince \u00e0 verrouillage mains libres font partie de vos incontournables du barbecue.","robots":{"index":"index","follow":"follow","max-snippet":"max-snippet:-1","max-image-preview":"max-image-preview:large","max-video-preview":"max-video-preview:-1"},"canonical":"https:\/\/www.grills-saveurs.ch\/fr\/produit\/couvert-compacts-premium-weber\/","og_locale":"fr_FR","og_type":"article","og_title":"Ensemble 2 ustensiles Premium, compacts - Grills et Saveurs","og_description":"Particuli\u00e8rement compactes, la spatule coud\u00e9e et la pince \u00e0 verrouillage mains libres font partie de vos incontournables du barbecue.","og_url":"https:\/\/www.grills-saveurs.ch\/fr\/produit\/couvert-compacts-premium-weber\/","og_site_name":"Grills et Saveurs","article_modified_time":"2024-03-25T21:31:05+00:00","og_image":[{"width":1000,"height":950,"url":"https:\/\/www.grills-saveurs.ch\/fr\/wp-content\/uploads\/2019\/03\/6645-Ensemble-d\u2019ustensiles-Premium-compacts.png","type":"image\/png"}],"twitter_card":"summary_large_image","twitter_misc":{"Dur\u00e9e de lecture estim\u00e9e":"1 minute"},"schema":{"@context":"https:\/\/schema.org","@graph":[{"@type":"WebSite","@id":"https:\/\/www.grills-saveurs.ch\/fr\/#website","url":"https:\/\/www.grills-saveurs.ch\/fr\/","name":"Grills et Saveurs","description":"Barbecues, Grills, Planchas, Chemin\u00e9es jardin - Lausanne, Suisse Romande","potentialAction":[{"@type":"SearchAction","target":{"@type":"EntryPoint","urlTemplate":"https:\/\/www.grills-saveurs.ch\/fr\/?s={search_term_string}"},"query-input":"required name=search_term_string"}],"inLanguage":"fr-FR"},{"@type":"ImageObject","@id":"https:\/\/www.grills-saveurs.ch\/fr\/produit\/couvert-compacts-premium-weber\/#primaryimage","inLanguage":"fr-FR","url":"https:\/\/www.grills-saveurs.ch\/fr\/wp-content\/uploads\/2019\/03\/6645-Ensemble-d\u2019ustensiles-Premium-compacts.png","contentUrl":"https:\/\/www.grills-saveurs.ch\/fr\/wp-content\/uploads\/2019\/03\/6645-Ensemble-d\u2019ustensiles-Premium-compacts.png","width":1000,"height":950,"caption":"6645 Ensemble d\u2019ustensiles Premium, compacts"},{"@type":"WebPage","@id":"https:\/\/www.grills-saveurs.ch\/fr\/produit\/couvert-compacts-premium-weber\/#webpage","url":"https:\/\/www.grills-saveurs.ch\/fr\/produit\/couvert-compacts-premium-weber\/","name":"Ensemble 2 ustensiles Premium, compacts - Grills et Saveurs","isPartOf":{"@id":"https:\/\/www.grills-saveurs.ch\/fr\/#website"},"primaryImageOfPage":{"@id":"https:\/\/www.grills-saveurs.ch\/fr\/produit\/couvert-compacts-premium-weber\/#primaryimage"},"datePublished":"2019-03-07T08:00:35+00:00","dateModified":"2024-03-25T21:31:05+00:00","description":"Particuli\u00e8rement compactes, la spatule coud\u00e9e et la pince \u00e0 verrouillage mains libres font partie de vos incontournables du barbecue.","breadcrumb":{"@id":"https:\/\/www.grills-saveurs.ch\/fr\/produit\/couvert-compacts-premium-weber\/#breadcrumb"},"inLanguage":"fr-FR","potentialAction":[{"@type":"ReadAction","target":["https:\/\/www.grills-saveurs.ch\/fr\/produit\/couvert-compacts-premium-weber\/"]}]},{"@type":"BreadcrumbList","@id":"https:\/\/www.grills-saveurs.ch\/fr\/produit\/couvert-compacts-premium-weber\/#breadcrumb","itemListElement":[{"@type":"ListItem","position":1,"name":"Accueil","item":"https:\/\/www.grills-saveurs.ch\/fr\/"},{"@type":"ListItem","position":2,"name":"Shop \/ Boutique","item":"https:\/\/www.grills-saveurs.ch\/fr\/boutique\/"},{"@type":"ListItem","position":3,"name":"Ensemble 2 ustensiles Premium, compacts"}]}]}},"_links":{"self":[{"href":"https:\/\/www.grills-saveurs.ch\/fr\/wp-json\/wp\/v2\/product\/1669"}],"collection":[{"href":"https:\/\/www.grills-saveurs.ch\/fr\/wp-json\/wp\/v2\/product"}],"about":[{"href":"https:\/\/www.grills-saveurs.ch\/fr\/wp-json\/wp\/v2\/types\/product"}],"wp:featuredmedia":[{"embeddable":true,"href":"https:\/\/www.grills-saveurs.ch\/fr\/wp-json\/wp\/v2\/media\/4122"}],"wp:attachment":[{"href":"https:\/\/www.grills-saveurs.ch\/fr\/wp-json\/wp\/v2\/media?parent=1669"}],"wp:term":[{"taxonomy":"product_cat","embeddable":true,"href":"https:\/\/www.grills-saveurs.ch\/fr\/wp-json\/wp\/v2\/product_cat?post=1669"},{"taxonomy":"product_tag","embeddable":true,"href":"https:\/\/www.grills-saveurs.ch\/fr\/wp-json\/wp\/v2\/product_tag?post=1669"}],"curies":[{"name":"wp","href":"https:\/\/api.w.org\/{rel}","templated":true}]}}