{"id":1672,"date":"2019-03-07T09:00:36","date_gmt":"2019-03-07T08:00:36","guid":{"rendered":"https:\/\/www.grills-saveurs.ch\/fr\/produit\/spatule-pour-poisson-premium-weber\/"},"modified":"2024-03-21T10:16:28","modified_gmt":"2024-03-21T09:16:28","slug":"spatule-pour-poisson-premium-weber","status":"publish","type":"product","link":"https:\/\/www.grills-saveurs.ch\/fr\/produit\/spatule-pour-poisson-premium-weber\/","title":{"rendered":"Spatule Premium Weber, large"},"content":{"rendered":"<p>Les d\u00e9licats filets de poisson m\u00e9ritent d\u2019\u00eatre manipul\u00e9s sur les grilles avec le plus grand soin. La large t\u00eate de la spatule Premium permet de prendre le filet entier et de le retourner soigneusement pour que tout reste en place et que les deux c\u00f4t\u00e9s soient aussi bien dor\u00e9s. Cette spatule robuste est \u00e9galement suffisamment solide pour soulever facilement de grands r\u00f4tis.<\/p>\n<p><strong>CARACT\u00c9RISTIQUES<\/strong><\/p>\n<ul>\n<li>Large t\u00eate de spatule pour soulever les poissons et autres grandes pi\u00e8ces<\/li>\n<li>Poign\u00e9e douce, confortable et antid\u00e9rapante<\/li>\n<li>Tige coud\u00e9e pour passer au-dessus des bords des barbecues boules Weber\u00ae et ainsi garder vos mains et bras hors de la chaleur<\/li>\n<li>Mat\u00e9riau : acier inoxydable<\/li>\n<li>Conseils de nettoyage : passe au lave-vaisselle<\/li>\n<\/ul>\n<p>&nbsp;<\/p>\n","protected":false},"excerpt":{"rendered":"<p>6673<\/p>\n","protected":false},"featured_media":4117,"template":"","meta":[],"product_cat":[160],"product_tag":[84],"yoast_head":"<!-- This site is optimized with the Yoast SEO plugin v18.2 - https:\/\/yoast.com\/wordpress\/plugins\/seo\/ -->\n<title>Spatule Premium Weber, large - Grills et Saveurs<\/title>\n<meta name=\"description\" content=\"La large t\u00eate de la spatule Premium permet de prendre le filet entier et de le retourner soigneusement pour que les 2 c\u00f4t\u00e9s soient aussi bien dor\u00e9s.\" \/>\n<meta name=\"robots\" content=\"index, follow, max-snippet:-1, max-image-preview:large, max-video-preview:-1\" \/>\n<link rel=\"canonical\" href=\"https:\/\/www.grills-saveurs.ch\/fr\/produit\/spatule-pour-poisson-premium-weber\/\" \/>\n<meta property=\"og:locale\" content=\"fr_FR\" \/>\n<meta property=\"og:type\" content=\"article\" \/>\n<meta property=\"og:title\" content=\"Spatule Premium Weber, large - Grills et Saveurs\" \/>\n<meta property=\"og:description\" content=\"La large t\u00eate de la spatule Premium permet de prendre le filet entier et de le retourner soigneusement pour que les 2 c\u00f4t\u00e9s soient aussi bien dor\u00e9s.\" \/>\n<meta property=\"og:url\" content=\"https:\/\/www.grills-saveurs.ch\/fr\/produit\/spatule-pour-poisson-premium-weber\/\" \/>\n<meta property=\"og:site_name\" content=\"Grills et Saveurs\" \/>\n<meta property=\"article:modified_time\" content=\"2024-03-21T09:16:28+00:00\" \/>\n<meta property=\"og:image\" content=\"https:\/\/www.grills-saveurs.ch\/fr\/wp-content\/uploads\/2019\/03\/6673-Spatule-Premium-Weber-large.png\" \/>\n\t<meta property=\"og:image:width\" content=\"1000\" \/>\n\t<meta property=\"og:image:height\" content=\"950\" \/>\n\t<meta property=\"og:image:type\" content=\"image\/png\" \/>\n<meta name=\"twitter:card\" content=\"summary_large_image\" \/>\n<meta name=\"twitter:label1\" content=\"Dur\u00e9e de lecture estim\u00e9e\" \/>\n\t<meta name=\"twitter:data1\" content=\"1 minute\" \/>\n<script type=\"application\/ld+json\" class=\"yoast-schema-graph\">{\"@context\":\"https:\/\/schema.org\",\"@graph\":[{\"@type\":\"WebSite\",\"@id\":\"https:\/\/www.grills-saveurs.ch\/fr\/#website\",\"url\":\"https:\/\/www.grills-saveurs.ch\/fr\/\",\"name\":\"Grills et Saveurs\",\"description\":\"Barbecues, Grills, Planchas, Chemin\u00e9es jardin - Lausanne, Suisse Romande\",\"potentialAction\":[{\"@type\":\"SearchAction\",\"target\":{\"@type\":\"EntryPoint\",\"urlTemplate\":\"https:\/\/www.grills-saveurs.ch\/fr\/?s={search_term_string}\"},\"query-input\":\"required name=search_term_string\"}],\"inLanguage\":\"fr-FR\"},{\"@type\":\"ImageObject\",\"@id\":\"https:\/\/www.grills-saveurs.ch\/fr\/produit\/spatule-pour-poisson-premium-weber\/#primaryimage\",\"inLanguage\":\"fr-FR\",\"url\":\"https:\/\/www.grills-saveurs.ch\/fr\/wp-content\/uploads\/2019\/03\/6673-Spatule-Premium-Weber-large.png\",\"contentUrl\":\"https:\/\/www.grills-saveurs.ch\/fr\/wp-content\/uploads\/2019\/03\/6673-Spatule-Premium-Weber-large.png\",\"width\":1000,\"height\":950,\"caption\":\"6673 Spatule Premium Weber, large\"},{\"@type\":\"WebPage\",\"@id\":\"https:\/\/www.grills-saveurs.ch\/fr\/produit\/spatule-pour-poisson-premium-weber\/#webpage\",\"url\":\"https:\/\/www.grills-saveurs.ch\/fr\/produit\/spatule-pour-poisson-premium-weber\/\",\"name\":\"Spatule Premium Weber, large - Grills et Saveurs\",\"isPartOf\":{\"@id\":\"https:\/\/www.grills-saveurs.ch\/fr\/#website\"},\"primaryImageOfPage\":{\"@id\":\"https:\/\/www.grills-saveurs.ch\/fr\/produit\/spatule-pour-poisson-premium-weber\/#primaryimage\"},\"datePublished\":\"2019-03-07T08:00:36+00:00\",\"dateModified\":\"2024-03-21T09:16:28+00:00\",\"description\":\"La large t\u00eate de la spatule Premium permet de prendre le filet entier et de le retourner soigneusement pour que les 2 c\u00f4t\u00e9s soient aussi bien dor\u00e9s.\",\"breadcrumb\":{\"@id\":\"https:\/\/www.grills-saveurs.ch\/fr\/produit\/spatule-pour-poisson-premium-weber\/#breadcrumb\"},\"inLanguage\":\"fr-FR\",\"potentialAction\":[{\"@type\":\"ReadAction\",\"target\":[\"https:\/\/www.grills-saveurs.ch\/fr\/produit\/spatule-pour-poisson-premium-weber\/\"]}]},{\"@type\":\"BreadcrumbList\",\"@id\":\"https:\/\/www.grills-saveurs.ch\/fr\/produit\/spatule-pour-poisson-premium-weber\/#breadcrumb\",\"itemListElement\":[{\"@type\":\"ListItem\",\"position\":1,\"name\":\"Accueil\",\"item\":\"https:\/\/www.grills-saveurs.ch\/fr\/\"},{\"@type\":\"ListItem\",\"position\":2,\"name\":\"Shop \/ Boutique\",\"item\":\"https:\/\/www.grills-saveurs.ch\/fr\/boutique\/\"},{\"@type\":\"ListItem\",\"position\":3,\"name\":\"Spatule Premium Weber, large\"}]}]}<\/script>\n<!-- \/ Yoast SEO plugin. -->","yoast_head_json":{"title":"Spatule Premium Weber, large - Grills et Saveurs","description":"La large t\u00eate de la spatule Premium permet de prendre le filet entier et de le retourner soigneusement pour que les 2 c\u00f4t\u00e9s soient aussi bien dor\u00e9s.","robots":{"index":"index","follow":"follow","max-snippet":"max-snippet:-1","max-image-preview":"max-image-preview:large","max-video-preview":"max-video-preview:-1"},"canonical":"https:\/\/www.grills-saveurs.ch\/fr\/produit\/spatule-pour-poisson-premium-weber\/","og_locale":"fr_FR","og_type":"article","og_title":"Spatule Premium Weber, large - Grills et Saveurs","og_description":"La large t\u00eate de la spatule Premium permet de prendre le filet entier et de le retourner soigneusement pour que les 2 c\u00f4t\u00e9s soient aussi bien dor\u00e9s.","og_url":"https:\/\/www.grills-saveurs.ch\/fr\/produit\/spatule-pour-poisson-premium-weber\/","og_site_name":"Grills et Saveurs","article_modified_time":"2024-03-21T09:16:28+00:00","og_image":[{"width":1000,"height":950,"url":"https:\/\/www.grills-saveurs.ch\/fr\/wp-content\/uploads\/2019\/03\/6673-Spatule-Premium-Weber-large.png","type":"image\/png"}],"twitter_card":"summary_large_image","twitter_misc":{"Dur\u00e9e de lecture estim\u00e9e":"1 minute"},"schema":{"@context":"https:\/\/schema.org","@graph":[{"@type":"WebSite","@id":"https:\/\/www.grills-saveurs.ch\/fr\/#website","url":"https:\/\/www.grills-saveurs.ch\/fr\/","name":"Grills et Saveurs","description":"Barbecues, Grills, Planchas, Chemin\u00e9es jardin - Lausanne, Suisse Romande","potentialAction":[{"@type":"SearchAction","target":{"@type":"EntryPoint","urlTemplate":"https:\/\/www.grills-saveurs.ch\/fr\/?s={search_term_string}"},"query-input":"required name=search_term_string"}],"inLanguage":"fr-FR"},{"@type":"ImageObject","@id":"https:\/\/www.grills-saveurs.ch\/fr\/produit\/spatule-pour-poisson-premium-weber\/#primaryimage","inLanguage":"fr-FR","url":"https:\/\/www.grills-saveurs.ch\/fr\/wp-content\/uploads\/2019\/03\/6673-Spatule-Premium-Weber-large.png","contentUrl":"https:\/\/www.grills-saveurs.ch\/fr\/wp-content\/uploads\/2019\/03\/6673-Spatule-Premium-Weber-large.png","width":1000,"height":950,"caption":"6673 Spatule Premium Weber, large"},{"@type":"WebPage","@id":"https:\/\/www.grills-saveurs.ch\/fr\/produit\/spatule-pour-poisson-premium-weber\/#webpage","url":"https:\/\/www.grills-saveurs.ch\/fr\/produit\/spatule-pour-poisson-premium-weber\/","name":"Spatule Premium Weber, large - Grills et Saveurs","isPartOf":{"@id":"https:\/\/www.grills-saveurs.ch\/fr\/#website"},"primaryImageOfPage":{"@id":"https:\/\/www.grills-saveurs.ch\/fr\/produit\/spatule-pour-poisson-premium-weber\/#primaryimage"},"datePublished":"2019-03-07T08:00:36+00:00","dateModified":"2024-03-21T09:16:28+00:00","description":"La large t\u00eate de la spatule Premium permet de prendre le filet entier et de le retourner soigneusement pour que les 2 c\u00f4t\u00e9s soient aussi bien dor\u00e9s.","breadcrumb":{"@id":"https:\/\/www.grills-saveurs.ch\/fr\/produit\/spatule-pour-poisson-premium-weber\/#breadcrumb"},"inLanguage":"fr-FR","potentialAction":[{"@type":"ReadAction","target":["https:\/\/www.grills-saveurs.ch\/fr\/produit\/spatule-pour-poisson-premium-weber\/"]}]},{"@type":"BreadcrumbList","@id":"https:\/\/www.grills-saveurs.ch\/fr\/produit\/spatule-pour-poisson-premium-weber\/#breadcrumb","itemListElement":[{"@type":"ListItem","position":1,"name":"Accueil","item":"https:\/\/www.grills-saveurs.ch\/fr\/"},{"@type":"ListItem","position":2,"name":"Shop \/ Boutique","item":"https:\/\/www.grills-saveurs.ch\/fr\/boutique\/"},{"@type":"ListItem","position":3,"name":"Spatule Premium Weber, large"}]}]}},"_links":{"self":[{"href":"https:\/\/www.grills-saveurs.ch\/fr\/wp-json\/wp\/v2\/product\/1672"}],"collection":[{"href":"https:\/\/www.grills-saveurs.ch\/fr\/wp-json\/wp\/v2\/product"}],"about":[{"href":"https:\/\/www.grills-saveurs.ch\/fr\/wp-json\/wp\/v2\/types\/product"}],"wp:featuredmedia":[{"embeddable":true,"href":"https:\/\/www.grills-saveurs.ch\/fr\/wp-json\/wp\/v2\/media\/4117"}],"wp:attachment":[{"href":"https:\/\/www.grills-saveurs.ch\/fr\/wp-json\/wp\/v2\/media?parent=1672"}],"wp:term":[{"taxonomy":"product_cat","embeddable":true,"href":"https:\/\/www.grills-saveurs.ch\/fr\/wp-json\/wp\/v2\/product_cat?post=1672"},{"taxonomy":"product_tag","embeddable":true,"href":"https:\/\/www.grills-saveurs.ch\/fr\/wp-json\/wp\/v2\/product_tag?post=1672"}],"curies":[{"name":"wp","href":"https:\/\/api.w.org\/{rel}","templated":true}]}}