{"id":1678,"date":"2019-03-07T09:00:38","date_gmt":"2019-03-07T08:00:38","guid":{"rendered":"https:\/\/www.grills-saveurs.ch\/fr\/produit\/ensemble-de-gants-de-barbecue-weber-s-m\/"},"modified":"2024-03-22T14:01:18","modified_gmt":"2024-03-22T13:01:18","slug":"ensemble-de-gants-de-barbecue-weber-s-m","status":"publish","type":"product","link":"https:\/\/www.grills-saveurs.ch\/fr\/produit\/ensemble-de-gants-de-barbecue-weber-s-m\/","title":{"rendered":"Gants Premium Weber S\/M"},"content":{"rendered":"<p>Ayez l\u2019air d\u2019un chef tout en vous prot\u00e9geant les mains. Pr\u00e9servant vos mains de la chaleur et pr\u00e9sentant une paume en silicone pour mieux saisir vos ustensiles pr\u00e9f\u00e9r\u00e9s, les gants Premium Weber sont une n\u00e9cessit\u00e9 absolue pour les v\u00e9ritables experts du barbecue.<\/p>\n<p><strong>CARACT\u00c9RISTIQUES<\/strong><\/p>\n<ul>\n<li>Paume en silicone pour tenir les ustensiles de barbecue<\/li>\n<li>Confectionn\u00e9s dans un mat\u00e9riau souple et r\u00e9sistant \u00e0 la chaleur permettant une manipulation ais\u00e9e des outils de barbecue et du couvercle du barbecue<\/li>\n<li>Conseils de nettoyage : lavage \u00e0 la main<\/li>\n<li>Mat\u00e9riau\u00a0: Ext\u00e9rieur : 100% aramide<\/li>\n<li>Doublure : 80% coton, 20% polyester<\/li>\n<\/ul>\n","protected":false},"excerpt":{"rendered":"<p>6669<\/p>\n","protected":false},"featured_media":4101,"template":"","meta":[],"product_cat":[119],"product_tag":[84],"yoast_head":"<!-- This site is optimized with the Yoast SEO plugin v18.2 - https:\/\/yoast.com\/wordpress\/plugins\/seo\/ -->\n<title>Gants Premium Weber S\/M - Grills et Saveurs<\/title>\n<meta name=\"description\" content=\"Une paume en silicone pour mieux saisir vos ustensiles pr\u00e9f\u00e9r\u00e9s, les gants Premium Weber sont une n\u00e9cessit\u00e9 absolue pour les v\u00e9ritables experts du barbecue.\" \/>\n<meta name=\"robots\" content=\"index, follow, max-snippet:-1, max-image-preview:large, max-video-preview:-1\" \/>\n<link rel=\"canonical\" href=\"https:\/\/www.grills-saveurs.ch\/fr\/produit\/ensemble-de-gants-de-barbecue-weber-s-m\/\" \/>\n<meta property=\"og:locale\" content=\"fr_FR\" \/>\n<meta property=\"og:type\" content=\"article\" \/>\n<meta property=\"og:title\" content=\"Gants Premium Weber S\/M - Grills et Saveurs\" \/>\n<meta property=\"og:description\" content=\"Une paume en silicone pour mieux saisir vos ustensiles pr\u00e9f\u00e9r\u00e9s, les gants Premium Weber sont une n\u00e9cessit\u00e9 absolue pour les v\u00e9ritables experts du barbecue.\" \/>\n<meta property=\"og:url\" content=\"https:\/\/www.grills-saveurs.ch\/fr\/produit\/ensemble-de-gants-de-barbecue-weber-s-m\/\" \/>\n<meta property=\"og:site_name\" content=\"Grills et Saveurs\" \/>\n<meta property=\"article:modified_time\" content=\"2024-03-22T13:01:18+00:00\" \/>\n<meta property=\"og:image\" content=\"https:\/\/www.grills-saveurs.ch\/fr\/wp-content\/uploads\/2019\/03\/6669-Gants-Premium-Weber-S-M.png\" \/>\n\t<meta property=\"og:image:width\" content=\"1000\" \/>\n\t<meta property=\"og:image:height\" content=\"950\" \/>\n\t<meta property=\"og:image:type\" content=\"image\/png\" \/>\n<meta name=\"twitter:card\" content=\"summary_large_image\" \/>\n<meta name=\"twitter:label1\" content=\"Dur\u00e9e de lecture estim\u00e9e\" \/>\n\t<meta name=\"twitter:data1\" content=\"1 minute\" \/>\n<script type=\"application\/ld+json\" class=\"yoast-schema-graph\">{\"@context\":\"https:\/\/schema.org\",\"@graph\":[{\"@type\":\"WebSite\",\"@id\":\"https:\/\/www.grills-saveurs.ch\/fr\/#website\",\"url\":\"https:\/\/www.grills-saveurs.ch\/fr\/\",\"name\":\"Grills et Saveurs\",\"description\":\"Barbecues, Grills, Planchas, Chemin\u00e9es jardin - Lausanne, Suisse Romande\",\"potentialAction\":[{\"@type\":\"SearchAction\",\"target\":{\"@type\":\"EntryPoint\",\"urlTemplate\":\"https:\/\/www.grills-saveurs.ch\/fr\/?s={search_term_string}\"},\"query-input\":\"required name=search_term_string\"}],\"inLanguage\":\"fr-FR\"},{\"@type\":\"ImageObject\",\"@id\":\"https:\/\/www.grills-saveurs.ch\/fr\/produit\/ensemble-de-gants-de-barbecue-weber-s-m\/#primaryimage\",\"inLanguage\":\"fr-FR\",\"url\":\"https:\/\/www.grills-saveurs.ch\/fr\/wp-content\/uploads\/2019\/03\/6669-Gants-Premium-Weber-S-M.png\",\"contentUrl\":\"https:\/\/www.grills-saveurs.ch\/fr\/wp-content\/uploads\/2019\/03\/6669-Gants-Premium-Weber-S-M.png\",\"width\":1000,\"height\":950,\"caption\":\"6669 Gants Premium Weber S-M\"},{\"@type\":\"WebPage\",\"@id\":\"https:\/\/www.grills-saveurs.ch\/fr\/produit\/ensemble-de-gants-de-barbecue-weber-s-m\/#webpage\",\"url\":\"https:\/\/www.grills-saveurs.ch\/fr\/produit\/ensemble-de-gants-de-barbecue-weber-s-m\/\",\"name\":\"Gants Premium Weber S\/M - Grills et Saveurs\",\"isPartOf\":{\"@id\":\"https:\/\/www.grills-saveurs.ch\/fr\/#website\"},\"primaryImageOfPage\":{\"@id\":\"https:\/\/www.grills-saveurs.ch\/fr\/produit\/ensemble-de-gants-de-barbecue-weber-s-m\/#primaryimage\"},\"datePublished\":\"2019-03-07T08:00:38+00:00\",\"dateModified\":\"2024-03-22T13:01:18+00:00\",\"description\":\"Une paume en silicone pour mieux saisir vos ustensiles pr\u00e9f\u00e9r\u00e9s, les gants Premium Weber sont une n\u00e9cessit\u00e9 absolue pour les v\u00e9ritables experts du barbecue.\",\"breadcrumb\":{\"@id\":\"https:\/\/www.grills-saveurs.ch\/fr\/produit\/ensemble-de-gants-de-barbecue-weber-s-m\/#breadcrumb\"},\"inLanguage\":\"fr-FR\",\"potentialAction\":[{\"@type\":\"ReadAction\",\"target\":[\"https:\/\/www.grills-saveurs.ch\/fr\/produit\/ensemble-de-gants-de-barbecue-weber-s-m\/\"]}]},{\"@type\":\"BreadcrumbList\",\"@id\":\"https:\/\/www.grills-saveurs.ch\/fr\/produit\/ensemble-de-gants-de-barbecue-weber-s-m\/#breadcrumb\",\"itemListElement\":[{\"@type\":\"ListItem\",\"position\":1,\"name\":\"Accueil\",\"item\":\"https:\/\/www.grills-saveurs.ch\/fr\/\"},{\"@type\":\"ListItem\",\"position\":2,\"name\":\"Shop \/ Boutique\",\"item\":\"https:\/\/www.grills-saveurs.ch\/fr\/boutique\/\"},{\"@type\":\"ListItem\",\"position\":3,\"name\":\"Gants Premium Weber S\/M\"}]}]}<\/script>\n<!-- \/ Yoast SEO plugin. -->","yoast_head_json":{"title":"Gants Premium Weber S\/M - Grills et Saveurs","description":"Une paume en silicone pour mieux saisir vos ustensiles pr\u00e9f\u00e9r\u00e9s, les gants Premium Weber sont une n\u00e9cessit\u00e9 absolue pour les v\u00e9ritables experts du barbecue.","robots":{"index":"index","follow":"follow","max-snippet":"max-snippet:-1","max-image-preview":"max-image-preview:large","max-video-preview":"max-video-preview:-1"},"canonical":"https:\/\/www.grills-saveurs.ch\/fr\/produit\/ensemble-de-gants-de-barbecue-weber-s-m\/","og_locale":"fr_FR","og_type":"article","og_title":"Gants Premium Weber S\/M - Grills et Saveurs","og_description":"Une paume en silicone pour mieux saisir vos ustensiles pr\u00e9f\u00e9r\u00e9s, les gants Premium Weber sont une n\u00e9cessit\u00e9 absolue pour les v\u00e9ritables experts du barbecue.","og_url":"https:\/\/www.grills-saveurs.ch\/fr\/produit\/ensemble-de-gants-de-barbecue-weber-s-m\/","og_site_name":"Grills et Saveurs","article_modified_time":"2024-03-22T13:01:18+00:00","og_image":[{"width":1000,"height":950,"url":"https:\/\/www.grills-saveurs.ch\/fr\/wp-content\/uploads\/2019\/03\/6669-Gants-Premium-Weber-S-M.png","type":"image\/png"}],"twitter_card":"summary_large_image","twitter_misc":{"Dur\u00e9e de lecture estim\u00e9e":"1 minute"},"schema":{"@context":"https:\/\/schema.org","@graph":[{"@type":"WebSite","@id":"https:\/\/www.grills-saveurs.ch\/fr\/#website","url":"https:\/\/www.grills-saveurs.ch\/fr\/","name":"Grills et Saveurs","description":"Barbecues, Grills, Planchas, Chemin\u00e9es jardin - Lausanne, Suisse Romande","potentialAction":[{"@type":"SearchAction","target":{"@type":"EntryPoint","urlTemplate":"https:\/\/www.grills-saveurs.ch\/fr\/?s={search_term_string}"},"query-input":"required name=search_term_string"}],"inLanguage":"fr-FR"},{"@type":"ImageObject","@id":"https:\/\/www.grills-saveurs.ch\/fr\/produit\/ensemble-de-gants-de-barbecue-weber-s-m\/#primaryimage","inLanguage":"fr-FR","url":"https:\/\/www.grills-saveurs.ch\/fr\/wp-content\/uploads\/2019\/03\/6669-Gants-Premium-Weber-S-M.png","contentUrl":"https:\/\/www.grills-saveurs.ch\/fr\/wp-content\/uploads\/2019\/03\/6669-Gants-Premium-Weber-S-M.png","width":1000,"height":950,"caption":"6669 Gants Premium Weber S-M"},{"@type":"WebPage","@id":"https:\/\/www.grills-saveurs.ch\/fr\/produit\/ensemble-de-gants-de-barbecue-weber-s-m\/#webpage","url":"https:\/\/www.grills-saveurs.ch\/fr\/produit\/ensemble-de-gants-de-barbecue-weber-s-m\/","name":"Gants Premium Weber S\/M - Grills et Saveurs","isPartOf":{"@id":"https:\/\/www.grills-saveurs.ch\/fr\/#website"},"primaryImageOfPage":{"@id":"https:\/\/www.grills-saveurs.ch\/fr\/produit\/ensemble-de-gants-de-barbecue-weber-s-m\/#primaryimage"},"datePublished":"2019-03-07T08:00:38+00:00","dateModified":"2024-03-22T13:01:18+00:00","description":"Une paume en silicone pour mieux saisir vos ustensiles pr\u00e9f\u00e9r\u00e9s, les gants Premium Weber sont une n\u00e9cessit\u00e9 absolue pour les v\u00e9ritables experts du barbecue.","breadcrumb":{"@id":"https:\/\/www.grills-saveurs.ch\/fr\/produit\/ensemble-de-gants-de-barbecue-weber-s-m\/#breadcrumb"},"inLanguage":"fr-FR","potentialAction":[{"@type":"ReadAction","target":["https:\/\/www.grills-saveurs.ch\/fr\/produit\/ensemble-de-gants-de-barbecue-weber-s-m\/"]}]},{"@type":"BreadcrumbList","@id":"https:\/\/www.grills-saveurs.ch\/fr\/produit\/ensemble-de-gants-de-barbecue-weber-s-m\/#breadcrumb","itemListElement":[{"@type":"ListItem","position":1,"name":"Accueil","item":"https:\/\/www.grills-saveurs.ch\/fr\/"},{"@type":"ListItem","position":2,"name":"Shop \/ Boutique","item":"https:\/\/www.grills-saveurs.ch\/fr\/boutique\/"},{"@type":"ListItem","position":3,"name":"Gants Premium Weber S\/M"}]}]}},"_links":{"self":[{"href":"https:\/\/www.grills-saveurs.ch\/fr\/wp-json\/wp\/v2\/product\/1678"}],"collection":[{"href":"https:\/\/www.grills-saveurs.ch\/fr\/wp-json\/wp\/v2\/product"}],"about":[{"href":"https:\/\/www.grills-saveurs.ch\/fr\/wp-json\/wp\/v2\/types\/product"}],"wp:featuredmedia":[{"embeddable":true,"href":"https:\/\/www.grills-saveurs.ch\/fr\/wp-json\/wp\/v2\/media\/4101"}],"wp:attachment":[{"href":"https:\/\/www.grills-saveurs.ch\/fr\/wp-json\/wp\/v2\/media?parent=1678"}],"wp:term":[{"taxonomy":"product_cat","embeddable":true,"href":"https:\/\/www.grills-saveurs.ch\/fr\/wp-json\/wp\/v2\/product_cat?post=1678"},{"taxonomy":"product_tag","embeddable":true,"href":"https:\/\/www.grills-saveurs.ch\/fr\/wp-json\/wp\/v2\/product_tag?post=1678"}],"curies":[{"name":"wp","href":"https:\/\/api.w.org\/{rel}","templated":true}]}}