{"id":1680,"date":"2019-03-07T09:00:39","date_gmt":"2019-03-07T08:00:39","guid":{"rendered":"https:\/\/www.grills-saveurs.ch\/fr\/produit\/tablier-weber-noir\/"},"modified":"2024-03-22T15:20:16","modified_gmt":"2024-03-22T14:20:16","slug":"tablier-weber-noir","status":"publish","type":"product","link":"https:\/\/www.grills-saveurs.ch\/fr\/produit\/tablier-weber-noir\/","title":{"rendered":"Tablier Weber noir, petit"},"content":{"rendered":"<div>\u00c9l\u00e9gant tablier Weber qui prot\u00e8ge vos v\u00eatements pendant la cuisson. Le cadeau id\u00e9al pour tous les amateurs de barbecue.<\/div>\n<p class=\"text-grey\"><strong>CARACT\u00c9RISTIQUES<\/strong><\/p>\n<ul>\n<li>Conseils de nettoyage : lavable en machine<\/li>\n<li>Taille unique<\/li>\n<li>Mat\u00e9riau\u00a0: 100 % coton<\/li>\n<\/ul>\n","protected":false},"excerpt":{"rendered":"<p>8301<\/p>\n","protected":false},"featured_media":4093,"template":"","meta":[],"product_cat":[119],"product_tag":[84],"yoast_head":"<!-- This site is optimized with the Yoast SEO plugin v18.2 - https:\/\/yoast.com\/wordpress\/plugins\/seo\/ -->\n<title>Tablier Weber noir, petit - Grills et Saveurs<\/title>\n<meta name=\"description\" content=\"\u00c9l\u00e9gant tablier Weber qui prot\u00e8ge vos v\u00eatements pendant la cuisson. Le cadeau id\u00e9al pour offrir \u00e0 tous les amateurs de barbecue.\" \/>\n<meta name=\"robots\" content=\"index, follow, max-snippet:-1, max-image-preview:large, max-video-preview:-1\" \/>\n<link rel=\"canonical\" href=\"https:\/\/www.grills-saveurs.ch\/fr\/produit\/tablier-weber-noir\/\" \/>\n<meta property=\"og:locale\" content=\"fr_FR\" \/>\n<meta property=\"og:type\" content=\"article\" \/>\n<meta property=\"og:title\" content=\"Tablier Weber noir, petit - Grills et Saveurs\" \/>\n<meta property=\"og:description\" content=\"\u00c9l\u00e9gant tablier Weber qui prot\u00e8ge vos v\u00eatements pendant la cuisson. Le cadeau id\u00e9al pour offrir \u00e0 tous les amateurs de barbecue.\" \/>\n<meta property=\"og:url\" content=\"https:\/\/www.grills-saveurs.ch\/fr\/produit\/tablier-weber-noir\/\" \/>\n<meta property=\"og:site_name\" content=\"Grills et Saveurs\" \/>\n<meta property=\"article:modified_time\" content=\"2024-03-22T14:20:16+00:00\" \/>\n<meta property=\"og:image\" content=\"https:\/\/www.grills-saveurs.ch\/fr\/wp-content\/uploads\/2019\/03\/8301-Tablier-noir-petit.png\" \/>\n\t<meta property=\"og:image:width\" content=\"1000\" \/>\n\t<meta property=\"og:image:height\" content=\"950\" \/>\n\t<meta property=\"og:image:type\" content=\"image\/png\" \/>\n<meta name=\"twitter:card\" content=\"summary_large_image\" \/>\n<script type=\"application\/ld+json\" class=\"yoast-schema-graph\">{\"@context\":\"https:\/\/schema.org\",\"@graph\":[{\"@type\":\"WebSite\",\"@id\":\"https:\/\/www.grills-saveurs.ch\/fr\/#website\",\"url\":\"https:\/\/www.grills-saveurs.ch\/fr\/\",\"name\":\"Grills et Saveurs\",\"description\":\"Barbecues, Grills, Planchas, Chemin\u00e9es jardin - Lausanne, Suisse Romande\",\"potentialAction\":[{\"@type\":\"SearchAction\",\"target\":{\"@type\":\"EntryPoint\",\"urlTemplate\":\"https:\/\/www.grills-saveurs.ch\/fr\/?s={search_term_string}\"},\"query-input\":\"required name=search_term_string\"}],\"inLanguage\":\"fr-FR\"},{\"@type\":\"ImageObject\",\"@id\":\"https:\/\/www.grills-saveurs.ch\/fr\/produit\/tablier-weber-noir\/#primaryimage\",\"inLanguage\":\"fr-FR\",\"url\":\"https:\/\/www.grills-saveurs.ch\/fr\/wp-content\/uploads\/2019\/03\/8301-Tablier-noir-petit.png\",\"contentUrl\":\"https:\/\/www.grills-saveurs.ch\/fr\/wp-content\/uploads\/2019\/03\/8301-Tablier-noir-petit.png\",\"width\":1000,\"height\":950,\"caption\":\"8301 Tablier noir, petit\"},{\"@type\":\"WebPage\",\"@id\":\"https:\/\/www.grills-saveurs.ch\/fr\/produit\/tablier-weber-noir\/#webpage\",\"url\":\"https:\/\/www.grills-saveurs.ch\/fr\/produit\/tablier-weber-noir\/\",\"name\":\"Tablier Weber noir, petit - Grills et Saveurs\",\"isPartOf\":{\"@id\":\"https:\/\/www.grills-saveurs.ch\/fr\/#website\"},\"primaryImageOfPage\":{\"@id\":\"https:\/\/www.grills-saveurs.ch\/fr\/produit\/tablier-weber-noir\/#primaryimage\"},\"datePublished\":\"2019-03-07T08:00:39+00:00\",\"dateModified\":\"2024-03-22T14:20:16+00:00\",\"description\":\"\u00c9l\u00e9gant tablier Weber qui prot\u00e8ge vos v\u00eatements pendant la cuisson. Le cadeau id\u00e9al pour offrir \u00e0 tous les amateurs de barbecue.\",\"breadcrumb\":{\"@id\":\"https:\/\/www.grills-saveurs.ch\/fr\/produit\/tablier-weber-noir\/#breadcrumb\"},\"inLanguage\":\"fr-FR\",\"potentialAction\":[{\"@type\":\"ReadAction\",\"target\":[\"https:\/\/www.grills-saveurs.ch\/fr\/produit\/tablier-weber-noir\/\"]}]},{\"@type\":\"BreadcrumbList\",\"@id\":\"https:\/\/www.grills-saveurs.ch\/fr\/produit\/tablier-weber-noir\/#breadcrumb\",\"itemListElement\":[{\"@type\":\"ListItem\",\"position\":1,\"name\":\"Accueil\",\"item\":\"https:\/\/www.grills-saveurs.ch\/fr\/\"},{\"@type\":\"ListItem\",\"position\":2,\"name\":\"Shop \/ Boutique\",\"item\":\"https:\/\/www.grills-saveurs.ch\/fr\/boutique\/\"},{\"@type\":\"ListItem\",\"position\":3,\"name\":\"Tablier Weber noir, petit\"}]}]}<\/script>\n<!-- \/ Yoast SEO plugin. -->","yoast_head_json":{"title":"Tablier Weber noir, petit - Grills et Saveurs","description":"\u00c9l\u00e9gant tablier Weber qui prot\u00e8ge vos v\u00eatements pendant la cuisson. Le cadeau id\u00e9al pour offrir \u00e0 tous les amateurs de barbecue.","robots":{"index":"index","follow":"follow","max-snippet":"max-snippet:-1","max-image-preview":"max-image-preview:large","max-video-preview":"max-video-preview:-1"},"canonical":"https:\/\/www.grills-saveurs.ch\/fr\/produit\/tablier-weber-noir\/","og_locale":"fr_FR","og_type":"article","og_title":"Tablier Weber noir, petit - Grills et Saveurs","og_description":"\u00c9l\u00e9gant tablier Weber qui prot\u00e8ge vos v\u00eatements pendant la cuisson. Le cadeau id\u00e9al pour offrir \u00e0 tous les amateurs de barbecue.","og_url":"https:\/\/www.grills-saveurs.ch\/fr\/produit\/tablier-weber-noir\/","og_site_name":"Grills et Saveurs","article_modified_time":"2024-03-22T14:20:16+00:00","og_image":[{"width":1000,"height":950,"url":"https:\/\/www.grills-saveurs.ch\/fr\/wp-content\/uploads\/2019\/03\/8301-Tablier-noir-petit.png","type":"image\/png"}],"twitter_card":"summary_large_image","schema":{"@context":"https:\/\/schema.org","@graph":[{"@type":"WebSite","@id":"https:\/\/www.grills-saveurs.ch\/fr\/#website","url":"https:\/\/www.grills-saveurs.ch\/fr\/","name":"Grills et Saveurs","description":"Barbecues, Grills, Planchas, Chemin\u00e9es jardin - Lausanne, Suisse Romande","potentialAction":[{"@type":"SearchAction","target":{"@type":"EntryPoint","urlTemplate":"https:\/\/www.grills-saveurs.ch\/fr\/?s={search_term_string}"},"query-input":"required name=search_term_string"}],"inLanguage":"fr-FR"},{"@type":"ImageObject","@id":"https:\/\/www.grills-saveurs.ch\/fr\/produit\/tablier-weber-noir\/#primaryimage","inLanguage":"fr-FR","url":"https:\/\/www.grills-saveurs.ch\/fr\/wp-content\/uploads\/2019\/03\/8301-Tablier-noir-petit.png","contentUrl":"https:\/\/www.grills-saveurs.ch\/fr\/wp-content\/uploads\/2019\/03\/8301-Tablier-noir-petit.png","width":1000,"height":950,"caption":"8301 Tablier noir, petit"},{"@type":"WebPage","@id":"https:\/\/www.grills-saveurs.ch\/fr\/produit\/tablier-weber-noir\/#webpage","url":"https:\/\/www.grills-saveurs.ch\/fr\/produit\/tablier-weber-noir\/","name":"Tablier Weber noir, petit - Grills et Saveurs","isPartOf":{"@id":"https:\/\/www.grills-saveurs.ch\/fr\/#website"},"primaryImageOfPage":{"@id":"https:\/\/www.grills-saveurs.ch\/fr\/produit\/tablier-weber-noir\/#primaryimage"},"datePublished":"2019-03-07T08:00:39+00:00","dateModified":"2024-03-22T14:20:16+00:00","description":"\u00c9l\u00e9gant tablier Weber qui prot\u00e8ge vos v\u00eatements pendant la cuisson. Le cadeau id\u00e9al pour offrir \u00e0 tous les amateurs de barbecue.","breadcrumb":{"@id":"https:\/\/www.grills-saveurs.ch\/fr\/produit\/tablier-weber-noir\/#breadcrumb"},"inLanguage":"fr-FR","potentialAction":[{"@type":"ReadAction","target":["https:\/\/www.grills-saveurs.ch\/fr\/produit\/tablier-weber-noir\/"]}]},{"@type":"BreadcrumbList","@id":"https:\/\/www.grills-saveurs.ch\/fr\/produit\/tablier-weber-noir\/#breadcrumb","itemListElement":[{"@type":"ListItem","position":1,"name":"Accueil","item":"https:\/\/www.grills-saveurs.ch\/fr\/"},{"@type":"ListItem","position":2,"name":"Shop \/ Boutique","item":"https:\/\/www.grills-saveurs.ch\/fr\/boutique\/"},{"@type":"ListItem","position":3,"name":"Tablier Weber noir, petit"}]}]}},"_links":{"self":[{"href":"https:\/\/www.grills-saveurs.ch\/fr\/wp-json\/wp\/v2\/product\/1680"}],"collection":[{"href":"https:\/\/www.grills-saveurs.ch\/fr\/wp-json\/wp\/v2\/product"}],"about":[{"href":"https:\/\/www.grills-saveurs.ch\/fr\/wp-json\/wp\/v2\/types\/product"}],"wp:featuredmedia":[{"embeddable":true,"href":"https:\/\/www.grills-saveurs.ch\/fr\/wp-json\/wp\/v2\/media\/4093"}],"wp:attachment":[{"href":"https:\/\/www.grills-saveurs.ch\/fr\/wp-json\/wp\/v2\/media?parent=1680"}],"wp:term":[{"taxonomy":"product_cat","embeddable":true,"href":"https:\/\/www.grills-saveurs.ch\/fr\/wp-json\/wp\/v2\/product_cat?post=1680"},{"taxonomy":"product_tag","embeddable":true,"href":"https:\/\/www.grills-saveurs.ch\/fr\/wp-json\/wp\/v2\/product_tag?post=1680"}],"curies":[{"name":"wp","href":"https:\/\/api.w.org\/{rel}","templated":true}]}}