{"id":1688,"date":"2019-03-07T09:00:41","date_gmt":"2019-03-07T08:00:41","guid":{"rendered":"https:\/\/www.grills-saveurs.ch\/fr\/produit\/weber-igrill-3\/"},"modified":"2024-03-21T11:32:29","modified_gmt":"2024-03-21T10:32:29","slug":"weber-igrill-3","status":"publish","type":"product","link":"https:\/\/www.grills-saveurs.ch\/fr\/produit\/weber-igrill-3\/","title":{"rendered":"iGrill 3 Weber"},"content":{"rendered":"<p><strong>Compatible : Genesis II, Genesis II LX et Spirit II s\u00e9ries<\/strong><\/p>\n<p>Garantie des grillades parfaites \u00e0 tous les coups, le Weber iGrill 3 se fixe directement sur votre barbecue \u00e0 gaz Genesis II ou Spirit II. Ce thermom\u00e8tre connect\u00e9 vous permet de surveiller simultan\u00e9ment la cuisson jusqu\u2019\u00e0 quatre morceaux de viande, du d\u00e9but \u00e0 la fin, puis vous notifie lorsqu\u2019ils ont atteint la temp\u00e9rature de service id\u00e9ale.<\/p>\n<p>Apple: iOS 9 ou de g\u00e9n\u00e9ration post\u00e9rieure :<br \/>\n\u2022 iPhone 4S ou de g\u00e9n\u00e9ration post\u00e9rieure<br \/>\n\u2022 iPad de 3\u00e8me g\u00e9n\u00e9ration ou de g\u00e9n\u00e9ration post\u00e9rieure<br \/>\n\u2022 iPad mini<br \/>\n\u2022 iPod touch de 6\u00e8me g\u00e9n\u00e9ration ou de g\u00e9n\u00e9ration post\u00e9rieure<\/p>\n<p>Android : La plupart des t\u00e9l\u00e9phones Android avec une Version 4.4 ou plus r\u00e9cente, et Bluetooth avec une version 4.0 ou plus r\u00e9cente.<\/p>\n<p>IMPORTANT: Certains appareils ne sont pas compatibles avec l&rsquo;application Weber iGrill y compris: iPhone 4, iPad 1\u00e8re ou 2\u00e8me g\u00e9n\u00e9ration et les t\u00e9l\u00e9phones Huawei.<\/p>\n<p><strong>CARACT\u00c9RISTIQUES<\/strong><\/p>\n<ul>\n<li>Connexion possible de quatre sondes (deux sondes pour viande fournies)<\/li>\n<li>Fonctionne avec l&rsquo;application Weber iGrill<\/li>\n<li>Connectivit\u00e9 Bluetooth\u00ae<\/li>\n<li>Suivi de la temp\u00e9rature<\/li>\n<li>Alertes de temp\u00e9rature des grillades<\/li>\n<li>Alertes de temp\u00e9rature du barbecue<\/li>\n<li>Pr\u00e9r\u00e9glages de temp\u00e9rature favorite<\/li>\n<li>Minuteurs<\/li>\n<li>Sonde pour viande thermor\u00e9sistante (jusqu\u2019\u00e0 380 \u00b0c)<\/li>\n<li>Plage de mesure de -30 \u00b0c \u00e0 300 \u00b0c<\/li>\n<li>Autonomie de 250 heures (piles incluses)<\/li>\n<li>Conseils de nettoyage : nettoyer \u00e0 l\u2019aide d\u2019un chiffon non pelucheux et d\u2019un d\u00e9tergent non abrasif. ne jamais immerger dans un liquide : l\u2019article n\u2019est pas \u00e9tanche.<\/li>\n<\/ul>\n","protected":false},"excerpt":{"rendered":"<p>7205<\/p>\n","protected":false},"featured_media":4083,"template":"","meta":[],"product_cat":[118],"product_tag":[84],"yoast_head":"<!-- This site is optimized with the Yoast SEO plugin v18.2 - https:\/\/yoast.com\/wordpress\/plugins\/seo\/ -->\n<title>iGrill 3 Weber - Grills et Saveurs<\/title>\n<meta name=\"robots\" content=\"index, follow, max-snippet:-1, max-image-preview:large, max-video-preview:-1\" \/>\n<link rel=\"canonical\" href=\"https:\/\/www.grills-saveurs.ch\/fr\/produit\/weber-igrill-3\/\" \/>\n<meta property=\"og:locale\" content=\"fr_FR\" \/>\n<meta property=\"og:type\" content=\"article\" \/>\n<meta property=\"og:title\" content=\"iGrill 3 Weber - Grills et Saveurs\" \/>\n<meta property=\"og:description\" content=\"7205\" \/>\n<meta property=\"og:url\" content=\"https:\/\/www.grills-saveurs.ch\/fr\/produit\/weber-igrill-3\/\" \/>\n<meta property=\"og:site_name\" content=\"Grills et Saveurs\" \/>\n<meta property=\"article:modified_time\" content=\"2024-03-21T10:32:29+00:00\" \/>\n<meta property=\"og:image\" content=\"https:\/\/www.grills-saveurs.ch\/fr\/wp-content\/uploads\/2019\/03\/7204-iGrill-3.png\" \/>\n\t<meta property=\"og:image:width\" content=\"1000\" \/>\n\t<meta property=\"og:image:height\" content=\"950\" \/>\n\t<meta property=\"og:image:type\" content=\"image\/png\" \/>\n<meta name=\"twitter:card\" content=\"summary_large_image\" \/>\n<meta name=\"twitter:label1\" content=\"Dur\u00e9e de lecture estim\u00e9e\" \/>\n\t<meta name=\"twitter:data1\" content=\"1 minute\" \/>\n<script type=\"application\/ld+json\" class=\"yoast-schema-graph\">{\"@context\":\"https:\/\/schema.org\",\"@graph\":[{\"@type\":\"WebSite\",\"@id\":\"https:\/\/www.grills-saveurs.ch\/fr\/#website\",\"url\":\"https:\/\/www.grills-saveurs.ch\/fr\/\",\"name\":\"Grills et Saveurs\",\"description\":\"Barbecues, Grills, Planchas, Chemin\u00e9es jardin - Lausanne, Suisse Romande\",\"potentialAction\":[{\"@type\":\"SearchAction\",\"target\":{\"@type\":\"EntryPoint\",\"urlTemplate\":\"https:\/\/www.grills-saveurs.ch\/fr\/?s={search_term_string}\"},\"query-input\":\"required name=search_term_string\"}],\"inLanguage\":\"fr-FR\"},{\"@type\":\"ImageObject\",\"@id\":\"https:\/\/www.grills-saveurs.ch\/fr\/produit\/weber-igrill-3\/#primaryimage\",\"inLanguage\":\"fr-FR\",\"url\":\"https:\/\/www.grills-saveurs.ch\/fr\/wp-content\/uploads\/2019\/03\/7204-iGrill-3.png\",\"contentUrl\":\"https:\/\/www.grills-saveurs.ch\/fr\/wp-content\/uploads\/2019\/03\/7204-iGrill-3.png\",\"width\":1000,\"height\":950,\"caption\":\"7204 iGrill 3\"},{\"@type\":\"WebPage\",\"@id\":\"https:\/\/www.grills-saveurs.ch\/fr\/produit\/weber-igrill-3\/#webpage\",\"url\":\"https:\/\/www.grills-saveurs.ch\/fr\/produit\/weber-igrill-3\/\",\"name\":\"iGrill 3 Weber - Grills et Saveurs\",\"isPartOf\":{\"@id\":\"https:\/\/www.grills-saveurs.ch\/fr\/#website\"},\"primaryImageOfPage\":{\"@id\":\"https:\/\/www.grills-saveurs.ch\/fr\/produit\/weber-igrill-3\/#primaryimage\"},\"datePublished\":\"2019-03-07T08:00:41+00:00\",\"dateModified\":\"2024-03-21T10:32:29+00:00\",\"breadcrumb\":{\"@id\":\"https:\/\/www.grills-saveurs.ch\/fr\/produit\/weber-igrill-3\/#breadcrumb\"},\"inLanguage\":\"fr-FR\",\"potentialAction\":[{\"@type\":\"ReadAction\",\"target\":[\"https:\/\/www.grills-saveurs.ch\/fr\/produit\/weber-igrill-3\/\"]}]},{\"@type\":\"BreadcrumbList\",\"@id\":\"https:\/\/www.grills-saveurs.ch\/fr\/produit\/weber-igrill-3\/#breadcrumb\",\"itemListElement\":[{\"@type\":\"ListItem\",\"position\":1,\"name\":\"Accueil\",\"item\":\"https:\/\/www.grills-saveurs.ch\/fr\/\"},{\"@type\":\"ListItem\",\"position\":2,\"name\":\"Shop \/ Boutique\",\"item\":\"https:\/\/www.grills-saveurs.ch\/fr\/boutique\/\"},{\"@type\":\"ListItem\",\"position\":3,\"name\":\"iGrill 3 Weber\"}]}]}<\/script>\n<!-- \/ Yoast SEO plugin. -->","yoast_head_json":{"title":"iGrill 3 Weber - Grills et Saveurs","robots":{"index":"index","follow":"follow","max-snippet":"max-snippet:-1","max-image-preview":"max-image-preview:large","max-video-preview":"max-video-preview:-1"},"canonical":"https:\/\/www.grills-saveurs.ch\/fr\/produit\/weber-igrill-3\/","og_locale":"fr_FR","og_type":"article","og_title":"iGrill 3 Weber - Grills et Saveurs","og_description":"7205","og_url":"https:\/\/www.grills-saveurs.ch\/fr\/produit\/weber-igrill-3\/","og_site_name":"Grills et Saveurs","article_modified_time":"2024-03-21T10:32:29+00:00","og_image":[{"width":1000,"height":950,"url":"https:\/\/www.grills-saveurs.ch\/fr\/wp-content\/uploads\/2019\/03\/7204-iGrill-3.png","type":"image\/png"}],"twitter_card":"summary_large_image","twitter_misc":{"Dur\u00e9e de lecture estim\u00e9e":"1 minute"},"schema":{"@context":"https:\/\/schema.org","@graph":[{"@type":"WebSite","@id":"https:\/\/www.grills-saveurs.ch\/fr\/#website","url":"https:\/\/www.grills-saveurs.ch\/fr\/","name":"Grills et Saveurs","description":"Barbecues, Grills, Planchas, Chemin\u00e9es jardin - Lausanne, Suisse Romande","potentialAction":[{"@type":"SearchAction","target":{"@type":"EntryPoint","urlTemplate":"https:\/\/www.grills-saveurs.ch\/fr\/?s={search_term_string}"},"query-input":"required name=search_term_string"}],"inLanguage":"fr-FR"},{"@type":"ImageObject","@id":"https:\/\/www.grills-saveurs.ch\/fr\/produit\/weber-igrill-3\/#primaryimage","inLanguage":"fr-FR","url":"https:\/\/www.grills-saveurs.ch\/fr\/wp-content\/uploads\/2019\/03\/7204-iGrill-3.png","contentUrl":"https:\/\/www.grills-saveurs.ch\/fr\/wp-content\/uploads\/2019\/03\/7204-iGrill-3.png","width":1000,"height":950,"caption":"7204 iGrill 3"},{"@type":"WebPage","@id":"https:\/\/www.grills-saveurs.ch\/fr\/produit\/weber-igrill-3\/#webpage","url":"https:\/\/www.grills-saveurs.ch\/fr\/produit\/weber-igrill-3\/","name":"iGrill 3 Weber - Grills et Saveurs","isPartOf":{"@id":"https:\/\/www.grills-saveurs.ch\/fr\/#website"},"primaryImageOfPage":{"@id":"https:\/\/www.grills-saveurs.ch\/fr\/produit\/weber-igrill-3\/#primaryimage"},"datePublished":"2019-03-07T08:00:41+00:00","dateModified":"2024-03-21T10:32:29+00:00","breadcrumb":{"@id":"https:\/\/www.grills-saveurs.ch\/fr\/produit\/weber-igrill-3\/#breadcrumb"},"inLanguage":"fr-FR","potentialAction":[{"@type":"ReadAction","target":["https:\/\/www.grills-saveurs.ch\/fr\/produit\/weber-igrill-3\/"]}]},{"@type":"BreadcrumbList","@id":"https:\/\/www.grills-saveurs.ch\/fr\/produit\/weber-igrill-3\/#breadcrumb","itemListElement":[{"@type":"ListItem","position":1,"name":"Accueil","item":"https:\/\/www.grills-saveurs.ch\/fr\/"},{"@type":"ListItem","position":2,"name":"Shop \/ Boutique","item":"https:\/\/www.grills-saveurs.ch\/fr\/boutique\/"},{"@type":"ListItem","position":3,"name":"iGrill 3 Weber"}]}]}},"_links":{"self":[{"href":"https:\/\/www.grills-saveurs.ch\/fr\/wp-json\/wp\/v2\/product\/1688"}],"collection":[{"href":"https:\/\/www.grills-saveurs.ch\/fr\/wp-json\/wp\/v2\/product"}],"about":[{"href":"https:\/\/www.grills-saveurs.ch\/fr\/wp-json\/wp\/v2\/types\/product"}],"wp:featuredmedia":[{"embeddable":true,"href":"https:\/\/www.grills-saveurs.ch\/fr\/wp-json\/wp\/v2\/media\/4083"}],"wp:attachment":[{"href":"https:\/\/www.grills-saveurs.ch\/fr\/wp-json\/wp\/v2\/media?parent=1688"}],"wp:term":[{"taxonomy":"product_cat","embeddable":true,"href":"https:\/\/www.grills-saveurs.ch\/fr\/wp-json\/wp\/v2\/product_cat?post=1688"},{"taxonomy":"product_tag","embeddable":true,"href":"https:\/\/www.grills-saveurs.ch\/fr\/wp-json\/wp\/v2\/product_tag?post=1688"}],"curies":[{"name":"wp","href":"https:\/\/api.w.org\/{rel}","templated":true}]}}