{"id":1690,"date":"2019-03-07T09:00:42","date_gmt":"2019-03-07T08:00:42","guid":{"rendered":"https:\/\/www.grills-saveurs.ch\/fr\/produit\/capteur-a-viande-igrill-pro-weber\/"},"modified":"2024-03-21T11:16:37","modified_gmt":"2024-03-21T10:16:37","slug":"capteur-a-viande-igrill-pro-weber","status":"publish","type":"product","link":"https:\/\/www.grills-saveurs.ch\/fr\/produit\/capteur-a-viande-igrill-pro-weber\/","title":{"rendered":"Sonde pour viande"},"content":{"rendered":"<p>La sonde pour iGrill robuste en acier inoxydable mesure les temp\u00e9ratures de -30 \u00e0 300 \u00b0C et est con\u00e7ue pour r\u00e9sister aux temp\u00e9ratures extr\u00eames d\u2019une journ\u00e9e enti\u00e8re de grillades.<\/p>\n<p><strong>CARACT\u00c9RISTIQUES<\/strong><\/p>\n<ul>\n<li>Une sonde de temp\u00e9rature fournie<\/li>\n<li>Compatible avec les <a href=\"https:\/\/www.grills-saveurs.ch\/fr\/product-category\/accessoires-weber\/cuisson\/i-grill-thermometres-et-minuteurs\/\">thermom\u00e8tres connect\u00e9s iGrill et Weber Connect<\/a><\/li>\n<li>Thermor\u00e9sistant<\/li>\n<li>Quatre bagues de couleurs diff\u00e9rentes<\/li>\n<li>Enrouleur de sonde pour stockage et rangement<\/li>\n<li>Conseils de nettoyage : ne pas immerger la sonde\/le c\u00e2ble dans l\u2019eau. ne passe pas au lave-vaisselle. Nettoyer avec un chiffon\/une lingette humide. \u00e9viter le contact de liquide au niveau du branchement du c\u00e2ble sur la sonde.<\/li>\n<\/ul>\n","protected":false},"excerpt":{"rendered":"<p>7211<\/p>\n","protected":false},"featured_media":4075,"template":"","meta":[],"product_cat":[118],"product_tag":[84],"yoast_head":"<!-- This site is optimized with the Yoast SEO plugin v18.2 - https:\/\/yoast.com\/wordpress\/plugins\/seo\/ -->\n<title>Sonde pour viande - Grills et Saveurs<\/title>\n<meta name=\"description\" content=\"La sonde pour viande iGrill robuste en acier inoxydable mesure les temp\u00e9ratures de -30 \u00e0 300 \u00b0C et est con\u00e7ue pour r\u00e9sister aux temp\u00e9ratures extr\u00eames.\" \/>\n<meta name=\"robots\" content=\"index, follow, max-snippet:-1, max-image-preview:large, max-video-preview:-1\" \/>\n<link rel=\"canonical\" href=\"https:\/\/www.grills-saveurs.ch\/fr\/produit\/capteur-a-viande-igrill-pro-weber\/\" \/>\n<meta property=\"og:locale\" content=\"fr_FR\" \/>\n<meta property=\"og:type\" content=\"article\" \/>\n<meta property=\"og:title\" content=\"Sonde pour viande - Grills et Saveurs\" \/>\n<meta property=\"og:description\" content=\"La sonde pour viande iGrill robuste en acier inoxydable mesure les temp\u00e9ratures de -30 \u00e0 300 \u00b0C et est con\u00e7ue pour r\u00e9sister aux temp\u00e9ratures extr\u00eames.\" \/>\n<meta property=\"og:url\" content=\"https:\/\/www.grills-saveurs.ch\/fr\/produit\/capteur-a-viande-igrill-pro-weber\/\" \/>\n<meta property=\"og:site_name\" content=\"Grills et Saveurs\" \/>\n<meta property=\"article:modified_time\" content=\"2024-03-21T10:16:37+00:00\" \/>\n<meta property=\"og:image\" content=\"https:\/\/www.grills-saveurs.ch\/fr\/wp-content\/uploads\/2019\/03\/7211-Sonde-pour-viande-iGrill.png\" \/>\n\t<meta property=\"og:image:width\" content=\"1000\" \/>\n\t<meta property=\"og:image:height\" content=\"950\" \/>\n\t<meta property=\"og:image:type\" content=\"image\/png\" \/>\n<meta name=\"twitter:card\" content=\"summary_large_image\" \/>\n<meta name=\"twitter:label1\" content=\"Dur\u00e9e de lecture estim\u00e9e\" \/>\n\t<meta name=\"twitter:data1\" content=\"1 minute\" \/>\n<script type=\"application\/ld+json\" class=\"yoast-schema-graph\">{\"@context\":\"https:\/\/schema.org\",\"@graph\":[{\"@type\":\"WebSite\",\"@id\":\"https:\/\/www.grills-saveurs.ch\/fr\/#website\",\"url\":\"https:\/\/www.grills-saveurs.ch\/fr\/\",\"name\":\"Grills et Saveurs\",\"description\":\"Barbecues, Grills, Planchas, Chemin\u00e9es jardin - Lausanne, Suisse Romande\",\"potentialAction\":[{\"@type\":\"SearchAction\",\"target\":{\"@type\":\"EntryPoint\",\"urlTemplate\":\"https:\/\/www.grills-saveurs.ch\/fr\/?s={search_term_string}\"},\"query-input\":\"required name=search_term_string\"}],\"inLanguage\":\"fr-FR\"},{\"@type\":\"ImageObject\",\"@id\":\"https:\/\/www.grills-saveurs.ch\/fr\/produit\/capteur-a-viande-igrill-pro-weber\/#primaryimage\",\"inLanguage\":\"fr-FR\",\"url\":\"https:\/\/www.grills-saveurs.ch\/fr\/wp-content\/uploads\/2019\/03\/7211-Sonde-pour-viande-iGrill.png\",\"contentUrl\":\"https:\/\/www.grills-saveurs.ch\/fr\/wp-content\/uploads\/2019\/03\/7211-Sonde-pour-viande-iGrill.png\",\"width\":1000,\"height\":950,\"caption\":\"7211 Sonde pour viande Weber iGrill\"},{\"@type\":\"WebPage\",\"@id\":\"https:\/\/www.grills-saveurs.ch\/fr\/produit\/capteur-a-viande-igrill-pro-weber\/#webpage\",\"url\":\"https:\/\/www.grills-saveurs.ch\/fr\/produit\/capteur-a-viande-igrill-pro-weber\/\",\"name\":\"Sonde pour viande - Grills et Saveurs\",\"isPartOf\":{\"@id\":\"https:\/\/www.grills-saveurs.ch\/fr\/#website\"},\"primaryImageOfPage\":{\"@id\":\"https:\/\/www.grills-saveurs.ch\/fr\/produit\/capteur-a-viande-igrill-pro-weber\/#primaryimage\"},\"datePublished\":\"2019-03-07T08:00:42+00:00\",\"dateModified\":\"2024-03-21T10:16:37+00:00\",\"description\":\"La sonde pour viande iGrill robuste en acier inoxydable mesure les temp\u00e9ratures de -30 \u00e0 300 \u00b0C et est con\u00e7ue pour r\u00e9sister aux temp\u00e9ratures extr\u00eames.\",\"breadcrumb\":{\"@id\":\"https:\/\/www.grills-saveurs.ch\/fr\/produit\/capteur-a-viande-igrill-pro-weber\/#breadcrumb\"},\"inLanguage\":\"fr-FR\",\"potentialAction\":[{\"@type\":\"ReadAction\",\"target\":[\"https:\/\/www.grills-saveurs.ch\/fr\/produit\/capteur-a-viande-igrill-pro-weber\/\"]}]},{\"@type\":\"BreadcrumbList\",\"@id\":\"https:\/\/www.grills-saveurs.ch\/fr\/produit\/capteur-a-viande-igrill-pro-weber\/#breadcrumb\",\"itemListElement\":[{\"@type\":\"ListItem\",\"position\":1,\"name\":\"Accueil\",\"item\":\"https:\/\/www.grills-saveurs.ch\/fr\/\"},{\"@type\":\"ListItem\",\"position\":2,\"name\":\"Shop \/ Boutique\",\"item\":\"https:\/\/www.grills-saveurs.ch\/fr\/boutique\/\"},{\"@type\":\"ListItem\",\"position\":3,\"name\":\"Sonde pour viande\"}]}]}<\/script>\n<!-- \/ Yoast SEO plugin. -->","yoast_head_json":{"title":"Sonde pour viande - Grills et Saveurs","description":"La sonde pour viande iGrill robuste en acier inoxydable mesure les temp\u00e9ratures de -30 \u00e0 300 \u00b0C et est con\u00e7ue pour r\u00e9sister aux temp\u00e9ratures extr\u00eames.","robots":{"index":"index","follow":"follow","max-snippet":"max-snippet:-1","max-image-preview":"max-image-preview:large","max-video-preview":"max-video-preview:-1"},"canonical":"https:\/\/www.grills-saveurs.ch\/fr\/produit\/capteur-a-viande-igrill-pro-weber\/","og_locale":"fr_FR","og_type":"article","og_title":"Sonde pour viande - Grills et Saveurs","og_description":"La sonde pour viande iGrill robuste en acier inoxydable mesure les temp\u00e9ratures de -30 \u00e0 300 \u00b0C et est con\u00e7ue pour r\u00e9sister aux temp\u00e9ratures extr\u00eames.","og_url":"https:\/\/www.grills-saveurs.ch\/fr\/produit\/capteur-a-viande-igrill-pro-weber\/","og_site_name":"Grills et Saveurs","article_modified_time":"2024-03-21T10:16:37+00:00","og_image":[{"width":1000,"height":950,"url":"https:\/\/www.grills-saveurs.ch\/fr\/wp-content\/uploads\/2019\/03\/7211-Sonde-pour-viande-iGrill.png","type":"image\/png"}],"twitter_card":"summary_large_image","twitter_misc":{"Dur\u00e9e de lecture estim\u00e9e":"1 minute"},"schema":{"@context":"https:\/\/schema.org","@graph":[{"@type":"WebSite","@id":"https:\/\/www.grills-saveurs.ch\/fr\/#website","url":"https:\/\/www.grills-saveurs.ch\/fr\/","name":"Grills et Saveurs","description":"Barbecues, Grills, Planchas, Chemin\u00e9es jardin - Lausanne, Suisse Romande","potentialAction":[{"@type":"SearchAction","target":{"@type":"EntryPoint","urlTemplate":"https:\/\/www.grills-saveurs.ch\/fr\/?s={search_term_string}"},"query-input":"required name=search_term_string"}],"inLanguage":"fr-FR"},{"@type":"ImageObject","@id":"https:\/\/www.grills-saveurs.ch\/fr\/produit\/capteur-a-viande-igrill-pro-weber\/#primaryimage","inLanguage":"fr-FR","url":"https:\/\/www.grills-saveurs.ch\/fr\/wp-content\/uploads\/2019\/03\/7211-Sonde-pour-viande-iGrill.png","contentUrl":"https:\/\/www.grills-saveurs.ch\/fr\/wp-content\/uploads\/2019\/03\/7211-Sonde-pour-viande-iGrill.png","width":1000,"height":950,"caption":"7211 Sonde pour viande Weber iGrill"},{"@type":"WebPage","@id":"https:\/\/www.grills-saveurs.ch\/fr\/produit\/capteur-a-viande-igrill-pro-weber\/#webpage","url":"https:\/\/www.grills-saveurs.ch\/fr\/produit\/capteur-a-viande-igrill-pro-weber\/","name":"Sonde pour viande - Grills et Saveurs","isPartOf":{"@id":"https:\/\/www.grills-saveurs.ch\/fr\/#website"},"primaryImageOfPage":{"@id":"https:\/\/www.grills-saveurs.ch\/fr\/produit\/capteur-a-viande-igrill-pro-weber\/#primaryimage"},"datePublished":"2019-03-07T08:00:42+00:00","dateModified":"2024-03-21T10:16:37+00:00","description":"La sonde pour viande iGrill robuste en acier inoxydable mesure les temp\u00e9ratures de -30 \u00e0 300 \u00b0C et est con\u00e7ue pour r\u00e9sister aux temp\u00e9ratures extr\u00eames.","breadcrumb":{"@id":"https:\/\/www.grills-saveurs.ch\/fr\/produit\/capteur-a-viande-igrill-pro-weber\/#breadcrumb"},"inLanguage":"fr-FR","potentialAction":[{"@type":"ReadAction","target":["https:\/\/www.grills-saveurs.ch\/fr\/produit\/capteur-a-viande-igrill-pro-weber\/"]}]},{"@type":"BreadcrumbList","@id":"https:\/\/www.grills-saveurs.ch\/fr\/produit\/capteur-a-viande-igrill-pro-weber\/#breadcrumb","itemListElement":[{"@type":"ListItem","position":1,"name":"Accueil","item":"https:\/\/www.grills-saveurs.ch\/fr\/"},{"@type":"ListItem","position":2,"name":"Shop \/ Boutique","item":"https:\/\/www.grills-saveurs.ch\/fr\/boutique\/"},{"@type":"ListItem","position":3,"name":"Sonde pour viande"}]}]}},"_links":{"self":[{"href":"https:\/\/www.grills-saveurs.ch\/fr\/wp-json\/wp\/v2\/product\/1690"}],"collection":[{"href":"https:\/\/www.grills-saveurs.ch\/fr\/wp-json\/wp\/v2\/product"}],"about":[{"href":"https:\/\/www.grills-saveurs.ch\/fr\/wp-json\/wp\/v2\/types\/product"}],"wp:featuredmedia":[{"embeddable":true,"href":"https:\/\/www.grills-saveurs.ch\/fr\/wp-json\/wp\/v2\/media\/4075"}],"wp:attachment":[{"href":"https:\/\/www.grills-saveurs.ch\/fr\/wp-json\/wp\/v2\/media?parent=1690"}],"wp:term":[{"taxonomy":"product_cat","embeddable":true,"href":"https:\/\/www.grills-saveurs.ch\/fr\/wp-json\/wp\/v2\/product_cat?post=1690"},{"taxonomy":"product_tag","embeddable":true,"href":"https:\/\/www.grills-saveurs.ch\/fr\/wp-json\/wp\/v2\/product_tag?post=1690"}],"curies":[{"name":"wp","href":"https:\/\/api.w.org\/{rel}","templated":true}]}}