{"id":1693,"date":"2019-03-07T09:00:44","date_gmt":"2019-03-07T08:00:44","guid":{"rendered":"https:\/\/www.grills-saveurs.ch\/fr\/produit\/huile-anti-adherence-weber\/"},"modified":"2024-03-21T15:03:06","modified_gmt":"2024-03-21T14:03:06","slug":"huile-anti-adherence-weber","status":"publish","type":"product","link":"https:\/\/www.grills-saveurs.ch\/fr\/produit\/huile-anti-adherence-weber\/","title":{"rendered":"Huile anti-adh\u00e9rence Weber"},"content":{"rendered":"<p>\u00c9tonnez vos invit\u00e9s avec des c\u00f4telettes d&rsquo;agneau grill\u00e9es, des enchiladas au poulet ou de la bavette. Avant de placer les aliments sur le barbecue, aspergez la grille d&rsquo;un peu d&rsquo;huile anti-adh\u00e9rence Weber\u00ae pour \u00e9viter que la viande n&rsquo;attache. En faisant cela, vous prot\u00e9gerez \u00e9galement la grille, et vous vous rapprocherez de la perfection.<\/p>\n<p><strong>CARACT\u00c9RISTIQUES<\/strong><\/p>\n<ul>\n<li>Mat\u00e9riau : plastique<\/li>\n<li>Bouteille facile \u00e0 utiliser<\/li>\n<li>Permet de vaporiser sous n&rsquo;importe quel angle<\/li>\n<li>Pour des r\u00e9sultats parfaits en mati\u00e8re de nettoyage et de protection<\/li>\n<li>Produit une fine brume afin de couvrir une large surface<\/li>\n<li>200ml<\/li>\n<\/ul>\n","protected":false},"excerpt":{"rendered":"<p>17685<\/p>\n","protected":false},"featured_media":4056,"template":"","meta":[],"product_cat":[160],"product_tag":[84],"yoast_head":"<!-- This site is optimized with the Yoast SEO plugin v18.2 - https:\/\/yoast.com\/wordpress\/plugins\/seo\/ -->\n<title>Huile anti-adh\u00e9rence Weber - Grills et Saveurs<\/title>\n<meta name=\"description\" content=\"Avant de placer les aliments sur le barbecue, aspergez la grille d&#039;un peu d&#039;huile anti-adh\u00e9rence Weber pour \u00e9viter que la viande n&#039;attache.\" \/>\n<meta name=\"robots\" content=\"index, follow, max-snippet:-1, max-image-preview:large, max-video-preview:-1\" \/>\n<link rel=\"canonical\" href=\"https:\/\/www.grills-saveurs.ch\/fr\/produit\/huile-anti-adherence-weber\/\" \/>\n<meta property=\"og:locale\" content=\"fr_FR\" \/>\n<meta property=\"og:type\" content=\"article\" \/>\n<meta property=\"og:title\" content=\"Huile anti-adh\u00e9rence Weber - Grills et Saveurs\" \/>\n<meta property=\"og:description\" content=\"Avant de placer les aliments sur le barbecue, aspergez la grille d&#039;un peu d&#039;huile anti-adh\u00e9rence Weber pour \u00e9viter que la viande n&#039;attache.\" \/>\n<meta property=\"og:url\" content=\"https:\/\/www.grills-saveurs.ch\/fr\/produit\/huile-anti-adherence-weber\/\" \/>\n<meta property=\"og:site_name\" content=\"Grills et Saveurs\" \/>\n<meta property=\"article:modified_time\" content=\"2024-03-21T14:03:06+00:00\" \/>\n<meta property=\"og:image\" content=\"https:\/\/www.grills-saveurs.ch\/fr\/wp-content\/uploads\/2019\/03\/17685-Huile-anti-adh\u00e9rence-Weber.png\" \/>\n\t<meta property=\"og:image:width\" content=\"1000\" \/>\n\t<meta property=\"og:image:height\" content=\"950\" \/>\n\t<meta property=\"og:image:type\" content=\"image\/png\" \/>\n<meta name=\"twitter:card\" content=\"summary_large_image\" \/>\n<script type=\"application\/ld+json\" class=\"yoast-schema-graph\">{\"@context\":\"https:\/\/schema.org\",\"@graph\":[{\"@type\":\"WebSite\",\"@id\":\"https:\/\/www.grills-saveurs.ch\/fr\/#website\",\"url\":\"https:\/\/www.grills-saveurs.ch\/fr\/\",\"name\":\"Grills et Saveurs\",\"description\":\"Barbecues, Grills, Planchas, Chemin\u00e9es jardin - Lausanne, Suisse Romande\",\"potentialAction\":[{\"@type\":\"SearchAction\",\"target\":{\"@type\":\"EntryPoint\",\"urlTemplate\":\"https:\/\/www.grills-saveurs.ch\/fr\/?s={search_term_string}\"},\"query-input\":\"required name=search_term_string\"}],\"inLanguage\":\"fr-FR\"},{\"@type\":\"ImageObject\",\"@id\":\"https:\/\/www.grills-saveurs.ch\/fr\/produit\/huile-anti-adherence-weber\/#primaryimage\",\"inLanguage\":\"fr-FR\",\"url\":\"https:\/\/www.grills-saveurs.ch\/fr\/wp-content\/uploads\/2019\/03\/17685-Huile-anti-adh\u00e9rence-Weber.png\",\"contentUrl\":\"https:\/\/www.grills-saveurs.ch\/fr\/wp-content\/uploads\/2019\/03\/17685-Huile-anti-adh\u00e9rence-Weber.png\",\"width\":1000,\"height\":950,\"caption\":\"17685 Huile anti-adh\u00e9rence Weber\"},{\"@type\":\"WebPage\",\"@id\":\"https:\/\/www.grills-saveurs.ch\/fr\/produit\/huile-anti-adherence-weber\/#webpage\",\"url\":\"https:\/\/www.grills-saveurs.ch\/fr\/produit\/huile-anti-adherence-weber\/\",\"name\":\"Huile anti-adh\u00e9rence Weber - Grills et Saveurs\",\"isPartOf\":{\"@id\":\"https:\/\/www.grills-saveurs.ch\/fr\/#website\"},\"primaryImageOfPage\":{\"@id\":\"https:\/\/www.grills-saveurs.ch\/fr\/produit\/huile-anti-adherence-weber\/#primaryimage\"},\"datePublished\":\"2019-03-07T08:00:44+00:00\",\"dateModified\":\"2024-03-21T14:03:06+00:00\",\"description\":\"Avant de placer les aliments sur le barbecue, aspergez la grille d'un peu d'huile anti-adh\u00e9rence Weber pour \u00e9viter que la viande n'attache.\",\"breadcrumb\":{\"@id\":\"https:\/\/www.grills-saveurs.ch\/fr\/produit\/huile-anti-adherence-weber\/#breadcrumb\"},\"inLanguage\":\"fr-FR\",\"potentialAction\":[{\"@type\":\"ReadAction\",\"target\":[\"https:\/\/www.grills-saveurs.ch\/fr\/produit\/huile-anti-adherence-weber\/\"]}]},{\"@type\":\"BreadcrumbList\",\"@id\":\"https:\/\/www.grills-saveurs.ch\/fr\/produit\/huile-anti-adherence-weber\/#breadcrumb\",\"itemListElement\":[{\"@type\":\"ListItem\",\"position\":1,\"name\":\"Accueil\",\"item\":\"https:\/\/www.grills-saveurs.ch\/fr\/\"},{\"@type\":\"ListItem\",\"position\":2,\"name\":\"Shop \/ Boutique\",\"item\":\"https:\/\/www.grills-saveurs.ch\/fr\/boutique\/\"},{\"@type\":\"ListItem\",\"position\":3,\"name\":\"Huile anti-adh\u00e9rence Weber\"}]}]}<\/script>\n<!-- \/ Yoast SEO plugin. -->","yoast_head_json":{"title":"Huile anti-adh\u00e9rence Weber - Grills et Saveurs","description":"Avant de placer les aliments sur le barbecue, aspergez la grille d'un peu d'huile anti-adh\u00e9rence Weber pour \u00e9viter que la viande n'attache.","robots":{"index":"index","follow":"follow","max-snippet":"max-snippet:-1","max-image-preview":"max-image-preview:large","max-video-preview":"max-video-preview:-1"},"canonical":"https:\/\/www.grills-saveurs.ch\/fr\/produit\/huile-anti-adherence-weber\/","og_locale":"fr_FR","og_type":"article","og_title":"Huile anti-adh\u00e9rence Weber - Grills et Saveurs","og_description":"Avant de placer les aliments sur le barbecue, aspergez la grille d'un peu d'huile anti-adh\u00e9rence Weber pour \u00e9viter que la viande n'attache.","og_url":"https:\/\/www.grills-saveurs.ch\/fr\/produit\/huile-anti-adherence-weber\/","og_site_name":"Grills et Saveurs","article_modified_time":"2024-03-21T14:03:06+00:00","og_image":[{"width":1000,"height":950,"url":"https:\/\/www.grills-saveurs.ch\/fr\/wp-content\/uploads\/2019\/03\/17685-Huile-anti-adh\u00e9rence-Weber.png","type":"image\/png"}],"twitter_card":"summary_large_image","schema":{"@context":"https:\/\/schema.org","@graph":[{"@type":"WebSite","@id":"https:\/\/www.grills-saveurs.ch\/fr\/#website","url":"https:\/\/www.grills-saveurs.ch\/fr\/","name":"Grills et Saveurs","description":"Barbecues, Grills, Planchas, Chemin\u00e9es jardin - Lausanne, Suisse Romande","potentialAction":[{"@type":"SearchAction","target":{"@type":"EntryPoint","urlTemplate":"https:\/\/www.grills-saveurs.ch\/fr\/?s={search_term_string}"},"query-input":"required name=search_term_string"}],"inLanguage":"fr-FR"},{"@type":"ImageObject","@id":"https:\/\/www.grills-saveurs.ch\/fr\/produit\/huile-anti-adherence-weber\/#primaryimage","inLanguage":"fr-FR","url":"https:\/\/www.grills-saveurs.ch\/fr\/wp-content\/uploads\/2019\/03\/17685-Huile-anti-adh\u00e9rence-Weber.png","contentUrl":"https:\/\/www.grills-saveurs.ch\/fr\/wp-content\/uploads\/2019\/03\/17685-Huile-anti-adh\u00e9rence-Weber.png","width":1000,"height":950,"caption":"17685 Huile anti-adh\u00e9rence Weber"},{"@type":"WebPage","@id":"https:\/\/www.grills-saveurs.ch\/fr\/produit\/huile-anti-adherence-weber\/#webpage","url":"https:\/\/www.grills-saveurs.ch\/fr\/produit\/huile-anti-adherence-weber\/","name":"Huile anti-adh\u00e9rence Weber - Grills et Saveurs","isPartOf":{"@id":"https:\/\/www.grills-saveurs.ch\/fr\/#website"},"primaryImageOfPage":{"@id":"https:\/\/www.grills-saveurs.ch\/fr\/produit\/huile-anti-adherence-weber\/#primaryimage"},"datePublished":"2019-03-07T08:00:44+00:00","dateModified":"2024-03-21T14:03:06+00:00","description":"Avant de placer les aliments sur le barbecue, aspergez la grille d'un peu d'huile anti-adh\u00e9rence Weber pour \u00e9viter que la viande n'attache.","breadcrumb":{"@id":"https:\/\/www.grills-saveurs.ch\/fr\/produit\/huile-anti-adherence-weber\/#breadcrumb"},"inLanguage":"fr-FR","potentialAction":[{"@type":"ReadAction","target":["https:\/\/www.grills-saveurs.ch\/fr\/produit\/huile-anti-adherence-weber\/"]}]},{"@type":"BreadcrumbList","@id":"https:\/\/www.grills-saveurs.ch\/fr\/produit\/huile-anti-adherence-weber\/#breadcrumb","itemListElement":[{"@type":"ListItem","position":1,"name":"Accueil","item":"https:\/\/www.grills-saveurs.ch\/fr\/"},{"@type":"ListItem","position":2,"name":"Shop \/ Boutique","item":"https:\/\/www.grills-saveurs.ch\/fr\/boutique\/"},{"@type":"ListItem","position":3,"name":"Huile anti-adh\u00e9rence Weber"}]}]}},"_links":{"self":[{"href":"https:\/\/www.grills-saveurs.ch\/fr\/wp-json\/wp\/v2\/product\/1693"}],"collection":[{"href":"https:\/\/www.grills-saveurs.ch\/fr\/wp-json\/wp\/v2\/product"}],"about":[{"href":"https:\/\/www.grills-saveurs.ch\/fr\/wp-json\/wp\/v2\/types\/product"}],"wp:featuredmedia":[{"embeddable":true,"href":"https:\/\/www.grills-saveurs.ch\/fr\/wp-json\/wp\/v2\/media\/4056"}],"wp:attachment":[{"href":"https:\/\/www.grills-saveurs.ch\/fr\/wp-json\/wp\/v2\/media?parent=1693"}],"wp:term":[{"taxonomy":"product_cat","embeddable":true,"href":"https:\/\/www.grills-saveurs.ch\/fr\/wp-json\/wp\/v2\/product_cat?post=1693"},{"taxonomy":"product_tag","embeddable":true,"href":"https:\/\/www.grills-saveurs.ch\/fr\/wp-json\/wp\/v2\/product_tag?post=1693"}],"curies":[{"name":"wp","href":"https:\/\/api.w.org\/{rel}","templated":true}]}}