{"id":1694,"date":"2019-03-07T09:00:45","date_gmt":"2019-03-07T08:00:45","guid":{"rendered":"https:\/\/www.grills-saveurs.ch\/fr\/produit\/produit-pour-lacier-inoxydable-weber\/"},"modified":"2024-03-25T22:24:14","modified_gmt":"2024-03-25T21:24:14","slug":"produit-pour-lacier-inoxydable-weber","status":"publish","type":"product","link":"https:\/\/www.grills-saveurs.ch\/fr\/produit\/produit-pour-lacier-inoxydable-weber\/","title":{"rendered":"Nettoyant pour acier inoxydable Weber"},"content":{"rendered":"<p>Tirez le meilleur de votre barbecue qu&rsquo;il pleuve, qu&rsquo;il neige ou qu&rsquo;il fasse beau. Con\u00e7u pour prot\u00e9ger et nettoyer les pi\u00e8ces externes de votre barbecue en acier inoxydable, le nettoyant pour acier inoxydable vous permettra de briller, vous et votre barbecue, lorsque vos amis et vos proches envahiront votre jardin.<\/p>\n<p><strong>CARACT\u00c9RISTIQUES<\/strong><\/p>\n<ul>\n<li>Mat\u00e9riau : plastique<\/li>\n<li>Bouteille facile \u00e0 utiliser<\/li>\n<li>Permet de vaporiser sous n&rsquo;importe quel angle<\/li>\n<li>Pour des r\u00e9sultats parfaits en mati\u00e8re de nettoyage et de protection des pi\u00e8ces en acier inoxydable<\/li>\n<li>Respectueux de l&rsquo;environnement<\/li>\n<li>300ml<\/li>\n<\/ul>\n","protected":false},"excerpt":{"rendered":"<p>17682<\/p>\n","protected":false},"featured_media":4046,"template":"","meta":[],"product_cat":[122],"product_tag":[84],"yoast_head":"<!-- This site is optimized with the Yoast SEO plugin v18.2 - https:\/\/yoast.com\/wordpress\/plugins\/seo\/ -->\n<title>Nettoyant pour acier inoxydable Weber - Grills et Saveurs<\/title>\n<meta name=\"description\" content=\"Con\u00e7u pour prot\u00e9ger et nettoyer les pi\u00e8ces externes de votre barbecue en acier inoxydable, le nettoyant vous permettra de faire briller votre barbecue.\" \/>\n<meta name=\"robots\" content=\"index, follow, max-snippet:-1, max-image-preview:large, max-video-preview:-1\" \/>\n<link rel=\"canonical\" href=\"https:\/\/www.grills-saveurs.ch\/fr\/produit\/produit-pour-lacier-inoxydable-weber\/\" \/>\n<meta property=\"og:locale\" content=\"fr_FR\" \/>\n<meta property=\"og:type\" content=\"article\" \/>\n<meta property=\"og:title\" content=\"Nettoyant pour acier inoxydable Weber - Grills et Saveurs\" \/>\n<meta property=\"og:description\" content=\"Con\u00e7u pour prot\u00e9ger et nettoyer les pi\u00e8ces externes de votre barbecue en acier inoxydable, le nettoyant vous permettra de faire briller votre barbecue.\" \/>\n<meta property=\"og:url\" content=\"https:\/\/www.grills-saveurs.ch\/fr\/produit\/produit-pour-lacier-inoxydable-weber\/\" \/>\n<meta property=\"og:site_name\" content=\"Grills et Saveurs\" \/>\n<meta property=\"article:modified_time\" content=\"2024-03-25T21:24:14+00:00\" \/>\n<meta property=\"og:image\" content=\"https:\/\/www.grills-saveurs.ch\/fr\/wp-content\/uploads\/2019\/03\/17682-Nettoyant-pour-acier-inoxydable-Weber.png\" \/>\n\t<meta property=\"og:image:width\" content=\"1000\" \/>\n\t<meta property=\"og:image:height\" content=\"950\" \/>\n\t<meta property=\"og:image:type\" content=\"image\/png\" \/>\n<meta name=\"twitter:card\" content=\"summary_large_image\" \/>\n<script type=\"application\/ld+json\" class=\"yoast-schema-graph\">{\"@context\":\"https:\/\/schema.org\",\"@graph\":[{\"@type\":\"WebSite\",\"@id\":\"https:\/\/www.grills-saveurs.ch\/fr\/#website\",\"url\":\"https:\/\/www.grills-saveurs.ch\/fr\/\",\"name\":\"Grills et Saveurs\",\"description\":\"Barbecues, Grills, Planchas, Chemin\u00e9es jardin - Lausanne, Suisse Romande\",\"potentialAction\":[{\"@type\":\"SearchAction\",\"target\":{\"@type\":\"EntryPoint\",\"urlTemplate\":\"https:\/\/www.grills-saveurs.ch\/fr\/?s={search_term_string}\"},\"query-input\":\"required name=search_term_string\"}],\"inLanguage\":\"fr-FR\"},{\"@type\":\"ImageObject\",\"@id\":\"https:\/\/www.grills-saveurs.ch\/fr\/produit\/produit-pour-lacier-inoxydable-weber\/#primaryimage\",\"inLanguage\":\"fr-FR\",\"url\":\"https:\/\/www.grills-saveurs.ch\/fr\/wp-content\/uploads\/2019\/03\/17682-Nettoyant-pour-acier-inoxydable-Weber.png\",\"contentUrl\":\"https:\/\/www.grills-saveurs.ch\/fr\/wp-content\/uploads\/2019\/03\/17682-Nettoyant-pour-acier-inoxydable-Weber.png\",\"width\":1000,\"height\":950,\"caption\":\"17682 Nettoyant pour acier inoxydable Weber\"},{\"@type\":\"WebPage\",\"@id\":\"https:\/\/www.grills-saveurs.ch\/fr\/produit\/produit-pour-lacier-inoxydable-weber\/#webpage\",\"url\":\"https:\/\/www.grills-saveurs.ch\/fr\/produit\/produit-pour-lacier-inoxydable-weber\/\",\"name\":\"Nettoyant pour acier inoxydable Weber - Grills et Saveurs\",\"isPartOf\":{\"@id\":\"https:\/\/www.grills-saveurs.ch\/fr\/#website\"},\"primaryImageOfPage\":{\"@id\":\"https:\/\/www.grills-saveurs.ch\/fr\/produit\/produit-pour-lacier-inoxydable-weber\/#primaryimage\"},\"datePublished\":\"2019-03-07T08:00:45+00:00\",\"dateModified\":\"2024-03-25T21:24:14+00:00\",\"description\":\"Con\u00e7u pour prot\u00e9ger et nettoyer les pi\u00e8ces externes de votre barbecue en acier inoxydable, le nettoyant vous permettra de faire briller votre barbecue.\",\"breadcrumb\":{\"@id\":\"https:\/\/www.grills-saveurs.ch\/fr\/produit\/produit-pour-lacier-inoxydable-weber\/#breadcrumb\"},\"inLanguage\":\"fr-FR\",\"potentialAction\":[{\"@type\":\"ReadAction\",\"target\":[\"https:\/\/www.grills-saveurs.ch\/fr\/produit\/produit-pour-lacier-inoxydable-weber\/\"]}]},{\"@type\":\"BreadcrumbList\",\"@id\":\"https:\/\/www.grills-saveurs.ch\/fr\/produit\/produit-pour-lacier-inoxydable-weber\/#breadcrumb\",\"itemListElement\":[{\"@type\":\"ListItem\",\"position\":1,\"name\":\"Accueil\",\"item\":\"https:\/\/www.grills-saveurs.ch\/fr\/\"},{\"@type\":\"ListItem\",\"position\":2,\"name\":\"Shop \/ Boutique\",\"item\":\"https:\/\/www.grills-saveurs.ch\/fr\/boutique\/\"},{\"@type\":\"ListItem\",\"position\":3,\"name\":\"Nettoyant pour acier inoxydable Weber\"}]}]}<\/script>\n<!-- \/ Yoast SEO plugin. -->","yoast_head_json":{"title":"Nettoyant pour acier inoxydable Weber - Grills et Saveurs","description":"Con\u00e7u pour prot\u00e9ger et nettoyer les pi\u00e8ces externes de votre barbecue en acier inoxydable, le nettoyant vous permettra de faire briller votre barbecue.","robots":{"index":"index","follow":"follow","max-snippet":"max-snippet:-1","max-image-preview":"max-image-preview:large","max-video-preview":"max-video-preview:-1"},"canonical":"https:\/\/www.grills-saveurs.ch\/fr\/produit\/produit-pour-lacier-inoxydable-weber\/","og_locale":"fr_FR","og_type":"article","og_title":"Nettoyant pour acier inoxydable Weber - Grills et Saveurs","og_description":"Con\u00e7u pour prot\u00e9ger et nettoyer les pi\u00e8ces externes de votre barbecue en acier inoxydable, le nettoyant vous permettra de faire briller votre barbecue.","og_url":"https:\/\/www.grills-saveurs.ch\/fr\/produit\/produit-pour-lacier-inoxydable-weber\/","og_site_name":"Grills et Saveurs","article_modified_time":"2024-03-25T21:24:14+00:00","og_image":[{"width":1000,"height":950,"url":"https:\/\/www.grills-saveurs.ch\/fr\/wp-content\/uploads\/2019\/03\/17682-Nettoyant-pour-acier-inoxydable-Weber.png","type":"image\/png"}],"twitter_card":"summary_large_image","schema":{"@context":"https:\/\/schema.org","@graph":[{"@type":"WebSite","@id":"https:\/\/www.grills-saveurs.ch\/fr\/#website","url":"https:\/\/www.grills-saveurs.ch\/fr\/","name":"Grills et Saveurs","description":"Barbecues, Grills, Planchas, Chemin\u00e9es jardin - Lausanne, Suisse Romande","potentialAction":[{"@type":"SearchAction","target":{"@type":"EntryPoint","urlTemplate":"https:\/\/www.grills-saveurs.ch\/fr\/?s={search_term_string}"},"query-input":"required name=search_term_string"}],"inLanguage":"fr-FR"},{"@type":"ImageObject","@id":"https:\/\/www.grills-saveurs.ch\/fr\/produit\/produit-pour-lacier-inoxydable-weber\/#primaryimage","inLanguage":"fr-FR","url":"https:\/\/www.grills-saveurs.ch\/fr\/wp-content\/uploads\/2019\/03\/17682-Nettoyant-pour-acier-inoxydable-Weber.png","contentUrl":"https:\/\/www.grills-saveurs.ch\/fr\/wp-content\/uploads\/2019\/03\/17682-Nettoyant-pour-acier-inoxydable-Weber.png","width":1000,"height":950,"caption":"17682 Nettoyant pour acier inoxydable Weber"},{"@type":"WebPage","@id":"https:\/\/www.grills-saveurs.ch\/fr\/produit\/produit-pour-lacier-inoxydable-weber\/#webpage","url":"https:\/\/www.grills-saveurs.ch\/fr\/produit\/produit-pour-lacier-inoxydable-weber\/","name":"Nettoyant pour acier inoxydable Weber - Grills et Saveurs","isPartOf":{"@id":"https:\/\/www.grills-saveurs.ch\/fr\/#website"},"primaryImageOfPage":{"@id":"https:\/\/www.grills-saveurs.ch\/fr\/produit\/produit-pour-lacier-inoxydable-weber\/#primaryimage"},"datePublished":"2019-03-07T08:00:45+00:00","dateModified":"2024-03-25T21:24:14+00:00","description":"Con\u00e7u pour prot\u00e9ger et nettoyer les pi\u00e8ces externes de votre barbecue en acier inoxydable, le nettoyant vous permettra de faire briller votre barbecue.","breadcrumb":{"@id":"https:\/\/www.grills-saveurs.ch\/fr\/produit\/produit-pour-lacier-inoxydable-weber\/#breadcrumb"},"inLanguage":"fr-FR","potentialAction":[{"@type":"ReadAction","target":["https:\/\/www.grills-saveurs.ch\/fr\/produit\/produit-pour-lacier-inoxydable-weber\/"]}]},{"@type":"BreadcrumbList","@id":"https:\/\/www.grills-saveurs.ch\/fr\/produit\/produit-pour-lacier-inoxydable-weber\/#breadcrumb","itemListElement":[{"@type":"ListItem","position":1,"name":"Accueil","item":"https:\/\/www.grills-saveurs.ch\/fr\/"},{"@type":"ListItem","position":2,"name":"Shop \/ Boutique","item":"https:\/\/www.grills-saveurs.ch\/fr\/boutique\/"},{"@type":"ListItem","position":3,"name":"Nettoyant pour acier inoxydable Weber"}]}]}},"_links":{"self":[{"href":"https:\/\/www.grills-saveurs.ch\/fr\/wp-json\/wp\/v2\/product\/1694"}],"collection":[{"href":"https:\/\/www.grills-saveurs.ch\/fr\/wp-json\/wp\/v2\/product"}],"about":[{"href":"https:\/\/www.grills-saveurs.ch\/fr\/wp-json\/wp\/v2\/types\/product"}],"wp:featuredmedia":[{"embeddable":true,"href":"https:\/\/www.grills-saveurs.ch\/fr\/wp-json\/wp\/v2\/media\/4046"}],"wp:attachment":[{"href":"https:\/\/www.grills-saveurs.ch\/fr\/wp-json\/wp\/v2\/media?parent=1694"}],"wp:term":[{"taxonomy":"product_cat","embeddable":true,"href":"https:\/\/www.grills-saveurs.ch\/fr\/wp-json\/wp\/v2\/product_cat?post=1694"},{"taxonomy":"product_tag","embeddable":true,"href":"https:\/\/www.grills-saveurs.ch\/fr\/wp-json\/wp\/v2\/product_tag?post=1694"}],"curies":[{"name":"wp","href":"https:\/\/api.w.org\/{rel}","templated":true}]}}