{"id":1696,"date":"2019-03-07T09:00:45","date_gmt":"2019-03-07T08:00:45","guid":{"rendered":"https:\/\/www.grills-saveurs.ch\/fr\/produit\/eponge-nettoyante-weber\/"},"modified":"2024-03-22T15:39:38","modified_gmt":"2024-03-22T14:39:38","slug":"eponge-nettoyante-weber","status":"publish","type":"product","link":"https:\/\/www.grills-saveurs.ch\/fr\/produit\/eponge-nettoyante-weber\/","title":{"rendered":"\u00c9ponges nettoyantes Weber"},"content":{"rendered":"<p>Profitez \u00e0 fond de votre barbecue en sachant qu&rsquo;il sera facile et rapide de le nettoyer par la suite. La face abrasive de l&rsquo;\u00e9ponge permet de nettoyer la grille, tandis que la face douce permet d&rsquo;essuyer la poussi\u00e8re sur le couvercle, \u00e0 l&rsquo;int\u00e9rieur et \u00e0 l&rsquo;ext\u00e9rieur. Les r\u00e9sidus alimentaires et la graisse dispara\u00eetront en quelques secondes.<\/p>\n<p><strong>CARACT\u00c9RISTIQUES<\/strong><\/p>\n<ul>\n<li>\u00c9ponge robuste pour un nettoyage rapide et efficace<\/li>\n<li>Bonne absorption<\/li>\n<li>Une face abrasive pour les grilles et les Flavorizer Bars (barres Flavorizer) et une face douce pour les autres surfaces<\/li>\n<li>N&rsquo;ab\u00eeme ni la peau ni les ongles<\/li>\n<li>Prise en main ergonomique<\/li>\n<li>Lot de 2<\/li>\n<\/ul>\n","protected":false},"excerpt":{"rendered":"<p>17688<\/p>\n","protected":false},"featured_media":4051,"template":"","meta":[],"product_cat":[167,122],"product_tag":[84],"yoast_head":"<!-- This site is optimized with the Yoast SEO plugin v18.2 - https:\/\/yoast.com\/wordpress\/plugins\/seo\/ -->\n<title>\u00c9ponges nettoyantes Weber - Grills et Saveurs<\/title>\n<meta name=\"description\" content=\"La face abrasive de l&#039;\u00e9ponge permet de nettoyer la grille, tandis que la face douce permet d&#039;essuyer la poussi\u00e8re sur le couvercle.\" \/>\n<meta name=\"robots\" content=\"index, follow, max-snippet:-1, max-image-preview:large, max-video-preview:-1\" \/>\n<link rel=\"canonical\" href=\"https:\/\/www.grills-saveurs.ch\/fr\/produit\/eponge-nettoyante-weber\/\" \/>\n<meta property=\"og:locale\" content=\"fr_FR\" \/>\n<meta property=\"og:type\" content=\"article\" \/>\n<meta property=\"og:title\" content=\"\u00c9ponges nettoyantes Weber - Grills et Saveurs\" \/>\n<meta property=\"og:description\" content=\"La face abrasive de l&#039;\u00e9ponge permet de nettoyer la grille, tandis que la face douce permet d&#039;essuyer la poussi\u00e8re sur le couvercle.\" \/>\n<meta property=\"og:url\" content=\"https:\/\/www.grills-saveurs.ch\/fr\/produit\/eponge-nettoyante-weber\/\" \/>\n<meta property=\"og:site_name\" content=\"Grills et Saveurs\" \/>\n<meta property=\"article:modified_time\" content=\"2024-03-22T14:39:38+00:00\" \/>\n<meta property=\"og:image\" content=\"https:\/\/www.grills-saveurs.ch\/fr\/wp-content\/uploads\/2019\/03\/17688-\u00c9ponges-nettoyantes-Weber.png\" \/>\n\t<meta property=\"og:image:width\" content=\"1000\" \/>\n\t<meta property=\"og:image:height\" content=\"950\" \/>\n\t<meta property=\"og:image:type\" content=\"image\/png\" \/>\n<meta name=\"twitter:card\" content=\"summary_large_image\" \/>\n<meta name=\"twitter:label1\" content=\"Dur\u00e9e de lecture estim\u00e9e\" \/>\n\t<meta name=\"twitter:data1\" content=\"1 minute\" \/>\n<script type=\"application\/ld+json\" class=\"yoast-schema-graph\">{\"@context\":\"https:\/\/schema.org\",\"@graph\":[{\"@type\":\"WebSite\",\"@id\":\"https:\/\/www.grills-saveurs.ch\/fr\/#website\",\"url\":\"https:\/\/www.grills-saveurs.ch\/fr\/\",\"name\":\"Grills et Saveurs\",\"description\":\"Barbecues, Grills, Planchas, Chemin\u00e9es jardin - Lausanne, Suisse Romande\",\"potentialAction\":[{\"@type\":\"SearchAction\",\"target\":{\"@type\":\"EntryPoint\",\"urlTemplate\":\"https:\/\/www.grills-saveurs.ch\/fr\/?s={search_term_string}\"},\"query-input\":\"required name=search_term_string\"}],\"inLanguage\":\"fr-FR\"},{\"@type\":\"ImageObject\",\"@id\":\"https:\/\/www.grills-saveurs.ch\/fr\/produit\/eponge-nettoyante-weber\/#primaryimage\",\"inLanguage\":\"fr-FR\",\"url\":\"https:\/\/www.grills-saveurs.ch\/fr\/wp-content\/uploads\/2019\/03\/17688-\u00c9ponges-nettoyantes-Weber.png\",\"contentUrl\":\"https:\/\/www.grills-saveurs.ch\/fr\/wp-content\/uploads\/2019\/03\/17688-\u00c9ponges-nettoyantes-Weber.png\",\"width\":1000,\"height\":950,\"caption\":\"17688 \u00c9ponges nettoyantes Weber\"},{\"@type\":\"WebPage\",\"@id\":\"https:\/\/www.grills-saveurs.ch\/fr\/produit\/eponge-nettoyante-weber\/#webpage\",\"url\":\"https:\/\/www.grills-saveurs.ch\/fr\/produit\/eponge-nettoyante-weber\/\",\"name\":\"\u00c9ponges nettoyantes Weber - Grills et Saveurs\",\"isPartOf\":{\"@id\":\"https:\/\/www.grills-saveurs.ch\/fr\/#website\"},\"primaryImageOfPage\":{\"@id\":\"https:\/\/www.grills-saveurs.ch\/fr\/produit\/eponge-nettoyante-weber\/#primaryimage\"},\"datePublished\":\"2019-03-07T08:00:45+00:00\",\"dateModified\":\"2024-03-22T14:39:38+00:00\",\"description\":\"La face abrasive de l'\u00e9ponge permet de nettoyer la grille, tandis que la face douce permet d'essuyer la poussi\u00e8re sur le couvercle.\",\"breadcrumb\":{\"@id\":\"https:\/\/www.grills-saveurs.ch\/fr\/produit\/eponge-nettoyante-weber\/#breadcrumb\"},\"inLanguage\":\"fr-FR\",\"potentialAction\":[{\"@type\":\"ReadAction\",\"target\":[\"https:\/\/www.grills-saveurs.ch\/fr\/produit\/eponge-nettoyante-weber\/\"]}]},{\"@type\":\"BreadcrumbList\",\"@id\":\"https:\/\/www.grills-saveurs.ch\/fr\/produit\/eponge-nettoyante-weber\/#breadcrumb\",\"itemListElement\":[{\"@type\":\"ListItem\",\"position\":1,\"name\":\"Accueil\",\"item\":\"https:\/\/www.grills-saveurs.ch\/fr\/\"},{\"@type\":\"ListItem\",\"position\":2,\"name\":\"Shop \/ Boutique\",\"item\":\"https:\/\/www.grills-saveurs.ch\/fr\/boutique\/\"},{\"@type\":\"ListItem\",\"position\":3,\"name\":\"\u00c9ponges nettoyantes Weber\"}]}]}<\/script>\n<!-- \/ Yoast SEO plugin. -->","yoast_head_json":{"title":"\u00c9ponges nettoyantes Weber - Grills et Saveurs","description":"La face abrasive de l'\u00e9ponge permet de nettoyer la grille, tandis que la face douce permet d'essuyer la poussi\u00e8re sur le couvercle.","robots":{"index":"index","follow":"follow","max-snippet":"max-snippet:-1","max-image-preview":"max-image-preview:large","max-video-preview":"max-video-preview:-1"},"canonical":"https:\/\/www.grills-saveurs.ch\/fr\/produit\/eponge-nettoyante-weber\/","og_locale":"fr_FR","og_type":"article","og_title":"\u00c9ponges nettoyantes Weber - Grills et Saveurs","og_description":"La face abrasive de l'\u00e9ponge permet de nettoyer la grille, tandis que la face douce permet d'essuyer la poussi\u00e8re sur le couvercle.","og_url":"https:\/\/www.grills-saveurs.ch\/fr\/produit\/eponge-nettoyante-weber\/","og_site_name":"Grills et Saveurs","article_modified_time":"2024-03-22T14:39:38+00:00","og_image":[{"width":1000,"height":950,"url":"https:\/\/www.grills-saveurs.ch\/fr\/wp-content\/uploads\/2019\/03\/17688-\u00c9ponges-nettoyantes-Weber.png","type":"image\/png"}],"twitter_card":"summary_large_image","twitter_misc":{"Dur\u00e9e de lecture estim\u00e9e":"1 minute"},"schema":{"@context":"https:\/\/schema.org","@graph":[{"@type":"WebSite","@id":"https:\/\/www.grills-saveurs.ch\/fr\/#website","url":"https:\/\/www.grills-saveurs.ch\/fr\/","name":"Grills et Saveurs","description":"Barbecues, Grills, Planchas, Chemin\u00e9es jardin - Lausanne, Suisse Romande","potentialAction":[{"@type":"SearchAction","target":{"@type":"EntryPoint","urlTemplate":"https:\/\/www.grills-saveurs.ch\/fr\/?s={search_term_string}"},"query-input":"required name=search_term_string"}],"inLanguage":"fr-FR"},{"@type":"ImageObject","@id":"https:\/\/www.grills-saveurs.ch\/fr\/produit\/eponge-nettoyante-weber\/#primaryimage","inLanguage":"fr-FR","url":"https:\/\/www.grills-saveurs.ch\/fr\/wp-content\/uploads\/2019\/03\/17688-\u00c9ponges-nettoyantes-Weber.png","contentUrl":"https:\/\/www.grills-saveurs.ch\/fr\/wp-content\/uploads\/2019\/03\/17688-\u00c9ponges-nettoyantes-Weber.png","width":1000,"height":950,"caption":"17688 \u00c9ponges nettoyantes Weber"},{"@type":"WebPage","@id":"https:\/\/www.grills-saveurs.ch\/fr\/produit\/eponge-nettoyante-weber\/#webpage","url":"https:\/\/www.grills-saveurs.ch\/fr\/produit\/eponge-nettoyante-weber\/","name":"\u00c9ponges nettoyantes Weber - Grills et Saveurs","isPartOf":{"@id":"https:\/\/www.grills-saveurs.ch\/fr\/#website"},"primaryImageOfPage":{"@id":"https:\/\/www.grills-saveurs.ch\/fr\/produit\/eponge-nettoyante-weber\/#primaryimage"},"datePublished":"2019-03-07T08:00:45+00:00","dateModified":"2024-03-22T14:39:38+00:00","description":"La face abrasive de l'\u00e9ponge permet de nettoyer la grille, tandis que la face douce permet d'essuyer la poussi\u00e8re sur le couvercle.","breadcrumb":{"@id":"https:\/\/www.grills-saveurs.ch\/fr\/produit\/eponge-nettoyante-weber\/#breadcrumb"},"inLanguage":"fr-FR","potentialAction":[{"@type":"ReadAction","target":["https:\/\/www.grills-saveurs.ch\/fr\/produit\/eponge-nettoyante-weber\/"]}]},{"@type":"BreadcrumbList","@id":"https:\/\/www.grills-saveurs.ch\/fr\/produit\/eponge-nettoyante-weber\/#breadcrumb","itemListElement":[{"@type":"ListItem","position":1,"name":"Accueil","item":"https:\/\/www.grills-saveurs.ch\/fr\/"},{"@type":"ListItem","position":2,"name":"Shop \/ Boutique","item":"https:\/\/www.grills-saveurs.ch\/fr\/boutique\/"},{"@type":"ListItem","position":3,"name":"\u00c9ponges nettoyantes Weber"}]}]}},"_links":{"self":[{"href":"https:\/\/www.grills-saveurs.ch\/fr\/wp-json\/wp\/v2\/product\/1696"}],"collection":[{"href":"https:\/\/www.grills-saveurs.ch\/fr\/wp-json\/wp\/v2\/product"}],"about":[{"href":"https:\/\/www.grills-saveurs.ch\/fr\/wp-json\/wp\/v2\/types\/product"}],"wp:featuredmedia":[{"embeddable":true,"href":"https:\/\/www.grills-saveurs.ch\/fr\/wp-json\/wp\/v2\/media\/4051"}],"wp:attachment":[{"href":"https:\/\/www.grills-saveurs.ch\/fr\/wp-json\/wp\/v2\/media?parent=1696"}],"wp:term":[{"taxonomy":"product_cat","embeddable":true,"href":"https:\/\/www.grills-saveurs.ch\/fr\/wp-json\/wp\/v2\/product_cat?post=1696"},{"taxonomy":"product_tag","embeddable":true,"href":"https:\/\/www.grills-saveurs.ch\/fr\/wp-json\/wp\/v2\/product_tag?post=1696"}],"curies":[{"name":"wp","href":"https:\/\/api.w.org\/{rel}","templated":true}]}}