{"id":1701,"date":"2019-03-07T09:00:47","date_gmt":"2019-03-07T08:00:47","guid":{"rendered":"https:\/\/www.grills-saveurs.ch\/fr\/produit\/brosse-weber-avec-poils-en-acier-inoxydable\/"},"modified":"2024-03-22T15:02:40","modified_gmt":"2024-03-22T14:02:40","slug":"brosse-weber-avec-poils-en-acier-inoxydable","status":"publish","type":"product","link":"https:\/\/www.grills-saveurs.ch\/fr\/produit\/brosse-weber-avec-poils-en-acier-inoxydable\/","title":{"rendered":"Brosse en Y pour grilles en fonte \u00e9maill\u00e9e"},"content":{"rendered":"<p>La propret\u00e9 de la grille de cuisson \u00e9vite que le steak d\u2019hier soir ne g\u00e2che le poisson et les l\u00e9gumes que vous avez assaisonn\u00e9s avec soin aujourd\u2019hui. Utilisez la brosse pour grille sur vos grilles de cuisson avant chaque utilisation de sorte que chaque repas soit aussi bon que le pr\u00e9c\u00e9dent.<\/p>\n<p><strong>CARACT\u00c9RISTIQUES<\/strong><\/p>\n<ul>\n<li>Brosse en forme unique de y pour atteindre tous les recoins des grilles en fonte<\/li>\n<li>Poils \u00e9pais en acier inoxydable qui r\u00e9sistent \u00e0 l\u2019usure<\/li>\n<li>Id\u00e9ale pour les petites grilles<\/li>\n<\/ul>\n<p><strong>AVERTISSEMENTS<\/strong><\/p>\n<p>La brosse pour grille doit \u00eatre remplac\u00e9e au moins une fois par saison, ou plus souvent pour les grilleurs plus assidus. Avant chaque utilisation, il est conseill\u00e9 de v\u00e9rifier que la brosse ne soit pas endommag\u00e9e, par exemple qu&rsquo;elle n&rsquo;est pas de poils l\u00e2ches. Si des poils l\u00e2ches sont trouv\u00e9s, jetez imm\u00e9diatement la brosse et remplacez-la.<\/p>\n","protected":false},"excerpt":{"rendered":"<p>6495<\/p>\n","protected":false},"featured_media":4028,"template":"","meta":[],"product_cat":[167],"product_tag":[84],"yoast_head":"<!-- This site is optimized with the Yoast SEO plugin v18.2 - https:\/\/yoast.com\/wordpress\/plugins\/seo\/ -->\n<title>Brosse en Y pour grilles en fonte \u00e9maill\u00e9e - Grills et Saveurs<\/title>\n<meta name=\"description\" content=\"Utilisez la brosse pour grille sur vos grilles de cuisson apr\u00e8s et\/ou avant chaque utilisation de sorte que chaque repas soit aussi bon que le pr\u00e9c\u00e9dent.\" \/>\n<meta name=\"robots\" content=\"index, follow, max-snippet:-1, max-image-preview:large, max-video-preview:-1\" \/>\n<link rel=\"canonical\" href=\"https:\/\/www.grills-saveurs.ch\/fr\/produit\/brosse-weber-avec-poils-en-acier-inoxydable\/\" \/>\n<meta property=\"og:locale\" content=\"fr_FR\" \/>\n<meta property=\"og:type\" content=\"article\" \/>\n<meta property=\"og:title\" content=\"Brosse en Y pour grilles en fonte \u00e9maill\u00e9e - Grills et Saveurs\" \/>\n<meta property=\"og:description\" content=\"Utilisez la brosse pour grille sur vos grilles de cuisson apr\u00e8s et\/ou avant chaque utilisation de sorte que chaque repas soit aussi bon que le pr\u00e9c\u00e9dent.\" \/>\n<meta property=\"og:url\" content=\"https:\/\/www.grills-saveurs.ch\/fr\/produit\/brosse-weber-avec-poils-en-acier-inoxydable\/\" \/>\n<meta property=\"og:site_name\" content=\"Grills et Saveurs\" \/>\n<meta property=\"article:modified_time\" content=\"2024-03-22T14:02:40+00:00\" \/>\n<meta property=\"og:image\" content=\"https:\/\/www.grills-saveurs.ch\/fr\/wp-content\/uploads\/2019\/03\/6495-Brosse-en-Y-pour-grilles-en-fonte-\u00e9maill\u00e9e.png\" \/>\n\t<meta property=\"og:image:width\" content=\"1000\" \/>\n\t<meta property=\"og:image:height\" content=\"950\" \/>\n\t<meta property=\"og:image:type\" content=\"image\/png\" \/>\n<meta name=\"twitter:card\" content=\"summary_large_image\" \/>\n<meta name=\"twitter:label1\" content=\"Dur\u00e9e de lecture estim\u00e9e\" \/>\n\t<meta name=\"twitter:data1\" content=\"1 minute\" \/>\n<script type=\"application\/ld+json\" class=\"yoast-schema-graph\">{\"@context\":\"https:\/\/schema.org\",\"@graph\":[{\"@type\":\"WebSite\",\"@id\":\"https:\/\/www.grills-saveurs.ch\/fr\/#website\",\"url\":\"https:\/\/www.grills-saveurs.ch\/fr\/\",\"name\":\"Grills et Saveurs\",\"description\":\"Barbecues, Grills, Planchas, Chemin\u00e9es jardin - Lausanne, Suisse Romande\",\"potentialAction\":[{\"@type\":\"SearchAction\",\"target\":{\"@type\":\"EntryPoint\",\"urlTemplate\":\"https:\/\/www.grills-saveurs.ch\/fr\/?s={search_term_string}\"},\"query-input\":\"required name=search_term_string\"}],\"inLanguage\":\"fr-FR\"},{\"@type\":\"ImageObject\",\"@id\":\"https:\/\/www.grills-saveurs.ch\/fr\/produit\/brosse-weber-avec-poils-en-acier-inoxydable\/#primaryimage\",\"inLanguage\":\"fr-FR\",\"url\":\"https:\/\/www.grills-saveurs.ch\/fr\/wp-content\/uploads\/2019\/03\/6495-Brosse-en-Y-pour-grilles-en-fonte-\u00e9maill\u00e9e.png\",\"contentUrl\":\"https:\/\/www.grills-saveurs.ch\/fr\/wp-content\/uploads\/2019\/03\/6495-Brosse-en-Y-pour-grilles-en-fonte-\u00e9maill\u00e9e.png\",\"width\":1000,\"height\":950,\"caption\":\"6495 Brosse en Y pour grilles en fonte \u00e9maill\u00e9e\"},{\"@type\":\"WebPage\",\"@id\":\"https:\/\/www.grills-saveurs.ch\/fr\/produit\/brosse-weber-avec-poils-en-acier-inoxydable\/#webpage\",\"url\":\"https:\/\/www.grills-saveurs.ch\/fr\/produit\/brosse-weber-avec-poils-en-acier-inoxydable\/\",\"name\":\"Brosse en Y pour grilles en fonte \u00e9maill\u00e9e - Grills et Saveurs\",\"isPartOf\":{\"@id\":\"https:\/\/www.grills-saveurs.ch\/fr\/#website\"},\"primaryImageOfPage\":{\"@id\":\"https:\/\/www.grills-saveurs.ch\/fr\/produit\/brosse-weber-avec-poils-en-acier-inoxydable\/#primaryimage\"},\"datePublished\":\"2019-03-07T08:00:47+00:00\",\"dateModified\":\"2024-03-22T14:02:40+00:00\",\"description\":\"Utilisez la brosse pour grille sur vos grilles de cuisson apr\u00e8s et\/ou avant chaque utilisation de sorte que chaque repas soit aussi bon que le pr\u00e9c\u00e9dent.\",\"breadcrumb\":{\"@id\":\"https:\/\/www.grills-saveurs.ch\/fr\/produit\/brosse-weber-avec-poils-en-acier-inoxydable\/#breadcrumb\"},\"inLanguage\":\"fr-FR\",\"potentialAction\":[{\"@type\":\"ReadAction\",\"target\":[\"https:\/\/www.grills-saveurs.ch\/fr\/produit\/brosse-weber-avec-poils-en-acier-inoxydable\/\"]}]},{\"@type\":\"BreadcrumbList\",\"@id\":\"https:\/\/www.grills-saveurs.ch\/fr\/produit\/brosse-weber-avec-poils-en-acier-inoxydable\/#breadcrumb\",\"itemListElement\":[{\"@type\":\"ListItem\",\"position\":1,\"name\":\"Accueil\",\"item\":\"https:\/\/www.grills-saveurs.ch\/fr\/\"},{\"@type\":\"ListItem\",\"position\":2,\"name\":\"Shop \/ Boutique\",\"item\":\"https:\/\/www.grills-saveurs.ch\/fr\/boutique\/\"},{\"@type\":\"ListItem\",\"position\":3,\"name\":\"Brosse en Y pour grilles en fonte \u00e9maill\u00e9e\"}]}]}<\/script>\n<!-- \/ Yoast SEO plugin. -->","yoast_head_json":{"title":"Brosse en Y pour grilles en fonte \u00e9maill\u00e9e - Grills et Saveurs","description":"Utilisez la brosse pour grille sur vos grilles de cuisson apr\u00e8s et\/ou avant chaque utilisation de sorte que chaque repas soit aussi bon que le pr\u00e9c\u00e9dent.","robots":{"index":"index","follow":"follow","max-snippet":"max-snippet:-1","max-image-preview":"max-image-preview:large","max-video-preview":"max-video-preview:-1"},"canonical":"https:\/\/www.grills-saveurs.ch\/fr\/produit\/brosse-weber-avec-poils-en-acier-inoxydable\/","og_locale":"fr_FR","og_type":"article","og_title":"Brosse en Y pour grilles en fonte \u00e9maill\u00e9e - Grills et Saveurs","og_description":"Utilisez la brosse pour grille sur vos grilles de cuisson apr\u00e8s et\/ou avant chaque utilisation de sorte que chaque repas soit aussi bon que le pr\u00e9c\u00e9dent.","og_url":"https:\/\/www.grills-saveurs.ch\/fr\/produit\/brosse-weber-avec-poils-en-acier-inoxydable\/","og_site_name":"Grills et Saveurs","article_modified_time":"2024-03-22T14:02:40+00:00","og_image":[{"width":1000,"height":950,"url":"https:\/\/www.grills-saveurs.ch\/fr\/wp-content\/uploads\/2019\/03\/6495-Brosse-en-Y-pour-grilles-en-fonte-\u00e9maill\u00e9e.png","type":"image\/png"}],"twitter_card":"summary_large_image","twitter_misc":{"Dur\u00e9e de lecture estim\u00e9e":"1 minute"},"schema":{"@context":"https:\/\/schema.org","@graph":[{"@type":"WebSite","@id":"https:\/\/www.grills-saveurs.ch\/fr\/#website","url":"https:\/\/www.grills-saveurs.ch\/fr\/","name":"Grills et Saveurs","description":"Barbecues, Grills, Planchas, Chemin\u00e9es jardin - Lausanne, Suisse Romande","potentialAction":[{"@type":"SearchAction","target":{"@type":"EntryPoint","urlTemplate":"https:\/\/www.grills-saveurs.ch\/fr\/?s={search_term_string}"},"query-input":"required name=search_term_string"}],"inLanguage":"fr-FR"},{"@type":"ImageObject","@id":"https:\/\/www.grills-saveurs.ch\/fr\/produit\/brosse-weber-avec-poils-en-acier-inoxydable\/#primaryimage","inLanguage":"fr-FR","url":"https:\/\/www.grills-saveurs.ch\/fr\/wp-content\/uploads\/2019\/03\/6495-Brosse-en-Y-pour-grilles-en-fonte-\u00e9maill\u00e9e.png","contentUrl":"https:\/\/www.grills-saveurs.ch\/fr\/wp-content\/uploads\/2019\/03\/6495-Brosse-en-Y-pour-grilles-en-fonte-\u00e9maill\u00e9e.png","width":1000,"height":950,"caption":"6495 Brosse en Y pour grilles en fonte \u00e9maill\u00e9e"},{"@type":"WebPage","@id":"https:\/\/www.grills-saveurs.ch\/fr\/produit\/brosse-weber-avec-poils-en-acier-inoxydable\/#webpage","url":"https:\/\/www.grills-saveurs.ch\/fr\/produit\/brosse-weber-avec-poils-en-acier-inoxydable\/","name":"Brosse en Y pour grilles en fonte \u00e9maill\u00e9e - Grills et Saveurs","isPartOf":{"@id":"https:\/\/www.grills-saveurs.ch\/fr\/#website"},"primaryImageOfPage":{"@id":"https:\/\/www.grills-saveurs.ch\/fr\/produit\/brosse-weber-avec-poils-en-acier-inoxydable\/#primaryimage"},"datePublished":"2019-03-07T08:00:47+00:00","dateModified":"2024-03-22T14:02:40+00:00","description":"Utilisez la brosse pour grille sur vos grilles de cuisson apr\u00e8s et\/ou avant chaque utilisation de sorte que chaque repas soit aussi bon que le pr\u00e9c\u00e9dent.","breadcrumb":{"@id":"https:\/\/www.grills-saveurs.ch\/fr\/produit\/brosse-weber-avec-poils-en-acier-inoxydable\/#breadcrumb"},"inLanguage":"fr-FR","potentialAction":[{"@type":"ReadAction","target":["https:\/\/www.grills-saveurs.ch\/fr\/produit\/brosse-weber-avec-poils-en-acier-inoxydable\/"]}]},{"@type":"BreadcrumbList","@id":"https:\/\/www.grills-saveurs.ch\/fr\/produit\/brosse-weber-avec-poils-en-acier-inoxydable\/#breadcrumb","itemListElement":[{"@type":"ListItem","position":1,"name":"Accueil","item":"https:\/\/www.grills-saveurs.ch\/fr\/"},{"@type":"ListItem","position":2,"name":"Shop \/ Boutique","item":"https:\/\/www.grills-saveurs.ch\/fr\/boutique\/"},{"@type":"ListItem","position":3,"name":"Brosse en Y pour grilles en fonte \u00e9maill\u00e9e"}]}]}},"_links":{"self":[{"href":"https:\/\/www.grills-saveurs.ch\/fr\/wp-json\/wp\/v2\/product\/1701"}],"collection":[{"href":"https:\/\/www.grills-saveurs.ch\/fr\/wp-json\/wp\/v2\/product"}],"about":[{"href":"https:\/\/www.grills-saveurs.ch\/fr\/wp-json\/wp\/v2\/types\/product"}],"wp:featuredmedia":[{"embeddable":true,"href":"https:\/\/www.grills-saveurs.ch\/fr\/wp-json\/wp\/v2\/media\/4028"}],"wp:attachment":[{"href":"https:\/\/www.grills-saveurs.ch\/fr\/wp-json\/wp\/v2\/media?parent=1701"}],"wp:term":[{"taxonomy":"product_cat","embeddable":true,"href":"https:\/\/www.grills-saveurs.ch\/fr\/wp-json\/wp\/v2\/product_cat?post=1701"},{"taxonomy":"product_tag","embeddable":true,"href":"https:\/\/www.grills-saveurs.ch\/fr\/wp-json\/wp\/v2\/product_tag?post=1701"}],"curies":[{"name":"wp","href":"https:\/\/api.w.org\/{rel}","templated":true}]}}