{"id":1706,"date":"2019-03-07T09:00:48","date_gmt":"2019-03-07T08:00:48","guid":{"rendered":"https:\/\/www.grills-saveurs.ch\/fr\/produit\/charbon-de-bois-weber-10-kg\/"},"modified":"2024-04-08T09:24:29","modified_gmt":"2024-04-08T07:24:29","slug":"charbon-de-bois-weber-10-kg","status":"publish","type":"product","link":"https:\/\/www.grills-saveurs.ch\/fr\/produit\/charbon-de-bois-weber-10-kg\/","title":{"rendered":"Charbon de bois Weber Premium 10 kg"},"content":{"rendered":"<p>Pr\u00e9parez vos steaks et laissez l\u2019odeur du bois se propager dans votre jardin pendant que votre barbecue chauffe. Fabriqu\u00e9 \u00e0 partir de h\u00eatre, de charme, de bouleau et de ch\u00eane, le charbon de bois Weber s\u2019allume facilement, devient tr\u00e8s chaud et donne \u00e0 vos aliments cuits au barbecue une d\u00e9licieuse saveur bien sp\u00e9cifique.<\/p>\n<p>Le charbon de bois Weber contiennent des bois naturels vari\u00e9s, et notamment les principaux composants suivants : charme (carpinus betulus) ; h\u00eatre (fagus sylvatica) ; ch\u00eane (quercus spp); bouleau (betula pendula).<\/p>\n<p><strong>CARACT\u00c9RISTIQUES<\/strong><\/p>\n<ul>\n<li>10 kg<\/li>\n<li>Pr\u00eat \u00e0 l\u2019emploi en 15 minutes<\/li>\n<li>100 % naturel<\/li>\n<li>1,5 h de combustion \u00e0 180 \u00b0c<\/li>\n<li>Certifi\u00e9 T\u00fcv et Din<\/li>\n<li>Fabriqu\u00e9 en Europe<\/li>\n<li>Source du bois :\u00a0Pologne, Ukraine, Bi\u00e9lorussie<\/li>\n<\/ul>\n","protected":false},"excerpt":{"rendered":"<p>17830<\/p>\n","protected":false},"featured_media":3306,"template":"","meta":[],"product_cat":[120],"product_tag":[84],"yoast_head":"<!-- This site is optimized with the Yoast SEO plugin v18.2 - https:\/\/yoast.com\/wordpress\/plugins\/seo\/ -->\n<title>Charbon de bois Weber Premium 10 kg - Grills et Saveurs<\/title>\n<meta name=\"description\" content=\"Fabriqu\u00e9 \u00e0 partir de h\u00eatre, de charme, de bouleau et de ch\u00eane, le charbon de bois Weber s\u2019allume facilement, devient tr\u00e8s chaud et donne \u00e0 vos aliments cuits au barbecue une d\u00e9licieuse saveur bien sp\u00e9cifique.\" \/>\n<meta name=\"robots\" content=\"index, follow, max-snippet:-1, max-image-preview:large, max-video-preview:-1\" \/>\n<link rel=\"canonical\" href=\"https:\/\/www.grills-saveurs.ch\/fr\/produit\/charbon-de-bois-weber-10-kg\/\" \/>\n<meta property=\"og:locale\" content=\"fr_FR\" \/>\n<meta property=\"og:type\" content=\"article\" \/>\n<meta property=\"og:title\" content=\"Charbon de bois Weber Premium 10 kg - Grills et Saveurs\" \/>\n<meta property=\"og:description\" content=\"Fabriqu\u00e9 \u00e0 partir de h\u00eatre, de charme, de bouleau et de ch\u00eane, le charbon de bois Weber s\u2019allume facilement, devient tr\u00e8s chaud et donne \u00e0 vos aliments cuits au barbecue une d\u00e9licieuse saveur bien sp\u00e9cifique.\" \/>\n<meta property=\"og:url\" content=\"https:\/\/www.grills-saveurs.ch\/fr\/produit\/charbon-de-bois-weber-10-kg\/\" \/>\n<meta property=\"og:site_name\" content=\"Grills et Saveurs\" \/>\n<meta property=\"article:modified_time\" content=\"2024-04-08T07:24:29+00:00\" \/>\n<meta property=\"og:image\" content=\"https:\/\/www.grills-saveurs.ch\/fr\/wp-content\/uploads\/2019\/03\/17830_Charbon_de_bois_Premium_Weber_10kg.png\" \/>\n\t<meta property=\"og:image:width\" content=\"1000\" \/>\n\t<meta property=\"og:image:height\" content=\"950\" \/>\n\t<meta property=\"og:image:type\" content=\"image\/png\" \/>\n<meta name=\"twitter:card\" content=\"summary_large_image\" \/>\n<meta name=\"twitter:label1\" content=\"Dur\u00e9e de lecture estim\u00e9e\" \/>\n\t<meta name=\"twitter:data1\" content=\"1 minute\" \/>\n<script type=\"application\/ld+json\" class=\"yoast-schema-graph\">{\"@context\":\"https:\/\/schema.org\",\"@graph\":[{\"@type\":\"WebSite\",\"@id\":\"https:\/\/www.grills-saveurs.ch\/fr\/#website\",\"url\":\"https:\/\/www.grills-saveurs.ch\/fr\/\",\"name\":\"Grills et Saveurs\",\"description\":\"Barbecues, Grills, Planchas, Chemin\u00e9es jardin - Lausanne, Suisse Romande\",\"potentialAction\":[{\"@type\":\"SearchAction\",\"target\":{\"@type\":\"EntryPoint\",\"urlTemplate\":\"https:\/\/www.grills-saveurs.ch\/fr\/?s={search_term_string}\"},\"query-input\":\"required name=search_term_string\"}],\"inLanguage\":\"fr-FR\"},{\"@type\":\"ImageObject\",\"@id\":\"https:\/\/www.grills-saveurs.ch\/fr\/produit\/charbon-de-bois-weber-10-kg\/#primaryimage\",\"inLanguage\":\"fr-FR\",\"url\":\"https:\/\/www.grills-saveurs.ch\/fr\/wp-content\/uploads\/2019\/03\/17830_Charbon_de_bois_Premium_Weber_10kg.png\",\"contentUrl\":\"https:\/\/www.grills-saveurs.ch\/fr\/wp-content\/uploads\/2019\/03\/17830_Charbon_de_bois_Premium_Weber_10kg.png\",\"width\":1000,\"height\":950,\"caption\":\"17830 Charbon de bois Premium Weber 10kg\"},{\"@type\":\"WebPage\",\"@id\":\"https:\/\/www.grills-saveurs.ch\/fr\/produit\/charbon-de-bois-weber-10-kg\/#webpage\",\"url\":\"https:\/\/www.grills-saveurs.ch\/fr\/produit\/charbon-de-bois-weber-10-kg\/\",\"name\":\"Charbon de bois Weber Premium 10 kg - Grills et Saveurs\",\"isPartOf\":{\"@id\":\"https:\/\/www.grills-saveurs.ch\/fr\/#website\"},\"primaryImageOfPage\":{\"@id\":\"https:\/\/www.grills-saveurs.ch\/fr\/produit\/charbon-de-bois-weber-10-kg\/#primaryimage\"},\"datePublished\":\"2019-03-07T08:00:48+00:00\",\"dateModified\":\"2024-04-08T07:24:29+00:00\",\"description\":\"Fabriqu\u00e9 \u00e0 partir de h\u00eatre, de charme, de bouleau et de ch\u00eane, le charbon de bois Weber s\u2019allume facilement, devient tr\u00e8s chaud et donne \u00e0 vos aliments cuits au barbecue une d\u00e9licieuse saveur bien sp\u00e9cifique.\",\"breadcrumb\":{\"@id\":\"https:\/\/www.grills-saveurs.ch\/fr\/produit\/charbon-de-bois-weber-10-kg\/#breadcrumb\"},\"inLanguage\":\"fr-FR\",\"potentialAction\":[{\"@type\":\"ReadAction\",\"target\":[\"https:\/\/www.grills-saveurs.ch\/fr\/produit\/charbon-de-bois-weber-10-kg\/\"]}]},{\"@type\":\"BreadcrumbList\",\"@id\":\"https:\/\/www.grills-saveurs.ch\/fr\/produit\/charbon-de-bois-weber-10-kg\/#breadcrumb\",\"itemListElement\":[{\"@type\":\"ListItem\",\"position\":1,\"name\":\"Accueil\",\"item\":\"https:\/\/www.grills-saveurs.ch\/fr\/\"},{\"@type\":\"ListItem\",\"position\":2,\"name\":\"Shop \/ Boutique\",\"item\":\"https:\/\/www.grills-saveurs.ch\/fr\/boutique\/\"},{\"@type\":\"ListItem\",\"position\":3,\"name\":\"Charbon de bois Weber Premium 10 kg\"}]}]}<\/script>\n<!-- \/ Yoast SEO plugin. -->","yoast_head_json":{"title":"Charbon de bois Weber Premium 10 kg - Grills et Saveurs","description":"Fabriqu\u00e9 \u00e0 partir de h\u00eatre, de charme, de bouleau et de ch\u00eane, le charbon de bois Weber s\u2019allume facilement, devient tr\u00e8s chaud et donne \u00e0 vos aliments cuits au barbecue une d\u00e9licieuse saveur bien sp\u00e9cifique.","robots":{"index":"index","follow":"follow","max-snippet":"max-snippet:-1","max-image-preview":"max-image-preview:large","max-video-preview":"max-video-preview:-1"},"canonical":"https:\/\/www.grills-saveurs.ch\/fr\/produit\/charbon-de-bois-weber-10-kg\/","og_locale":"fr_FR","og_type":"article","og_title":"Charbon de bois Weber Premium 10 kg - Grills et Saveurs","og_description":"Fabriqu\u00e9 \u00e0 partir de h\u00eatre, de charme, de bouleau et de ch\u00eane, le charbon de bois Weber s\u2019allume facilement, devient tr\u00e8s chaud et donne \u00e0 vos aliments cuits au barbecue une d\u00e9licieuse saveur bien sp\u00e9cifique.","og_url":"https:\/\/www.grills-saveurs.ch\/fr\/produit\/charbon-de-bois-weber-10-kg\/","og_site_name":"Grills et Saveurs","article_modified_time":"2024-04-08T07:24:29+00:00","og_image":[{"width":1000,"height":950,"url":"https:\/\/www.grills-saveurs.ch\/fr\/wp-content\/uploads\/2019\/03\/17830_Charbon_de_bois_Premium_Weber_10kg.png","type":"image\/png"}],"twitter_card":"summary_large_image","twitter_misc":{"Dur\u00e9e de lecture estim\u00e9e":"1 minute"},"schema":{"@context":"https:\/\/schema.org","@graph":[{"@type":"WebSite","@id":"https:\/\/www.grills-saveurs.ch\/fr\/#website","url":"https:\/\/www.grills-saveurs.ch\/fr\/","name":"Grills et Saveurs","description":"Barbecues, Grills, Planchas, Chemin\u00e9es jardin - Lausanne, Suisse Romande","potentialAction":[{"@type":"SearchAction","target":{"@type":"EntryPoint","urlTemplate":"https:\/\/www.grills-saveurs.ch\/fr\/?s={search_term_string}"},"query-input":"required name=search_term_string"}],"inLanguage":"fr-FR"},{"@type":"ImageObject","@id":"https:\/\/www.grills-saveurs.ch\/fr\/produit\/charbon-de-bois-weber-10-kg\/#primaryimage","inLanguage":"fr-FR","url":"https:\/\/www.grills-saveurs.ch\/fr\/wp-content\/uploads\/2019\/03\/17830_Charbon_de_bois_Premium_Weber_10kg.png","contentUrl":"https:\/\/www.grills-saveurs.ch\/fr\/wp-content\/uploads\/2019\/03\/17830_Charbon_de_bois_Premium_Weber_10kg.png","width":1000,"height":950,"caption":"17830 Charbon de bois Premium Weber 10kg"},{"@type":"WebPage","@id":"https:\/\/www.grills-saveurs.ch\/fr\/produit\/charbon-de-bois-weber-10-kg\/#webpage","url":"https:\/\/www.grills-saveurs.ch\/fr\/produit\/charbon-de-bois-weber-10-kg\/","name":"Charbon de bois Weber Premium 10 kg - Grills et Saveurs","isPartOf":{"@id":"https:\/\/www.grills-saveurs.ch\/fr\/#website"},"primaryImageOfPage":{"@id":"https:\/\/www.grills-saveurs.ch\/fr\/produit\/charbon-de-bois-weber-10-kg\/#primaryimage"},"datePublished":"2019-03-07T08:00:48+00:00","dateModified":"2024-04-08T07:24:29+00:00","description":"Fabriqu\u00e9 \u00e0 partir de h\u00eatre, de charme, de bouleau et de ch\u00eane, le charbon de bois Weber s\u2019allume facilement, devient tr\u00e8s chaud et donne \u00e0 vos aliments cuits au barbecue une d\u00e9licieuse saveur bien sp\u00e9cifique.","breadcrumb":{"@id":"https:\/\/www.grills-saveurs.ch\/fr\/produit\/charbon-de-bois-weber-10-kg\/#breadcrumb"},"inLanguage":"fr-FR","potentialAction":[{"@type":"ReadAction","target":["https:\/\/www.grills-saveurs.ch\/fr\/produit\/charbon-de-bois-weber-10-kg\/"]}]},{"@type":"BreadcrumbList","@id":"https:\/\/www.grills-saveurs.ch\/fr\/produit\/charbon-de-bois-weber-10-kg\/#breadcrumb","itemListElement":[{"@type":"ListItem","position":1,"name":"Accueil","item":"https:\/\/www.grills-saveurs.ch\/fr\/"},{"@type":"ListItem","position":2,"name":"Shop \/ Boutique","item":"https:\/\/www.grills-saveurs.ch\/fr\/boutique\/"},{"@type":"ListItem","position":3,"name":"Charbon de bois Weber Premium 10 kg"}]}]}},"_links":{"self":[{"href":"https:\/\/www.grills-saveurs.ch\/fr\/wp-json\/wp\/v2\/product\/1706"}],"collection":[{"href":"https:\/\/www.grills-saveurs.ch\/fr\/wp-json\/wp\/v2\/product"}],"about":[{"href":"https:\/\/www.grills-saveurs.ch\/fr\/wp-json\/wp\/v2\/types\/product"}],"wp:featuredmedia":[{"embeddable":true,"href":"https:\/\/www.grills-saveurs.ch\/fr\/wp-json\/wp\/v2\/media\/3306"}],"wp:attachment":[{"href":"https:\/\/www.grills-saveurs.ch\/fr\/wp-json\/wp\/v2\/media?parent=1706"}],"wp:term":[{"taxonomy":"product_cat","embeddable":true,"href":"https:\/\/www.grills-saveurs.ch\/fr\/wp-json\/wp\/v2\/product_cat?post=1706"},{"taxonomy":"product_tag","embeddable":true,"href":"https:\/\/www.grills-saveurs.ch\/fr\/wp-json\/wp\/v2\/product_tag?post=1706"}],"curies":[{"name":"wp","href":"https:\/\/api.w.org\/{rel}","templated":true}]}}