{"id":1709,"date":"2019-03-07T09:00:49","date_gmt":"2019-03-07T08:00:49","guid":{"rendered":"https:\/\/www.grills-saveurs.ch\/fr\/produit\/weber-briquettes-8-kg\/"},"modified":"2024-03-25T22:01:04","modified_gmt":"2024-03-25T21:01:04","slug":"weber-briquettes-8-kg","status":"publish","type":"product","link":"https:\/\/www.grills-saveurs.ch\/fr\/produit\/weber-briquettes-8-kg\/","title":{"rendered":"Briquettes Weber 8 kg"},"content":{"rendered":"<p>Utilisez le combustible id\u00e9al pour votre meilleur morceau de viande. Les briquettes Weber sont faciles et rapides \u00e0 allumer et br\u00fblent pendant longtemps. 100 % naturelles, c\u2019est-\u00e0-dire sans adjonction de produits chimiques, elles n\u2019alt\u00e8rent pas le go\u00fbt de vos aliments.<\/p>\n<p><strong>CARACT\u00c9RISTIQUES<\/strong><\/p>\n<ul>\n<li>Mat\u00e9riau : les briquettes weber contiennent des bois naturelles vari\u00e9es, et notamment les principaux composants suivants : charme (carpinus betulus), h\u00eatre (fagus sylvatica), ch\u00eane (quercus spp), bouleau (betula pendula)<\/li>\n<li>Bois source : Pologne, Ukraine, Bi\u00e9lorussie<\/li>\n<li>8 kg<\/li>\n<li>Pr\u00eates \u00e0 l\u2019emploi en 20 minutes<\/li>\n<li>Fabriqu\u00e9es \u00e0 partir de d\u00e9chets de bois certifi\u00e9s DIN et T\u00dcV<\/li>\n<li>Temps de combustion de 3 h<\/li>\n<li>100% naturelles<\/li>\n<\/ul>\n","protected":false},"excerpt":{"rendered":"<p>17591<\/p>\n","protected":false},"featured_media":4017,"template":"","meta":[],"product_cat":[120],"product_tag":[84],"yoast_head":"<!-- This site is optimized with the Yoast SEO plugin v18.2 - https:\/\/yoast.com\/wordpress\/plugins\/seo\/ -->\n<title>Briquettes Weber 8 kg - Grills et Saveurs<\/title>\n<meta name=\"description\" content=\"Utilisez le combustible id\u00e9al pour votre meilleur morceau de viande. Les briquettes Weber sont faciles et rapides \u00e0 allumer et br\u00fblent pendant longtemps.\" \/>\n<meta name=\"robots\" content=\"index, follow, max-snippet:-1, max-image-preview:large, max-video-preview:-1\" \/>\n<link rel=\"canonical\" href=\"https:\/\/www.grills-saveurs.ch\/fr\/produit\/weber-briquettes-8-kg\/\" \/>\n<meta property=\"og:locale\" content=\"fr_FR\" \/>\n<meta property=\"og:type\" content=\"article\" \/>\n<meta property=\"og:title\" content=\"Briquettes Weber 8 kg - Grills et Saveurs\" \/>\n<meta property=\"og:description\" content=\"Utilisez le combustible id\u00e9al pour votre meilleur morceau de viande. Les briquettes Weber sont faciles et rapides \u00e0 allumer et br\u00fblent pendant longtemps.\" \/>\n<meta property=\"og:url\" content=\"https:\/\/www.grills-saveurs.ch\/fr\/produit\/weber-briquettes-8-kg\/\" \/>\n<meta property=\"og:site_name\" content=\"Grills et Saveurs\" \/>\n<meta property=\"article:modified_time\" content=\"2024-03-25T21:01:04+00:00\" \/>\n<meta property=\"og:image\" content=\"https:\/\/www.grills-saveurs.ch\/fr\/wp-content\/uploads\/2019\/03\/17591-Briquettes-Weber-8-kg-.png\" \/>\n\t<meta property=\"og:image:width\" content=\"1000\" \/>\n\t<meta property=\"og:image:height\" content=\"950\" \/>\n\t<meta property=\"og:image:type\" content=\"image\/png\" \/>\n<meta name=\"twitter:card\" content=\"summary_large_image\" \/>\n<meta name=\"twitter:label1\" content=\"Dur\u00e9e de lecture estim\u00e9e\" \/>\n\t<meta name=\"twitter:data1\" content=\"1 minute\" \/>\n<script type=\"application\/ld+json\" class=\"yoast-schema-graph\">{\"@context\":\"https:\/\/schema.org\",\"@graph\":[{\"@type\":\"WebSite\",\"@id\":\"https:\/\/www.grills-saveurs.ch\/fr\/#website\",\"url\":\"https:\/\/www.grills-saveurs.ch\/fr\/\",\"name\":\"Grills et Saveurs\",\"description\":\"Barbecues, Grills, Planchas, Chemin\u00e9es jardin - Lausanne, Suisse Romande\",\"potentialAction\":[{\"@type\":\"SearchAction\",\"target\":{\"@type\":\"EntryPoint\",\"urlTemplate\":\"https:\/\/www.grills-saveurs.ch\/fr\/?s={search_term_string}\"},\"query-input\":\"required name=search_term_string\"}],\"inLanguage\":\"fr-FR\"},{\"@type\":\"ImageObject\",\"@id\":\"https:\/\/www.grills-saveurs.ch\/fr\/produit\/weber-briquettes-8-kg\/#primaryimage\",\"inLanguage\":\"fr-FR\",\"url\":\"https:\/\/www.grills-saveurs.ch\/fr\/wp-content\/uploads\/2019\/03\/17591-Briquettes-Weber-8-kg-.png\",\"contentUrl\":\"https:\/\/www.grills-saveurs.ch\/fr\/wp-content\/uploads\/2019\/03\/17591-Briquettes-Weber-8-kg-.png\",\"width\":1000,\"height\":950,\"caption\":\"17591 Briquettes Weber 8 kg\"},{\"@type\":\"WebPage\",\"@id\":\"https:\/\/www.grills-saveurs.ch\/fr\/produit\/weber-briquettes-8-kg\/#webpage\",\"url\":\"https:\/\/www.grills-saveurs.ch\/fr\/produit\/weber-briquettes-8-kg\/\",\"name\":\"Briquettes Weber 8 kg - Grills et Saveurs\",\"isPartOf\":{\"@id\":\"https:\/\/www.grills-saveurs.ch\/fr\/#website\"},\"primaryImageOfPage\":{\"@id\":\"https:\/\/www.grills-saveurs.ch\/fr\/produit\/weber-briquettes-8-kg\/#primaryimage\"},\"datePublished\":\"2019-03-07T08:00:49+00:00\",\"dateModified\":\"2024-03-25T21:01:04+00:00\",\"description\":\"Utilisez le combustible id\u00e9al pour votre meilleur morceau de viande. Les briquettes Weber sont faciles et rapides \u00e0 allumer et br\u00fblent pendant longtemps.\",\"breadcrumb\":{\"@id\":\"https:\/\/www.grills-saveurs.ch\/fr\/produit\/weber-briquettes-8-kg\/#breadcrumb\"},\"inLanguage\":\"fr-FR\",\"potentialAction\":[{\"@type\":\"ReadAction\",\"target\":[\"https:\/\/www.grills-saveurs.ch\/fr\/produit\/weber-briquettes-8-kg\/\"]}]},{\"@type\":\"BreadcrumbList\",\"@id\":\"https:\/\/www.grills-saveurs.ch\/fr\/produit\/weber-briquettes-8-kg\/#breadcrumb\",\"itemListElement\":[{\"@type\":\"ListItem\",\"position\":1,\"name\":\"Accueil\",\"item\":\"https:\/\/www.grills-saveurs.ch\/fr\/\"},{\"@type\":\"ListItem\",\"position\":2,\"name\":\"Shop \/ Boutique\",\"item\":\"https:\/\/www.grills-saveurs.ch\/fr\/boutique\/\"},{\"@type\":\"ListItem\",\"position\":3,\"name\":\"Briquettes Weber 8 kg\"}]}]}<\/script>\n<!-- \/ Yoast SEO plugin. -->","yoast_head_json":{"title":"Briquettes Weber 8 kg - Grills et Saveurs","description":"Utilisez le combustible id\u00e9al pour votre meilleur morceau de viande. Les briquettes Weber sont faciles et rapides \u00e0 allumer et br\u00fblent pendant longtemps.","robots":{"index":"index","follow":"follow","max-snippet":"max-snippet:-1","max-image-preview":"max-image-preview:large","max-video-preview":"max-video-preview:-1"},"canonical":"https:\/\/www.grills-saveurs.ch\/fr\/produit\/weber-briquettes-8-kg\/","og_locale":"fr_FR","og_type":"article","og_title":"Briquettes Weber 8 kg - Grills et Saveurs","og_description":"Utilisez le combustible id\u00e9al pour votre meilleur morceau de viande. Les briquettes Weber sont faciles et rapides \u00e0 allumer et br\u00fblent pendant longtemps.","og_url":"https:\/\/www.grills-saveurs.ch\/fr\/produit\/weber-briquettes-8-kg\/","og_site_name":"Grills et Saveurs","article_modified_time":"2024-03-25T21:01:04+00:00","og_image":[{"width":1000,"height":950,"url":"https:\/\/www.grills-saveurs.ch\/fr\/wp-content\/uploads\/2019\/03\/17591-Briquettes-Weber-8-kg-.png","type":"image\/png"}],"twitter_card":"summary_large_image","twitter_misc":{"Dur\u00e9e de lecture estim\u00e9e":"1 minute"},"schema":{"@context":"https:\/\/schema.org","@graph":[{"@type":"WebSite","@id":"https:\/\/www.grills-saveurs.ch\/fr\/#website","url":"https:\/\/www.grills-saveurs.ch\/fr\/","name":"Grills et Saveurs","description":"Barbecues, Grills, Planchas, Chemin\u00e9es jardin - Lausanne, Suisse Romande","potentialAction":[{"@type":"SearchAction","target":{"@type":"EntryPoint","urlTemplate":"https:\/\/www.grills-saveurs.ch\/fr\/?s={search_term_string}"},"query-input":"required name=search_term_string"}],"inLanguage":"fr-FR"},{"@type":"ImageObject","@id":"https:\/\/www.grills-saveurs.ch\/fr\/produit\/weber-briquettes-8-kg\/#primaryimage","inLanguage":"fr-FR","url":"https:\/\/www.grills-saveurs.ch\/fr\/wp-content\/uploads\/2019\/03\/17591-Briquettes-Weber-8-kg-.png","contentUrl":"https:\/\/www.grills-saveurs.ch\/fr\/wp-content\/uploads\/2019\/03\/17591-Briquettes-Weber-8-kg-.png","width":1000,"height":950,"caption":"17591 Briquettes Weber 8 kg"},{"@type":"WebPage","@id":"https:\/\/www.grills-saveurs.ch\/fr\/produit\/weber-briquettes-8-kg\/#webpage","url":"https:\/\/www.grills-saveurs.ch\/fr\/produit\/weber-briquettes-8-kg\/","name":"Briquettes Weber 8 kg - Grills et Saveurs","isPartOf":{"@id":"https:\/\/www.grills-saveurs.ch\/fr\/#website"},"primaryImageOfPage":{"@id":"https:\/\/www.grills-saveurs.ch\/fr\/produit\/weber-briquettes-8-kg\/#primaryimage"},"datePublished":"2019-03-07T08:00:49+00:00","dateModified":"2024-03-25T21:01:04+00:00","description":"Utilisez le combustible id\u00e9al pour votre meilleur morceau de viande. Les briquettes Weber sont faciles et rapides \u00e0 allumer et br\u00fblent pendant longtemps.","breadcrumb":{"@id":"https:\/\/www.grills-saveurs.ch\/fr\/produit\/weber-briquettes-8-kg\/#breadcrumb"},"inLanguage":"fr-FR","potentialAction":[{"@type":"ReadAction","target":["https:\/\/www.grills-saveurs.ch\/fr\/produit\/weber-briquettes-8-kg\/"]}]},{"@type":"BreadcrumbList","@id":"https:\/\/www.grills-saveurs.ch\/fr\/produit\/weber-briquettes-8-kg\/#breadcrumb","itemListElement":[{"@type":"ListItem","position":1,"name":"Accueil","item":"https:\/\/www.grills-saveurs.ch\/fr\/"},{"@type":"ListItem","position":2,"name":"Shop \/ Boutique","item":"https:\/\/www.grills-saveurs.ch\/fr\/boutique\/"},{"@type":"ListItem","position":3,"name":"Briquettes Weber 8 kg"}]}]}},"_links":{"self":[{"href":"https:\/\/www.grills-saveurs.ch\/fr\/wp-json\/wp\/v2\/product\/1709"}],"collection":[{"href":"https:\/\/www.grills-saveurs.ch\/fr\/wp-json\/wp\/v2\/product"}],"about":[{"href":"https:\/\/www.grills-saveurs.ch\/fr\/wp-json\/wp\/v2\/types\/product"}],"wp:featuredmedia":[{"embeddable":true,"href":"https:\/\/www.grills-saveurs.ch\/fr\/wp-json\/wp\/v2\/media\/4017"}],"wp:attachment":[{"href":"https:\/\/www.grills-saveurs.ch\/fr\/wp-json\/wp\/v2\/media?parent=1709"}],"wp:term":[{"taxonomy":"product_cat","embeddable":true,"href":"https:\/\/www.grills-saveurs.ch\/fr\/wp-json\/wp\/v2\/product_cat?post=1709"},{"taxonomy":"product_tag","embeddable":true,"href":"https:\/\/www.grills-saveurs.ch\/fr\/wp-json\/wp\/v2\/product_tag?post=1709"}],"curies":[{"name":"wp","href":"https:\/\/api.w.org\/{rel}","templated":true}]}}