{"id":1713,"date":"2019-03-07T09:00:50","date_gmt":"2019-03-07T08:00:50","guid":{"rendered":"https:\/\/www.grills-saveurs.ch\/fr\/produit\/cubes-dallumage-bruns-weber-ecologique\/"},"modified":"2024-03-21T14:14:25","modified_gmt":"2024-03-21T13:14:25","slug":"cubes-dallumage-bruns-weber-ecologique","status":"publish","type":"product","link":"https:\/\/www.grills-saveurs.ch\/fr\/produit\/cubes-dallumage-bruns-weber-ecologique\/","title":{"rendered":"Cubes allume-feu \u00e9cologiques Weber"},"content":{"rendered":"<p>Un bon d\u00e9but pour allumer votre barbecue \u00e0 charbon et prendre plaisir \u00e0 le faire. Il suffit d&rsquo;allumer deux cubes allume-feu bruns et de poser par-dessus une chemin\u00e9e d&rsquo;allumage remplie de briquettes. Les briquettes se transforment rapidement en braises, en toute s\u00e9curit\u00e9 et sans effort.<\/p>\n<p><strong>CARACT\u00c9RISTIQUES<\/strong><\/p>\n<ul>\n<li>Lot de 48<\/li>\n<li>Allumage \u00e9cologique<\/li>\n<li>Ne contient aucun additif<\/li>\n<\/ul>\n","protected":false},"excerpt":{"rendered":"<p>17612<\/p>\n","protected":false},"featured_media":4010,"template":"","meta":[],"product_cat":[186,120],"product_tag":[84],"yoast_head":"<!-- This site is optimized with the Yoast SEO plugin v18.2 - https:\/\/yoast.com\/wordpress\/plugins\/seo\/ -->\n<title>Cubes allume-feu \u00e9cologiques Weber - Grills et Saveurs<\/title>\n<meta name=\"description\" content=\"Il suffit d&#039;allumer deux cubes allume-feu et de poser par-dessus une chemin\u00e9e d&#039;allumage remplie de briquettes. Ne contient aucun additif.\" \/>\n<meta name=\"robots\" content=\"index, follow, max-snippet:-1, max-image-preview:large, max-video-preview:-1\" \/>\n<link rel=\"canonical\" href=\"https:\/\/www.grills-saveurs.ch\/fr\/produit\/cubes-dallumage-bruns-weber-ecologique\/\" \/>\n<meta property=\"og:locale\" content=\"fr_FR\" \/>\n<meta property=\"og:type\" content=\"article\" \/>\n<meta property=\"og:title\" content=\"Cubes allume-feu \u00e9cologiques Weber - Grills et Saveurs\" \/>\n<meta property=\"og:description\" content=\"Il suffit d&#039;allumer deux cubes allume-feu et de poser par-dessus une chemin\u00e9e d&#039;allumage remplie de briquettes. Ne contient aucun additif.\" \/>\n<meta property=\"og:url\" content=\"https:\/\/www.grills-saveurs.ch\/fr\/produit\/cubes-dallumage-bruns-weber-ecologique\/\" \/>\n<meta property=\"og:site_name\" content=\"Grills et Saveurs\" \/>\n<meta property=\"article:modified_time\" content=\"2024-03-21T13:14:25+00:00\" \/>\n<meta property=\"og:image\" content=\"https:\/\/www.grills-saveurs.ch\/fr\/wp-content\/uploads\/2019\/03\/17612-Cubes-allume-feu-\u00e9cologiques-Weber.png\" \/>\n\t<meta property=\"og:image:width\" content=\"1000\" \/>\n\t<meta property=\"og:image:height\" content=\"950\" \/>\n\t<meta property=\"og:image:type\" content=\"image\/png\" \/>\n<meta name=\"twitter:card\" content=\"summary_large_image\" \/>\n<script type=\"application\/ld+json\" class=\"yoast-schema-graph\">{\"@context\":\"https:\/\/schema.org\",\"@graph\":[{\"@type\":\"WebSite\",\"@id\":\"https:\/\/www.grills-saveurs.ch\/fr\/#website\",\"url\":\"https:\/\/www.grills-saveurs.ch\/fr\/\",\"name\":\"Grills et Saveurs\",\"description\":\"Barbecues, Grills, Planchas, Chemin\u00e9es jardin - Lausanne, Suisse Romande\",\"potentialAction\":[{\"@type\":\"SearchAction\",\"target\":{\"@type\":\"EntryPoint\",\"urlTemplate\":\"https:\/\/www.grills-saveurs.ch\/fr\/?s={search_term_string}\"},\"query-input\":\"required name=search_term_string\"}],\"inLanguage\":\"fr-FR\"},{\"@type\":\"ImageObject\",\"@id\":\"https:\/\/www.grills-saveurs.ch\/fr\/produit\/cubes-dallumage-bruns-weber-ecologique\/#primaryimage\",\"inLanguage\":\"fr-FR\",\"url\":\"https:\/\/www.grills-saveurs.ch\/fr\/wp-content\/uploads\/2019\/03\/17612-Cubes-allume-feu-\u00e9cologiques-Weber.png\",\"contentUrl\":\"https:\/\/www.grills-saveurs.ch\/fr\/wp-content\/uploads\/2019\/03\/17612-Cubes-allume-feu-\u00e9cologiques-Weber.png\",\"width\":1000,\"height\":950,\"caption\":\"17612 Cubes allume-feu \u00e9cologiques bruns Weber\"},{\"@type\":\"WebPage\",\"@id\":\"https:\/\/www.grills-saveurs.ch\/fr\/produit\/cubes-dallumage-bruns-weber-ecologique\/#webpage\",\"url\":\"https:\/\/www.grills-saveurs.ch\/fr\/produit\/cubes-dallumage-bruns-weber-ecologique\/\",\"name\":\"Cubes allume-feu \u00e9cologiques Weber - Grills et Saveurs\",\"isPartOf\":{\"@id\":\"https:\/\/www.grills-saveurs.ch\/fr\/#website\"},\"primaryImageOfPage\":{\"@id\":\"https:\/\/www.grills-saveurs.ch\/fr\/produit\/cubes-dallumage-bruns-weber-ecologique\/#primaryimage\"},\"datePublished\":\"2019-03-07T08:00:50+00:00\",\"dateModified\":\"2024-03-21T13:14:25+00:00\",\"description\":\"Il suffit d'allumer deux cubes allume-feu et de poser par-dessus une chemin\u00e9e d'allumage remplie de briquettes. Ne contient aucun additif.\",\"breadcrumb\":{\"@id\":\"https:\/\/www.grills-saveurs.ch\/fr\/produit\/cubes-dallumage-bruns-weber-ecologique\/#breadcrumb\"},\"inLanguage\":\"fr-FR\",\"potentialAction\":[{\"@type\":\"ReadAction\",\"target\":[\"https:\/\/www.grills-saveurs.ch\/fr\/produit\/cubes-dallumage-bruns-weber-ecologique\/\"]}]},{\"@type\":\"BreadcrumbList\",\"@id\":\"https:\/\/www.grills-saveurs.ch\/fr\/produit\/cubes-dallumage-bruns-weber-ecologique\/#breadcrumb\",\"itemListElement\":[{\"@type\":\"ListItem\",\"position\":1,\"name\":\"Accueil\",\"item\":\"https:\/\/www.grills-saveurs.ch\/fr\/\"},{\"@type\":\"ListItem\",\"position\":2,\"name\":\"Shop \/ Boutique\",\"item\":\"https:\/\/www.grills-saveurs.ch\/fr\/boutique\/\"},{\"@type\":\"ListItem\",\"position\":3,\"name\":\"Cubes allume-feu \u00e9cologiques Weber\"}]}]}<\/script>\n<!-- \/ Yoast SEO plugin. -->","yoast_head_json":{"title":"Cubes allume-feu \u00e9cologiques Weber - Grills et Saveurs","description":"Il suffit d'allumer deux cubes allume-feu et de poser par-dessus une chemin\u00e9e d'allumage remplie de briquettes. Ne contient aucun additif.","robots":{"index":"index","follow":"follow","max-snippet":"max-snippet:-1","max-image-preview":"max-image-preview:large","max-video-preview":"max-video-preview:-1"},"canonical":"https:\/\/www.grills-saveurs.ch\/fr\/produit\/cubes-dallumage-bruns-weber-ecologique\/","og_locale":"fr_FR","og_type":"article","og_title":"Cubes allume-feu \u00e9cologiques Weber - Grills et Saveurs","og_description":"Il suffit d'allumer deux cubes allume-feu et de poser par-dessus une chemin\u00e9e d'allumage remplie de briquettes. Ne contient aucun additif.","og_url":"https:\/\/www.grills-saveurs.ch\/fr\/produit\/cubes-dallumage-bruns-weber-ecologique\/","og_site_name":"Grills et Saveurs","article_modified_time":"2024-03-21T13:14:25+00:00","og_image":[{"width":1000,"height":950,"url":"https:\/\/www.grills-saveurs.ch\/fr\/wp-content\/uploads\/2019\/03\/17612-Cubes-allume-feu-\u00e9cologiques-Weber.png","type":"image\/png"}],"twitter_card":"summary_large_image","schema":{"@context":"https:\/\/schema.org","@graph":[{"@type":"WebSite","@id":"https:\/\/www.grills-saveurs.ch\/fr\/#website","url":"https:\/\/www.grills-saveurs.ch\/fr\/","name":"Grills et Saveurs","description":"Barbecues, Grills, Planchas, Chemin\u00e9es jardin - Lausanne, Suisse Romande","potentialAction":[{"@type":"SearchAction","target":{"@type":"EntryPoint","urlTemplate":"https:\/\/www.grills-saveurs.ch\/fr\/?s={search_term_string}"},"query-input":"required name=search_term_string"}],"inLanguage":"fr-FR"},{"@type":"ImageObject","@id":"https:\/\/www.grills-saveurs.ch\/fr\/produit\/cubes-dallumage-bruns-weber-ecologique\/#primaryimage","inLanguage":"fr-FR","url":"https:\/\/www.grills-saveurs.ch\/fr\/wp-content\/uploads\/2019\/03\/17612-Cubes-allume-feu-\u00e9cologiques-Weber.png","contentUrl":"https:\/\/www.grills-saveurs.ch\/fr\/wp-content\/uploads\/2019\/03\/17612-Cubes-allume-feu-\u00e9cologiques-Weber.png","width":1000,"height":950,"caption":"17612 Cubes allume-feu \u00e9cologiques bruns Weber"},{"@type":"WebPage","@id":"https:\/\/www.grills-saveurs.ch\/fr\/produit\/cubes-dallumage-bruns-weber-ecologique\/#webpage","url":"https:\/\/www.grills-saveurs.ch\/fr\/produit\/cubes-dallumage-bruns-weber-ecologique\/","name":"Cubes allume-feu \u00e9cologiques Weber - Grills et Saveurs","isPartOf":{"@id":"https:\/\/www.grills-saveurs.ch\/fr\/#website"},"primaryImageOfPage":{"@id":"https:\/\/www.grills-saveurs.ch\/fr\/produit\/cubes-dallumage-bruns-weber-ecologique\/#primaryimage"},"datePublished":"2019-03-07T08:00:50+00:00","dateModified":"2024-03-21T13:14:25+00:00","description":"Il suffit d'allumer deux cubes allume-feu et de poser par-dessus une chemin\u00e9e d'allumage remplie de briquettes. Ne contient aucun additif.","breadcrumb":{"@id":"https:\/\/www.grills-saveurs.ch\/fr\/produit\/cubes-dallumage-bruns-weber-ecologique\/#breadcrumb"},"inLanguage":"fr-FR","potentialAction":[{"@type":"ReadAction","target":["https:\/\/www.grills-saveurs.ch\/fr\/produit\/cubes-dallumage-bruns-weber-ecologique\/"]}]},{"@type":"BreadcrumbList","@id":"https:\/\/www.grills-saveurs.ch\/fr\/produit\/cubes-dallumage-bruns-weber-ecologique\/#breadcrumb","itemListElement":[{"@type":"ListItem","position":1,"name":"Accueil","item":"https:\/\/www.grills-saveurs.ch\/fr\/"},{"@type":"ListItem","position":2,"name":"Shop \/ Boutique","item":"https:\/\/www.grills-saveurs.ch\/fr\/boutique\/"},{"@type":"ListItem","position":3,"name":"Cubes allume-feu \u00e9cologiques Weber"}]}]}},"_links":{"self":[{"href":"https:\/\/www.grills-saveurs.ch\/fr\/wp-json\/wp\/v2\/product\/1713"}],"collection":[{"href":"https:\/\/www.grills-saveurs.ch\/fr\/wp-json\/wp\/v2\/product"}],"about":[{"href":"https:\/\/www.grills-saveurs.ch\/fr\/wp-json\/wp\/v2\/types\/product"}],"wp:featuredmedia":[{"embeddable":true,"href":"https:\/\/www.grills-saveurs.ch\/fr\/wp-json\/wp\/v2\/media\/4010"}],"wp:attachment":[{"href":"https:\/\/www.grills-saveurs.ch\/fr\/wp-json\/wp\/v2\/media?parent=1713"}],"wp:term":[{"taxonomy":"product_cat","embeddable":true,"href":"https:\/\/www.grills-saveurs.ch\/fr\/wp-json\/wp\/v2\/product_cat?post=1713"},{"taxonomy":"product_tag","embeddable":true,"href":"https:\/\/www.grills-saveurs.ch\/fr\/wp-json\/wp\/v2\/product_tag?post=1713"}],"curies":[{"name":"wp","href":"https:\/\/api.w.org\/{rel}","templated":true}]}}