{"id":1715,"date":"2019-03-07T09:00:51","date_gmt":"2019-03-07T08:00:51","guid":{"rendered":"https:\/\/www.grills-saveurs.ch\/fr\/produit\/paniers-a-charbon-weber-char-basket\/"},"modified":"2024-03-21T14:25:42","modified_gmt":"2024-03-21T13:25:42","slug":"paniers-a-charbon-weber-char-basket","status":"publish","type":"product","link":"https:\/\/www.grills-saveurs.ch\/fr\/produit\/paniers-a-charbon-weber-char-basket\/","title":{"rendered":"Paniers \u00e0 charbon Char-Baskets Weber"},"content":{"rendered":"<p>Concentrez-vous sur vos aliments, les \u00e9pices et vos convives ; le reste se fera tout seul. Les paniers \u00e0 charbon Char-Baskets vous permettent de r\u00e9partir le charbon allum\u00e9 de fa\u00e7on \u00e9gale et facile sur la grille foy\u00e8re, afin d\u2019atteindre la chaleur indirecte id\u00e9ale pour la cuisson d\u2019un poulet entier ou de c\u00f4telettes. Pour commencer \u00e0 cuire, il vous suffit de verser le charbon allum\u00e9 de la chemin\u00e9e d\u2019allumage dans les paniers \u00e0 charbon Char-Baskets.<\/p>\n<p><strong>CARACT\u00c9RISTIQUES<\/strong><\/p>\n<ul>\n<li>Remplissez les paniers \u00e0 charbon char-baskets pour pr\u00e9parer une cuisson directe ou indirecte, de fa\u00e7on simple et uniforme.<\/li>\n<li>Quantit\u00e9 : 2<\/li>\n<li>Compatible : Barbecues \u00e0 charbon Weber\u00ae \u00d847 cm, \u00d857 cm et \u00d867 cm<\/li>\n<\/ul>\n","protected":false},"excerpt":{"rendered":"<p>7403<\/p>\n","protected":false},"featured_media":3995,"template":"","meta":[],"product_cat":[120],"product_tag":[84],"yoast_head":"<!-- This site is optimized with the Yoast SEO plugin v18.2 - https:\/\/yoast.com\/wordpress\/plugins\/seo\/ -->\n<title>Paniers \u00e0 charbon Char-Baskets Weber - Grills et Saveurs<\/title>\n<meta name=\"description\" content=\"Remplissez les paniers \u00e0 charbon char-baskets pour pr\u00e9parer une cuisson directe ou indirecte, de fa\u00e7on simple et uniforme.\" \/>\n<meta name=\"robots\" content=\"index, follow, max-snippet:-1, max-image-preview:large, max-video-preview:-1\" \/>\n<link rel=\"canonical\" href=\"https:\/\/www.grills-saveurs.ch\/fr\/produit\/paniers-a-charbon-weber-char-basket\/\" \/>\n<meta property=\"og:locale\" content=\"fr_FR\" \/>\n<meta property=\"og:type\" content=\"article\" \/>\n<meta property=\"og:title\" content=\"Paniers \u00e0 charbon Char-Baskets Weber - Grills et Saveurs\" \/>\n<meta property=\"og:description\" content=\"Remplissez les paniers \u00e0 charbon char-baskets pour pr\u00e9parer une cuisson directe ou indirecte, de fa\u00e7on simple et uniforme.\" \/>\n<meta property=\"og:url\" content=\"https:\/\/www.grills-saveurs.ch\/fr\/produit\/paniers-a-charbon-weber-char-basket\/\" \/>\n<meta property=\"og:site_name\" content=\"Grills et Saveurs\" \/>\n<meta property=\"article:modified_time\" content=\"2024-03-21T13:25:42+00:00\" \/>\n<meta property=\"og:image\" content=\"https:\/\/www.grills-saveurs.ch\/fr\/wp-content\/uploads\/2019\/03\/7403-Paniers-\u00e0-charbon-Char-Baskets-Weber.png\" \/>\n\t<meta property=\"og:image:width\" content=\"1000\" \/>\n\t<meta property=\"og:image:height\" content=\"950\" \/>\n\t<meta property=\"og:image:type\" content=\"image\/png\" \/>\n<meta name=\"twitter:card\" content=\"summary_large_image\" \/>\n<meta name=\"twitter:label1\" content=\"Dur\u00e9e de lecture estim\u00e9e\" \/>\n\t<meta name=\"twitter:data1\" content=\"1 minute\" \/>\n<script type=\"application\/ld+json\" class=\"yoast-schema-graph\">{\"@context\":\"https:\/\/schema.org\",\"@graph\":[{\"@type\":\"WebSite\",\"@id\":\"https:\/\/www.grills-saveurs.ch\/fr\/#website\",\"url\":\"https:\/\/www.grills-saveurs.ch\/fr\/\",\"name\":\"Grills et Saveurs\",\"description\":\"Barbecues, Grills, Planchas, Chemin\u00e9es jardin - Lausanne, Suisse Romande\",\"potentialAction\":[{\"@type\":\"SearchAction\",\"target\":{\"@type\":\"EntryPoint\",\"urlTemplate\":\"https:\/\/www.grills-saveurs.ch\/fr\/?s={search_term_string}\"},\"query-input\":\"required name=search_term_string\"}],\"inLanguage\":\"fr-FR\"},{\"@type\":\"ImageObject\",\"@id\":\"https:\/\/www.grills-saveurs.ch\/fr\/produit\/paniers-a-charbon-weber-char-basket\/#primaryimage\",\"inLanguage\":\"fr-FR\",\"url\":\"https:\/\/www.grills-saveurs.ch\/fr\/wp-content\/uploads\/2019\/03\/7403-Paniers-\u00e0-charbon-Char-Baskets-Weber.png\",\"contentUrl\":\"https:\/\/www.grills-saveurs.ch\/fr\/wp-content\/uploads\/2019\/03\/7403-Paniers-\u00e0-charbon-Char-Baskets-Weber.png\",\"width\":1000,\"height\":950,\"caption\":\"7403 Paniers \u00e0 charbon Char-Baskets Weber\"},{\"@type\":\"WebPage\",\"@id\":\"https:\/\/www.grills-saveurs.ch\/fr\/produit\/paniers-a-charbon-weber-char-basket\/#webpage\",\"url\":\"https:\/\/www.grills-saveurs.ch\/fr\/produit\/paniers-a-charbon-weber-char-basket\/\",\"name\":\"Paniers \u00e0 charbon Char-Baskets Weber - Grills et Saveurs\",\"isPartOf\":{\"@id\":\"https:\/\/www.grills-saveurs.ch\/fr\/#website\"},\"primaryImageOfPage\":{\"@id\":\"https:\/\/www.grills-saveurs.ch\/fr\/produit\/paniers-a-charbon-weber-char-basket\/#primaryimage\"},\"datePublished\":\"2019-03-07T08:00:51+00:00\",\"dateModified\":\"2024-03-21T13:25:42+00:00\",\"description\":\"Remplissez les paniers \u00e0 charbon char-baskets pour pr\u00e9parer une cuisson directe ou indirecte, de fa\u00e7on simple et uniforme.\",\"breadcrumb\":{\"@id\":\"https:\/\/www.grills-saveurs.ch\/fr\/produit\/paniers-a-charbon-weber-char-basket\/#breadcrumb\"},\"inLanguage\":\"fr-FR\",\"potentialAction\":[{\"@type\":\"ReadAction\",\"target\":[\"https:\/\/www.grills-saveurs.ch\/fr\/produit\/paniers-a-charbon-weber-char-basket\/\"]}]},{\"@type\":\"BreadcrumbList\",\"@id\":\"https:\/\/www.grills-saveurs.ch\/fr\/produit\/paniers-a-charbon-weber-char-basket\/#breadcrumb\",\"itemListElement\":[{\"@type\":\"ListItem\",\"position\":1,\"name\":\"Accueil\",\"item\":\"https:\/\/www.grills-saveurs.ch\/fr\/\"},{\"@type\":\"ListItem\",\"position\":2,\"name\":\"Shop \/ Boutique\",\"item\":\"https:\/\/www.grills-saveurs.ch\/fr\/boutique\/\"},{\"@type\":\"ListItem\",\"position\":3,\"name\":\"Paniers \u00e0 charbon Char-Baskets Weber\"}]}]}<\/script>\n<!-- \/ Yoast SEO plugin. -->","yoast_head_json":{"title":"Paniers \u00e0 charbon Char-Baskets Weber - Grills et Saveurs","description":"Remplissez les paniers \u00e0 charbon char-baskets pour pr\u00e9parer une cuisson directe ou indirecte, de fa\u00e7on simple et uniforme.","robots":{"index":"index","follow":"follow","max-snippet":"max-snippet:-1","max-image-preview":"max-image-preview:large","max-video-preview":"max-video-preview:-1"},"canonical":"https:\/\/www.grills-saveurs.ch\/fr\/produit\/paniers-a-charbon-weber-char-basket\/","og_locale":"fr_FR","og_type":"article","og_title":"Paniers \u00e0 charbon Char-Baskets Weber - Grills et Saveurs","og_description":"Remplissez les paniers \u00e0 charbon char-baskets pour pr\u00e9parer une cuisson directe ou indirecte, de fa\u00e7on simple et uniforme.","og_url":"https:\/\/www.grills-saveurs.ch\/fr\/produit\/paniers-a-charbon-weber-char-basket\/","og_site_name":"Grills et Saveurs","article_modified_time":"2024-03-21T13:25:42+00:00","og_image":[{"width":1000,"height":950,"url":"https:\/\/www.grills-saveurs.ch\/fr\/wp-content\/uploads\/2019\/03\/7403-Paniers-\u00e0-charbon-Char-Baskets-Weber.png","type":"image\/png"}],"twitter_card":"summary_large_image","twitter_misc":{"Dur\u00e9e de lecture estim\u00e9e":"1 minute"},"schema":{"@context":"https:\/\/schema.org","@graph":[{"@type":"WebSite","@id":"https:\/\/www.grills-saveurs.ch\/fr\/#website","url":"https:\/\/www.grills-saveurs.ch\/fr\/","name":"Grills et Saveurs","description":"Barbecues, Grills, Planchas, Chemin\u00e9es jardin - Lausanne, Suisse Romande","potentialAction":[{"@type":"SearchAction","target":{"@type":"EntryPoint","urlTemplate":"https:\/\/www.grills-saveurs.ch\/fr\/?s={search_term_string}"},"query-input":"required name=search_term_string"}],"inLanguage":"fr-FR"},{"@type":"ImageObject","@id":"https:\/\/www.grills-saveurs.ch\/fr\/produit\/paniers-a-charbon-weber-char-basket\/#primaryimage","inLanguage":"fr-FR","url":"https:\/\/www.grills-saveurs.ch\/fr\/wp-content\/uploads\/2019\/03\/7403-Paniers-\u00e0-charbon-Char-Baskets-Weber.png","contentUrl":"https:\/\/www.grills-saveurs.ch\/fr\/wp-content\/uploads\/2019\/03\/7403-Paniers-\u00e0-charbon-Char-Baskets-Weber.png","width":1000,"height":950,"caption":"7403 Paniers \u00e0 charbon Char-Baskets Weber"},{"@type":"WebPage","@id":"https:\/\/www.grills-saveurs.ch\/fr\/produit\/paniers-a-charbon-weber-char-basket\/#webpage","url":"https:\/\/www.grills-saveurs.ch\/fr\/produit\/paniers-a-charbon-weber-char-basket\/","name":"Paniers \u00e0 charbon Char-Baskets Weber - Grills et Saveurs","isPartOf":{"@id":"https:\/\/www.grills-saveurs.ch\/fr\/#website"},"primaryImageOfPage":{"@id":"https:\/\/www.grills-saveurs.ch\/fr\/produit\/paniers-a-charbon-weber-char-basket\/#primaryimage"},"datePublished":"2019-03-07T08:00:51+00:00","dateModified":"2024-03-21T13:25:42+00:00","description":"Remplissez les paniers \u00e0 charbon char-baskets pour pr\u00e9parer une cuisson directe ou indirecte, de fa\u00e7on simple et uniforme.","breadcrumb":{"@id":"https:\/\/www.grills-saveurs.ch\/fr\/produit\/paniers-a-charbon-weber-char-basket\/#breadcrumb"},"inLanguage":"fr-FR","potentialAction":[{"@type":"ReadAction","target":["https:\/\/www.grills-saveurs.ch\/fr\/produit\/paniers-a-charbon-weber-char-basket\/"]}]},{"@type":"BreadcrumbList","@id":"https:\/\/www.grills-saveurs.ch\/fr\/produit\/paniers-a-charbon-weber-char-basket\/#breadcrumb","itemListElement":[{"@type":"ListItem","position":1,"name":"Accueil","item":"https:\/\/www.grills-saveurs.ch\/fr\/"},{"@type":"ListItem","position":2,"name":"Shop \/ Boutique","item":"https:\/\/www.grills-saveurs.ch\/fr\/boutique\/"},{"@type":"ListItem","position":3,"name":"Paniers \u00e0 charbon Char-Baskets Weber"}]}]}},"_links":{"self":[{"href":"https:\/\/www.grills-saveurs.ch\/fr\/wp-json\/wp\/v2\/product\/1715"}],"collection":[{"href":"https:\/\/www.grills-saveurs.ch\/fr\/wp-json\/wp\/v2\/product"}],"about":[{"href":"https:\/\/www.grills-saveurs.ch\/fr\/wp-json\/wp\/v2\/types\/product"}],"wp:featuredmedia":[{"embeddable":true,"href":"https:\/\/www.grills-saveurs.ch\/fr\/wp-json\/wp\/v2\/media\/3995"}],"wp:attachment":[{"href":"https:\/\/www.grills-saveurs.ch\/fr\/wp-json\/wp\/v2\/media?parent=1715"}],"wp:term":[{"taxonomy":"product_cat","embeddable":true,"href":"https:\/\/www.grills-saveurs.ch\/fr\/wp-json\/wp\/v2\/product_cat?post=1715"},{"taxonomy":"product_tag","embeddable":true,"href":"https:\/\/www.grills-saveurs.ch\/fr\/wp-json\/wp\/v2\/product_tag?post=1715"}],"curies":[{"name":"wp","href":"https:\/\/api.w.org\/{rel}","templated":true}]}}