{"id":1729,"date":"2019-03-07T09:00:56","date_gmt":"2019-03-07T08:00:56","guid":{"rendered":"https:\/\/www.grills-saveurs.ch\/fr\/produit\/housse-premium-weber-pour-performer-gbs\/"},"modified":"2024-03-21T11:05:25","modified_gmt":"2024-03-21T10:05:25","slug":"housse-premium-weber-pour-performer-gbs","status":"publish","type":"product","link":"https:\/\/www.grills-saveurs.ch\/fr\/produit\/housse-premium-weber-pour-performer-gbs\/","title":{"rendered":"Housse de barbecue Premium Weber \u2013 Performer GBS"},"content":{"rendered":"<p>Affrontez les trombes d\u2019eau, les temp\u00eates de neige et la canicule. L\u00e9g\u00e8re et robuste \u00e0 la fois, la housse de barbecue Premium est facile \u00e0 installer et \u00e0 retirer de votre barbecue. Sa sangle de fixation \u00e9vite qu\u2019elle ne finisse dans le jardin du voisin, tandis que son mat\u00e9riau imperm\u00e9able permet \u00e0 la surface du barbecue de rester propre et brillante.<\/p>\n<p><strong>CARACT\u00c9RISTIQUES<\/strong><\/p>\n<ul>\n<li>Mat\u00e9riau 100% polyester perm\u00e9able \u00e0 l\u2019air et imperm\u00e9able \u00e0 l\u2019eau, pour prot\u00e9ger le barbecue des intemp\u00e9ries<\/li>\n<li>Inhibiteurs d\u2019UV dans le tissu emp\u00eachant la d\u00e9coloration<\/li>\n<li>Sangle de fixation pour un bon maintien de la housse<\/li>\n<li>Conseils de nettoyage : nettoyer \u00e0 la main uniquement<\/li>\n<li>Compatible : Barbecues \u00e0 charbon Performer \u00d857 cm avec plan de travail rabattable<\/li>\n<\/ul>\n","protected":false},"excerpt":{"rendered":"<p>7145<\/p>\n","protected":false},"featured_media":3969,"template":"","meta":[],"product_cat":[124],"product_tag":[84],"yoast_head":"<!-- This site is optimized with the Yoast SEO plugin v18.2 - https:\/\/yoast.com\/wordpress\/plugins\/seo\/ -->\n<title>Housse de barbecue Premium Weber \u2013 Performer GBS - Grills et Saveurs<\/title>\n<meta name=\"description\" content=\"L\u00e9g\u00e8re et robuste \u00e0 la fois, la housse de barbecue Premium est facile \u00e0 installer et \u00e0 retirer. Sangles de fixation maintenant la housse en place.\" \/>\n<meta name=\"robots\" content=\"index, follow, max-snippet:-1, max-image-preview:large, max-video-preview:-1\" \/>\n<link rel=\"canonical\" href=\"https:\/\/www.grills-saveurs.ch\/fr\/produit\/housse-premium-weber-pour-performer-gbs\/\" \/>\n<meta property=\"og:locale\" content=\"fr_FR\" \/>\n<meta property=\"og:type\" content=\"article\" \/>\n<meta property=\"og:title\" content=\"Housse de barbecue Premium Weber \u2013 Performer GBS - Grills et Saveurs\" \/>\n<meta property=\"og:description\" content=\"L\u00e9g\u00e8re et robuste \u00e0 la fois, la housse de barbecue Premium est facile \u00e0 installer et \u00e0 retirer. Sangles de fixation maintenant la housse en place.\" \/>\n<meta property=\"og:url\" content=\"https:\/\/www.grills-saveurs.ch\/fr\/produit\/housse-premium-weber-pour-performer-gbs\/\" \/>\n<meta property=\"og:site_name\" content=\"Grills et Saveurs\" \/>\n<meta property=\"article:modified_time\" content=\"2024-03-21T10:05:25+00:00\" \/>\n<meta property=\"og:image\" content=\"https:\/\/www.grills-saveurs.ch\/fr\/wp-content\/uploads\/2019\/03\/7145-Housse-de-barbecue-Premium-Weber-Performer-GBS.png\" \/>\n\t<meta property=\"og:image:width\" content=\"1000\" \/>\n\t<meta property=\"og:image:height\" content=\"950\" \/>\n\t<meta property=\"og:image:type\" content=\"image\/png\" \/>\n<meta name=\"twitter:card\" content=\"summary_large_image\" \/>\n<meta name=\"twitter:label1\" content=\"Dur\u00e9e de lecture estim\u00e9e\" \/>\n\t<meta name=\"twitter:data1\" content=\"1 minute\" \/>\n<script type=\"application\/ld+json\" class=\"yoast-schema-graph\">{\"@context\":\"https:\/\/schema.org\",\"@graph\":[{\"@type\":\"WebSite\",\"@id\":\"https:\/\/www.grills-saveurs.ch\/fr\/#website\",\"url\":\"https:\/\/www.grills-saveurs.ch\/fr\/\",\"name\":\"Grills et Saveurs\",\"description\":\"Barbecues, Grills, Planchas, Chemin\u00e9es jardin - Lausanne, Suisse Romande\",\"potentialAction\":[{\"@type\":\"SearchAction\",\"target\":{\"@type\":\"EntryPoint\",\"urlTemplate\":\"https:\/\/www.grills-saveurs.ch\/fr\/?s={search_term_string}\"},\"query-input\":\"required name=search_term_string\"}],\"inLanguage\":\"fr-FR\"},{\"@type\":\"ImageObject\",\"@id\":\"https:\/\/www.grills-saveurs.ch\/fr\/produit\/housse-premium-weber-pour-performer-gbs\/#primaryimage\",\"inLanguage\":\"fr-FR\",\"url\":\"https:\/\/www.grills-saveurs.ch\/fr\/wp-content\/uploads\/2019\/03\/7145-Housse-de-barbecue-Premium-Weber-Performer-GBS.png\",\"contentUrl\":\"https:\/\/www.grills-saveurs.ch\/fr\/wp-content\/uploads\/2019\/03\/7145-Housse-de-barbecue-Premium-Weber-Performer-GBS.png\",\"width\":1000,\"height\":950,\"caption\":\"7145 Housse de barbecue Premium Weber Performer GBS\"},{\"@type\":\"WebPage\",\"@id\":\"https:\/\/www.grills-saveurs.ch\/fr\/produit\/housse-premium-weber-pour-performer-gbs\/#webpage\",\"url\":\"https:\/\/www.grills-saveurs.ch\/fr\/produit\/housse-premium-weber-pour-performer-gbs\/\",\"name\":\"Housse de barbecue Premium Weber \u2013 Performer GBS - Grills et Saveurs\",\"isPartOf\":{\"@id\":\"https:\/\/www.grills-saveurs.ch\/fr\/#website\"},\"primaryImageOfPage\":{\"@id\":\"https:\/\/www.grills-saveurs.ch\/fr\/produit\/housse-premium-weber-pour-performer-gbs\/#primaryimage\"},\"datePublished\":\"2019-03-07T08:00:56+00:00\",\"dateModified\":\"2024-03-21T10:05:25+00:00\",\"description\":\"L\u00e9g\u00e8re et robuste \u00e0 la fois, la housse de barbecue Premium est facile \u00e0 installer et \u00e0 retirer. Sangles de fixation maintenant la housse en place.\",\"breadcrumb\":{\"@id\":\"https:\/\/www.grills-saveurs.ch\/fr\/produit\/housse-premium-weber-pour-performer-gbs\/#breadcrumb\"},\"inLanguage\":\"fr-FR\",\"potentialAction\":[{\"@type\":\"ReadAction\",\"target\":[\"https:\/\/www.grills-saveurs.ch\/fr\/produit\/housse-premium-weber-pour-performer-gbs\/\"]}]},{\"@type\":\"BreadcrumbList\",\"@id\":\"https:\/\/www.grills-saveurs.ch\/fr\/produit\/housse-premium-weber-pour-performer-gbs\/#breadcrumb\",\"itemListElement\":[{\"@type\":\"ListItem\",\"position\":1,\"name\":\"Accueil\",\"item\":\"https:\/\/www.grills-saveurs.ch\/fr\/\"},{\"@type\":\"ListItem\",\"position\":2,\"name\":\"Shop \/ Boutique\",\"item\":\"https:\/\/www.grills-saveurs.ch\/fr\/boutique\/\"},{\"@type\":\"ListItem\",\"position\":3,\"name\":\"Housse de barbecue Premium Weber \u2013 Performer GBS\"}]}]}<\/script>\n<!-- \/ Yoast SEO plugin. -->","yoast_head_json":{"title":"Housse de barbecue Premium Weber \u2013 Performer GBS - Grills et Saveurs","description":"L\u00e9g\u00e8re et robuste \u00e0 la fois, la housse de barbecue Premium est facile \u00e0 installer et \u00e0 retirer. Sangles de fixation maintenant la housse en place.","robots":{"index":"index","follow":"follow","max-snippet":"max-snippet:-1","max-image-preview":"max-image-preview:large","max-video-preview":"max-video-preview:-1"},"canonical":"https:\/\/www.grills-saveurs.ch\/fr\/produit\/housse-premium-weber-pour-performer-gbs\/","og_locale":"fr_FR","og_type":"article","og_title":"Housse de barbecue Premium Weber \u2013 Performer GBS - Grills et Saveurs","og_description":"L\u00e9g\u00e8re et robuste \u00e0 la fois, la housse de barbecue Premium est facile \u00e0 installer et \u00e0 retirer. Sangles de fixation maintenant la housse en place.","og_url":"https:\/\/www.grills-saveurs.ch\/fr\/produit\/housse-premium-weber-pour-performer-gbs\/","og_site_name":"Grills et Saveurs","article_modified_time":"2024-03-21T10:05:25+00:00","og_image":[{"width":1000,"height":950,"url":"https:\/\/www.grills-saveurs.ch\/fr\/wp-content\/uploads\/2019\/03\/7145-Housse-de-barbecue-Premium-Weber-Performer-GBS.png","type":"image\/png"}],"twitter_card":"summary_large_image","twitter_misc":{"Dur\u00e9e de lecture estim\u00e9e":"1 minute"},"schema":{"@context":"https:\/\/schema.org","@graph":[{"@type":"WebSite","@id":"https:\/\/www.grills-saveurs.ch\/fr\/#website","url":"https:\/\/www.grills-saveurs.ch\/fr\/","name":"Grills et Saveurs","description":"Barbecues, Grills, Planchas, Chemin\u00e9es jardin - Lausanne, Suisse Romande","potentialAction":[{"@type":"SearchAction","target":{"@type":"EntryPoint","urlTemplate":"https:\/\/www.grills-saveurs.ch\/fr\/?s={search_term_string}"},"query-input":"required name=search_term_string"}],"inLanguage":"fr-FR"},{"@type":"ImageObject","@id":"https:\/\/www.grills-saveurs.ch\/fr\/produit\/housse-premium-weber-pour-performer-gbs\/#primaryimage","inLanguage":"fr-FR","url":"https:\/\/www.grills-saveurs.ch\/fr\/wp-content\/uploads\/2019\/03\/7145-Housse-de-barbecue-Premium-Weber-Performer-GBS.png","contentUrl":"https:\/\/www.grills-saveurs.ch\/fr\/wp-content\/uploads\/2019\/03\/7145-Housse-de-barbecue-Premium-Weber-Performer-GBS.png","width":1000,"height":950,"caption":"7145 Housse de barbecue Premium Weber Performer GBS"},{"@type":"WebPage","@id":"https:\/\/www.grills-saveurs.ch\/fr\/produit\/housse-premium-weber-pour-performer-gbs\/#webpage","url":"https:\/\/www.grills-saveurs.ch\/fr\/produit\/housse-premium-weber-pour-performer-gbs\/","name":"Housse de barbecue Premium Weber \u2013 Performer GBS - Grills et Saveurs","isPartOf":{"@id":"https:\/\/www.grills-saveurs.ch\/fr\/#website"},"primaryImageOfPage":{"@id":"https:\/\/www.grills-saveurs.ch\/fr\/produit\/housse-premium-weber-pour-performer-gbs\/#primaryimage"},"datePublished":"2019-03-07T08:00:56+00:00","dateModified":"2024-03-21T10:05:25+00:00","description":"L\u00e9g\u00e8re et robuste \u00e0 la fois, la housse de barbecue Premium est facile \u00e0 installer et \u00e0 retirer. Sangles de fixation maintenant la housse en place.","breadcrumb":{"@id":"https:\/\/www.grills-saveurs.ch\/fr\/produit\/housse-premium-weber-pour-performer-gbs\/#breadcrumb"},"inLanguage":"fr-FR","potentialAction":[{"@type":"ReadAction","target":["https:\/\/www.grills-saveurs.ch\/fr\/produit\/housse-premium-weber-pour-performer-gbs\/"]}]},{"@type":"BreadcrumbList","@id":"https:\/\/www.grills-saveurs.ch\/fr\/produit\/housse-premium-weber-pour-performer-gbs\/#breadcrumb","itemListElement":[{"@type":"ListItem","position":1,"name":"Accueil","item":"https:\/\/www.grills-saveurs.ch\/fr\/"},{"@type":"ListItem","position":2,"name":"Shop \/ Boutique","item":"https:\/\/www.grills-saveurs.ch\/fr\/boutique\/"},{"@type":"ListItem","position":3,"name":"Housse de barbecue Premium Weber \u2013 Performer GBS"}]}]}},"_links":{"self":[{"href":"https:\/\/www.grills-saveurs.ch\/fr\/wp-json\/wp\/v2\/product\/1729"}],"collection":[{"href":"https:\/\/www.grills-saveurs.ch\/fr\/wp-json\/wp\/v2\/product"}],"about":[{"href":"https:\/\/www.grills-saveurs.ch\/fr\/wp-json\/wp\/v2\/types\/product"}],"wp:featuredmedia":[{"embeddable":true,"href":"https:\/\/www.grills-saveurs.ch\/fr\/wp-json\/wp\/v2\/media\/3969"}],"wp:attachment":[{"href":"https:\/\/www.grills-saveurs.ch\/fr\/wp-json\/wp\/v2\/media?parent=1729"}],"wp:term":[{"taxonomy":"product_cat","embeddable":true,"href":"https:\/\/www.grills-saveurs.ch\/fr\/wp-json\/wp\/v2\/product_cat?post=1729"},{"taxonomy":"product_tag","embeddable":true,"href":"https:\/\/www.grills-saveurs.ch\/fr\/wp-json\/wp\/v2\/product_tag?post=1729"}],"curies":[{"name":"wp","href":"https:\/\/api.w.org\/{rel}","templated":true}]}}