{"id":1754,"date":"2019-03-07T09:01:04","date_gmt":"2019-03-07T08:01:04","guid":{"rendered":"https:\/\/www.grills-saveurs.ch\/fr\/produit\/grille-a-roti-weber-pour-plaque-weber-q-grand\/"},"modified":"2024-03-21T10:26:51","modified_gmt":"2024-03-21T09:26:51","slug":"grille-a-roti-weber-pour-plaque-weber-q-grand","status":"publish","type":"product","link":"https:\/\/www.grills-saveurs.ch\/fr\/produit\/grille-a-roti-weber-pour-plaque-weber-q-grand\/","title":{"rendered":"Grille de cuisson rehauss\u00e9e Weber, petite"},"content":{"rendered":"<p>\u00c9coutez votre c\u0153ur et invitez une personne qui vous est ch\u00e8re \u00e0 d\u00eener sur votre balcon. Vous avez opt\u00e9 pour un r\u00f4ti bien juteux. Il ne vous reste plus qu&rsquo;\u00e0 mettre la table et \u00e0 allumer votre barbecue Q. Pour assurer une cuisson indirecte, mettez la viande sur la grille de cuisson rehauss\u00e9e avec un panneau de r\u00f4tissage sous la grille. La viande tendre et juteuse ne manquera pas d&rsquo;impressionner votre invit\u00e9(e).<\/p>\n<p><strong>CARACT\u00c9RISTIQUES<\/strong><\/p>\n<ul>\n<li>Mat\u00e9riau :\u00a0acier inoxydable<\/li>\n<li>Conseils de nettoyage : passe au lave-vaisselle<\/li>\n<li>Compatible : Barbecues Weber\u00ae s\u00e9ries Q 200\/2000\/300\/3000 et barbecues Char Q<\/li>\n<\/ul>\n","protected":false},"excerpt":{"rendered":"<p>6563<\/p>\n","protected":false},"featured_media":3910,"template":"","meta":[],"product_cat":[183,164],"product_tag":[84],"yoast_head":"<!-- This site is optimized with the Yoast SEO plugin v18.2 - https:\/\/yoast.com\/wordpress\/plugins\/seo\/ -->\n<title>Grille de cuisson rehauss\u00e9e Weber, petite - Grills et Saveurs<\/title>\n<meta name=\"description\" content=\"Pour assurer une cuisson indirecte, mettez la viande sur la grille de cuisson rehauss\u00e9e avec un panneau de r\u00f4tissage sous la grille.\" \/>\n<meta name=\"robots\" content=\"index, follow, max-snippet:-1, max-image-preview:large, max-video-preview:-1\" \/>\n<link rel=\"canonical\" href=\"https:\/\/www.grills-saveurs.ch\/fr\/produit\/grille-a-roti-weber-pour-plaque-weber-q-grand\/\" \/>\n<meta property=\"og:locale\" content=\"fr_FR\" \/>\n<meta property=\"og:type\" content=\"article\" \/>\n<meta property=\"og:title\" content=\"Grille de cuisson rehauss\u00e9e Weber, petite - Grills et Saveurs\" \/>\n<meta property=\"og:description\" content=\"Pour assurer une cuisson indirecte, mettez la viande sur la grille de cuisson rehauss\u00e9e avec un panneau de r\u00f4tissage sous la grille.\" \/>\n<meta property=\"og:url\" content=\"https:\/\/www.grills-saveurs.ch\/fr\/produit\/grille-a-roti-weber-pour-plaque-weber-q-grand\/\" \/>\n<meta property=\"og:site_name\" content=\"Grills et Saveurs\" \/>\n<meta property=\"article:modified_time\" content=\"2024-03-21T09:26:51+00:00\" \/>\n<meta property=\"og:image\" content=\"https:\/\/www.grills-saveurs.ch\/fr\/wp-content\/uploads\/2019\/03\/6564-Grille-de-cuisson-rehauss\u00e9e-Weber-grande.png\" \/>\n\t<meta property=\"og:image:width\" content=\"1000\" \/>\n\t<meta property=\"og:image:height\" content=\"950\" \/>\n\t<meta property=\"og:image:type\" content=\"image\/png\" \/>\n<meta name=\"twitter:card\" content=\"summary_large_image\" \/>\n<script type=\"application\/ld+json\" class=\"yoast-schema-graph\">{\"@context\":\"https:\/\/schema.org\",\"@graph\":[{\"@type\":\"WebSite\",\"@id\":\"https:\/\/www.grills-saveurs.ch\/fr\/#website\",\"url\":\"https:\/\/www.grills-saveurs.ch\/fr\/\",\"name\":\"Grills et Saveurs\",\"description\":\"Barbecues, Grills, Planchas, Chemin\u00e9es jardin - Lausanne, Suisse Romande\",\"potentialAction\":[{\"@type\":\"SearchAction\",\"target\":{\"@type\":\"EntryPoint\",\"urlTemplate\":\"https:\/\/www.grills-saveurs.ch\/fr\/?s={search_term_string}\"},\"query-input\":\"required name=search_term_string\"}],\"inLanguage\":\"fr-FR\"},{\"@type\":\"ImageObject\",\"@id\":\"https:\/\/www.grills-saveurs.ch\/fr\/produit\/grille-a-roti-weber-pour-plaque-weber-q-grand\/#primaryimage\",\"inLanguage\":\"fr-FR\",\"url\":\"https:\/\/www.grills-saveurs.ch\/fr\/wp-content\/uploads\/2019\/03\/6564-Grille-de-cuisson-rehauss\u00e9e-Weber-grande.png\",\"contentUrl\":\"https:\/\/www.grills-saveurs.ch\/fr\/wp-content\/uploads\/2019\/03\/6564-Grille-de-cuisson-rehauss\u00e9e-Weber-grande.png\",\"width\":1000,\"height\":950,\"caption\":\"6564 Grille de cuisson rehauss\u00e9e Weber, grande\"},{\"@type\":\"WebPage\",\"@id\":\"https:\/\/www.grills-saveurs.ch\/fr\/produit\/grille-a-roti-weber-pour-plaque-weber-q-grand\/#webpage\",\"url\":\"https:\/\/www.grills-saveurs.ch\/fr\/produit\/grille-a-roti-weber-pour-plaque-weber-q-grand\/\",\"name\":\"Grille de cuisson rehauss\u00e9e Weber, petite - Grills et Saveurs\",\"isPartOf\":{\"@id\":\"https:\/\/www.grills-saveurs.ch\/fr\/#website\"},\"primaryImageOfPage\":{\"@id\":\"https:\/\/www.grills-saveurs.ch\/fr\/produit\/grille-a-roti-weber-pour-plaque-weber-q-grand\/#primaryimage\"},\"datePublished\":\"2019-03-07T08:01:04+00:00\",\"dateModified\":\"2024-03-21T09:26:51+00:00\",\"description\":\"Pour assurer une cuisson indirecte, mettez la viande sur la grille de cuisson rehauss\u00e9e avec un panneau de r\u00f4tissage sous la grille.\",\"breadcrumb\":{\"@id\":\"https:\/\/www.grills-saveurs.ch\/fr\/produit\/grille-a-roti-weber-pour-plaque-weber-q-grand\/#breadcrumb\"},\"inLanguage\":\"fr-FR\",\"potentialAction\":[{\"@type\":\"ReadAction\",\"target\":[\"https:\/\/www.grills-saveurs.ch\/fr\/produit\/grille-a-roti-weber-pour-plaque-weber-q-grand\/\"]}]},{\"@type\":\"BreadcrumbList\",\"@id\":\"https:\/\/www.grills-saveurs.ch\/fr\/produit\/grille-a-roti-weber-pour-plaque-weber-q-grand\/#breadcrumb\",\"itemListElement\":[{\"@type\":\"ListItem\",\"position\":1,\"name\":\"Accueil\",\"item\":\"https:\/\/www.grills-saveurs.ch\/fr\/\"},{\"@type\":\"ListItem\",\"position\":2,\"name\":\"Shop \/ Boutique\",\"item\":\"https:\/\/www.grills-saveurs.ch\/fr\/boutique\/\"},{\"@type\":\"ListItem\",\"position\":3,\"name\":\"Grille de cuisson rehauss\u00e9e Weber, petite\"}]}]}<\/script>\n<!-- \/ Yoast SEO plugin. -->","yoast_head_json":{"title":"Grille de cuisson rehauss\u00e9e Weber, petite - Grills et Saveurs","description":"Pour assurer une cuisson indirecte, mettez la viande sur la grille de cuisson rehauss\u00e9e avec un panneau de r\u00f4tissage sous la grille.","robots":{"index":"index","follow":"follow","max-snippet":"max-snippet:-1","max-image-preview":"max-image-preview:large","max-video-preview":"max-video-preview:-1"},"canonical":"https:\/\/www.grills-saveurs.ch\/fr\/produit\/grille-a-roti-weber-pour-plaque-weber-q-grand\/","og_locale":"fr_FR","og_type":"article","og_title":"Grille de cuisson rehauss\u00e9e Weber, petite - Grills et Saveurs","og_description":"Pour assurer une cuisson indirecte, mettez la viande sur la grille de cuisson rehauss\u00e9e avec un panneau de r\u00f4tissage sous la grille.","og_url":"https:\/\/www.grills-saveurs.ch\/fr\/produit\/grille-a-roti-weber-pour-plaque-weber-q-grand\/","og_site_name":"Grills et Saveurs","article_modified_time":"2024-03-21T09:26:51+00:00","og_image":[{"width":1000,"height":950,"url":"https:\/\/www.grills-saveurs.ch\/fr\/wp-content\/uploads\/2019\/03\/6564-Grille-de-cuisson-rehauss\u00e9e-Weber-grande.png","type":"image\/png"}],"twitter_card":"summary_large_image","schema":{"@context":"https:\/\/schema.org","@graph":[{"@type":"WebSite","@id":"https:\/\/www.grills-saveurs.ch\/fr\/#website","url":"https:\/\/www.grills-saveurs.ch\/fr\/","name":"Grills et Saveurs","description":"Barbecues, Grills, Planchas, Chemin\u00e9es jardin - Lausanne, Suisse Romande","potentialAction":[{"@type":"SearchAction","target":{"@type":"EntryPoint","urlTemplate":"https:\/\/www.grills-saveurs.ch\/fr\/?s={search_term_string}"},"query-input":"required name=search_term_string"}],"inLanguage":"fr-FR"},{"@type":"ImageObject","@id":"https:\/\/www.grills-saveurs.ch\/fr\/produit\/grille-a-roti-weber-pour-plaque-weber-q-grand\/#primaryimage","inLanguage":"fr-FR","url":"https:\/\/www.grills-saveurs.ch\/fr\/wp-content\/uploads\/2019\/03\/6564-Grille-de-cuisson-rehauss\u00e9e-Weber-grande.png","contentUrl":"https:\/\/www.grills-saveurs.ch\/fr\/wp-content\/uploads\/2019\/03\/6564-Grille-de-cuisson-rehauss\u00e9e-Weber-grande.png","width":1000,"height":950,"caption":"6564 Grille de cuisson rehauss\u00e9e Weber, grande"},{"@type":"WebPage","@id":"https:\/\/www.grills-saveurs.ch\/fr\/produit\/grille-a-roti-weber-pour-plaque-weber-q-grand\/#webpage","url":"https:\/\/www.grills-saveurs.ch\/fr\/produit\/grille-a-roti-weber-pour-plaque-weber-q-grand\/","name":"Grille de cuisson rehauss\u00e9e Weber, petite - Grills et Saveurs","isPartOf":{"@id":"https:\/\/www.grills-saveurs.ch\/fr\/#website"},"primaryImageOfPage":{"@id":"https:\/\/www.grills-saveurs.ch\/fr\/produit\/grille-a-roti-weber-pour-plaque-weber-q-grand\/#primaryimage"},"datePublished":"2019-03-07T08:01:04+00:00","dateModified":"2024-03-21T09:26:51+00:00","description":"Pour assurer une cuisson indirecte, mettez la viande sur la grille de cuisson rehauss\u00e9e avec un panneau de r\u00f4tissage sous la grille.","breadcrumb":{"@id":"https:\/\/www.grills-saveurs.ch\/fr\/produit\/grille-a-roti-weber-pour-plaque-weber-q-grand\/#breadcrumb"},"inLanguage":"fr-FR","potentialAction":[{"@type":"ReadAction","target":["https:\/\/www.grills-saveurs.ch\/fr\/produit\/grille-a-roti-weber-pour-plaque-weber-q-grand\/"]}]},{"@type":"BreadcrumbList","@id":"https:\/\/www.grills-saveurs.ch\/fr\/produit\/grille-a-roti-weber-pour-plaque-weber-q-grand\/#breadcrumb","itemListElement":[{"@type":"ListItem","position":1,"name":"Accueil","item":"https:\/\/www.grills-saveurs.ch\/fr\/"},{"@type":"ListItem","position":2,"name":"Shop \/ Boutique","item":"https:\/\/www.grills-saveurs.ch\/fr\/boutique\/"},{"@type":"ListItem","position":3,"name":"Grille de cuisson rehauss\u00e9e Weber, petite"}]}]}},"_links":{"self":[{"href":"https:\/\/www.grills-saveurs.ch\/fr\/wp-json\/wp\/v2\/product\/1754"}],"collection":[{"href":"https:\/\/www.grills-saveurs.ch\/fr\/wp-json\/wp\/v2\/product"}],"about":[{"href":"https:\/\/www.grills-saveurs.ch\/fr\/wp-json\/wp\/v2\/types\/product"}],"wp:featuredmedia":[{"embeddable":true,"href":"https:\/\/www.grills-saveurs.ch\/fr\/wp-json\/wp\/v2\/media\/3910"}],"wp:attachment":[{"href":"https:\/\/www.grills-saveurs.ch\/fr\/wp-json\/wp\/v2\/media?parent=1754"}],"wp:term":[{"taxonomy":"product_cat","embeddable":true,"href":"https:\/\/www.grills-saveurs.ch\/fr\/wp-json\/wp\/v2\/product_cat?post=1754"},{"taxonomy":"product_tag","embeddable":true,"href":"https:\/\/www.grills-saveurs.ch\/fr\/wp-json\/wp\/v2\/product_tag?post=1754"}],"curies":[{"name":"wp","href":"https:\/\/api.w.org\/{rel}","templated":true}]}}