{"id":1770,"date":"2019-03-07T09:01:09","date_gmt":"2019-03-07T08:01:09","guid":{"rendered":"https:\/\/www.grills-saveurs.ch\/fr\/produit\/weber-fireplace\/"},"modified":"2024-04-07T15:35:07","modified_gmt":"2024-04-07T13:35:07","slug":"weber-fireplace","status":"publish","type":"product","link":"https:\/\/www.grills-saveurs.ch\/fr\/produit\/weber-fireplace\/","title":{"rendered":"Chemin\u00e9e mobile de jardin Weber Fireplace"},"content":{"rendered":"<p>Pas besoin d&rsquo;arr\u00eater la f\u00eate dans le jardin au pr\u00e9texte que les estomacs sont pleins. Allumez la chemin\u00e9e, \u00e9coutez le craquement du feu et faites griller des marshmallows au cr\u00e9puscule. Le couvercle prot\u00e8ge des flamb\u00e9e intempestives et il suffit de le positionner sur le barbecue pour l&rsquo;\u00e9teindre \u00e0 la fin de la soir\u00e9e.<\/p>\n<p><strong>CARACT\u00c9RISTIQUES<\/strong><\/p>\n<ul>\n<li>Foyer et couvercle en porcelaine \u00e9maill\u00e9e<\/li>\n<li>Porte-couvercle pratique<\/li>\n<li>Poign\u00e9e en nylon avec protection en aluminium contre la chaleur<\/li>\n<li>Mat\u00e9riau : acier \u00e9maill\u00e9<\/li>\n<li>Conseils de nettoyage : lavage \u00e0 la main<\/li>\n<li>Compatible : Barbecue \u00e9lectrique Pulse\u00a02000<\/li>\n<\/ul>\n","protected":false},"excerpt":{"rendered":"<p>2750<\/p>\n","protected":false},"featured_media":3879,"template":"","meta":[],"product_cat":[175],"product_tag":[84],"yoast_head":"<!-- This site is optimized with the Yoast SEO plugin v18.2 - https:\/\/yoast.com\/wordpress\/plugins\/seo\/ -->\n<title>Chemin\u00e9e mobile de jardin Weber Fireplace - Grills et Saveurs<\/title>\n<meta name=\"description\" content=\"Allumez la chemin\u00e9e, \u00e9coutez le craquement du feu et faites griller des marshmallows au cr\u00e9puscule. Le couvercle prot\u00e8ge des flamb\u00e9e intempestives .\" \/>\n<meta name=\"robots\" content=\"index, follow, max-snippet:-1, max-image-preview:large, max-video-preview:-1\" \/>\n<link rel=\"canonical\" href=\"https:\/\/www.grills-saveurs.ch\/fr\/produit\/weber-fireplace\/\" \/>\n<meta property=\"og:locale\" content=\"fr_FR\" \/>\n<meta property=\"og:type\" content=\"article\" \/>\n<meta property=\"og:title\" content=\"Chemin\u00e9e mobile de jardin Weber Fireplace - Grills et Saveurs\" \/>\n<meta property=\"og:description\" content=\"Allumez la chemin\u00e9e, \u00e9coutez le craquement du feu et faites griller des marshmallows au cr\u00e9puscule. Le couvercle prot\u00e8ge des flamb\u00e9e intempestives .\" \/>\n<meta property=\"og:url\" content=\"https:\/\/www.grills-saveurs.ch\/fr\/produit\/weber-fireplace\/\" \/>\n<meta property=\"og:site_name\" content=\"Grills et Saveurs\" \/>\n<meta property=\"article:modified_time\" content=\"2024-04-07T13:35:07+00:00\" \/>\n<meta property=\"og:image\" content=\"https:\/\/www.grills-saveurs.ch\/fr\/wp-content\/uploads\/2019\/03\/2750-Chemin\u00e9e-mobile-de-jardin-Weber-Fireplace.png\" \/>\n\t<meta property=\"og:image:width\" content=\"1000\" \/>\n\t<meta property=\"og:image:height\" content=\"950\" \/>\n\t<meta property=\"og:image:type\" content=\"image\/png\" \/>\n<meta name=\"twitter:card\" content=\"summary_large_image\" \/>\n<script type=\"application\/ld+json\" class=\"yoast-schema-graph\">{\"@context\":\"https:\/\/schema.org\",\"@graph\":[{\"@type\":\"WebSite\",\"@id\":\"https:\/\/www.grills-saveurs.ch\/fr\/#website\",\"url\":\"https:\/\/www.grills-saveurs.ch\/fr\/\",\"name\":\"Grills et Saveurs\",\"description\":\"Barbecues, Grills, Planchas, Chemin\u00e9es jardin - Lausanne, Suisse Romande\",\"potentialAction\":[{\"@type\":\"SearchAction\",\"target\":{\"@type\":\"EntryPoint\",\"urlTemplate\":\"https:\/\/www.grills-saveurs.ch\/fr\/?s={search_term_string}\"},\"query-input\":\"required name=search_term_string\"}],\"inLanguage\":\"fr-FR\"},{\"@type\":\"ImageObject\",\"@id\":\"https:\/\/www.grills-saveurs.ch\/fr\/produit\/weber-fireplace\/#primaryimage\",\"inLanguage\":\"fr-FR\",\"url\":\"https:\/\/www.grills-saveurs.ch\/fr\/wp-content\/uploads\/2019\/03\/2750-Chemin\u00e9e-mobile-de-jardin-Weber-Fireplace.png\",\"contentUrl\":\"https:\/\/www.grills-saveurs.ch\/fr\/wp-content\/uploads\/2019\/03\/2750-Chemin\u00e9e-mobile-de-jardin-Weber-Fireplace.png\",\"width\":1000,\"height\":950,\"caption\":\"2750 Chemin\u00e9e mobile de jardin Weber Fireplace\"},{\"@type\":\"WebPage\",\"@id\":\"https:\/\/www.grills-saveurs.ch\/fr\/produit\/weber-fireplace\/#webpage\",\"url\":\"https:\/\/www.grills-saveurs.ch\/fr\/produit\/weber-fireplace\/\",\"name\":\"Chemin\u00e9e mobile de jardin Weber Fireplace - Grills et Saveurs\",\"isPartOf\":{\"@id\":\"https:\/\/www.grills-saveurs.ch\/fr\/#website\"},\"primaryImageOfPage\":{\"@id\":\"https:\/\/www.grills-saveurs.ch\/fr\/produit\/weber-fireplace\/#primaryimage\"},\"datePublished\":\"2019-03-07T08:01:09+00:00\",\"dateModified\":\"2024-04-07T13:35:07+00:00\",\"description\":\"Allumez la chemin\u00e9e, \u00e9coutez le craquement du feu et faites griller des marshmallows au cr\u00e9puscule. Le couvercle prot\u00e8ge des flamb\u00e9e intempestives .\",\"breadcrumb\":{\"@id\":\"https:\/\/www.grills-saveurs.ch\/fr\/produit\/weber-fireplace\/#breadcrumb\"},\"inLanguage\":\"fr-FR\",\"potentialAction\":[{\"@type\":\"ReadAction\",\"target\":[\"https:\/\/www.grills-saveurs.ch\/fr\/produit\/weber-fireplace\/\"]}]},{\"@type\":\"BreadcrumbList\",\"@id\":\"https:\/\/www.grills-saveurs.ch\/fr\/produit\/weber-fireplace\/#breadcrumb\",\"itemListElement\":[{\"@type\":\"ListItem\",\"position\":1,\"name\":\"Accueil\",\"item\":\"https:\/\/www.grills-saveurs.ch\/fr\/\"},{\"@type\":\"ListItem\",\"position\":2,\"name\":\"Shop \/ Boutique\",\"item\":\"https:\/\/www.grills-saveurs.ch\/fr\/boutique\/\"},{\"@type\":\"ListItem\",\"position\":3,\"name\":\"Chemin\u00e9e mobile de jardin Weber Fireplace\"}]}]}<\/script>\n<!-- \/ Yoast SEO plugin. -->","yoast_head_json":{"title":"Chemin\u00e9e mobile de jardin Weber Fireplace - Grills et Saveurs","description":"Allumez la chemin\u00e9e, \u00e9coutez le craquement du feu et faites griller des marshmallows au cr\u00e9puscule. Le couvercle prot\u00e8ge des flamb\u00e9e intempestives .","robots":{"index":"index","follow":"follow","max-snippet":"max-snippet:-1","max-image-preview":"max-image-preview:large","max-video-preview":"max-video-preview:-1"},"canonical":"https:\/\/www.grills-saveurs.ch\/fr\/produit\/weber-fireplace\/","og_locale":"fr_FR","og_type":"article","og_title":"Chemin\u00e9e mobile de jardin Weber Fireplace - Grills et Saveurs","og_description":"Allumez la chemin\u00e9e, \u00e9coutez le craquement du feu et faites griller des marshmallows au cr\u00e9puscule. Le couvercle prot\u00e8ge des flamb\u00e9e intempestives .","og_url":"https:\/\/www.grills-saveurs.ch\/fr\/produit\/weber-fireplace\/","og_site_name":"Grills et Saveurs","article_modified_time":"2024-04-07T13:35:07+00:00","og_image":[{"width":1000,"height":950,"url":"https:\/\/www.grills-saveurs.ch\/fr\/wp-content\/uploads\/2019\/03\/2750-Chemin\u00e9e-mobile-de-jardin-Weber-Fireplace.png","type":"image\/png"}],"twitter_card":"summary_large_image","schema":{"@context":"https:\/\/schema.org","@graph":[{"@type":"WebSite","@id":"https:\/\/www.grills-saveurs.ch\/fr\/#website","url":"https:\/\/www.grills-saveurs.ch\/fr\/","name":"Grills et Saveurs","description":"Barbecues, Grills, Planchas, Chemin\u00e9es jardin - Lausanne, Suisse Romande","potentialAction":[{"@type":"SearchAction","target":{"@type":"EntryPoint","urlTemplate":"https:\/\/www.grills-saveurs.ch\/fr\/?s={search_term_string}"},"query-input":"required name=search_term_string"}],"inLanguage":"fr-FR"},{"@type":"ImageObject","@id":"https:\/\/www.grills-saveurs.ch\/fr\/produit\/weber-fireplace\/#primaryimage","inLanguage":"fr-FR","url":"https:\/\/www.grills-saveurs.ch\/fr\/wp-content\/uploads\/2019\/03\/2750-Chemin\u00e9e-mobile-de-jardin-Weber-Fireplace.png","contentUrl":"https:\/\/www.grills-saveurs.ch\/fr\/wp-content\/uploads\/2019\/03\/2750-Chemin\u00e9e-mobile-de-jardin-Weber-Fireplace.png","width":1000,"height":950,"caption":"2750 Chemin\u00e9e mobile de jardin Weber Fireplace"},{"@type":"WebPage","@id":"https:\/\/www.grills-saveurs.ch\/fr\/produit\/weber-fireplace\/#webpage","url":"https:\/\/www.grills-saveurs.ch\/fr\/produit\/weber-fireplace\/","name":"Chemin\u00e9e mobile de jardin Weber Fireplace - Grills et Saveurs","isPartOf":{"@id":"https:\/\/www.grills-saveurs.ch\/fr\/#website"},"primaryImageOfPage":{"@id":"https:\/\/www.grills-saveurs.ch\/fr\/produit\/weber-fireplace\/#primaryimage"},"datePublished":"2019-03-07T08:01:09+00:00","dateModified":"2024-04-07T13:35:07+00:00","description":"Allumez la chemin\u00e9e, \u00e9coutez le craquement du feu et faites griller des marshmallows au cr\u00e9puscule. Le couvercle prot\u00e8ge des flamb\u00e9e intempestives .","breadcrumb":{"@id":"https:\/\/www.grills-saveurs.ch\/fr\/produit\/weber-fireplace\/#breadcrumb"},"inLanguage":"fr-FR","potentialAction":[{"@type":"ReadAction","target":["https:\/\/www.grills-saveurs.ch\/fr\/produit\/weber-fireplace\/"]}]},{"@type":"BreadcrumbList","@id":"https:\/\/www.grills-saveurs.ch\/fr\/produit\/weber-fireplace\/#breadcrumb","itemListElement":[{"@type":"ListItem","position":1,"name":"Accueil","item":"https:\/\/www.grills-saveurs.ch\/fr\/"},{"@type":"ListItem","position":2,"name":"Shop \/ Boutique","item":"https:\/\/www.grills-saveurs.ch\/fr\/boutique\/"},{"@type":"ListItem","position":3,"name":"Chemin\u00e9e mobile de jardin Weber Fireplace"}]}]}},"_links":{"self":[{"href":"https:\/\/www.grills-saveurs.ch\/fr\/wp-json\/wp\/v2\/product\/1770"}],"collection":[{"href":"https:\/\/www.grills-saveurs.ch\/fr\/wp-json\/wp\/v2\/product"}],"about":[{"href":"https:\/\/www.grills-saveurs.ch\/fr\/wp-json\/wp\/v2\/types\/product"}],"wp:featuredmedia":[{"embeddable":true,"href":"https:\/\/www.grills-saveurs.ch\/fr\/wp-json\/wp\/v2\/media\/3879"}],"wp:attachment":[{"href":"https:\/\/www.grills-saveurs.ch\/fr\/wp-json\/wp\/v2\/media?parent=1770"}],"wp:term":[{"taxonomy":"product_cat","embeddable":true,"href":"https:\/\/www.grills-saveurs.ch\/fr\/wp-json\/wp\/v2\/product_cat?post=1770"},{"taxonomy":"product_tag","embeddable":true,"href":"https:\/\/www.grills-saveurs.ch\/fr\/wp-json\/wp\/v2\/product_tag?post=1770"}],"curies":[{"name":"wp","href":"https:\/\/api.w.org\/{rel}","templated":true}]}}