{"id":1773,"date":"2019-03-07T09:01:10","date_gmt":"2019-03-07T08:01:10","guid":{"rendered":"https:\/\/www.grills-saveurs.ch\/fr\/produit\/panier-a-legumes-weber-petit-acier-inoxydable\/"},"modified":"2024-03-22T13:42:37","modified_gmt":"2024-03-22T12:42:37","slug":"panier-a-legumes-weber-petit-acier-inoxydable","status":"publish","type":"product","link":"https:\/\/www.grills-saveurs.ch\/fr\/produit\/panier-a-legumes-weber-petit-acier-inoxydable\/","title":{"rendered":"Panier \u00e0 l\u00e9gumes Weber, petit"},"content":{"rendered":"<p><strong>Petit mod\u00e8le, pour la plupart des barbecues<\/strong><\/p>\n<p>Faites sauter et cuire des oignons, poivrons et autres petits accompagnements pendant que votre steak cuit \u00e0 c\u00f4t\u00e9. Le panier \u00e0 l\u00e9gumes Premium peut contenir une grande quantit\u00e9 de l\u00e9gumes, fruits ou crevettes tout en les infusant de cette saveur inimitable de barbecue.<\/p>\n<p><strong>CARACT\u00c9RISTIQUES<\/strong><\/p>\n<ul>\n<li>Id\u00e9al pour les l\u00e9gumes et petites pi\u00e8ces de viande<\/li>\n<li>Conception brevet\u00e9e unique qui r\u00e9duit les d\u00e9formations<\/li>\n<li>\n<div class=\"bee__flyout__label\">Mat\u00e9riau : acier inoxydable<\/div>\n<\/li>\n<li>Conseils de nettoyage : passe au lave-vaisselle<\/li>\n<li>Compatible : Tous les barbecues Weber\u00ae<\/li>\n<\/ul>\n","protected":false},"excerpt":{"rendered":"<p>6677<\/p>\n","protected":false},"featured_media":3873,"template":"","meta":[],"product_cat":[163],"product_tag":[84],"yoast_head":"<!-- This site is optimized with the Yoast SEO plugin v18.2 - https:\/\/yoast.com\/wordpress\/plugins\/seo\/ -->\n<title>Panier \u00e0 l\u00e9gumes Weber, petit - Grills et Saveurs<\/title>\n<meta name=\"description\" content=\"Le panier \u00e0 l\u00e9gumes Premium peut contenir une grande quantit\u00e9 de l\u00e9gumes, fruits ou crevettes tout en les infusant de cette saveur inimitable de barbecue.\" \/>\n<meta name=\"robots\" content=\"index, follow, max-snippet:-1, max-image-preview:large, max-video-preview:-1\" \/>\n<link rel=\"canonical\" href=\"https:\/\/www.grills-saveurs.ch\/fr\/produit\/panier-a-legumes-weber-petit-acier-inoxydable\/\" \/>\n<meta property=\"og:locale\" content=\"fr_FR\" \/>\n<meta property=\"og:type\" content=\"article\" \/>\n<meta property=\"og:title\" content=\"Panier \u00e0 l\u00e9gumes Weber, petit - Grills et Saveurs\" \/>\n<meta property=\"og:description\" content=\"Le panier \u00e0 l\u00e9gumes Premium peut contenir une grande quantit\u00e9 de l\u00e9gumes, fruits ou crevettes tout en les infusant de cette saveur inimitable de barbecue.\" \/>\n<meta property=\"og:url\" content=\"https:\/\/www.grills-saveurs.ch\/fr\/produit\/panier-a-legumes-weber-petit-acier-inoxydable\/\" \/>\n<meta property=\"og:site_name\" content=\"Grills et Saveurs\" \/>\n<meta property=\"article:modified_time\" content=\"2024-03-22T12:42:37+00:00\" \/>\n<meta property=\"og:image\" content=\"https:\/\/www.grills-saveurs.ch\/fr\/wp-content\/uploads\/2019\/03\/6677-Panier-\u00e0-l\u00e9gumes-Weber-petit.png\" \/>\n\t<meta property=\"og:image:width\" content=\"1000\" \/>\n\t<meta property=\"og:image:height\" content=\"950\" \/>\n\t<meta property=\"og:image:type\" content=\"image\/png\" \/>\n<meta name=\"twitter:card\" content=\"summary_large_image\" \/>\n<script type=\"application\/ld+json\" class=\"yoast-schema-graph\">{\"@context\":\"https:\/\/schema.org\",\"@graph\":[{\"@type\":\"WebSite\",\"@id\":\"https:\/\/www.grills-saveurs.ch\/fr\/#website\",\"url\":\"https:\/\/www.grills-saveurs.ch\/fr\/\",\"name\":\"Grills et Saveurs\",\"description\":\"Barbecues, Grills, Planchas, Chemin\u00e9es jardin - Lausanne, Suisse Romande\",\"potentialAction\":[{\"@type\":\"SearchAction\",\"target\":{\"@type\":\"EntryPoint\",\"urlTemplate\":\"https:\/\/www.grills-saveurs.ch\/fr\/?s={search_term_string}\"},\"query-input\":\"required name=search_term_string\"}],\"inLanguage\":\"fr-FR\"},{\"@type\":\"ImageObject\",\"@id\":\"https:\/\/www.grills-saveurs.ch\/fr\/produit\/panier-a-legumes-weber-petit-acier-inoxydable\/#primaryimage\",\"inLanguage\":\"fr-FR\",\"url\":\"https:\/\/www.grills-saveurs.ch\/fr\/wp-content\/uploads\/2019\/03\/6677-Panier-\u00e0-l\u00e9gumes-Weber-petit.png\",\"contentUrl\":\"https:\/\/www.grills-saveurs.ch\/fr\/wp-content\/uploads\/2019\/03\/6677-Panier-\u00e0-l\u00e9gumes-Weber-petit.png\",\"width\":1000,\"height\":950,\"caption\":\"6677 Panier \u00e0 l\u00e9gumes Weber, petit\"},{\"@type\":\"WebPage\",\"@id\":\"https:\/\/www.grills-saveurs.ch\/fr\/produit\/panier-a-legumes-weber-petit-acier-inoxydable\/#webpage\",\"url\":\"https:\/\/www.grills-saveurs.ch\/fr\/produit\/panier-a-legumes-weber-petit-acier-inoxydable\/\",\"name\":\"Panier \u00e0 l\u00e9gumes Weber, petit - Grills et Saveurs\",\"isPartOf\":{\"@id\":\"https:\/\/www.grills-saveurs.ch\/fr\/#website\"},\"primaryImageOfPage\":{\"@id\":\"https:\/\/www.grills-saveurs.ch\/fr\/produit\/panier-a-legumes-weber-petit-acier-inoxydable\/#primaryimage\"},\"datePublished\":\"2019-03-07T08:01:10+00:00\",\"dateModified\":\"2024-03-22T12:42:37+00:00\",\"description\":\"Le panier \u00e0 l\u00e9gumes Premium peut contenir une grande quantit\u00e9 de l\u00e9gumes, fruits ou crevettes tout en les infusant de cette saveur inimitable de barbecue.\",\"breadcrumb\":{\"@id\":\"https:\/\/www.grills-saveurs.ch\/fr\/produit\/panier-a-legumes-weber-petit-acier-inoxydable\/#breadcrumb\"},\"inLanguage\":\"fr-FR\",\"potentialAction\":[{\"@type\":\"ReadAction\",\"target\":[\"https:\/\/www.grills-saveurs.ch\/fr\/produit\/panier-a-legumes-weber-petit-acier-inoxydable\/\"]}]},{\"@type\":\"BreadcrumbList\",\"@id\":\"https:\/\/www.grills-saveurs.ch\/fr\/produit\/panier-a-legumes-weber-petit-acier-inoxydable\/#breadcrumb\",\"itemListElement\":[{\"@type\":\"ListItem\",\"position\":1,\"name\":\"Accueil\",\"item\":\"https:\/\/www.grills-saveurs.ch\/fr\/\"},{\"@type\":\"ListItem\",\"position\":2,\"name\":\"Shop \/ Boutique\",\"item\":\"https:\/\/www.grills-saveurs.ch\/fr\/boutique\/\"},{\"@type\":\"ListItem\",\"position\":3,\"name\":\"Panier \u00e0 l\u00e9gumes Weber, petit\"}]}]}<\/script>\n<!-- \/ Yoast SEO plugin. -->","yoast_head_json":{"title":"Panier \u00e0 l\u00e9gumes Weber, petit - Grills et Saveurs","description":"Le panier \u00e0 l\u00e9gumes Premium peut contenir une grande quantit\u00e9 de l\u00e9gumes, fruits ou crevettes tout en les infusant de cette saveur inimitable de barbecue.","robots":{"index":"index","follow":"follow","max-snippet":"max-snippet:-1","max-image-preview":"max-image-preview:large","max-video-preview":"max-video-preview:-1"},"canonical":"https:\/\/www.grills-saveurs.ch\/fr\/produit\/panier-a-legumes-weber-petit-acier-inoxydable\/","og_locale":"fr_FR","og_type":"article","og_title":"Panier \u00e0 l\u00e9gumes Weber, petit - Grills et Saveurs","og_description":"Le panier \u00e0 l\u00e9gumes Premium peut contenir une grande quantit\u00e9 de l\u00e9gumes, fruits ou crevettes tout en les infusant de cette saveur inimitable de barbecue.","og_url":"https:\/\/www.grills-saveurs.ch\/fr\/produit\/panier-a-legumes-weber-petit-acier-inoxydable\/","og_site_name":"Grills et Saveurs","article_modified_time":"2024-03-22T12:42:37+00:00","og_image":[{"width":1000,"height":950,"url":"https:\/\/www.grills-saveurs.ch\/fr\/wp-content\/uploads\/2019\/03\/6677-Panier-\u00e0-l\u00e9gumes-Weber-petit.png","type":"image\/png"}],"twitter_card":"summary_large_image","schema":{"@context":"https:\/\/schema.org","@graph":[{"@type":"WebSite","@id":"https:\/\/www.grills-saveurs.ch\/fr\/#website","url":"https:\/\/www.grills-saveurs.ch\/fr\/","name":"Grills et Saveurs","description":"Barbecues, Grills, Planchas, Chemin\u00e9es jardin - Lausanne, Suisse Romande","potentialAction":[{"@type":"SearchAction","target":{"@type":"EntryPoint","urlTemplate":"https:\/\/www.grills-saveurs.ch\/fr\/?s={search_term_string}"},"query-input":"required name=search_term_string"}],"inLanguage":"fr-FR"},{"@type":"ImageObject","@id":"https:\/\/www.grills-saveurs.ch\/fr\/produit\/panier-a-legumes-weber-petit-acier-inoxydable\/#primaryimage","inLanguage":"fr-FR","url":"https:\/\/www.grills-saveurs.ch\/fr\/wp-content\/uploads\/2019\/03\/6677-Panier-\u00e0-l\u00e9gumes-Weber-petit.png","contentUrl":"https:\/\/www.grills-saveurs.ch\/fr\/wp-content\/uploads\/2019\/03\/6677-Panier-\u00e0-l\u00e9gumes-Weber-petit.png","width":1000,"height":950,"caption":"6677 Panier \u00e0 l\u00e9gumes Weber, petit"},{"@type":"WebPage","@id":"https:\/\/www.grills-saveurs.ch\/fr\/produit\/panier-a-legumes-weber-petit-acier-inoxydable\/#webpage","url":"https:\/\/www.grills-saveurs.ch\/fr\/produit\/panier-a-legumes-weber-petit-acier-inoxydable\/","name":"Panier \u00e0 l\u00e9gumes Weber, petit - Grills et Saveurs","isPartOf":{"@id":"https:\/\/www.grills-saveurs.ch\/fr\/#website"},"primaryImageOfPage":{"@id":"https:\/\/www.grills-saveurs.ch\/fr\/produit\/panier-a-legumes-weber-petit-acier-inoxydable\/#primaryimage"},"datePublished":"2019-03-07T08:01:10+00:00","dateModified":"2024-03-22T12:42:37+00:00","description":"Le panier \u00e0 l\u00e9gumes Premium peut contenir une grande quantit\u00e9 de l\u00e9gumes, fruits ou crevettes tout en les infusant de cette saveur inimitable de barbecue.","breadcrumb":{"@id":"https:\/\/www.grills-saveurs.ch\/fr\/produit\/panier-a-legumes-weber-petit-acier-inoxydable\/#breadcrumb"},"inLanguage":"fr-FR","potentialAction":[{"@type":"ReadAction","target":["https:\/\/www.grills-saveurs.ch\/fr\/produit\/panier-a-legumes-weber-petit-acier-inoxydable\/"]}]},{"@type":"BreadcrumbList","@id":"https:\/\/www.grills-saveurs.ch\/fr\/produit\/panier-a-legumes-weber-petit-acier-inoxydable\/#breadcrumb","itemListElement":[{"@type":"ListItem","position":1,"name":"Accueil","item":"https:\/\/www.grills-saveurs.ch\/fr\/"},{"@type":"ListItem","position":2,"name":"Shop \/ Boutique","item":"https:\/\/www.grills-saveurs.ch\/fr\/boutique\/"},{"@type":"ListItem","position":3,"name":"Panier \u00e0 l\u00e9gumes Weber, petit"}]}]}},"_links":{"self":[{"href":"https:\/\/www.grills-saveurs.ch\/fr\/wp-json\/wp\/v2\/product\/1773"}],"collection":[{"href":"https:\/\/www.grills-saveurs.ch\/fr\/wp-json\/wp\/v2\/product"}],"about":[{"href":"https:\/\/www.grills-saveurs.ch\/fr\/wp-json\/wp\/v2\/types\/product"}],"wp:featuredmedia":[{"embeddable":true,"href":"https:\/\/www.grills-saveurs.ch\/fr\/wp-json\/wp\/v2\/media\/3873"}],"wp:attachment":[{"href":"https:\/\/www.grills-saveurs.ch\/fr\/wp-json\/wp\/v2\/media?parent=1773"}],"wp:term":[{"taxonomy":"product_cat","embeddable":true,"href":"https:\/\/www.grills-saveurs.ch\/fr\/wp-json\/wp\/v2\/product_cat?post=1773"},{"taxonomy":"product_tag","embeddable":true,"href":"https:\/\/www.grills-saveurs.ch\/fr\/wp-json\/wp\/v2\/product_tag?post=1773"}],"curies":[{"name":"wp","href":"https:\/\/api.w.org\/{rel}","templated":true}]}}