{"id":1774,"date":"2019-03-07T09:01:11","date_gmt":"2019-03-07T08:01:11","guid":{"rendered":"https:\/\/www.grills-saveurs.ch\/fr\/produit\/panier-a-legumes-weber-deluxe-petit\/"},"modified":"2024-03-21T14:46:04","modified_gmt":"2024-03-21T13:46:04","slug":"panier-a-legumes-weber-deluxe-petit","status":"publish","type":"product","link":"https:\/\/www.grills-saveurs.ch\/fr\/produit\/panier-a-legumes-weber-deluxe-petit\/","title":{"rendered":"Panier \u00e0 l\u00e9gumes Weber Deluxe, petit"},"content":{"rendered":"<p>Des l\u00e9gumes aux saveurs vives et grill\u00e9es, \u00e9parpill\u00e9s sur une pizza croustillante. Des courges dor\u00e9es qui accompagnent votre festin d\u2019automne pr\u00e9f\u00e9r\u00e9. Ou une vari\u00e9t\u00e9 de l\u00e9gumes coup\u00e9s en d\u00e9s et saisis qui d\u00e9veloppent des ar\u00f4mes que vous n\u2019auriez jamais imagin\u00e9s. Utilisez le panier \u00e0 l\u00e9gumes Deluxe pour cuire des l\u00e9gumes en tranches voire de petites pi\u00e8ces de viande en toute simplicit\u00e9.<\/p>\n<p><strong>CARACT\u00c9RISTIQUES<\/strong><\/p>\n<ul>\n<li>Id\u00e9al pour les l\u00e9gumes et petites pi\u00e8ces de viande<\/li>\n<li>\n<div class=\"bee__flyout__label\">Mat\u00e9riau : acier inoxydable<\/div>\n<\/li>\n<li>Conseils de nettoyage : passe au lave-vaisselle<\/li>\n<li>Compatible : Tous les barbecues \u00e0 charbon, \u00e0 gaz et \u00e9lectriques Weber\u00ae<\/li>\n<\/ul>\n","protected":false},"excerpt":{"rendered":"<p>6481<\/p>\n","protected":false},"featured_media":3863,"template":"","meta":[],"product_cat":[163],"product_tag":[84],"yoast_head":"<!-- This site is optimized with the Yoast SEO plugin v18.2 - https:\/\/yoast.com\/wordpress\/plugins\/seo\/ -->\n<title>Panier \u00e0 l\u00e9gumes Weber Deluxe, petit - Grills et Saveurs<\/title>\n<meta name=\"description\" content=\"tilisez le panier \u00e0 l\u00e9gumes Deluxe pour cuire des l\u00e9gumes en tranches voire de petites pi\u00e8ces de viande en toute simplicit\u00e9.\" \/>\n<meta name=\"robots\" content=\"index, follow, max-snippet:-1, max-image-preview:large, max-video-preview:-1\" \/>\n<link rel=\"canonical\" href=\"https:\/\/www.grills-saveurs.ch\/fr\/produit\/panier-a-legumes-weber-deluxe-petit\/\" \/>\n<meta property=\"og:locale\" content=\"fr_FR\" \/>\n<meta property=\"og:type\" content=\"article\" \/>\n<meta property=\"og:title\" content=\"Panier \u00e0 l\u00e9gumes Weber Deluxe, petit - Grills et Saveurs\" \/>\n<meta property=\"og:description\" content=\"tilisez le panier \u00e0 l\u00e9gumes Deluxe pour cuire des l\u00e9gumes en tranches voire de petites pi\u00e8ces de viande en toute simplicit\u00e9.\" \/>\n<meta property=\"og:url\" content=\"https:\/\/www.grills-saveurs.ch\/fr\/produit\/panier-a-legumes-weber-deluxe-petit\/\" \/>\n<meta property=\"og:site_name\" content=\"Grills et Saveurs\" \/>\n<meta property=\"article:modified_time\" content=\"2024-03-21T13:46:04+00:00\" \/>\n<meta property=\"og:image\" content=\"https:\/\/www.grills-saveurs.ch\/fr\/wp-content\/uploads\/2019\/03\/6481-Panier-\u00e0-l\u00e9gumes-Weber-Deluxe-petit.png\" \/>\n\t<meta property=\"og:image:width\" content=\"1000\" \/>\n\t<meta property=\"og:image:height\" content=\"950\" \/>\n\t<meta property=\"og:image:type\" content=\"image\/png\" \/>\n<meta name=\"twitter:card\" content=\"summary_large_image\" \/>\n<meta name=\"twitter:label1\" content=\"Dur\u00e9e de lecture estim\u00e9e\" \/>\n\t<meta name=\"twitter:data1\" content=\"1 minute\" \/>\n<script type=\"application\/ld+json\" class=\"yoast-schema-graph\">{\"@context\":\"https:\/\/schema.org\",\"@graph\":[{\"@type\":\"WebSite\",\"@id\":\"https:\/\/www.grills-saveurs.ch\/fr\/#website\",\"url\":\"https:\/\/www.grills-saveurs.ch\/fr\/\",\"name\":\"Grills et Saveurs\",\"description\":\"Barbecues, Grills, Planchas, Chemin\u00e9es jardin - Lausanne, Suisse Romande\",\"potentialAction\":[{\"@type\":\"SearchAction\",\"target\":{\"@type\":\"EntryPoint\",\"urlTemplate\":\"https:\/\/www.grills-saveurs.ch\/fr\/?s={search_term_string}\"},\"query-input\":\"required name=search_term_string\"}],\"inLanguage\":\"fr-FR\"},{\"@type\":\"ImageObject\",\"@id\":\"https:\/\/www.grills-saveurs.ch\/fr\/produit\/panier-a-legumes-weber-deluxe-petit\/#primaryimage\",\"inLanguage\":\"fr-FR\",\"url\":\"https:\/\/www.grills-saveurs.ch\/fr\/wp-content\/uploads\/2019\/03\/6481-Panier-\u00e0-l\u00e9gumes-Weber-Deluxe-petit.png\",\"contentUrl\":\"https:\/\/www.grills-saveurs.ch\/fr\/wp-content\/uploads\/2019\/03\/6481-Panier-\u00e0-l\u00e9gumes-Weber-Deluxe-petit.png\",\"width\":1000,\"height\":950,\"caption\":\"6481 Panier \u00e0 l\u00e9gumes Weber Deluxe, petit\"},{\"@type\":\"WebPage\",\"@id\":\"https:\/\/www.grills-saveurs.ch\/fr\/produit\/panier-a-legumes-weber-deluxe-petit\/#webpage\",\"url\":\"https:\/\/www.grills-saveurs.ch\/fr\/produit\/panier-a-legumes-weber-deluxe-petit\/\",\"name\":\"Panier \u00e0 l\u00e9gumes Weber Deluxe, petit - Grills et Saveurs\",\"isPartOf\":{\"@id\":\"https:\/\/www.grills-saveurs.ch\/fr\/#website\"},\"primaryImageOfPage\":{\"@id\":\"https:\/\/www.grills-saveurs.ch\/fr\/produit\/panier-a-legumes-weber-deluxe-petit\/#primaryimage\"},\"datePublished\":\"2019-03-07T08:01:11+00:00\",\"dateModified\":\"2024-03-21T13:46:04+00:00\",\"description\":\"tilisez le panier \u00e0 l\u00e9gumes Deluxe pour cuire des l\u00e9gumes en tranches voire de petites pi\u00e8ces de viande en toute simplicit\u00e9.\",\"breadcrumb\":{\"@id\":\"https:\/\/www.grills-saveurs.ch\/fr\/produit\/panier-a-legumes-weber-deluxe-petit\/#breadcrumb\"},\"inLanguage\":\"fr-FR\",\"potentialAction\":[{\"@type\":\"ReadAction\",\"target\":[\"https:\/\/www.grills-saveurs.ch\/fr\/produit\/panier-a-legumes-weber-deluxe-petit\/\"]}]},{\"@type\":\"BreadcrumbList\",\"@id\":\"https:\/\/www.grills-saveurs.ch\/fr\/produit\/panier-a-legumes-weber-deluxe-petit\/#breadcrumb\",\"itemListElement\":[{\"@type\":\"ListItem\",\"position\":1,\"name\":\"Accueil\",\"item\":\"https:\/\/www.grills-saveurs.ch\/fr\/\"},{\"@type\":\"ListItem\",\"position\":2,\"name\":\"Shop \/ Boutique\",\"item\":\"https:\/\/www.grills-saveurs.ch\/fr\/boutique\/\"},{\"@type\":\"ListItem\",\"position\":3,\"name\":\"Panier \u00e0 l\u00e9gumes Weber Deluxe, petit\"}]}]}<\/script>\n<!-- \/ Yoast SEO plugin. -->","yoast_head_json":{"title":"Panier \u00e0 l\u00e9gumes Weber Deluxe, petit - Grills et Saveurs","description":"tilisez le panier \u00e0 l\u00e9gumes Deluxe pour cuire des l\u00e9gumes en tranches voire de petites pi\u00e8ces de viande en toute simplicit\u00e9.","robots":{"index":"index","follow":"follow","max-snippet":"max-snippet:-1","max-image-preview":"max-image-preview:large","max-video-preview":"max-video-preview:-1"},"canonical":"https:\/\/www.grills-saveurs.ch\/fr\/produit\/panier-a-legumes-weber-deluxe-petit\/","og_locale":"fr_FR","og_type":"article","og_title":"Panier \u00e0 l\u00e9gumes Weber Deluxe, petit - Grills et Saveurs","og_description":"tilisez le panier \u00e0 l\u00e9gumes Deluxe pour cuire des l\u00e9gumes en tranches voire de petites pi\u00e8ces de viande en toute simplicit\u00e9.","og_url":"https:\/\/www.grills-saveurs.ch\/fr\/produit\/panier-a-legumes-weber-deluxe-petit\/","og_site_name":"Grills et Saveurs","article_modified_time":"2024-03-21T13:46:04+00:00","og_image":[{"width":1000,"height":950,"url":"https:\/\/www.grills-saveurs.ch\/fr\/wp-content\/uploads\/2019\/03\/6481-Panier-\u00e0-l\u00e9gumes-Weber-Deluxe-petit.png","type":"image\/png"}],"twitter_card":"summary_large_image","twitter_misc":{"Dur\u00e9e de lecture estim\u00e9e":"1 minute"},"schema":{"@context":"https:\/\/schema.org","@graph":[{"@type":"WebSite","@id":"https:\/\/www.grills-saveurs.ch\/fr\/#website","url":"https:\/\/www.grills-saveurs.ch\/fr\/","name":"Grills et Saveurs","description":"Barbecues, Grills, Planchas, Chemin\u00e9es jardin - Lausanne, Suisse Romande","potentialAction":[{"@type":"SearchAction","target":{"@type":"EntryPoint","urlTemplate":"https:\/\/www.grills-saveurs.ch\/fr\/?s={search_term_string}"},"query-input":"required name=search_term_string"}],"inLanguage":"fr-FR"},{"@type":"ImageObject","@id":"https:\/\/www.grills-saveurs.ch\/fr\/produit\/panier-a-legumes-weber-deluxe-petit\/#primaryimage","inLanguage":"fr-FR","url":"https:\/\/www.grills-saveurs.ch\/fr\/wp-content\/uploads\/2019\/03\/6481-Panier-\u00e0-l\u00e9gumes-Weber-Deluxe-petit.png","contentUrl":"https:\/\/www.grills-saveurs.ch\/fr\/wp-content\/uploads\/2019\/03\/6481-Panier-\u00e0-l\u00e9gumes-Weber-Deluxe-petit.png","width":1000,"height":950,"caption":"6481 Panier \u00e0 l\u00e9gumes Weber Deluxe, petit"},{"@type":"WebPage","@id":"https:\/\/www.grills-saveurs.ch\/fr\/produit\/panier-a-legumes-weber-deluxe-petit\/#webpage","url":"https:\/\/www.grills-saveurs.ch\/fr\/produit\/panier-a-legumes-weber-deluxe-petit\/","name":"Panier \u00e0 l\u00e9gumes Weber Deluxe, petit - Grills et Saveurs","isPartOf":{"@id":"https:\/\/www.grills-saveurs.ch\/fr\/#website"},"primaryImageOfPage":{"@id":"https:\/\/www.grills-saveurs.ch\/fr\/produit\/panier-a-legumes-weber-deluxe-petit\/#primaryimage"},"datePublished":"2019-03-07T08:01:11+00:00","dateModified":"2024-03-21T13:46:04+00:00","description":"tilisez le panier \u00e0 l\u00e9gumes Deluxe pour cuire des l\u00e9gumes en tranches voire de petites pi\u00e8ces de viande en toute simplicit\u00e9.","breadcrumb":{"@id":"https:\/\/www.grills-saveurs.ch\/fr\/produit\/panier-a-legumes-weber-deluxe-petit\/#breadcrumb"},"inLanguage":"fr-FR","potentialAction":[{"@type":"ReadAction","target":["https:\/\/www.grills-saveurs.ch\/fr\/produit\/panier-a-legumes-weber-deluxe-petit\/"]}]},{"@type":"BreadcrumbList","@id":"https:\/\/www.grills-saveurs.ch\/fr\/produit\/panier-a-legumes-weber-deluxe-petit\/#breadcrumb","itemListElement":[{"@type":"ListItem","position":1,"name":"Accueil","item":"https:\/\/www.grills-saveurs.ch\/fr\/"},{"@type":"ListItem","position":2,"name":"Shop \/ Boutique","item":"https:\/\/www.grills-saveurs.ch\/fr\/boutique\/"},{"@type":"ListItem","position":3,"name":"Panier \u00e0 l\u00e9gumes Weber Deluxe, petit"}]}]}},"_links":{"self":[{"href":"https:\/\/www.grills-saveurs.ch\/fr\/wp-json\/wp\/v2\/product\/1774"}],"collection":[{"href":"https:\/\/www.grills-saveurs.ch\/fr\/wp-json\/wp\/v2\/product"}],"about":[{"href":"https:\/\/www.grills-saveurs.ch\/fr\/wp-json\/wp\/v2\/types\/product"}],"wp:featuredmedia":[{"embeddable":true,"href":"https:\/\/www.grills-saveurs.ch\/fr\/wp-json\/wp\/v2\/media\/3863"}],"wp:attachment":[{"href":"https:\/\/www.grills-saveurs.ch\/fr\/wp-json\/wp\/v2\/media?parent=1774"}],"wp:term":[{"taxonomy":"product_cat","embeddable":true,"href":"https:\/\/www.grills-saveurs.ch\/fr\/wp-json\/wp\/v2\/product_cat?post=1774"},{"taxonomy":"product_tag","embeddable":true,"href":"https:\/\/www.grills-saveurs.ch\/fr\/wp-json\/wp\/v2\/product_tag?post=1774"}],"curies":[{"name":"wp","href":"https:\/\/api.w.org\/{rel}","templated":true}]}}