{"id":1776,"date":"2019-03-07T09:01:11","date_gmt":"2019-03-07T08:01:11","guid":{"rendered":"https:\/\/www.grills-saveurs.ch\/fr\/produit\/plaque-weber-deluxe-acier-inoxydable\/"},"modified":"2024-03-22T13:40:55","modified_gmt":"2024-03-22T12:40:55","slug":"plaque-weber-deluxe-acier-inoxydable","status":"publish","type":"product","link":"https:\/\/www.grills-saveurs.ch\/fr\/produit\/plaque-weber-deluxe-acier-inoxydable\/","title":{"rendered":"Plat de cuisson Deluxe"},"content":{"rendered":"<p>Saisissez des crevettes et autres coquilles Saint-Jacques \u00e0 la po\u00eale, dans le confort de votre jardin. Faites sauter des l\u00e9gumes tandis que votre steak cuit \u00e0 c\u00f4t\u00e9. Utilisez le plat de cuisson Deluxe pour infuser vos aliments de la saveur inimitable du barbecue.<\/p>\n<p><strong>CARACT\u00c9RISTIQUES<\/strong><\/p>\n<ul>\n<li>Id\u00e9al pour les filets de poisson ou autres aliments fragiles qui pourraient tomber entre les grilles<\/li>\n<li>\n<div class=\"bee__flyout__label\">Mat\u00e9riau : acier inoxydable<\/div>\n<\/li>\n<li>Conseils de nettoyage : passe au lave-vaisselle<\/li>\n<li>Compatible : Weber\u00ae Q 300\/3000 et plus grands barbecues \u00e0 gaz, barbecues \u00e0 charbon \u00d857 cm et plus<\/li>\n<\/ul>\n","protected":false},"excerpt":{"rendered":"<p>6435<\/p>\n","protected":false},"featured_media":3867,"template":"","meta":[],"product_cat":[163],"product_tag":[84],"yoast_head":"<!-- This site is optimized with the Yoast SEO plugin v18.2 - https:\/\/yoast.com\/wordpress\/plugins\/seo\/ -->\n<title>Plat de cuisson Deluxe - Grills et Saveurs<\/title>\n<meta name=\"description\" content=\"Utilisez le plat de cuisson Deluxe en acier inoxydable pour infuser vos aliments fragiles de la saveur inimitable du barbecue.\" \/>\n<meta name=\"robots\" content=\"index, follow, max-snippet:-1, max-image-preview:large, max-video-preview:-1\" \/>\n<link rel=\"canonical\" href=\"https:\/\/www.grills-saveurs.ch\/fr\/produit\/plaque-weber-deluxe-acier-inoxydable\/\" \/>\n<meta property=\"og:locale\" content=\"fr_FR\" \/>\n<meta property=\"og:type\" content=\"article\" \/>\n<meta property=\"og:title\" content=\"Plat de cuisson Deluxe - Grills et Saveurs\" \/>\n<meta property=\"og:description\" content=\"Utilisez le plat de cuisson Deluxe en acier inoxydable pour infuser vos aliments fragiles de la saveur inimitable du barbecue.\" \/>\n<meta property=\"og:url\" content=\"https:\/\/www.grills-saveurs.ch\/fr\/produit\/plaque-weber-deluxe-acier-inoxydable\/\" \/>\n<meta property=\"og:site_name\" content=\"Grills et Saveurs\" \/>\n<meta property=\"article:modified_time\" content=\"2024-03-22T12:40:55+00:00\" \/>\n<meta property=\"og:image\" content=\"https:\/\/www.grills-saveurs.ch\/fr\/wp-content\/uploads\/2019\/03\/6435-Plat-de-cuisson-Deluxe.png\" \/>\n\t<meta property=\"og:image:width\" content=\"1000\" \/>\n\t<meta property=\"og:image:height\" content=\"950\" \/>\n\t<meta property=\"og:image:type\" content=\"image\/png\" \/>\n<meta name=\"twitter:card\" content=\"summary_large_image\" \/>\n<script type=\"application\/ld+json\" class=\"yoast-schema-graph\">{\"@context\":\"https:\/\/schema.org\",\"@graph\":[{\"@type\":\"WebSite\",\"@id\":\"https:\/\/www.grills-saveurs.ch\/fr\/#website\",\"url\":\"https:\/\/www.grills-saveurs.ch\/fr\/\",\"name\":\"Grills et Saveurs\",\"description\":\"Barbecues, Grills, Planchas, Chemin\u00e9es jardin - Lausanne, Suisse Romande\",\"potentialAction\":[{\"@type\":\"SearchAction\",\"target\":{\"@type\":\"EntryPoint\",\"urlTemplate\":\"https:\/\/www.grills-saveurs.ch\/fr\/?s={search_term_string}\"},\"query-input\":\"required name=search_term_string\"}],\"inLanguage\":\"fr-FR\"},{\"@type\":\"ImageObject\",\"@id\":\"https:\/\/www.grills-saveurs.ch\/fr\/produit\/plaque-weber-deluxe-acier-inoxydable\/#primaryimage\",\"inLanguage\":\"fr-FR\",\"url\":\"https:\/\/www.grills-saveurs.ch\/fr\/wp-content\/uploads\/2019\/03\/6435-Plat-de-cuisson-Deluxe.png\",\"contentUrl\":\"https:\/\/www.grills-saveurs.ch\/fr\/wp-content\/uploads\/2019\/03\/6435-Plat-de-cuisson-Deluxe.png\",\"width\":1000,\"height\":950,\"caption\":\"6435 Plat de cuisson Deluxe\"},{\"@type\":\"WebPage\",\"@id\":\"https:\/\/www.grills-saveurs.ch\/fr\/produit\/plaque-weber-deluxe-acier-inoxydable\/#webpage\",\"url\":\"https:\/\/www.grills-saveurs.ch\/fr\/produit\/plaque-weber-deluxe-acier-inoxydable\/\",\"name\":\"Plat de cuisson Deluxe - Grills et Saveurs\",\"isPartOf\":{\"@id\":\"https:\/\/www.grills-saveurs.ch\/fr\/#website\"},\"primaryImageOfPage\":{\"@id\":\"https:\/\/www.grills-saveurs.ch\/fr\/produit\/plaque-weber-deluxe-acier-inoxydable\/#primaryimage\"},\"datePublished\":\"2019-03-07T08:01:11+00:00\",\"dateModified\":\"2024-03-22T12:40:55+00:00\",\"description\":\"Utilisez le plat de cuisson Deluxe en acier inoxydable pour infuser vos aliments fragiles de la saveur inimitable du barbecue.\",\"breadcrumb\":{\"@id\":\"https:\/\/www.grills-saveurs.ch\/fr\/produit\/plaque-weber-deluxe-acier-inoxydable\/#breadcrumb\"},\"inLanguage\":\"fr-FR\",\"potentialAction\":[{\"@type\":\"ReadAction\",\"target\":[\"https:\/\/www.grills-saveurs.ch\/fr\/produit\/plaque-weber-deluxe-acier-inoxydable\/\"]}]},{\"@type\":\"BreadcrumbList\",\"@id\":\"https:\/\/www.grills-saveurs.ch\/fr\/produit\/plaque-weber-deluxe-acier-inoxydable\/#breadcrumb\",\"itemListElement\":[{\"@type\":\"ListItem\",\"position\":1,\"name\":\"Accueil\",\"item\":\"https:\/\/www.grills-saveurs.ch\/fr\/\"},{\"@type\":\"ListItem\",\"position\":2,\"name\":\"Shop \/ Boutique\",\"item\":\"https:\/\/www.grills-saveurs.ch\/fr\/boutique\/\"},{\"@type\":\"ListItem\",\"position\":3,\"name\":\"Plat de cuisson Deluxe\"}]}]}<\/script>\n<!-- \/ Yoast SEO plugin. -->","yoast_head_json":{"title":"Plat de cuisson Deluxe - Grills et Saveurs","description":"Utilisez le plat de cuisson Deluxe en acier inoxydable pour infuser vos aliments fragiles de la saveur inimitable du barbecue.","robots":{"index":"index","follow":"follow","max-snippet":"max-snippet:-1","max-image-preview":"max-image-preview:large","max-video-preview":"max-video-preview:-1"},"canonical":"https:\/\/www.grills-saveurs.ch\/fr\/produit\/plaque-weber-deluxe-acier-inoxydable\/","og_locale":"fr_FR","og_type":"article","og_title":"Plat de cuisson Deluxe - Grills et Saveurs","og_description":"Utilisez le plat de cuisson Deluxe en acier inoxydable pour infuser vos aliments fragiles de la saveur inimitable du barbecue.","og_url":"https:\/\/www.grills-saveurs.ch\/fr\/produit\/plaque-weber-deluxe-acier-inoxydable\/","og_site_name":"Grills et Saveurs","article_modified_time":"2024-03-22T12:40:55+00:00","og_image":[{"width":1000,"height":950,"url":"https:\/\/www.grills-saveurs.ch\/fr\/wp-content\/uploads\/2019\/03\/6435-Plat-de-cuisson-Deluxe.png","type":"image\/png"}],"twitter_card":"summary_large_image","schema":{"@context":"https:\/\/schema.org","@graph":[{"@type":"WebSite","@id":"https:\/\/www.grills-saveurs.ch\/fr\/#website","url":"https:\/\/www.grills-saveurs.ch\/fr\/","name":"Grills et Saveurs","description":"Barbecues, Grills, Planchas, Chemin\u00e9es jardin - Lausanne, Suisse Romande","potentialAction":[{"@type":"SearchAction","target":{"@type":"EntryPoint","urlTemplate":"https:\/\/www.grills-saveurs.ch\/fr\/?s={search_term_string}"},"query-input":"required name=search_term_string"}],"inLanguage":"fr-FR"},{"@type":"ImageObject","@id":"https:\/\/www.grills-saveurs.ch\/fr\/produit\/plaque-weber-deluxe-acier-inoxydable\/#primaryimage","inLanguage":"fr-FR","url":"https:\/\/www.grills-saveurs.ch\/fr\/wp-content\/uploads\/2019\/03\/6435-Plat-de-cuisson-Deluxe.png","contentUrl":"https:\/\/www.grills-saveurs.ch\/fr\/wp-content\/uploads\/2019\/03\/6435-Plat-de-cuisson-Deluxe.png","width":1000,"height":950,"caption":"6435 Plat de cuisson Deluxe"},{"@type":"WebPage","@id":"https:\/\/www.grills-saveurs.ch\/fr\/produit\/plaque-weber-deluxe-acier-inoxydable\/#webpage","url":"https:\/\/www.grills-saveurs.ch\/fr\/produit\/plaque-weber-deluxe-acier-inoxydable\/","name":"Plat de cuisson Deluxe - Grills et Saveurs","isPartOf":{"@id":"https:\/\/www.grills-saveurs.ch\/fr\/#website"},"primaryImageOfPage":{"@id":"https:\/\/www.grills-saveurs.ch\/fr\/produit\/plaque-weber-deluxe-acier-inoxydable\/#primaryimage"},"datePublished":"2019-03-07T08:01:11+00:00","dateModified":"2024-03-22T12:40:55+00:00","description":"Utilisez le plat de cuisson Deluxe en acier inoxydable pour infuser vos aliments fragiles de la saveur inimitable du barbecue.","breadcrumb":{"@id":"https:\/\/www.grills-saveurs.ch\/fr\/produit\/plaque-weber-deluxe-acier-inoxydable\/#breadcrumb"},"inLanguage":"fr-FR","potentialAction":[{"@type":"ReadAction","target":["https:\/\/www.grills-saveurs.ch\/fr\/produit\/plaque-weber-deluxe-acier-inoxydable\/"]}]},{"@type":"BreadcrumbList","@id":"https:\/\/www.grills-saveurs.ch\/fr\/produit\/plaque-weber-deluxe-acier-inoxydable\/#breadcrumb","itemListElement":[{"@type":"ListItem","position":1,"name":"Accueil","item":"https:\/\/www.grills-saveurs.ch\/fr\/"},{"@type":"ListItem","position":2,"name":"Shop \/ Boutique","item":"https:\/\/www.grills-saveurs.ch\/fr\/boutique\/"},{"@type":"ListItem","position":3,"name":"Plat de cuisson Deluxe"}]}]}},"_links":{"self":[{"href":"https:\/\/www.grills-saveurs.ch\/fr\/wp-json\/wp\/v2\/product\/1776"}],"collection":[{"href":"https:\/\/www.grills-saveurs.ch\/fr\/wp-json\/wp\/v2\/product"}],"about":[{"href":"https:\/\/www.grills-saveurs.ch\/fr\/wp-json\/wp\/v2\/types\/product"}],"wp:featuredmedia":[{"embeddable":true,"href":"https:\/\/www.grills-saveurs.ch\/fr\/wp-json\/wp\/v2\/media\/3867"}],"wp:attachment":[{"href":"https:\/\/www.grills-saveurs.ch\/fr\/wp-json\/wp\/v2\/media?parent=1776"}],"wp:term":[{"taxonomy":"product_cat","embeddable":true,"href":"https:\/\/www.grills-saveurs.ch\/fr\/wp-json\/wp\/v2\/product_cat?post=1776"},{"taxonomy":"product_tag","embeddable":true,"href":"https:\/\/www.grills-saveurs.ch\/fr\/wp-json\/wp\/v2\/product_tag?post=1776"}],"curies":[{"name":"wp","href":"https:\/\/api.w.org\/{rel}","templated":true}]}}