{"id":1779,"date":"2019-03-07T09:01:12","date_gmt":"2019-03-07T08:01:12","guid":{"rendered":"https:\/\/www.grills-saveurs.ch\/fr\/produit\/set-chachlyk-weber\/"},"modified":"2024-03-21T10:20:14","modified_gmt":"2024-03-21T09:20:14","slug":"set-chachlyk-weber","status":"publish","type":"product","link":"https:\/\/www.grills-saveurs.ch\/fr\/produit\/set-chachlyk-weber\/","title":{"rendered":"Kit \u00e0 brochettes Weber"},"content":{"rendered":"<p>Faites de votre soir\u00e9e barbecue une f\u00eate inoubliable. Demandez \u00e0 chacun de composer ses propres brochettes \u00e0 partir d\u2019un choix de l\u00e9gumes, de viandes et de fruits de mer. Avec ce kit \u00e0 brochettes, mettez les brochettes sur le support et posez le support sur la grille de cuisson. Ce support permet de retourner facilement les brochettes et d\u2019obtenir une cuisson parfaite \u00e0 tous les coups.<\/p>\n<p><strong>CARACT\u00c9RISTIQUES<\/strong><\/p>\n<ul>\n<li>Le support permet de retourner et de transporter facilement les brochettes<\/li>\n<li>L&rsquo;ensemble comprend 5 brochettes et un support<\/li>\n<li>\n<div class=\"bee__flyout__label\">Mat\u00e9riau : brochettes en acier inoxydable, support en acier chrom\u00e9<\/div>\n<\/li>\n<li>Conseils de nettoyage : passe au lave-vaisselle<\/li>\n<li>Compatible : Barbecues \u00e0 gaz Weber\u00ae Q 200\/2000 et plus grands et barbecues \u00e0 charbon Weber\u00ae \u00d847 cm et plus<\/li>\n<\/ul>\n","protected":false},"excerpt":{"rendered":"<p>6606<\/p>\n","protected":false},"featured_media":3861,"template":"","meta":[],"product_cat":[183,160],"product_tag":[84],"yoast_head":"<!-- This site is optimized with the Yoast SEO plugin v18.2 - https:\/\/yoast.com\/wordpress\/plugins\/seo\/ -->\n<title>Kit \u00e0 brochettes Weber - Grills et Saveurs<\/title>\n<meta name=\"description\" content=\"Ce support permet de retourner facilement les brochettes et d\u2019obtenir une cuisson parfaite \u00e0 tous les coups. L&#039;ensemble comprend 5 brochettes et un support.\" \/>\n<meta name=\"robots\" content=\"index, follow, max-snippet:-1, max-image-preview:large, max-video-preview:-1\" \/>\n<link rel=\"canonical\" href=\"https:\/\/www.grills-saveurs.ch\/fr\/produit\/set-chachlyk-weber\/\" \/>\n<meta property=\"og:locale\" content=\"fr_FR\" \/>\n<meta property=\"og:type\" content=\"article\" \/>\n<meta property=\"og:title\" content=\"Kit \u00e0 brochettes Weber - Grills et Saveurs\" \/>\n<meta property=\"og:description\" content=\"Ce support permet de retourner facilement les brochettes et d\u2019obtenir une cuisson parfaite \u00e0 tous les coups. L&#039;ensemble comprend 5 brochettes et un support.\" \/>\n<meta property=\"og:url\" content=\"https:\/\/www.grills-saveurs.ch\/fr\/produit\/set-chachlyk-weber\/\" \/>\n<meta property=\"og:site_name\" content=\"Grills et Saveurs\" \/>\n<meta property=\"article:modified_time\" content=\"2024-03-21T09:20:14+00:00\" \/>\n<meta property=\"og:image\" content=\"https:\/\/www.grills-saveurs.ch\/fr\/wp-content\/uploads\/2019\/03\/6606-Kit-\u00e0-brochettes-Weber.png\" \/>\n\t<meta property=\"og:image:width\" content=\"1000\" \/>\n\t<meta property=\"og:image:height\" content=\"950\" \/>\n\t<meta property=\"og:image:type\" content=\"image\/png\" \/>\n<meta name=\"twitter:card\" content=\"summary_large_image\" \/>\n<meta name=\"twitter:label1\" content=\"Dur\u00e9e de lecture estim\u00e9e\" \/>\n\t<meta name=\"twitter:data1\" content=\"1 minute\" \/>\n<script type=\"application\/ld+json\" class=\"yoast-schema-graph\">{\"@context\":\"https:\/\/schema.org\",\"@graph\":[{\"@type\":\"WebSite\",\"@id\":\"https:\/\/www.grills-saveurs.ch\/fr\/#website\",\"url\":\"https:\/\/www.grills-saveurs.ch\/fr\/\",\"name\":\"Grills et Saveurs\",\"description\":\"Barbecues, Grills, Planchas, Chemin\u00e9es jardin - Lausanne, Suisse Romande\",\"potentialAction\":[{\"@type\":\"SearchAction\",\"target\":{\"@type\":\"EntryPoint\",\"urlTemplate\":\"https:\/\/www.grills-saveurs.ch\/fr\/?s={search_term_string}\"},\"query-input\":\"required name=search_term_string\"}],\"inLanguage\":\"fr-FR\"},{\"@type\":\"ImageObject\",\"@id\":\"https:\/\/www.grills-saveurs.ch\/fr\/produit\/set-chachlyk-weber\/#primaryimage\",\"inLanguage\":\"fr-FR\",\"url\":\"https:\/\/www.grills-saveurs.ch\/fr\/wp-content\/uploads\/2019\/03\/6606-Kit-\u00e0-brochettes-Weber.png\",\"contentUrl\":\"https:\/\/www.grills-saveurs.ch\/fr\/wp-content\/uploads\/2019\/03\/6606-Kit-\u00e0-brochettes-Weber.png\",\"width\":1000,\"height\":950,\"caption\":\"6606 Kit \u00e0 brochettes Weber\"},{\"@type\":\"WebPage\",\"@id\":\"https:\/\/www.grills-saveurs.ch\/fr\/produit\/set-chachlyk-weber\/#webpage\",\"url\":\"https:\/\/www.grills-saveurs.ch\/fr\/produit\/set-chachlyk-weber\/\",\"name\":\"Kit \u00e0 brochettes Weber - Grills et Saveurs\",\"isPartOf\":{\"@id\":\"https:\/\/www.grills-saveurs.ch\/fr\/#website\"},\"primaryImageOfPage\":{\"@id\":\"https:\/\/www.grills-saveurs.ch\/fr\/produit\/set-chachlyk-weber\/#primaryimage\"},\"datePublished\":\"2019-03-07T08:01:12+00:00\",\"dateModified\":\"2024-03-21T09:20:14+00:00\",\"description\":\"Ce support permet de retourner facilement les brochettes et d\u2019obtenir une cuisson parfaite \u00e0 tous les coups. L'ensemble comprend 5 brochettes et un support.\",\"breadcrumb\":{\"@id\":\"https:\/\/www.grills-saveurs.ch\/fr\/produit\/set-chachlyk-weber\/#breadcrumb\"},\"inLanguage\":\"fr-FR\",\"potentialAction\":[{\"@type\":\"ReadAction\",\"target\":[\"https:\/\/www.grills-saveurs.ch\/fr\/produit\/set-chachlyk-weber\/\"]}]},{\"@type\":\"BreadcrumbList\",\"@id\":\"https:\/\/www.grills-saveurs.ch\/fr\/produit\/set-chachlyk-weber\/#breadcrumb\",\"itemListElement\":[{\"@type\":\"ListItem\",\"position\":1,\"name\":\"Accueil\",\"item\":\"https:\/\/www.grills-saveurs.ch\/fr\/\"},{\"@type\":\"ListItem\",\"position\":2,\"name\":\"Shop \/ Boutique\",\"item\":\"https:\/\/www.grills-saveurs.ch\/fr\/boutique\/\"},{\"@type\":\"ListItem\",\"position\":3,\"name\":\"Kit \u00e0 brochettes Weber\"}]}]}<\/script>\n<!-- \/ Yoast SEO plugin. -->","yoast_head_json":{"title":"Kit \u00e0 brochettes Weber - Grills et Saveurs","description":"Ce support permet de retourner facilement les brochettes et d\u2019obtenir une cuisson parfaite \u00e0 tous les coups. L'ensemble comprend 5 brochettes et un support.","robots":{"index":"index","follow":"follow","max-snippet":"max-snippet:-1","max-image-preview":"max-image-preview:large","max-video-preview":"max-video-preview:-1"},"canonical":"https:\/\/www.grills-saveurs.ch\/fr\/produit\/set-chachlyk-weber\/","og_locale":"fr_FR","og_type":"article","og_title":"Kit \u00e0 brochettes Weber - Grills et Saveurs","og_description":"Ce support permet de retourner facilement les brochettes et d\u2019obtenir une cuisson parfaite \u00e0 tous les coups. L'ensemble comprend 5 brochettes et un support.","og_url":"https:\/\/www.grills-saveurs.ch\/fr\/produit\/set-chachlyk-weber\/","og_site_name":"Grills et Saveurs","article_modified_time":"2024-03-21T09:20:14+00:00","og_image":[{"width":1000,"height":950,"url":"https:\/\/www.grills-saveurs.ch\/fr\/wp-content\/uploads\/2019\/03\/6606-Kit-\u00e0-brochettes-Weber.png","type":"image\/png"}],"twitter_card":"summary_large_image","twitter_misc":{"Dur\u00e9e de lecture estim\u00e9e":"1 minute"},"schema":{"@context":"https:\/\/schema.org","@graph":[{"@type":"WebSite","@id":"https:\/\/www.grills-saveurs.ch\/fr\/#website","url":"https:\/\/www.grills-saveurs.ch\/fr\/","name":"Grills et Saveurs","description":"Barbecues, Grills, Planchas, Chemin\u00e9es jardin - Lausanne, Suisse Romande","potentialAction":[{"@type":"SearchAction","target":{"@type":"EntryPoint","urlTemplate":"https:\/\/www.grills-saveurs.ch\/fr\/?s={search_term_string}"},"query-input":"required name=search_term_string"}],"inLanguage":"fr-FR"},{"@type":"ImageObject","@id":"https:\/\/www.grills-saveurs.ch\/fr\/produit\/set-chachlyk-weber\/#primaryimage","inLanguage":"fr-FR","url":"https:\/\/www.grills-saveurs.ch\/fr\/wp-content\/uploads\/2019\/03\/6606-Kit-\u00e0-brochettes-Weber.png","contentUrl":"https:\/\/www.grills-saveurs.ch\/fr\/wp-content\/uploads\/2019\/03\/6606-Kit-\u00e0-brochettes-Weber.png","width":1000,"height":950,"caption":"6606 Kit \u00e0 brochettes Weber"},{"@type":"WebPage","@id":"https:\/\/www.grills-saveurs.ch\/fr\/produit\/set-chachlyk-weber\/#webpage","url":"https:\/\/www.grills-saveurs.ch\/fr\/produit\/set-chachlyk-weber\/","name":"Kit \u00e0 brochettes Weber - Grills et Saveurs","isPartOf":{"@id":"https:\/\/www.grills-saveurs.ch\/fr\/#website"},"primaryImageOfPage":{"@id":"https:\/\/www.grills-saveurs.ch\/fr\/produit\/set-chachlyk-weber\/#primaryimage"},"datePublished":"2019-03-07T08:01:12+00:00","dateModified":"2024-03-21T09:20:14+00:00","description":"Ce support permet de retourner facilement les brochettes et d\u2019obtenir une cuisson parfaite \u00e0 tous les coups. L'ensemble comprend 5 brochettes et un support.","breadcrumb":{"@id":"https:\/\/www.grills-saveurs.ch\/fr\/produit\/set-chachlyk-weber\/#breadcrumb"},"inLanguage":"fr-FR","potentialAction":[{"@type":"ReadAction","target":["https:\/\/www.grills-saveurs.ch\/fr\/produit\/set-chachlyk-weber\/"]}]},{"@type":"BreadcrumbList","@id":"https:\/\/www.grills-saveurs.ch\/fr\/produit\/set-chachlyk-weber\/#breadcrumb","itemListElement":[{"@type":"ListItem","position":1,"name":"Accueil","item":"https:\/\/www.grills-saveurs.ch\/fr\/"},{"@type":"ListItem","position":2,"name":"Shop \/ Boutique","item":"https:\/\/www.grills-saveurs.ch\/fr\/boutique\/"},{"@type":"ListItem","position":3,"name":"Kit \u00e0 brochettes Weber"}]}]}},"_links":{"self":[{"href":"https:\/\/www.grills-saveurs.ch\/fr\/wp-json\/wp\/v2\/product\/1779"}],"collection":[{"href":"https:\/\/www.grills-saveurs.ch\/fr\/wp-json\/wp\/v2\/product"}],"about":[{"href":"https:\/\/www.grills-saveurs.ch\/fr\/wp-json\/wp\/v2\/types\/product"}],"wp:featuredmedia":[{"embeddable":true,"href":"https:\/\/www.grills-saveurs.ch\/fr\/wp-json\/wp\/v2\/media\/3861"}],"wp:attachment":[{"href":"https:\/\/www.grills-saveurs.ch\/fr\/wp-json\/wp\/v2\/media?parent=1779"}],"wp:term":[{"taxonomy":"product_cat","embeddable":true,"href":"https:\/\/www.grills-saveurs.ch\/fr\/wp-json\/wp\/v2\/product_cat?post=1779"},{"taxonomy":"product_tag","embeddable":true,"href":"https:\/\/www.grills-saveurs.ch\/fr\/wp-json\/wp\/v2\/product_tag?post=1779"}],"curies":[{"name":"wp","href":"https:\/\/api.w.org\/{rel}","templated":true}]}}