{"id":1780,"date":"2019-03-07T09:01:13","date_gmt":"2019-03-07T08:01:13","guid":{"rendered":"https:\/\/www.grills-saveurs.ch\/fr\/produit\/support-weber-cuisson-pour-cotelettes-rotis\/"},"modified":"2024-03-21T14:58:06","modified_gmt":"2024-03-21T13:58:06","slug":"support-weber-cuisson-pour-cotelettes-rotis","status":"publish","type":"product","link":"https:\/\/www.grills-saveurs.ch\/fr\/produit\/support-weber-cuisson-pour-cotelettes-rotis\/","title":{"rendered":"Support de cuisson Premium pour c\u00f4telettes &#038; r\u00f4tis"},"content":{"rendered":"<p>Une viande tendre qui se d\u00e9tache de l\u2019os et ne demande qu\u2019\u00e0 \u00eatre effiloch\u00e9e. De d\u00e9licieux r\u00f4tis dont les saveurs respirent la fum\u00e9e sous le couvercle d\u2019un barbecue. La conception 2 en 1 du support de cuisson Premium permet de contenir plusieurs rang\u00e9es de c\u00f4telettes afin d\u2019augmenter l\u2019espace disponible sur vos grilles de cuisson, et peut \u00e9galement servir de support robuste pour des r\u00f4tis juteux.<\/p>\n<p><strong>CARACT\u00c9RISTIQUES<\/strong><\/p>\n<ul>\n<li>Conception 2 en 1 pour cuire de grandes pi\u00e8ces de viande ou jusqu\u2019\u00e0 cinq rang\u00e9es de c\u00f4telettes<\/li>\n<li>Conseils de nettoyage : passe au lave-vaisselle<\/li>\n<li>Compatible : Weber\u00ae Q 300\/3000 et plus grands barbecues \u00e0 gaz, barbecues \u00e0 charbon \u00d857 cm et plus<\/li>\n<\/ul>\n","protected":false},"excerpt":{"rendered":"<p>6469<\/p>\n","protected":false},"featured_media":3851,"template":"","meta":[],"product_cat":[160,164],"product_tag":[84],"yoast_head":"<!-- This site is optimized with the Yoast SEO plugin v18.2 - https:\/\/yoast.com\/wordpress\/plugins\/seo\/ -->\n<title>Support de cuisson Premium pour c\u00f4telettes &amp; r\u00f4tis - Grills et Saveurs<\/title>\n<meta name=\"description\" content=\"La conception 2 en 1 du support de cuisson Premium permet de contenir plusieurs rang\u00e9es de c\u00f4telettes afin d\u2019augmenter l\u2019espace sur le grill.\" \/>\n<meta name=\"robots\" content=\"index, follow, max-snippet:-1, max-image-preview:large, max-video-preview:-1\" \/>\n<link rel=\"canonical\" href=\"https:\/\/www.grills-saveurs.ch\/fr\/produit\/support-weber-cuisson-pour-cotelettes-rotis\/\" \/>\n<meta property=\"og:locale\" content=\"fr_FR\" \/>\n<meta property=\"og:type\" content=\"article\" \/>\n<meta property=\"og:title\" content=\"Support de cuisson Premium pour c\u00f4telettes &amp; r\u00f4tis - Grills et Saveurs\" \/>\n<meta property=\"og:description\" content=\"La conception 2 en 1 du support de cuisson Premium permet de contenir plusieurs rang\u00e9es de c\u00f4telettes afin d\u2019augmenter l\u2019espace sur le grill.\" \/>\n<meta property=\"og:url\" content=\"https:\/\/www.grills-saveurs.ch\/fr\/produit\/support-weber-cuisson-pour-cotelettes-rotis\/\" \/>\n<meta property=\"og:site_name\" content=\"Grills et Saveurs\" \/>\n<meta property=\"article:modified_time\" content=\"2024-03-21T13:58:06+00:00\" \/>\n<meta property=\"og:image\" content=\"https:\/\/www.grills-saveurs.ch\/fr\/wp-content\/uploads\/2019\/03\/6469-Support-de-cuisson-Premium-pour-c\u00f4telettes-r\u00f4tis.png\" \/>\n\t<meta property=\"og:image:width\" content=\"1000\" \/>\n\t<meta property=\"og:image:height\" content=\"950\" \/>\n\t<meta property=\"og:image:type\" content=\"image\/png\" \/>\n<meta name=\"twitter:card\" content=\"summary_large_image\" \/>\n<meta name=\"twitter:label1\" content=\"Dur\u00e9e de lecture estim\u00e9e\" \/>\n\t<meta name=\"twitter:data1\" content=\"1 minute\" \/>\n<script type=\"application\/ld+json\" class=\"yoast-schema-graph\">{\"@context\":\"https:\/\/schema.org\",\"@graph\":[{\"@type\":\"WebSite\",\"@id\":\"https:\/\/www.grills-saveurs.ch\/fr\/#website\",\"url\":\"https:\/\/www.grills-saveurs.ch\/fr\/\",\"name\":\"Grills et Saveurs\",\"description\":\"Barbecues, Grills, Planchas, Chemin\u00e9es jardin - Lausanne, Suisse Romande\",\"potentialAction\":[{\"@type\":\"SearchAction\",\"target\":{\"@type\":\"EntryPoint\",\"urlTemplate\":\"https:\/\/www.grills-saveurs.ch\/fr\/?s={search_term_string}\"},\"query-input\":\"required name=search_term_string\"}],\"inLanguage\":\"fr-FR\"},{\"@type\":\"ImageObject\",\"@id\":\"https:\/\/www.grills-saveurs.ch\/fr\/produit\/support-weber-cuisson-pour-cotelettes-rotis\/#primaryimage\",\"inLanguage\":\"fr-FR\",\"url\":\"https:\/\/www.grills-saveurs.ch\/fr\/wp-content\/uploads\/2019\/03\/6469-Support-de-cuisson-Premium-pour-c\u00f4telettes-r\u00f4tis.png\",\"contentUrl\":\"https:\/\/www.grills-saveurs.ch\/fr\/wp-content\/uploads\/2019\/03\/6469-Support-de-cuisson-Premium-pour-c\u00f4telettes-r\u00f4tis.png\",\"width\":1000,\"height\":950,\"caption\":\"6469 Support de cuisson Premium pour c\u00f4telettes & r\u00f4tis\"},{\"@type\":\"WebPage\",\"@id\":\"https:\/\/www.grills-saveurs.ch\/fr\/produit\/support-weber-cuisson-pour-cotelettes-rotis\/#webpage\",\"url\":\"https:\/\/www.grills-saveurs.ch\/fr\/produit\/support-weber-cuisson-pour-cotelettes-rotis\/\",\"name\":\"Support de cuisson Premium pour c\u00f4telettes & r\u00f4tis - Grills et Saveurs\",\"isPartOf\":{\"@id\":\"https:\/\/www.grills-saveurs.ch\/fr\/#website\"},\"primaryImageOfPage\":{\"@id\":\"https:\/\/www.grills-saveurs.ch\/fr\/produit\/support-weber-cuisson-pour-cotelettes-rotis\/#primaryimage\"},\"datePublished\":\"2019-03-07T08:01:13+00:00\",\"dateModified\":\"2024-03-21T13:58:06+00:00\",\"description\":\"La conception 2 en 1 du support de cuisson Premium permet de contenir plusieurs rang\u00e9es de c\u00f4telettes afin d\u2019augmenter l\u2019espace sur le grill.\",\"breadcrumb\":{\"@id\":\"https:\/\/www.grills-saveurs.ch\/fr\/produit\/support-weber-cuisson-pour-cotelettes-rotis\/#breadcrumb\"},\"inLanguage\":\"fr-FR\",\"potentialAction\":[{\"@type\":\"ReadAction\",\"target\":[\"https:\/\/www.grills-saveurs.ch\/fr\/produit\/support-weber-cuisson-pour-cotelettes-rotis\/\"]}]},{\"@type\":\"BreadcrumbList\",\"@id\":\"https:\/\/www.grills-saveurs.ch\/fr\/produit\/support-weber-cuisson-pour-cotelettes-rotis\/#breadcrumb\",\"itemListElement\":[{\"@type\":\"ListItem\",\"position\":1,\"name\":\"Accueil\",\"item\":\"https:\/\/www.grills-saveurs.ch\/fr\/\"},{\"@type\":\"ListItem\",\"position\":2,\"name\":\"Shop \/ Boutique\",\"item\":\"https:\/\/www.grills-saveurs.ch\/fr\/boutique\/\"},{\"@type\":\"ListItem\",\"position\":3,\"name\":\"Support de cuisson Premium pour c\u00f4telettes &#038; r\u00f4tis\"}]}]}<\/script>\n<!-- \/ Yoast SEO plugin. -->","yoast_head_json":{"title":"Support de cuisson Premium pour c\u00f4telettes & r\u00f4tis - Grills et Saveurs","description":"La conception 2 en 1 du support de cuisson Premium permet de contenir plusieurs rang\u00e9es de c\u00f4telettes afin d\u2019augmenter l\u2019espace sur le grill.","robots":{"index":"index","follow":"follow","max-snippet":"max-snippet:-1","max-image-preview":"max-image-preview:large","max-video-preview":"max-video-preview:-1"},"canonical":"https:\/\/www.grills-saveurs.ch\/fr\/produit\/support-weber-cuisson-pour-cotelettes-rotis\/","og_locale":"fr_FR","og_type":"article","og_title":"Support de cuisson Premium pour c\u00f4telettes & r\u00f4tis - Grills et Saveurs","og_description":"La conception 2 en 1 du support de cuisson Premium permet de contenir plusieurs rang\u00e9es de c\u00f4telettes afin d\u2019augmenter l\u2019espace sur le grill.","og_url":"https:\/\/www.grills-saveurs.ch\/fr\/produit\/support-weber-cuisson-pour-cotelettes-rotis\/","og_site_name":"Grills et Saveurs","article_modified_time":"2024-03-21T13:58:06+00:00","og_image":[{"width":1000,"height":950,"url":"https:\/\/www.grills-saveurs.ch\/fr\/wp-content\/uploads\/2019\/03\/6469-Support-de-cuisson-Premium-pour-c\u00f4telettes-r\u00f4tis.png","type":"image\/png"}],"twitter_card":"summary_large_image","twitter_misc":{"Dur\u00e9e de lecture estim\u00e9e":"1 minute"},"schema":{"@context":"https:\/\/schema.org","@graph":[{"@type":"WebSite","@id":"https:\/\/www.grills-saveurs.ch\/fr\/#website","url":"https:\/\/www.grills-saveurs.ch\/fr\/","name":"Grills et Saveurs","description":"Barbecues, Grills, Planchas, Chemin\u00e9es jardin - Lausanne, Suisse Romande","potentialAction":[{"@type":"SearchAction","target":{"@type":"EntryPoint","urlTemplate":"https:\/\/www.grills-saveurs.ch\/fr\/?s={search_term_string}"},"query-input":"required name=search_term_string"}],"inLanguage":"fr-FR"},{"@type":"ImageObject","@id":"https:\/\/www.grills-saveurs.ch\/fr\/produit\/support-weber-cuisson-pour-cotelettes-rotis\/#primaryimage","inLanguage":"fr-FR","url":"https:\/\/www.grills-saveurs.ch\/fr\/wp-content\/uploads\/2019\/03\/6469-Support-de-cuisson-Premium-pour-c\u00f4telettes-r\u00f4tis.png","contentUrl":"https:\/\/www.grills-saveurs.ch\/fr\/wp-content\/uploads\/2019\/03\/6469-Support-de-cuisson-Premium-pour-c\u00f4telettes-r\u00f4tis.png","width":1000,"height":950,"caption":"6469 Support de cuisson Premium pour c\u00f4telettes & r\u00f4tis"},{"@type":"WebPage","@id":"https:\/\/www.grills-saveurs.ch\/fr\/produit\/support-weber-cuisson-pour-cotelettes-rotis\/#webpage","url":"https:\/\/www.grills-saveurs.ch\/fr\/produit\/support-weber-cuisson-pour-cotelettes-rotis\/","name":"Support de cuisson Premium pour c\u00f4telettes & r\u00f4tis - Grills et Saveurs","isPartOf":{"@id":"https:\/\/www.grills-saveurs.ch\/fr\/#website"},"primaryImageOfPage":{"@id":"https:\/\/www.grills-saveurs.ch\/fr\/produit\/support-weber-cuisson-pour-cotelettes-rotis\/#primaryimage"},"datePublished":"2019-03-07T08:01:13+00:00","dateModified":"2024-03-21T13:58:06+00:00","description":"La conception 2 en 1 du support de cuisson Premium permet de contenir plusieurs rang\u00e9es de c\u00f4telettes afin d\u2019augmenter l\u2019espace sur le grill.","breadcrumb":{"@id":"https:\/\/www.grills-saveurs.ch\/fr\/produit\/support-weber-cuisson-pour-cotelettes-rotis\/#breadcrumb"},"inLanguage":"fr-FR","potentialAction":[{"@type":"ReadAction","target":["https:\/\/www.grills-saveurs.ch\/fr\/produit\/support-weber-cuisson-pour-cotelettes-rotis\/"]}]},{"@type":"BreadcrumbList","@id":"https:\/\/www.grills-saveurs.ch\/fr\/produit\/support-weber-cuisson-pour-cotelettes-rotis\/#breadcrumb","itemListElement":[{"@type":"ListItem","position":1,"name":"Accueil","item":"https:\/\/www.grills-saveurs.ch\/fr\/"},{"@type":"ListItem","position":2,"name":"Shop \/ Boutique","item":"https:\/\/www.grills-saveurs.ch\/fr\/boutique\/"},{"@type":"ListItem","position":3,"name":"Support de cuisson Premium pour c\u00f4telettes &#038; r\u00f4tis"}]}]}},"_links":{"self":[{"href":"https:\/\/www.grills-saveurs.ch\/fr\/wp-json\/wp\/v2\/product\/1780"}],"collection":[{"href":"https:\/\/www.grills-saveurs.ch\/fr\/wp-json\/wp\/v2\/product"}],"about":[{"href":"https:\/\/www.grills-saveurs.ch\/fr\/wp-json\/wp\/v2\/types\/product"}],"wp:featuredmedia":[{"embeddable":true,"href":"https:\/\/www.grills-saveurs.ch\/fr\/wp-json\/wp\/v2\/media\/3851"}],"wp:attachment":[{"href":"https:\/\/www.grills-saveurs.ch\/fr\/wp-json\/wp\/v2\/media?parent=1780"}],"wp:term":[{"taxonomy":"product_cat","embeddable":true,"href":"https:\/\/www.grills-saveurs.ch\/fr\/wp-json\/wp\/v2\/product_cat?post=1780"},{"taxonomy":"product_tag","embeddable":true,"href":"https:\/\/www.grills-saveurs.ch\/fr\/wp-json\/wp\/v2\/product_tag?post=1780"}],"curies":[{"name":"wp","href":"https:\/\/api.w.org\/{rel}","templated":true}]}}