{"id":1782,"date":"2019-03-07T09:01:14","date_gmt":"2019-03-07T08:01:14","guid":{"rendered":"https:\/\/www.grills-saveurs.ch\/fr\/produit\/support-pour-travers-de-porc-weber-2\/"},"modified":"2024-03-22T13:28:15","modified_gmt":"2024-03-22T12:28:15","slug":"support-pour-travers-de-porc-weber-2","status":"publish","type":"product","link":"https:\/\/www.grills-saveurs.ch\/fr\/produit\/support-pour-travers-de-porc-weber-2\/","title":{"rendered":"Support de cuisson Weber pour c\u00f4telettes"},"content":{"rendered":"<p>Une viande tendre qui se d\u00e9tache de l\u2019os et ne demande qu\u2019\u00e0 \u00eatre effiloch\u00e9e. Le sourire sur les l\u00e8vres de vos proches quand vous leur annoncez qu\u2019il y aura des c\u00f4telettes au d\u00eener. Le support pour c\u00f4telettes peut accueillir plusieurs pi\u00e8ces afin d\u2019augmenter la capacit\u00e9 de cuisson pour que tout le monde puisse manger en m\u00eame temps.<\/p>\n<p><strong>CARACT\u00c9RISTIQUES<\/strong><\/p>\n<ul>\n<li>Peut contenir jusqu\u2019\u00e0 quatre grandes rang\u00e9es de c\u00f4telettes de porc ou de b\u0153uf<\/li>\n<li>Mat\u00e9riau : acier inoxydable<\/li>\n<li>Conseils de nettoyage : passe au lave-vaisselle<\/li>\n<li>Compatible : Barbecues Summit Charcoal, barbecues \u00e0 charbon Weber \u00d867 cm, fumoir Smokey Mountain Cooker \u00d857 cm, barbecues \u00e0 gaz Genesis et Summit (grille de r\u00e9chauffage retir\u00e9e)<\/li>\n<\/ul>\n","protected":false},"excerpt":{"rendered":"<p>7648<\/p>\n","protected":false},"featured_media":3849,"template":"","meta":[],"product_cat":[183,160,164],"product_tag":[84],"yoast_head":"<!-- This site is optimized with the Yoast SEO plugin v18.2 - https:\/\/yoast.com\/wordpress\/plugins\/seo\/ -->\n<title>Support de cuisson Weber pour c\u00f4telettes - Grills et Saveurs<\/title>\n<meta name=\"description\" content=\"Le support pour c\u00f4telettes peut accueillir plusieurs pi\u00e8ces afin d\u2019augmenter la capacit\u00e9 de cuisson pour que tout le monde puisse manger en m\u00eame temps.\" \/>\n<meta name=\"robots\" content=\"index, follow, max-snippet:-1, max-image-preview:large, max-video-preview:-1\" \/>\n<link rel=\"canonical\" href=\"https:\/\/www.grills-saveurs.ch\/fr\/produit\/support-pour-travers-de-porc-weber-2\/\" \/>\n<meta property=\"og:locale\" content=\"fr_FR\" \/>\n<meta property=\"og:type\" content=\"article\" \/>\n<meta property=\"og:title\" content=\"Support de cuisson Weber pour c\u00f4telettes - Grills et Saveurs\" \/>\n<meta property=\"og:description\" content=\"Le support pour c\u00f4telettes peut accueillir plusieurs pi\u00e8ces afin d\u2019augmenter la capacit\u00e9 de cuisson pour que tout le monde puisse manger en m\u00eame temps.\" \/>\n<meta property=\"og:url\" content=\"https:\/\/www.grills-saveurs.ch\/fr\/produit\/support-pour-travers-de-porc-weber-2\/\" \/>\n<meta property=\"og:site_name\" content=\"Grills et Saveurs\" \/>\n<meta property=\"article:modified_time\" content=\"2024-03-22T12:28:15+00:00\" \/>\n<meta property=\"og:image\" content=\"https:\/\/www.grills-saveurs.ch\/fr\/wp-content\/uploads\/2019\/03\/7648-Support-de-cuisson-Weber-pour-c\u00f4telettes.png\" \/>\n\t<meta property=\"og:image:width\" content=\"1000\" \/>\n\t<meta property=\"og:image:height\" content=\"950\" \/>\n\t<meta property=\"og:image:type\" content=\"image\/png\" \/>\n<meta name=\"twitter:card\" content=\"summary_large_image\" \/>\n<meta name=\"twitter:label1\" content=\"Dur\u00e9e de lecture estim\u00e9e\" \/>\n\t<meta name=\"twitter:data1\" content=\"1 minute\" \/>\n<script type=\"application\/ld+json\" class=\"yoast-schema-graph\">{\"@context\":\"https:\/\/schema.org\",\"@graph\":[{\"@type\":\"WebSite\",\"@id\":\"https:\/\/www.grills-saveurs.ch\/fr\/#website\",\"url\":\"https:\/\/www.grills-saveurs.ch\/fr\/\",\"name\":\"Grills et Saveurs\",\"description\":\"Barbecues, Grills, Planchas, Chemin\u00e9es jardin - Lausanne, Suisse Romande\",\"potentialAction\":[{\"@type\":\"SearchAction\",\"target\":{\"@type\":\"EntryPoint\",\"urlTemplate\":\"https:\/\/www.grills-saveurs.ch\/fr\/?s={search_term_string}\"},\"query-input\":\"required name=search_term_string\"}],\"inLanguage\":\"fr-FR\"},{\"@type\":\"ImageObject\",\"@id\":\"https:\/\/www.grills-saveurs.ch\/fr\/produit\/support-pour-travers-de-porc-weber-2\/#primaryimage\",\"inLanguage\":\"fr-FR\",\"url\":\"https:\/\/www.grills-saveurs.ch\/fr\/wp-content\/uploads\/2019\/03\/7648-Support-de-cuisson-Weber-pour-c\u00f4telettes.png\",\"contentUrl\":\"https:\/\/www.grills-saveurs.ch\/fr\/wp-content\/uploads\/2019\/03\/7648-Support-de-cuisson-Weber-pour-c\u00f4telettes.png\",\"width\":1000,\"height\":950,\"caption\":\"7648 Support de cuisson Weber pour c\u00f4telettes\"},{\"@type\":\"WebPage\",\"@id\":\"https:\/\/www.grills-saveurs.ch\/fr\/produit\/support-pour-travers-de-porc-weber-2\/#webpage\",\"url\":\"https:\/\/www.grills-saveurs.ch\/fr\/produit\/support-pour-travers-de-porc-weber-2\/\",\"name\":\"Support de cuisson Weber pour c\u00f4telettes - Grills et Saveurs\",\"isPartOf\":{\"@id\":\"https:\/\/www.grills-saveurs.ch\/fr\/#website\"},\"primaryImageOfPage\":{\"@id\":\"https:\/\/www.grills-saveurs.ch\/fr\/produit\/support-pour-travers-de-porc-weber-2\/#primaryimage\"},\"datePublished\":\"2019-03-07T08:01:14+00:00\",\"dateModified\":\"2024-03-22T12:28:15+00:00\",\"description\":\"Le support pour c\u00f4telettes peut accueillir plusieurs pi\u00e8ces afin d\u2019augmenter la capacit\u00e9 de cuisson pour que tout le monde puisse manger en m\u00eame temps.\",\"breadcrumb\":{\"@id\":\"https:\/\/www.grills-saveurs.ch\/fr\/produit\/support-pour-travers-de-porc-weber-2\/#breadcrumb\"},\"inLanguage\":\"fr-FR\",\"potentialAction\":[{\"@type\":\"ReadAction\",\"target\":[\"https:\/\/www.grills-saveurs.ch\/fr\/produit\/support-pour-travers-de-porc-weber-2\/\"]}]},{\"@type\":\"BreadcrumbList\",\"@id\":\"https:\/\/www.grills-saveurs.ch\/fr\/produit\/support-pour-travers-de-porc-weber-2\/#breadcrumb\",\"itemListElement\":[{\"@type\":\"ListItem\",\"position\":1,\"name\":\"Accueil\",\"item\":\"https:\/\/www.grills-saveurs.ch\/fr\/\"},{\"@type\":\"ListItem\",\"position\":2,\"name\":\"Shop \/ Boutique\",\"item\":\"https:\/\/www.grills-saveurs.ch\/fr\/boutique\/\"},{\"@type\":\"ListItem\",\"position\":3,\"name\":\"Support de cuisson Weber pour c\u00f4telettes\"}]}]}<\/script>\n<!-- \/ Yoast SEO plugin. -->","yoast_head_json":{"title":"Support de cuisson Weber pour c\u00f4telettes - Grills et Saveurs","description":"Le support pour c\u00f4telettes peut accueillir plusieurs pi\u00e8ces afin d\u2019augmenter la capacit\u00e9 de cuisson pour que tout le monde puisse manger en m\u00eame temps.","robots":{"index":"index","follow":"follow","max-snippet":"max-snippet:-1","max-image-preview":"max-image-preview:large","max-video-preview":"max-video-preview:-1"},"canonical":"https:\/\/www.grills-saveurs.ch\/fr\/produit\/support-pour-travers-de-porc-weber-2\/","og_locale":"fr_FR","og_type":"article","og_title":"Support de cuisson Weber pour c\u00f4telettes - Grills et Saveurs","og_description":"Le support pour c\u00f4telettes peut accueillir plusieurs pi\u00e8ces afin d\u2019augmenter la capacit\u00e9 de cuisson pour que tout le monde puisse manger en m\u00eame temps.","og_url":"https:\/\/www.grills-saveurs.ch\/fr\/produit\/support-pour-travers-de-porc-weber-2\/","og_site_name":"Grills et Saveurs","article_modified_time":"2024-03-22T12:28:15+00:00","og_image":[{"width":1000,"height":950,"url":"https:\/\/www.grills-saveurs.ch\/fr\/wp-content\/uploads\/2019\/03\/7648-Support-de-cuisson-Weber-pour-c\u00f4telettes.png","type":"image\/png"}],"twitter_card":"summary_large_image","twitter_misc":{"Dur\u00e9e de lecture estim\u00e9e":"1 minute"},"schema":{"@context":"https:\/\/schema.org","@graph":[{"@type":"WebSite","@id":"https:\/\/www.grills-saveurs.ch\/fr\/#website","url":"https:\/\/www.grills-saveurs.ch\/fr\/","name":"Grills et Saveurs","description":"Barbecues, Grills, Planchas, Chemin\u00e9es jardin - Lausanne, Suisse Romande","potentialAction":[{"@type":"SearchAction","target":{"@type":"EntryPoint","urlTemplate":"https:\/\/www.grills-saveurs.ch\/fr\/?s={search_term_string}"},"query-input":"required name=search_term_string"}],"inLanguage":"fr-FR"},{"@type":"ImageObject","@id":"https:\/\/www.grills-saveurs.ch\/fr\/produit\/support-pour-travers-de-porc-weber-2\/#primaryimage","inLanguage":"fr-FR","url":"https:\/\/www.grills-saveurs.ch\/fr\/wp-content\/uploads\/2019\/03\/7648-Support-de-cuisson-Weber-pour-c\u00f4telettes.png","contentUrl":"https:\/\/www.grills-saveurs.ch\/fr\/wp-content\/uploads\/2019\/03\/7648-Support-de-cuisson-Weber-pour-c\u00f4telettes.png","width":1000,"height":950,"caption":"7648 Support de cuisson Weber pour c\u00f4telettes"},{"@type":"WebPage","@id":"https:\/\/www.grills-saveurs.ch\/fr\/produit\/support-pour-travers-de-porc-weber-2\/#webpage","url":"https:\/\/www.grills-saveurs.ch\/fr\/produit\/support-pour-travers-de-porc-weber-2\/","name":"Support de cuisson Weber pour c\u00f4telettes - Grills et Saveurs","isPartOf":{"@id":"https:\/\/www.grills-saveurs.ch\/fr\/#website"},"primaryImageOfPage":{"@id":"https:\/\/www.grills-saveurs.ch\/fr\/produit\/support-pour-travers-de-porc-weber-2\/#primaryimage"},"datePublished":"2019-03-07T08:01:14+00:00","dateModified":"2024-03-22T12:28:15+00:00","description":"Le support pour c\u00f4telettes peut accueillir plusieurs pi\u00e8ces afin d\u2019augmenter la capacit\u00e9 de cuisson pour que tout le monde puisse manger en m\u00eame temps.","breadcrumb":{"@id":"https:\/\/www.grills-saveurs.ch\/fr\/produit\/support-pour-travers-de-porc-weber-2\/#breadcrumb"},"inLanguage":"fr-FR","potentialAction":[{"@type":"ReadAction","target":["https:\/\/www.grills-saveurs.ch\/fr\/produit\/support-pour-travers-de-porc-weber-2\/"]}]},{"@type":"BreadcrumbList","@id":"https:\/\/www.grills-saveurs.ch\/fr\/produit\/support-pour-travers-de-porc-weber-2\/#breadcrumb","itemListElement":[{"@type":"ListItem","position":1,"name":"Accueil","item":"https:\/\/www.grills-saveurs.ch\/fr\/"},{"@type":"ListItem","position":2,"name":"Shop \/ Boutique","item":"https:\/\/www.grills-saveurs.ch\/fr\/boutique\/"},{"@type":"ListItem","position":3,"name":"Support de cuisson Weber pour c\u00f4telettes"}]}]}},"_links":{"self":[{"href":"https:\/\/www.grills-saveurs.ch\/fr\/wp-json\/wp\/v2\/product\/1782"}],"collection":[{"href":"https:\/\/www.grills-saveurs.ch\/fr\/wp-json\/wp\/v2\/product"}],"about":[{"href":"https:\/\/www.grills-saveurs.ch\/fr\/wp-json\/wp\/v2\/types\/product"}],"wp:featuredmedia":[{"embeddable":true,"href":"https:\/\/www.grills-saveurs.ch\/fr\/wp-json\/wp\/v2\/media\/3849"}],"wp:attachment":[{"href":"https:\/\/www.grills-saveurs.ch\/fr\/wp-json\/wp\/v2\/media?parent=1782"}],"wp:term":[{"taxonomy":"product_cat","embeddable":true,"href":"https:\/\/www.grills-saveurs.ch\/fr\/wp-json\/wp\/v2\/product_cat?post=1782"},{"taxonomy":"product_tag","embeddable":true,"href":"https:\/\/www.grills-saveurs.ch\/fr\/wp-json\/wp\/v2\/product_tag?post=1782"}],"curies":[{"name":"wp","href":"https:\/\/api.w.org\/{rel}","templated":true}]}}