{"id":1784,"date":"2019-03-07T09:01:15","date_gmt":"2019-03-07T08:01:15","guid":{"rendered":"https:\/\/www.grills-saveurs.ch\/fr\/produit\/range-plaques-weber-deluxe\/"},"modified":"2024-03-25T22:21:32","modified_gmt":"2024-03-25T21:21:32","slug":"range-plaques-weber-deluxe","status":"publish","type":"product","link":"https:\/\/www.grills-saveurs.ch\/fr\/produit\/range-plaques-weber-deluxe\/","title":{"rendered":"Support de cuisson Deluxe pour c\u00f4telettes"},"content":{"rendered":"<div>Une viande tendre qui se d\u00e9tache de l\u2019os et ne demande qu\u2019\u00e0 \u00eatre effiloch\u00e9e. De d\u00e9licieux r\u00f4tis dont les saveurs respirent la fum\u00e9e sous le couvercle d\u2019un barbecue. La conception 2 en 1 du support de cuisson Deluxe permet de contenir plusieurs rang\u00e9es de c\u00f4telettes afin d\u2019augmenter l\u2019espace disponible sur vos grilles de cuisson, et peut \u00e9galement servir de support robuste pour des r\u00f4tis juteux.<\/div>\n<p><strong>CARACT\u00c9RISTIQUES<\/strong><\/p>\n<ul>\n<li>Fils de soutien pouvant \u00eatre positionn\u00e9s pour maintenir des r\u00f4tis ou jusqu\u2019\u00e0 quatre rang\u00e9es de c\u00f4telettes<\/li>\n<li>Support d\u00e9montable pour faciliter le nettoyage et le rangement<\/li>\n<li>Conseils de nettoyage : passe au lave-vaisselle<\/li>\n<li>Compatible: Tous les grands barbecues \u00e0 gaz Weber\u00ae et les barbecues \u00e0 charbon \u00d857 cm et plus<\/li>\n<\/ul>\n","protected":false},"excerpt":{"rendered":"<p>6727<\/p>\n","protected":false},"featured_media":3844,"template":"","meta":[],"product_cat":[160,164],"product_tag":[84],"yoast_head":"<!-- This site is optimized with the Yoast SEO plugin v18.2 - https:\/\/yoast.com\/wordpress\/plugins\/seo\/ -->\n<title>Support de cuisson Deluxe pour c\u00f4telettes - Grills et Saveurs<\/title>\n<meta name=\"description\" content=\"La conception 2 en 1 du support de cuisson Deluxe permet de contenir plusieurs rang\u00e9es de c\u00f4telettes afin d\u2019augmenter l\u2019espace sur vos grilles de cuisson.\" \/>\n<meta name=\"robots\" content=\"index, follow, max-snippet:-1, max-image-preview:large, max-video-preview:-1\" \/>\n<link rel=\"canonical\" href=\"https:\/\/www.grills-saveurs.ch\/fr\/produit\/range-plaques-weber-deluxe\/\" \/>\n<meta property=\"og:locale\" content=\"fr_FR\" \/>\n<meta property=\"og:type\" content=\"article\" \/>\n<meta property=\"og:title\" content=\"Support de cuisson Deluxe pour c\u00f4telettes - Grills et Saveurs\" \/>\n<meta property=\"og:description\" content=\"La conception 2 en 1 du support de cuisson Deluxe permet de contenir plusieurs rang\u00e9es de c\u00f4telettes afin d\u2019augmenter l\u2019espace sur vos grilles de cuisson.\" \/>\n<meta property=\"og:url\" content=\"https:\/\/www.grills-saveurs.ch\/fr\/produit\/range-plaques-weber-deluxe\/\" \/>\n<meta property=\"og:site_name\" content=\"Grills et Saveurs\" \/>\n<meta property=\"article:modified_time\" content=\"2024-03-25T21:21:32+00:00\" \/>\n<meta property=\"og:image\" content=\"https:\/\/www.grills-saveurs.ch\/fr\/wp-content\/uploads\/2019\/03\/6727-Support-de-cuisson-Deluxe-pour-c\u00f4telettes.png\" \/>\n\t<meta property=\"og:image:width\" content=\"1000\" \/>\n\t<meta property=\"og:image:height\" content=\"950\" \/>\n\t<meta property=\"og:image:type\" content=\"image\/png\" \/>\n<meta name=\"twitter:card\" content=\"summary_large_image\" \/>\n<meta name=\"twitter:label1\" content=\"Dur\u00e9e de lecture estim\u00e9e\" \/>\n\t<meta name=\"twitter:data1\" content=\"1 minute\" \/>\n<script type=\"application\/ld+json\" class=\"yoast-schema-graph\">{\"@context\":\"https:\/\/schema.org\",\"@graph\":[{\"@type\":\"WebSite\",\"@id\":\"https:\/\/www.grills-saveurs.ch\/fr\/#website\",\"url\":\"https:\/\/www.grills-saveurs.ch\/fr\/\",\"name\":\"Grills et Saveurs\",\"description\":\"Barbecues, Grills, Planchas, Chemin\u00e9es jardin - Lausanne, Suisse Romande\",\"potentialAction\":[{\"@type\":\"SearchAction\",\"target\":{\"@type\":\"EntryPoint\",\"urlTemplate\":\"https:\/\/www.grills-saveurs.ch\/fr\/?s={search_term_string}\"},\"query-input\":\"required name=search_term_string\"}],\"inLanguage\":\"fr-FR\"},{\"@type\":\"ImageObject\",\"@id\":\"https:\/\/www.grills-saveurs.ch\/fr\/produit\/range-plaques-weber-deluxe\/#primaryimage\",\"inLanguage\":\"fr-FR\",\"url\":\"https:\/\/www.grills-saveurs.ch\/fr\/wp-content\/uploads\/2019\/03\/6727-Support-de-cuisson-Deluxe-pour-c\u00f4telettes.png\",\"contentUrl\":\"https:\/\/www.grills-saveurs.ch\/fr\/wp-content\/uploads\/2019\/03\/6727-Support-de-cuisson-Deluxe-pour-c\u00f4telettes.png\",\"width\":1000,\"height\":950,\"caption\":\"6727 Support de cuisson Deluxe pour c\u00f4telettes\"},{\"@type\":\"WebPage\",\"@id\":\"https:\/\/www.grills-saveurs.ch\/fr\/produit\/range-plaques-weber-deluxe\/#webpage\",\"url\":\"https:\/\/www.grills-saveurs.ch\/fr\/produit\/range-plaques-weber-deluxe\/\",\"name\":\"Support de cuisson Deluxe pour c\u00f4telettes - Grills et Saveurs\",\"isPartOf\":{\"@id\":\"https:\/\/www.grills-saveurs.ch\/fr\/#website\"},\"primaryImageOfPage\":{\"@id\":\"https:\/\/www.grills-saveurs.ch\/fr\/produit\/range-plaques-weber-deluxe\/#primaryimage\"},\"datePublished\":\"2019-03-07T08:01:15+00:00\",\"dateModified\":\"2024-03-25T21:21:32+00:00\",\"description\":\"La conception 2 en 1 du support de cuisson Deluxe permet de contenir plusieurs rang\u00e9es de c\u00f4telettes afin d\u2019augmenter l\u2019espace sur vos grilles de cuisson.\",\"breadcrumb\":{\"@id\":\"https:\/\/www.grills-saveurs.ch\/fr\/produit\/range-plaques-weber-deluxe\/#breadcrumb\"},\"inLanguage\":\"fr-FR\",\"potentialAction\":[{\"@type\":\"ReadAction\",\"target\":[\"https:\/\/www.grills-saveurs.ch\/fr\/produit\/range-plaques-weber-deluxe\/\"]}]},{\"@type\":\"BreadcrumbList\",\"@id\":\"https:\/\/www.grills-saveurs.ch\/fr\/produit\/range-plaques-weber-deluxe\/#breadcrumb\",\"itemListElement\":[{\"@type\":\"ListItem\",\"position\":1,\"name\":\"Accueil\",\"item\":\"https:\/\/www.grills-saveurs.ch\/fr\/\"},{\"@type\":\"ListItem\",\"position\":2,\"name\":\"Shop \/ Boutique\",\"item\":\"https:\/\/www.grills-saveurs.ch\/fr\/boutique\/\"},{\"@type\":\"ListItem\",\"position\":3,\"name\":\"Support de cuisson Deluxe pour c\u00f4telettes\"}]}]}<\/script>\n<!-- \/ Yoast SEO plugin. -->","yoast_head_json":{"title":"Support de cuisson Deluxe pour c\u00f4telettes - Grills et Saveurs","description":"La conception 2 en 1 du support de cuisson Deluxe permet de contenir plusieurs rang\u00e9es de c\u00f4telettes afin d\u2019augmenter l\u2019espace sur vos grilles de cuisson.","robots":{"index":"index","follow":"follow","max-snippet":"max-snippet:-1","max-image-preview":"max-image-preview:large","max-video-preview":"max-video-preview:-1"},"canonical":"https:\/\/www.grills-saveurs.ch\/fr\/produit\/range-plaques-weber-deluxe\/","og_locale":"fr_FR","og_type":"article","og_title":"Support de cuisson Deluxe pour c\u00f4telettes - Grills et Saveurs","og_description":"La conception 2 en 1 du support de cuisson Deluxe permet de contenir plusieurs rang\u00e9es de c\u00f4telettes afin d\u2019augmenter l\u2019espace sur vos grilles de cuisson.","og_url":"https:\/\/www.grills-saveurs.ch\/fr\/produit\/range-plaques-weber-deluxe\/","og_site_name":"Grills et Saveurs","article_modified_time":"2024-03-25T21:21:32+00:00","og_image":[{"width":1000,"height":950,"url":"https:\/\/www.grills-saveurs.ch\/fr\/wp-content\/uploads\/2019\/03\/6727-Support-de-cuisson-Deluxe-pour-c\u00f4telettes.png","type":"image\/png"}],"twitter_card":"summary_large_image","twitter_misc":{"Dur\u00e9e de lecture estim\u00e9e":"1 minute"},"schema":{"@context":"https:\/\/schema.org","@graph":[{"@type":"WebSite","@id":"https:\/\/www.grills-saveurs.ch\/fr\/#website","url":"https:\/\/www.grills-saveurs.ch\/fr\/","name":"Grills et Saveurs","description":"Barbecues, Grills, Planchas, Chemin\u00e9es jardin - Lausanne, Suisse Romande","potentialAction":[{"@type":"SearchAction","target":{"@type":"EntryPoint","urlTemplate":"https:\/\/www.grills-saveurs.ch\/fr\/?s={search_term_string}"},"query-input":"required name=search_term_string"}],"inLanguage":"fr-FR"},{"@type":"ImageObject","@id":"https:\/\/www.grills-saveurs.ch\/fr\/produit\/range-plaques-weber-deluxe\/#primaryimage","inLanguage":"fr-FR","url":"https:\/\/www.grills-saveurs.ch\/fr\/wp-content\/uploads\/2019\/03\/6727-Support-de-cuisson-Deluxe-pour-c\u00f4telettes.png","contentUrl":"https:\/\/www.grills-saveurs.ch\/fr\/wp-content\/uploads\/2019\/03\/6727-Support-de-cuisson-Deluxe-pour-c\u00f4telettes.png","width":1000,"height":950,"caption":"6727 Support de cuisson Deluxe pour c\u00f4telettes"},{"@type":"WebPage","@id":"https:\/\/www.grills-saveurs.ch\/fr\/produit\/range-plaques-weber-deluxe\/#webpage","url":"https:\/\/www.grills-saveurs.ch\/fr\/produit\/range-plaques-weber-deluxe\/","name":"Support de cuisson Deluxe pour c\u00f4telettes - Grills et Saveurs","isPartOf":{"@id":"https:\/\/www.grills-saveurs.ch\/fr\/#website"},"primaryImageOfPage":{"@id":"https:\/\/www.grills-saveurs.ch\/fr\/produit\/range-plaques-weber-deluxe\/#primaryimage"},"datePublished":"2019-03-07T08:01:15+00:00","dateModified":"2024-03-25T21:21:32+00:00","description":"La conception 2 en 1 du support de cuisson Deluxe permet de contenir plusieurs rang\u00e9es de c\u00f4telettes afin d\u2019augmenter l\u2019espace sur vos grilles de cuisson.","breadcrumb":{"@id":"https:\/\/www.grills-saveurs.ch\/fr\/produit\/range-plaques-weber-deluxe\/#breadcrumb"},"inLanguage":"fr-FR","potentialAction":[{"@type":"ReadAction","target":["https:\/\/www.grills-saveurs.ch\/fr\/produit\/range-plaques-weber-deluxe\/"]}]},{"@type":"BreadcrumbList","@id":"https:\/\/www.grills-saveurs.ch\/fr\/produit\/range-plaques-weber-deluxe\/#breadcrumb","itemListElement":[{"@type":"ListItem","position":1,"name":"Accueil","item":"https:\/\/www.grills-saveurs.ch\/fr\/"},{"@type":"ListItem","position":2,"name":"Shop \/ Boutique","item":"https:\/\/www.grills-saveurs.ch\/fr\/boutique\/"},{"@type":"ListItem","position":3,"name":"Support de cuisson Deluxe pour c\u00f4telettes"}]}]}},"_links":{"self":[{"href":"https:\/\/www.grills-saveurs.ch\/fr\/wp-json\/wp\/v2\/product\/1784"}],"collection":[{"href":"https:\/\/www.grills-saveurs.ch\/fr\/wp-json\/wp\/v2\/product"}],"about":[{"href":"https:\/\/www.grills-saveurs.ch\/fr\/wp-json\/wp\/v2\/types\/product"}],"wp:featuredmedia":[{"embeddable":true,"href":"https:\/\/www.grills-saveurs.ch\/fr\/wp-json\/wp\/v2\/media\/3844"}],"wp:attachment":[{"href":"https:\/\/www.grills-saveurs.ch\/fr\/wp-json\/wp\/v2\/media?parent=1784"}],"wp:term":[{"taxonomy":"product_cat","embeddable":true,"href":"https:\/\/www.grills-saveurs.ch\/fr\/wp-json\/wp\/v2\/product_cat?post=1784"},{"taxonomy":"product_tag","embeddable":true,"href":"https:\/\/www.grills-saveurs.ch\/fr\/wp-json\/wp\/v2\/product_tag?post=1784"}],"curies":[{"name":"wp","href":"https:\/\/api.w.org\/{rel}","templated":true}]}}