{"id":1785,"date":"2019-03-07T09:01:15","date_gmt":"2019-03-07T08:01:15","guid":{"rendered":"https:\/\/www.grills-saveurs.ch\/fr\/produit\/presse-a-hamburgers\/"},"modified":"2024-03-21T10:09:10","modified_gmt":"2024-03-21T09:09:10","slug":"presse-a-hamburgers","status":"publish","type":"product","link":"https:\/\/www.grills-saveurs.ch\/fr\/produit\/presse-a-hamburgers\/","title":{"rendered":"Presse \u00e0 hamburgers Weber"},"content":{"rendered":"<p>Pr\u00e9parez un hamburger all\u00e9chant, garni de fromage fondu et d\u2019une tomate croustillante. Ou un burger v\u00e9g\u00e9tarien cuit \u00e0 la perfection et dispos\u00e9 sur un pain complet grill\u00e9. Que vous visiez l\u2019original ou la nouveaut\u00e9, la presse \u00e0 hamburger Weber est un incontournable pour tout perfectionniste des burgers.<\/p>\n<p><strong>CARACT\u00c9RISTIQUES<\/strong><\/p>\n<ul>\n<li>Con\u00e7ue pour former des empreintes dans les burgers pour qu\u2019ils soient plats et uniformes<\/li>\n<li>Presse con\u00e7ue pour former des burgers de 125 et 250 grammes<\/li>\n<li>Poign\u00e9e amovible pour un rangement pratique<\/li>\n<li>Conseils de nettoyage : passe au lave-vaisselle<\/li>\n<\/ul>\n","protected":false},"excerpt":{"rendered":"<p>6483<\/p>\n","protected":false},"featured_media":3846,"template":"","meta":[],"product_cat":[116],"product_tag":[84],"yoast_head":"<!-- This site is optimized with the Yoast SEO plugin v18.2 - https:\/\/yoast.com\/wordpress\/plugins\/seo\/ -->\n<title>Presse \u00e0 hamburgers Weber - Grills et Saveurs<\/title>\n<meta name=\"description\" content=\"Con\u00e7ue pour former des burgers de 125 et 250 grammes et des empreintes dans les burgers pour qu\u2019ils soient plats et uniformes.\" \/>\n<meta name=\"robots\" content=\"index, follow, max-snippet:-1, max-image-preview:large, max-video-preview:-1\" \/>\n<link rel=\"canonical\" href=\"https:\/\/www.grills-saveurs.ch\/fr\/produit\/presse-a-hamburgers\/\" \/>\n<meta property=\"og:locale\" content=\"fr_FR\" \/>\n<meta property=\"og:type\" content=\"article\" \/>\n<meta property=\"og:title\" content=\"Presse \u00e0 hamburgers Weber - Grills et Saveurs\" \/>\n<meta property=\"og:description\" content=\"Con\u00e7ue pour former des burgers de 125 et 250 grammes et des empreintes dans les burgers pour qu\u2019ils soient plats et uniformes.\" \/>\n<meta property=\"og:url\" content=\"https:\/\/www.grills-saveurs.ch\/fr\/produit\/presse-a-hamburgers\/\" \/>\n<meta property=\"og:site_name\" content=\"Grills et Saveurs\" \/>\n<meta property=\"article:modified_time\" content=\"2024-03-21T09:09:10+00:00\" \/>\n<meta property=\"og:image\" content=\"https:\/\/www.grills-saveurs.ch\/fr\/wp-content\/uploads\/2019\/03\/6483-Presse-\u00e0-hamburgers-Weber.png\" \/>\n\t<meta property=\"og:image:width\" content=\"1000\" \/>\n\t<meta property=\"og:image:height\" content=\"950\" \/>\n\t<meta property=\"og:image:type\" content=\"image\/png\" \/>\n<meta name=\"twitter:card\" content=\"summary_large_image\" \/>\n<script type=\"application\/ld+json\" class=\"yoast-schema-graph\">{\"@context\":\"https:\/\/schema.org\",\"@graph\":[{\"@type\":\"WebSite\",\"@id\":\"https:\/\/www.grills-saveurs.ch\/fr\/#website\",\"url\":\"https:\/\/www.grills-saveurs.ch\/fr\/\",\"name\":\"Grills et Saveurs\",\"description\":\"Barbecues, Grills, Planchas, Chemin\u00e9es jardin - Lausanne, Suisse Romande\",\"potentialAction\":[{\"@type\":\"SearchAction\",\"target\":{\"@type\":\"EntryPoint\",\"urlTemplate\":\"https:\/\/www.grills-saveurs.ch\/fr\/?s={search_term_string}\"},\"query-input\":\"required name=search_term_string\"}],\"inLanguage\":\"fr-FR\"},{\"@type\":\"ImageObject\",\"@id\":\"https:\/\/www.grills-saveurs.ch\/fr\/produit\/presse-a-hamburgers\/#primaryimage\",\"inLanguage\":\"fr-FR\",\"url\":\"https:\/\/www.grills-saveurs.ch\/fr\/wp-content\/uploads\/2019\/03\/6483-Presse-\u00e0-hamburgers-Weber.png\",\"contentUrl\":\"https:\/\/www.grills-saveurs.ch\/fr\/wp-content\/uploads\/2019\/03\/6483-Presse-\u00e0-hamburgers-Weber.png\",\"width\":1000,\"height\":950,\"caption\":\"6483 Presse \u00e0 hamburgers Weber\"},{\"@type\":\"WebPage\",\"@id\":\"https:\/\/www.grills-saveurs.ch\/fr\/produit\/presse-a-hamburgers\/#webpage\",\"url\":\"https:\/\/www.grills-saveurs.ch\/fr\/produit\/presse-a-hamburgers\/\",\"name\":\"Presse \u00e0 hamburgers Weber - Grills et Saveurs\",\"isPartOf\":{\"@id\":\"https:\/\/www.grills-saveurs.ch\/fr\/#website\"},\"primaryImageOfPage\":{\"@id\":\"https:\/\/www.grills-saveurs.ch\/fr\/produit\/presse-a-hamburgers\/#primaryimage\"},\"datePublished\":\"2019-03-07T08:01:15+00:00\",\"dateModified\":\"2024-03-21T09:09:10+00:00\",\"description\":\"Con\u00e7ue pour former des burgers de 125 et 250 grammes et des empreintes dans les burgers pour qu\u2019ils soient plats et uniformes.\",\"breadcrumb\":{\"@id\":\"https:\/\/www.grills-saveurs.ch\/fr\/produit\/presse-a-hamburgers\/#breadcrumb\"},\"inLanguage\":\"fr-FR\",\"potentialAction\":[{\"@type\":\"ReadAction\",\"target\":[\"https:\/\/www.grills-saveurs.ch\/fr\/produit\/presse-a-hamburgers\/\"]}]},{\"@type\":\"BreadcrumbList\",\"@id\":\"https:\/\/www.grills-saveurs.ch\/fr\/produit\/presse-a-hamburgers\/#breadcrumb\",\"itemListElement\":[{\"@type\":\"ListItem\",\"position\":1,\"name\":\"Accueil\",\"item\":\"https:\/\/www.grills-saveurs.ch\/fr\/\"},{\"@type\":\"ListItem\",\"position\":2,\"name\":\"Shop \/ Boutique\",\"item\":\"https:\/\/www.grills-saveurs.ch\/fr\/boutique\/\"},{\"@type\":\"ListItem\",\"position\":3,\"name\":\"Presse \u00e0 hamburgers Weber\"}]}]}<\/script>\n<!-- \/ Yoast SEO plugin. -->","yoast_head_json":{"title":"Presse \u00e0 hamburgers Weber - Grills et Saveurs","description":"Con\u00e7ue pour former des burgers de 125 et 250 grammes et des empreintes dans les burgers pour qu\u2019ils soient plats et uniformes.","robots":{"index":"index","follow":"follow","max-snippet":"max-snippet:-1","max-image-preview":"max-image-preview:large","max-video-preview":"max-video-preview:-1"},"canonical":"https:\/\/www.grills-saveurs.ch\/fr\/produit\/presse-a-hamburgers\/","og_locale":"fr_FR","og_type":"article","og_title":"Presse \u00e0 hamburgers Weber - Grills et Saveurs","og_description":"Con\u00e7ue pour former des burgers de 125 et 250 grammes et des empreintes dans les burgers pour qu\u2019ils soient plats et uniformes.","og_url":"https:\/\/www.grills-saveurs.ch\/fr\/produit\/presse-a-hamburgers\/","og_site_name":"Grills et Saveurs","article_modified_time":"2024-03-21T09:09:10+00:00","og_image":[{"width":1000,"height":950,"url":"https:\/\/www.grills-saveurs.ch\/fr\/wp-content\/uploads\/2019\/03\/6483-Presse-\u00e0-hamburgers-Weber.png","type":"image\/png"}],"twitter_card":"summary_large_image","schema":{"@context":"https:\/\/schema.org","@graph":[{"@type":"WebSite","@id":"https:\/\/www.grills-saveurs.ch\/fr\/#website","url":"https:\/\/www.grills-saveurs.ch\/fr\/","name":"Grills et Saveurs","description":"Barbecues, Grills, Planchas, Chemin\u00e9es jardin - Lausanne, Suisse Romande","potentialAction":[{"@type":"SearchAction","target":{"@type":"EntryPoint","urlTemplate":"https:\/\/www.grills-saveurs.ch\/fr\/?s={search_term_string}"},"query-input":"required name=search_term_string"}],"inLanguage":"fr-FR"},{"@type":"ImageObject","@id":"https:\/\/www.grills-saveurs.ch\/fr\/produit\/presse-a-hamburgers\/#primaryimage","inLanguage":"fr-FR","url":"https:\/\/www.grills-saveurs.ch\/fr\/wp-content\/uploads\/2019\/03\/6483-Presse-\u00e0-hamburgers-Weber.png","contentUrl":"https:\/\/www.grills-saveurs.ch\/fr\/wp-content\/uploads\/2019\/03\/6483-Presse-\u00e0-hamburgers-Weber.png","width":1000,"height":950,"caption":"6483 Presse \u00e0 hamburgers Weber"},{"@type":"WebPage","@id":"https:\/\/www.grills-saveurs.ch\/fr\/produit\/presse-a-hamburgers\/#webpage","url":"https:\/\/www.grills-saveurs.ch\/fr\/produit\/presse-a-hamburgers\/","name":"Presse \u00e0 hamburgers Weber - Grills et Saveurs","isPartOf":{"@id":"https:\/\/www.grills-saveurs.ch\/fr\/#website"},"primaryImageOfPage":{"@id":"https:\/\/www.grills-saveurs.ch\/fr\/produit\/presse-a-hamburgers\/#primaryimage"},"datePublished":"2019-03-07T08:01:15+00:00","dateModified":"2024-03-21T09:09:10+00:00","description":"Con\u00e7ue pour former des burgers de 125 et 250 grammes et des empreintes dans les burgers pour qu\u2019ils soient plats et uniformes.","breadcrumb":{"@id":"https:\/\/www.grills-saveurs.ch\/fr\/produit\/presse-a-hamburgers\/#breadcrumb"},"inLanguage":"fr-FR","potentialAction":[{"@type":"ReadAction","target":["https:\/\/www.grills-saveurs.ch\/fr\/produit\/presse-a-hamburgers\/"]}]},{"@type":"BreadcrumbList","@id":"https:\/\/www.grills-saveurs.ch\/fr\/produit\/presse-a-hamburgers\/#breadcrumb","itemListElement":[{"@type":"ListItem","position":1,"name":"Accueil","item":"https:\/\/www.grills-saveurs.ch\/fr\/"},{"@type":"ListItem","position":2,"name":"Shop \/ Boutique","item":"https:\/\/www.grills-saveurs.ch\/fr\/boutique\/"},{"@type":"ListItem","position":3,"name":"Presse \u00e0 hamburgers Weber"}]}]}},"_links":{"self":[{"href":"https:\/\/www.grills-saveurs.ch\/fr\/wp-json\/wp\/v2\/product\/1785"}],"collection":[{"href":"https:\/\/www.grills-saveurs.ch\/fr\/wp-json\/wp\/v2\/product"}],"about":[{"href":"https:\/\/www.grills-saveurs.ch\/fr\/wp-json\/wp\/v2\/types\/product"}],"wp:featuredmedia":[{"embeddable":true,"href":"https:\/\/www.grills-saveurs.ch\/fr\/wp-json\/wp\/v2\/media\/3846"}],"wp:attachment":[{"href":"https:\/\/www.grills-saveurs.ch\/fr\/wp-json\/wp\/v2\/media?parent=1785"}],"wp:term":[{"taxonomy":"product_cat","embeddable":true,"href":"https:\/\/www.grills-saveurs.ch\/fr\/wp-json\/wp\/v2\/product_cat?post=1785"},{"taxonomy":"product_tag","embeddable":true,"href":"https:\/\/www.grills-saveurs.ch\/fr\/wp-json\/wp\/v2\/product_tag?post=1785"}],"curies":[{"name":"wp","href":"https:\/\/api.w.org\/{rel}","templated":true}]}}