{"id":1786,"date":"2019-03-07T09:01:16","date_gmt":"2019-03-07T08:01:16","guid":{"rendered":"https:\/\/www.grills-saveurs.ch\/fr\/produit\/support-pour-volaille-weber\/"},"modified":"2024-03-21T14:56:57","modified_gmt":"2024-03-21T13:56:57","slug":"support-pour-volaille-weber","status":"publish","type":"product","link":"https:\/\/www.grills-saveurs.ch\/fr\/produit\/support-pour-volaille-weber\/","title":{"rendered":"Support de cuisson pour poulet Weber"},"content":{"rendered":"<p>Avec le support de cuisson pour poulet, pr\u00e9parer un poulet \u00e0 la verticale qui plaira \u00e0 tous est un jeu d\u2019enfants. Il permet d\u2019obtenir une peau croustillante et une viande tendre. Il vous suffit de mettre dans l\u2019anneau central une canette de 33 cl de votre bi\u00e8re ou boisson pr\u00e9f\u00e9r\u00e9e et de positionner le poulet au-dessus.<\/p>\n<p><strong>CARACT\u00c9RISTIQUES<\/strong><\/p>\n<ul>\n<li>Facilite le transport de votre poulet r\u00f4ti vers le barbecue et \u00e0 partir de celui-ci<\/li>\n<li>Conseils de nettoyage : passe au lave-vaisselle\n<p>&nbsp;<\/li>\n<\/ul>\n","protected":false},"excerpt":{"rendered":"<p>6482<\/p>\n","protected":false},"featured_media":4244,"template":"","meta":[],"product_cat":[164],"product_tag":[84],"yoast_head":"<!-- This site is optimized with the Yoast SEO plugin v18.2 - https:\/\/yoast.com\/wordpress\/plugins\/seo\/ -->\n<title>Support de cuisson pour poulet Weber - Grills et Saveurs<\/title>\n<meta name=\"description\" content=\"Avec le support de cuisson pour poulet, pr\u00e9parer un poulet \u00e0 la verticale avec une peau croustillante et une viande tendre est un jeu d&#039;enfants.\" \/>\n<meta name=\"robots\" content=\"index, follow, max-snippet:-1, max-image-preview:large, max-video-preview:-1\" \/>\n<link rel=\"canonical\" href=\"https:\/\/www.grills-saveurs.ch\/fr\/produit\/support-pour-volaille-weber\/\" \/>\n<meta property=\"og:locale\" content=\"fr_FR\" \/>\n<meta property=\"og:type\" content=\"article\" \/>\n<meta property=\"og:title\" content=\"Support de cuisson pour poulet Weber - Grills et Saveurs\" \/>\n<meta property=\"og:description\" content=\"Avec le support de cuisson pour poulet, pr\u00e9parer un poulet \u00e0 la verticale avec une peau croustillante et une viande tendre est un jeu d&#039;enfants.\" \/>\n<meta property=\"og:url\" content=\"https:\/\/www.grills-saveurs.ch\/fr\/produit\/support-pour-volaille-weber\/\" \/>\n<meta property=\"og:site_name\" content=\"Grills et Saveurs\" \/>\n<meta property=\"article:modified_time\" content=\"2024-03-21T13:56:57+00:00\" \/>\n<meta property=\"og:image\" content=\"https:\/\/www.grills-saveurs.ch\/fr\/wp-content\/uploads\/2019\/03\/6482-Support-de-cuisson-pour-poulet-Weber.png\" \/>\n\t<meta property=\"og:image:width\" content=\"1000\" \/>\n\t<meta property=\"og:image:height\" content=\"950\" \/>\n\t<meta property=\"og:image:type\" content=\"image\/png\" \/>\n<meta name=\"twitter:card\" content=\"summary_large_image\" \/>\n<script type=\"application\/ld+json\" class=\"yoast-schema-graph\">{\"@context\":\"https:\/\/schema.org\",\"@graph\":[{\"@type\":\"WebSite\",\"@id\":\"https:\/\/www.grills-saveurs.ch\/fr\/#website\",\"url\":\"https:\/\/www.grills-saveurs.ch\/fr\/\",\"name\":\"Grills et Saveurs\",\"description\":\"Barbecues, Grills, Planchas, Chemin\u00e9es jardin - Lausanne, Suisse Romande\",\"potentialAction\":[{\"@type\":\"SearchAction\",\"target\":{\"@type\":\"EntryPoint\",\"urlTemplate\":\"https:\/\/www.grills-saveurs.ch\/fr\/?s={search_term_string}\"},\"query-input\":\"required name=search_term_string\"}],\"inLanguage\":\"fr-FR\"},{\"@type\":\"ImageObject\",\"@id\":\"https:\/\/www.grills-saveurs.ch\/fr\/produit\/support-pour-volaille-weber\/#primaryimage\",\"inLanguage\":\"fr-FR\",\"url\":\"https:\/\/www.grills-saveurs.ch\/fr\/wp-content\/uploads\/2019\/03\/6482-Support-de-cuisson-pour-poulet-Weber.png\",\"contentUrl\":\"https:\/\/www.grills-saveurs.ch\/fr\/wp-content\/uploads\/2019\/03\/6482-Support-de-cuisson-pour-poulet-Weber.png\",\"width\":1000,\"height\":950,\"caption\":\"6482 Support de cuisson pour poulet Weber\"},{\"@type\":\"WebPage\",\"@id\":\"https:\/\/www.grills-saveurs.ch\/fr\/produit\/support-pour-volaille-weber\/#webpage\",\"url\":\"https:\/\/www.grills-saveurs.ch\/fr\/produit\/support-pour-volaille-weber\/\",\"name\":\"Support de cuisson pour poulet Weber - Grills et Saveurs\",\"isPartOf\":{\"@id\":\"https:\/\/www.grills-saveurs.ch\/fr\/#website\"},\"primaryImageOfPage\":{\"@id\":\"https:\/\/www.grills-saveurs.ch\/fr\/produit\/support-pour-volaille-weber\/#primaryimage\"},\"datePublished\":\"2019-03-07T08:01:16+00:00\",\"dateModified\":\"2024-03-21T13:56:57+00:00\",\"description\":\"Avec le support de cuisson pour poulet, pr\u00e9parer un poulet \u00e0 la verticale avec une peau croustillante et une viande tendre est un jeu d'enfants.\",\"breadcrumb\":{\"@id\":\"https:\/\/www.grills-saveurs.ch\/fr\/produit\/support-pour-volaille-weber\/#breadcrumb\"},\"inLanguage\":\"fr-FR\",\"potentialAction\":[{\"@type\":\"ReadAction\",\"target\":[\"https:\/\/www.grills-saveurs.ch\/fr\/produit\/support-pour-volaille-weber\/\"]}]},{\"@type\":\"BreadcrumbList\",\"@id\":\"https:\/\/www.grills-saveurs.ch\/fr\/produit\/support-pour-volaille-weber\/#breadcrumb\",\"itemListElement\":[{\"@type\":\"ListItem\",\"position\":1,\"name\":\"Accueil\",\"item\":\"https:\/\/www.grills-saveurs.ch\/fr\/\"},{\"@type\":\"ListItem\",\"position\":2,\"name\":\"Shop \/ Boutique\",\"item\":\"https:\/\/www.grills-saveurs.ch\/fr\/boutique\/\"},{\"@type\":\"ListItem\",\"position\":3,\"name\":\"Support de cuisson pour poulet Weber\"}]}]}<\/script>\n<!-- \/ Yoast SEO plugin. -->","yoast_head_json":{"title":"Support de cuisson pour poulet Weber - Grills et Saveurs","description":"Avec le support de cuisson pour poulet, pr\u00e9parer un poulet \u00e0 la verticale avec une peau croustillante et une viande tendre est un jeu d'enfants.","robots":{"index":"index","follow":"follow","max-snippet":"max-snippet:-1","max-image-preview":"max-image-preview:large","max-video-preview":"max-video-preview:-1"},"canonical":"https:\/\/www.grills-saveurs.ch\/fr\/produit\/support-pour-volaille-weber\/","og_locale":"fr_FR","og_type":"article","og_title":"Support de cuisson pour poulet Weber - Grills et Saveurs","og_description":"Avec le support de cuisson pour poulet, pr\u00e9parer un poulet \u00e0 la verticale avec une peau croustillante et une viande tendre est un jeu d'enfants.","og_url":"https:\/\/www.grills-saveurs.ch\/fr\/produit\/support-pour-volaille-weber\/","og_site_name":"Grills et Saveurs","article_modified_time":"2024-03-21T13:56:57+00:00","og_image":[{"width":1000,"height":950,"url":"https:\/\/www.grills-saveurs.ch\/fr\/wp-content\/uploads\/2019\/03\/6482-Support-de-cuisson-pour-poulet-Weber.png","type":"image\/png"}],"twitter_card":"summary_large_image","schema":{"@context":"https:\/\/schema.org","@graph":[{"@type":"WebSite","@id":"https:\/\/www.grills-saveurs.ch\/fr\/#website","url":"https:\/\/www.grills-saveurs.ch\/fr\/","name":"Grills et Saveurs","description":"Barbecues, Grills, Planchas, Chemin\u00e9es jardin - Lausanne, Suisse Romande","potentialAction":[{"@type":"SearchAction","target":{"@type":"EntryPoint","urlTemplate":"https:\/\/www.grills-saveurs.ch\/fr\/?s={search_term_string}"},"query-input":"required name=search_term_string"}],"inLanguage":"fr-FR"},{"@type":"ImageObject","@id":"https:\/\/www.grills-saveurs.ch\/fr\/produit\/support-pour-volaille-weber\/#primaryimage","inLanguage":"fr-FR","url":"https:\/\/www.grills-saveurs.ch\/fr\/wp-content\/uploads\/2019\/03\/6482-Support-de-cuisson-pour-poulet-Weber.png","contentUrl":"https:\/\/www.grills-saveurs.ch\/fr\/wp-content\/uploads\/2019\/03\/6482-Support-de-cuisson-pour-poulet-Weber.png","width":1000,"height":950,"caption":"6482 Support de cuisson pour poulet Weber"},{"@type":"WebPage","@id":"https:\/\/www.grills-saveurs.ch\/fr\/produit\/support-pour-volaille-weber\/#webpage","url":"https:\/\/www.grills-saveurs.ch\/fr\/produit\/support-pour-volaille-weber\/","name":"Support de cuisson pour poulet Weber - Grills et Saveurs","isPartOf":{"@id":"https:\/\/www.grills-saveurs.ch\/fr\/#website"},"primaryImageOfPage":{"@id":"https:\/\/www.grills-saveurs.ch\/fr\/produit\/support-pour-volaille-weber\/#primaryimage"},"datePublished":"2019-03-07T08:01:16+00:00","dateModified":"2024-03-21T13:56:57+00:00","description":"Avec le support de cuisson pour poulet, pr\u00e9parer un poulet \u00e0 la verticale avec une peau croustillante et une viande tendre est un jeu d'enfants.","breadcrumb":{"@id":"https:\/\/www.grills-saveurs.ch\/fr\/produit\/support-pour-volaille-weber\/#breadcrumb"},"inLanguage":"fr-FR","potentialAction":[{"@type":"ReadAction","target":["https:\/\/www.grills-saveurs.ch\/fr\/produit\/support-pour-volaille-weber\/"]}]},{"@type":"BreadcrumbList","@id":"https:\/\/www.grills-saveurs.ch\/fr\/produit\/support-pour-volaille-weber\/#breadcrumb","itemListElement":[{"@type":"ListItem","position":1,"name":"Accueil","item":"https:\/\/www.grills-saveurs.ch\/fr\/"},{"@type":"ListItem","position":2,"name":"Shop \/ Boutique","item":"https:\/\/www.grills-saveurs.ch\/fr\/boutique\/"},{"@type":"ListItem","position":3,"name":"Support de cuisson pour poulet Weber"}]}]}},"_links":{"self":[{"href":"https:\/\/www.grills-saveurs.ch\/fr\/wp-json\/wp\/v2\/product\/1786"}],"collection":[{"href":"https:\/\/www.grills-saveurs.ch\/fr\/wp-json\/wp\/v2\/product"}],"about":[{"href":"https:\/\/www.grills-saveurs.ch\/fr\/wp-json\/wp\/v2\/types\/product"}],"wp:featuredmedia":[{"embeddable":true,"href":"https:\/\/www.grills-saveurs.ch\/fr\/wp-json\/wp\/v2\/media\/4244"}],"wp:attachment":[{"href":"https:\/\/www.grills-saveurs.ch\/fr\/wp-json\/wp\/v2\/media?parent=1786"}],"wp:term":[{"taxonomy":"product_cat","embeddable":true,"href":"https:\/\/www.grills-saveurs.ch\/fr\/wp-json\/wp\/v2\/product_cat?post=1786"},{"taxonomy":"product_tag","embeddable":true,"href":"https:\/\/www.grills-saveurs.ch\/fr\/wp-json\/wp\/v2\/product_tag?post=1786"}],"curies":[{"name":"wp","href":"https:\/\/api.w.org\/{rel}","templated":true}]}}