{"id":1788,"date":"2019-03-07T09:01:16","date_gmt":"2019-03-07T08:01:16","guid":{"rendered":"https:\/\/www.grills-saveurs.ch\/fr\/produit\/grille-supplementaire-weber\/"},"modified":"2024-03-25T22:09:46","modified_gmt":"2024-03-25T21:09:46","slug":"grille-supplementaire-weber","status":"publish","type":"product","link":"https:\/\/www.grills-saveurs.ch\/fr\/produit\/grille-supplementaire-weber\/","title":{"rendered":"Support de cuisson Weber"},"content":{"rendered":"<div>Avec le support de cuisson, pr\u00e9parez votre entr\u00e9e, vos accompagnements et grillez m\u00eame vos pains, tout en m\u00eame temps. Ce support polyvalent multiplie vos possibilit\u00e9s de cuisson en jouant le r\u00f4le d\u2019une seconde grille, suspendue au-dessus de la grille de cuisson principale. Tandis que les steaks hach\u00e9s cuisent, r\u00e9chauffez la garniture et faites griller vos pains au-dessus. Ainsi, tout est pr\u00eat \u00e0 \u00eatre d\u00e9gust\u00e9 au m\u00eame moment.<\/div>\n<p><strong>CARACT\u00c9RISTIQUES<\/strong><\/p>\n<ul>\n<li>Augmente l\u2019espace pour cuire de plus gros plats<\/li>\n<li>Mat\u00e9riau : acier inoxydable<\/li>\n<li>Conseils de nettoyage : passe au lave-vaisselle<\/li>\n<li>Compatible: Barbecues Summit Charcoal, barbecues \u00e0 charbon Weber \u00d867 cm, fumoir Smokey Mountain Cooker \u00d857 cm, barbecues \u00e0 gaz Genesis et Summit (grille de r\u00e9chauffage retir\u00e9e)<\/li>\n<\/ul>\n","protected":false},"excerpt":{"rendered":"<p>7647<\/p>\n","protected":false},"featured_media":3836,"template":"","meta":[],"product_cat":[164],"product_tag":[84],"yoast_head":"<!-- This site is optimized with the Yoast SEO plugin v18.2 - https:\/\/yoast.com\/wordpress\/plugins\/seo\/ -->\n<title>Support de cuisson Weber - Grills et Saveurs<\/title>\n<meta name=\"description\" content=\"Tandis que les steaks hach\u00e9s cuisent, r\u00e9chauffez la garniture et faites griller vos pains au-dessus. Ainsi, tout est pr\u00eat \u00e0 \u00eatre d\u00e9gust\u00e9 au m\u00eame moment.\" \/>\n<meta name=\"robots\" content=\"index, follow, max-snippet:-1, max-image-preview:large, max-video-preview:-1\" \/>\n<link rel=\"canonical\" href=\"https:\/\/www.grills-saveurs.ch\/fr\/produit\/grille-supplementaire-weber\/\" \/>\n<meta property=\"og:locale\" content=\"fr_FR\" \/>\n<meta property=\"og:type\" content=\"article\" \/>\n<meta property=\"og:title\" content=\"Support de cuisson Weber - Grills et Saveurs\" \/>\n<meta property=\"og:description\" content=\"Tandis que les steaks hach\u00e9s cuisent, r\u00e9chauffez la garniture et faites griller vos pains au-dessus. Ainsi, tout est pr\u00eat \u00e0 \u00eatre d\u00e9gust\u00e9 au m\u00eame moment.\" \/>\n<meta property=\"og:url\" content=\"https:\/\/www.grills-saveurs.ch\/fr\/produit\/grille-supplementaire-weber\/\" \/>\n<meta property=\"og:site_name\" content=\"Grills et Saveurs\" \/>\n<meta property=\"article:modified_time\" content=\"2024-03-25T21:09:46+00:00\" \/>\n<meta property=\"og:image\" content=\"https:\/\/www.grills-saveurs.ch\/fr\/wp-content\/uploads\/2019\/03\/7647-Support-de-cuisson-Weber.png\" \/>\n\t<meta property=\"og:image:width\" content=\"1000\" \/>\n\t<meta property=\"og:image:height\" content=\"950\" \/>\n\t<meta property=\"og:image:type\" content=\"image\/png\" \/>\n<meta name=\"twitter:card\" content=\"summary_large_image\" \/>\n<meta name=\"twitter:label1\" content=\"Dur\u00e9e de lecture estim\u00e9e\" \/>\n\t<meta name=\"twitter:data1\" content=\"1 minute\" \/>\n<script type=\"application\/ld+json\" class=\"yoast-schema-graph\">{\"@context\":\"https:\/\/schema.org\",\"@graph\":[{\"@type\":\"WebSite\",\"@id\":\"https:\/\/www.grills-saveurs.ch\/fr\/#website\",\"url\":\"https:\/\/www.grills-saveurs.ch\/fr\/\",\"name\":\"Grills et Saveurs\",\"description\":\"Barbecues, Grills, Planchas, Chemin\u00e9es jardin - Lausanne, Suisse Romande\",\"potentialAction\":[{\"@type\":\"SearchAction\",\"target\":{\"@type\":\"EntryPoint\",\"urlTemplate\":\"https:\/\/www.grills-saveurs.ch\/fr\/?s={search_term_string}\"},\"query-input\":\"required name=search_term_string\"}],\"inLanguage\":\"fr-FR\"},{\"@type\":\"ImageObject\",\"@id\":\"https:\/\/www.grills-saveurs.ch\/fr\/produit\/grille-supplementaire-weber\/#primaryimage\",\"inLanguage\":\"fr-FR\",\"url\":\"https:\/\/www.grills-saveurs.ch\/fr\/wp-content\/uploads\/2019\/03\/7647-Support-de-cuisson-Weber.png\",\"contentUrl\":\"https:\/\/www.grills-saveurs.ch\/fr\/wp-content\/uploads\/2019\/03\/7647-Support-de-cuisson-Weber.png\",\"width\":1000,\"height\":950,\"caption\":\"7647 Support de cuisson Weber\"},{\"@type\":\"WebPage\",\"@id\":\"https:\/\/www.grills-saveurs.ch\/fr\/produit\/grille-supplementaire-weber\/#webpage\",\"url\":\"https:\/\/www.grills-saveurs.ch\/fr\/produit\/grille-supplementaire-weber\/\",\"name\":\"Support de cuisson Weber - Grills et Saveurs\",\"isPartOf\":{\"@id\":\"https:\/\/www.grills-saveurs.ch\/fr\/#website\"},\"primaryImageOfPage\":{\"@id\":\"https:\/\/www.grills-saveurs.ch\/fr\/produit\/grille-supplementaire-weber\/#primaryimage\"},\"datePublished\":\"2019-03-07T08:01:16+00:00\",\"dateModified\":\"2024-03-25T21:09:46+00:00\",\"description\":\"Tandis que les steaks hach\u00e9s cuisent, r\u00e9chauffez la garniture et faites griller vos pains au-dessus. Ainsi, tout est pr\u00eat \u00e0 \u00eatre d\u00e9gust\u00e9 au m\u00eame moment.\",\"breadcrumb\":{\"@id\":\"https:\/\/www.grills-saveurs.ch\/fr\/produit\/grille-supplementaire-weber\/#breadcrumb\"},\"inLanguage\":\"fr-FR\",\"potentialAction\":[{\"@type\":\"ReadAction\",\"target\":[\"https:\/\/www.grills-saveurs.ch\/fr\/produit\/grille-supplementaire-weber\/\"]}]},{\"@type\":\"BreadcrumbList\",\"@id\":\"https:\/\/www.grills-saveurs.ch\/fr\/produit\/grille-supplementaire-weber\/#breadcrumb\",\"itemListElement\":[{\"@type\":\"ListItem\",\"position\":1,\"name\":\"Accueil\",\"item\":\"https:\/\/www.grills-saveurs.ch\/fr\/\"},{\"@type\":\"ListItem\",\"position\":2,\"name\":\"Shop \/ Boutique\",\"item\":\"https:\/\/www.grills-saveurs.ch\/fr\/boutique\/\"},{\"@type\":\"ListItem\",\"position\":3,\"name\":\"Support de cuisson Weber\"}]}]}<\/script>\n<!-- \/ Yoast SEO plugin. -->","yoast_head_json":{"title":"Support de cuisson Weber - Grills et Saveurs","description":"Tandis que les steaks hach\u00e9s cuisent, r\u00e9chauffez la garniture et faites griller vos pains au-dessus. Ainsi, tout est pr\u00eat \u00e0 \u00eatre d\u00e9gust\u00e9 au m\u00eame moment.","robots":{"index":"index","follow":"follow","max-snippet":"max-snippet:-1","max-image-preview":"max-image-preview:large","max-video-preview":"max-video-preview:-1"},"canonical":"https:\/\/www.grills-saveurs.ch\/fr\/produit\/grille-supplementaire-weber\/","og_locale":"fr_FR","og_type":"article","og_title":"Support de cuisson Weber - Grills et Saveurs","og_description":"Tandis que les steaks hach\u00e9s cuisent, r\u00e9chauffez la garniture et faites griller vos pains au-dessus. Ainsi, tout est pr\u00eat \u00e0 \u00eatre d\u00e9gust\u00e9 au m\u00eame moment.","og_url":"https:\/\/www.grills-saveurs.ch\/fr\/produit\/grille-supplementaire-weber\/","og_site_name":"Grills et Saveurs","article_modified_time":"2024-03-25T21:09:46+00:00","og_image":[{"width":1000,"height":950,"url":"https:\/\/www.grills-saveurs.ch\/fr\/wp-content\/uploads\/2019\/03\/7647-Support-de-cuisson-Weber.png","type":"image\/png"}],"twitter_card":"summary_large_image","twitter_misc":{"Dur\u00e9e de lecture estim\u00e9e":"1 minute"},"schema":{"@context":"https:\/\/schema.org","@graph":[{"@type":"WebSite","@id":"https:\/\/www.grills-saveurs.ch\/fr\/#website","url":"https:\/\/www.grills-saveurs.ch\/fr\/","name":"Grills et Saveurs","description":"Barbecues, Grills, Planchas, Chemin\u00e9es jardin - Lausanne, Suisse Romande","potentialAction":[{"@type":"SearchAction","target":{"@type":"EntryPoint","urlTemplate":"https:\/\/www.grills-saveurs.ch\/fr\/?s={search_term_string}"},"query-input":"required name=search_term_string"}],"inLanguage":"fr-FR"},{"@type":"ImageObject","@id":"https:\/\/www.grills-saveurs.ch\/fr\/produit\/grille-supplementaire-weber\/#primaryimage","inLanguage":"fr-FR","url":"https:\/\/www.grills-saveurs.ch\/fr\/wp-content\/uploads\/2019\/03\/7647-Support-de-cuisson-Weber.png","contentUrl":"https:\/\/www.grills-saveurs.ch\/fr\/wp-content\/uploads\/2019\/03\/7647-Support-de-cuisson-Weber.png","width":1000,"height":950,"caption":"7647 Support de cuisson Weber"},{"@type":"WebPage","@id":"https:\/\/www.grills-saveurs.ch\/fr\/produit\/grille-supplementaire-weber\/#webpage","url":"https:\/\/www.grills-saveurs.ch\/fr\/produit\/grille-supplementaire-weber\/","name":"Support de cuisson Weber - Grills et Saveurs","isPartOf":{"@id":"https:\/\/www.grills-saveurs.ch\/fr\/#website"},"primaryImageOfPage":{"@id":"https:\/\/www.grills-saveurs.ch\/fr\/produit\/grille-supplementaire-weber\/#primaryimage"},"datePublished":"2019-03-07T08:01:16+00:00","dateModified":"2024-03-25T21:09:46+00:00","description":"Tandis que les steaks hach\u00e9s cuisent, r\u00e9chauffez la garniture et faites griller vos pains au-dessus. Ainsi, tout est pr\u00eat \u00e0 \u00eatre d\u00e9gust\u00e9 au m\u00eame moment.","breadcrumb":{"@id":"https:\/\/www.grills-saveurs.ch\/fr\/produit\/grille-supplementaire-weber\/#breadcrumb"},"inLanguage":"fr-FR","potentialAction":[{"@type":"ReadAction","target":["https:\/\/www.grills-saveurs.ch\/fr\/produit\/grille-supplementaire-weber\/"]}]},{"@type":"BreadcrumbList","@id":"https:\/\/www.grills-saveurs.ch\/fr\/produit\/grille-supplementaire-weber\/#breadcrumb","itemListElement":[{"@type":"ListItem","position":1,"name":"Accueil","item":"https:\/\/www.grills-saveurs.ch\/fr\/"},{"@type":"ListItem","position":2,"name":"Shop \/ Boutique","item":"https:\/\/www.grills-saveurs.ch\/fr\/boutique\/"},{"@type":"ListItem","position":3,"name":"Support de cuisson Weber"}]}]}},"_links":{"self":[{"href":"https:\/\/www.grills-saveurs.ch\/fr\/wp-json\/wp\/v2\/product\/1788"}],"collection":[{"href":"https:\/\/www.grills-saveurs.ch\/fr\/wp-json\/wp\/v2\/product"}],"about":[{"href":"https:\/\/www.grills-saveurs.ch\/fr\/wp-json\/wp\/v2\/types\/product"}],"wp:featuredmedia":[{"embeddable":true,"href":"https:\/\/www.grills-saveurs.ch\/fr\/wp-json\/wp\/v2\/media\/3836"}],"wp:attachment":[{"href":"https:\/\/www.grills-saveurs.ch\/fr\/wp-json\/wp\/v2\/media?parent=1788"}],"wp:term":[{"taxonomy":"product_cat","embeddable":true,"href":"https:\/\/www.grills-saveurs.ch\/fr\/wp-json\/wp\/v2\/product_cat?post=1788"},{"taxonomy":"product_tag","embeddable":true,"href":"https:\/\/www.grills-saveurs.ch\/fr\/wp-json\/wp\/v2\/product_tag?post=1788"}],"curies":[{"name":"wp","href":"https:\/\/api.w.org\/{rel}","templated":true}]}}