{"id":1791,"date":"2019-03-07T09:01:17","date_gmt":"2019-03-07T08:01:17","guid":{"rendered":"https:\/\/www.grills-saveurs.ch\/fr\/produit\/weber-plaque-en-ceramique-grand\/"},"modified":"2024-09-03T08:52:28","modified_gmt":"2024-09-03T06:52:28","slug":"weber-plaque-en-ceramique-grand","status":"publish","type":"product","link":"https:\/\/www.grills-saveurs.ch\/fr\/produit\/weber-plaque-en-ceramique-grand\/","title":{"rendered":"Plaque Plancha Weber c\u00e9ramique grande"},"content":{"rendered":"<div>Pr\u00e9parez-vous \u00e0 passer un moment agr\u00e9able dans le jardin. Avec la plancha plate, il est facile de cuire une s\u00e9rie de boulettes de viande, des crevettes, des asperges ou des cr\u00eapes sur le barbecue. Gr\u00e2ce \u00e0 sa surface en c\u00e9ramique antiadh\u00e9sive, la plancha peut devenir extr\u00eamement chaude, et ses poign\u00e9es permettent de la porter facilement une fois qu&rsquo;elle a refroidi.<\/div>\n<p><strong>CARACT\u00c9RISTIQUES<\/strong><\/p>\n<ul>\n<li>Offre une cuisson de type plancha<\/li>\n<li>Conserve la chaleur<\/li>\n<li>Surface antiadh\u00e9sive<\/li>\n<li>Facile \u00e0 nettoyer<\/li>\n<li>Conseils de nettoyage : passe au lave-vaisselle<\/li>\n<li>Mat\u00e9riau : c\u00e9ramique,\u00a049 cm x 35 cm<\/li>\n<\/ul>\n","protected":false},"excerpt":{"rendered":"<p>17509<\/p>\n","protected":false},"featured_media":3832,"template":"","meta":[],"product_cat":[162],"product_tag":[84],"yoast_head":"<!-- This site is optimized with the Yoast SEO plugin v18.2 - https:\/\/yoast.com\/wordpress\/plugins\/seo\/ -->\n<title>Plaque Plancha Weber c\u00e9ramique grande - Grills et Saveurs<\/title>\n<meta name=\"description\" content=\"Gr\u00e2ce \u00e0 sa surface en c\u00e9ramique antiadh\u00e9sive, la plancha peut devenir extr\u00eamement chaude, et ses poign\u00e9es permettent de la porter facilement.\" \/>\n<meta name=\"robots\" content=\"index, follow, max-snippet:-1, max-image-preview:large, max-video-preview:-1\" \/>\n<link rel=\"canonical\" href=\"https:\/\/www.grills-saveurs.ch\/fr\/produit\/weber-plaque-en-ceramique-grand\/\" \/>\n<meta property=\"og:locale\" content=\"fr_FR\" \/>\n<meta property=\"og:type\" content=\"article\" \/>\n<meta property=\"og:title\" content=\"Plaque Plancha Weber c\u00e9ramique grande - Grills et Saveurs\" \/>\n<meta property=\"og:description\" content=\"Gr\u00e2ce \u00e0 sa surface en c\u00e9ramique antiadh\u00e9sive, la plancha peut devenir extr\u00eamement chaude, et ses poign\u00e9es permettent de la porter facilement.\" \/>\n<meta property=\"og:url\" content=\"https:\/\/www.grills-saveurs.ch\/fr\/produit\/weber-plaque-en-ceramique-grand\/\" \/>\n<meta property=\"og:site_name\" content=\"Grills et Saveurs\" \/>\n<meta property=\"article:modified_time\" content=\"2024-09-03T06:52:28+00:00\" \/>\n<meta property=\"og:image\" content=\"https:\/\/www.grills-saveurs.ch\/fr\/wp-content\/uploads\/2019\/03\/17509-Plaque-Plancha-Weber-c\u00e9ramique-grande.png\" \/>\n\t<meta property=\"og:image:width\" content=\"1000\" \/>\n\t<meta property=\"og:image:height\" content=\"950\" \/>\n\t<meta property=\"og:image:type\" content=\"image\/png\" \/>\n<meta name=\"twitter:card\" content=\"summary_large_image\" \/>\n<script type=\"application\/ld+json\" class=\"yoast-schema-graph\">{\"@context\":\"https:\/\/schema.org\",\"@graph\":[{\"@type\":\"WebSite\",\"@id\":\"https:\/\/www.grills-saveurs.ch\/fr\/#website\",\"url\":\"https:\/\/www.grills-saveurs.ch\/fr\/\",\"name\":\"Grills et Saveurs\",\"description\":\"Barbecues, Grills, Planchas, Chemin\u00e9es jardin - Lausanne, Suisse Romande\",\"potentialAction\":[{\"@type\":\"SearchAction\",\"target\":{\"@type\":\"EntryPoint\",\"urlTemplate\":\"https:\/\/www.grills-saveurs.ch\/fr\/?s={search_term_string}\"},\"query-input\":\"required name=search_term_string\"}],\"inLanguage\":\"fr-FR\"},{\"@type\":\"ImageObject\",\"@id\":\"https:\/\/www.grills-saveurs.ch\/fr\/produit\/weber-plaque-en-ceramique-grand\/#primaryimage\",\"inLanguage\":\"fr-FR\",\"url\":\"https:\/\/www.grills-saveurs.ch\/fr\/wp-content\/uploads\/2019\/03\/17509-Plaque-Plancha-Weber-c\u00e9ramique-grande.png\",\"contentUrl\":\"https:\/\/www.grills-saveurs.ch\/fr\/wp-content\/uploads\/2019\/03\/17509-Plaque-Plancha-Weber-c\u00e9ramique-grande.png\",\"width\":1000,\"height\":950,\"caption\":\"17509 Plaque Plancha Weber c\u00e9ramique grande\"},{\"@type\":\"WebPage\",\"@id\":\"https:\/\/www.grills-saveurs.ch\/fr\/produit\/weber-plaque-en-ceramique-grand\/#webpage\",\"url\":\"https:\/\/www.grills-saveurs.ch\/fr\/produit\/weber-plaque-en-ceramique-grand\/\",\"name\":\"Plaque Plancha Weber c\u00e9ramique grande - Grills et Saveurs\",\"isPartOf\":{\"@id\":\"https:\/\/www.grills-saveurs.ch\/fr\/#website\"},\"primaryImageOfPage\":{\"@id\":\"https:\/\/www.grills-saveurs.ch\/fr\/produit\/weber-plaque-en-ceramique-grand\/#primaryimage\"},\"datePublished\":\"2019-03-07T08:01:17+00:00\",\"dateModified\":\"2024-09-03T06:52:28+00:00\",\"description\":\"Gr\u00e2ce \u00e0 sa surface en c\u00e9ramique antiadh\u00e9sive, la plancha peut devenir extr\u00eamement chaude, et ses poign\u00e9es permettent de la porter facilement.\",\"breadcrumb\":{\"@id\":\"https:\/\/www.grills-saveurs.ch\/fr\/produit\/weber-plaque-en-ceramique-grand\/#breadcrumb\"},\"inLanguage\":\"fr-FR\",\"potentialAction\":[{\"@type\":\"ReadAction\",\"target\":[\"https:\/\/www.grills-saveurs.ch\/fr\/produit\/weber-plaque-en-ceramique-grand\/\"]}]},{\"@type\":\"BreadcrumbList\",\"@id\":\"https:\/\/www.grills-saveurs.ch\/fr\/produit\/weber-plaque-en-ceramique-grand\/#breadcrumb\",\"itemListElement\":[{\"@type\":\"ListItem\",\"position\":1,\"name\":\"Accueil\",\"item\":\"https:\/\/www.grills-saveurs.ch\/fr\/\"},{\"@type\":\"ListItem\",\"position\":2,\"name\":\"Shop \/ Boutique\",\"item\":\"https:\/\/www.grills-saveurs.ch\/fr\/boutique\/\"},{\"@type\":\"ListItem\",\"position\":3,\"name\":\"Plaque Plancha Weber c\u00e9ramique grande\"}]}]}<\/script>\n<!-- \/ Yoast SEO plugin. -->","yoast_head_json":{"title":"Plaque Plancha Weber c\u00e9ramique grande - Grills et Saveurs","description":"Gr\u00e2ce \u00e0 sa surface en c\u00e9ramique antiadh\u00e9sive, la plancha peut devenir extr\u00eamement chaude, et ses poign\u00e9es permettent de la porter facilement.","robots":{"index":"index","follow":"follow","max-snippet":"max-snippet:-1","max-image-preview":"max-image-preview:large","max-video-preview":"max-video-preview:-1"},"canonical":"https:\/\/www.grills-saveurs.ch\/fr\/produit\/weber-plaque-en-ceramique-grand\/","og_locale":"fr_FR","og_type":"article","og_title":"Plaque Plancha Weber c\u00e9ramique grande - Grills et Saveurs","og_description":"Gr\u00e2ce \u00e0 sa surface en c\u00e9ramique antiadh\u00e9sive, la plancha peut devenir extr\u00eamement chaude, et ses poign\u00e9es permettent de la porter facilement.","og_url":"https:\/\/www.grills-saveurs.ch\/fr\/produit\/weber-plaque-en-ceramique-grand\/","og_site_name":"Grills et Saveurs","article_modified_time":"2024-09-03T06:52:28+00:00","og_image":[{"width":1000,"height":950,"url":"https:\/\/www.grills-saveurs.ch\/fr\/wp-content\/uploads\/2019\/03\/17509-Plaque-Plancha-Weber-c\u00e9ramique-grande.png","type":"image\/png"}],"twitter_card":"summary_large_image","schema":{"@context":"https:\/\/schema.org","@graph":[{"@type":"WebSite","@id":"https:\/\/www.grills-saveurs.ch\/fr\/#website","url":"https:\/\/www.grills-saveurs.ch\/fr\/","name":"Grills et Saveurs","description":"Barbecues, Grills, Planchas, Chemin\u00e9es jardin - Lausanne, Suisse Romande","potentialAction":[{"@type":"SearchAction","target":{"@type":"EntryPoint","urlTemplate":"https:\/\/www.grills-saveurs.ch\/fr\/?s={search_term_string}"},"query-input":"required name=search_term_string"}],"inLanguage":"fr-FR"},{"@type":"ImageObject","@id":"https:\/\/www.grills-saveurs.ch\/fr\/produit\/weber-plaque-en-ceramique-grand\/#primaryimage","inLanguage":"fr-FR","url":"https:\/\/www.grills-saveurs.ch\/fr\/wp-content\/uploads\/2019\/03\/17509-Plaque-Plancha-Weber-c\u00e9ramique-grande.png","contentUrl":"https:\/\/www.grills-saveurs.ch\/fr\/wp-content\/uploads\/2019\/03\/17509-Plaque-Plancha-Weber-c\u00e9ramique-grande.png","width":1000,"height":950,"caption":"17509 Plaque Plancha Weber c\u00e9ramique grande"},{"@type":"WebPage","@id":"https:\/\/www.grills-saveurs.ch\/fr\/produit\/weber-plaque-en-ceramique-grand\/#webpage","url":"https:\/\/www.grills-saveurs.ch\/fr\/produit\/weber-plaque-en-ceramique-grand\/","name":"Plaque Plancha Weber c\u00e9ramique grande - Grills et Saveurs","isPartOf":{"@id":"https:\/\/www.grills-saveurs.ch\/fr\/#website"},"primaryImageOfPage":{"@id":"https:\/\/www.grills-saveurs.ch\/fr\/produit\/weber-plaque-en-ceramique-grand\/#primaryimage"},"datePublished":"2019-03-07T08:01:17+00:00","dateModified":"2024-09-03T06:52:28+00:00","description":"Gr\u00e2ce \u00e0 sa surface en c\u00e9ramique antiadh\u00e9sive, la plancha peut devenir extr\u00eamement chaude, et ses poign\u00e9es permettent de la porter facilement.","breadcrumb":{"@id":"https:\/\/www.grills-saveurs.ch\/fr\/produit\/weber-plaque-en-ceramique-grand\/#breadcrumb"},"inLanguage":"fr-FR","potentialAction":[{"@type":"ReadAction","target":["https:\/\/www.grills-saveurs.ch\/fr\/produit\/weber-plaque-en-ceramique-grand\/"]}]},{"@type":"BreadcrumbList","@id":"https:\/\/www.grills-saveurs.ch\/fr\/produit\/weber-plaque-en-ceramique-grand\/#breadcrumb","itemListElement":[{"@type":"ListItem","position":1,"name":"Accueil","item":"https:\/\/www.grills-saveurs.ch\/fr\/"},{"@type":"ListItem","position":2,"name":"Shop \/ Boutique","item":"https:\/\/www.grills-saveurs.ch\/fr\/boutique\/"},{"@type":"ListItem","position":3,"name":"Plaque Plancha Weber c\u00e9ramique grande"}]}]}},"_links":{"self":[{"href":"https:\/\/www.grills-saveurs.ch\/fr\/wp-json\/wp\/v2\/product\/1791"}],"collection":[{"href":"https:\/\/www.grills-saveurs.ch\/fr\/wp-json\/wp\/v2\/product"}],"about":[{"href":"https:\/\/www.grills-saveurs.ch\/fr\/wp-json\/wp\/v2\/types\/product"}],"wp:featuredmedia":[{"embeddable":true,"href":"https:\/\/www.grills-saveurs.ch\/fr\/wp-json\/wp\/v2\/media\/3832"}],"wp:attachment":[{"href":"https:\/\/www.grills-saveurs.ch\/fr\/wp-json\/wp\/v2\/media?parent=1791"}],"wp:term":[{"taxonomy":"product_cat","embeddable":true,"href":"https:\/\/www.grills-saveurs.ch\/fr\/wp-json\/wp\/v2\/product_cat?post=1791"},{"taxonomy":"product_tag","embeddable":true,"href":"https:\/\/www.grills-saveurs.ch\/fr\/wp-json\/wp\/v2\/product_tag?post=1791"}],"curies":[{"name":"wp","href":"https:\/\/api.w.org\/{rel}","templated":true}]}}