{"id":1792,"date":"2019-03-07T09:01:17","date_gmt":"2019-03-07T08:01:17","guid":{"rendered":"https:\/\/www.grills-saveurs.ch\/fr\/produit\/plancha-weber-spirit-300\/"},"modified":"2024-03-22T15:31:42","modified_gmt":"2024-03-22T14:31:42","slug":"plancha-weber-spirit-300","status":"publish","type":"product","link":"https:\/\/www.grills-saveurs.ch\/fr\/produit\/plancha-weber-spirit-300\/","title":{"rendered":"Plaque Plancha Weber Deluxe &#8211; Spirit 300"},"content":{"rendered":"<div>Pr\u00e9parez-vous \u00e0 passer un moment agr\u00e9able dans le jardin. Avec la plancha plate, il est facile de cuire une s\u00e9rie de boulettes de viande, des crevettes, des asperges ou des cr\u00eapes sur le barbecue. Gr\u00e2ce \u00e0 sa surface en c\u00e9ramique antiadh\u00e9sive, la plancha peut devenir extr\u00eamement chaude, et ses poign\u00e9es permettent de la porter facilement une fois qu&rsquo;elle a refroidi.<\/div>\n<p><strong>CARACT\u00c9RISTIQUES<\/strong><\/p>\n<ul>\n<li>Remplace une grille de cuisson sur votre barbecue Weber\u00ae Spirit II\/Spirit<\/li>\n<li>Ide\u0301ale pour la cuisson d\u2019une grande varie\u0301te\u0301 d\u2019aliments, y compris les viandes, les fruits de mer, les fruits et le\u0301gumes, les sandwichs de type panini ou encore les \u0153ufs et les cre\u0302pes<\/li>\n<li>La surface en e\u0301mail vitrifie\u0301 brillant est facile a\u0300 nettoyer et ne ne\u0301cessite aucun culottage<\/li>\n<li>La fonte chauffe de fac\u0327on uniforme et maintient la tempe\u0301rature, pour une saisie supe\u0301rieure des aliments<\/li>\n<li>Gra\u0302ce a\u0300 la le\u0301ge\u0300re inclinaison de la surface de cuisson, les aliments sont maintenus a\u0300 l\u2019e\u0301cart des exce\u0300s de sucs et jus de cuisson<\/li>\n<li>Fonte \u00e9maill\u00e9e<\/li>\n<li>Conseils de nettoyage : passe au lave-vaisselle<\/li>\n<li>Compatible : Se\u0301ries Spirit II 300 et Spirit 300<\/li>\n<\/ul>\n","protected":false},"excerpt":{"rendered":"<p>7579<\/p>\n","protected":false},"featured_media":3834,"template":"","meta":[],"product_cat":[162],"product_tag":[84],"yoast_head":"<!-- This site is optimized with the Yoast SEO plugin v18.2 - https:\/\/yoast.com\/wordpress\/plugins\/seo\/ -->\n<title>Plaque Plancha Weber Deluxe - Spirit 300 - Grills et Saveurs<\/title>\n<meta name=\"description\" content=\"Ide\u0301ale pour la cuisson d\u2019une grande varie\u0301te\u0301 d\u2019aliments, y compris les viandes, les fruits de mer, les fruits et le\u0301gumes, les sandwichs ou les \u0153ufs.\" \/>\n<meta name=\"robots\" content=\"index, follow, max-snippet:-1, max-image-preview:large, max-video-preview:-1\" \/>\n<link rel=\"canonical\" href=\"https:\/\/www.grills-saveurs.ch\/fr\/produit\/plancha-weber-spirit-300\/\" \/>\n<meta property=\"og:locale\" content=\"fr_FR\" \/>\n<meta property=\"og:type\" content=\"article\" \/>\n<meta property=\"og:title\" content=\"Plaque Plancha Weber Deluxe - Spirit 300 - Grills et Saveurs\" \/>\n<meta property=\"og:description\" content=\"Ide\u0301ale pour la cuisson d\u2019une grande varie\u0301te\u0301 d\u2019aliments, y compris les viandes, les fruits de mer, les fruits et le\u0301gumes, les sandwichs ou les \u0153ufs.\" \/>\n<meta property=\"og:url\" content=\"https:\/\/www.grills-saveurs.ch\/fr\/produit\/plancha-weber-spirit-300\/\" \/>\n<meta property=\"og:site_name\" content=\"Grills et Saveurs\" \/>\n<meta property=\"article:modified_time\" content=\"2024-03-22T14:31:42+00:00\" \/>\n<meta property=\"og:image\" content=\"https:\/\/www.grills-saveurs.ch\/fr\/wp-content\/uploads\/2019\/03\/7579-Plaque-Plancha-Weber-Deluxe-Spirit-300.png\" \/>\n\t<meta property=\"og:image:width\" content=\"1000\" \/>\n\t<meta property=\"og:image:height\" content=\"950\" \/>\n\t<meta property=\"og:image:type\" content=\"image\/png\" \/>\n<meta name=\"twitter:card\" content=\"summary_large_image\" \/>\n<meta name=\"twitter:label1\" content=\"Dur\u00e9e de lecture estim\u00e9e\" \/>\n\t<meta name=\"twitter:data1\" content=\"1 minute\" \/>\n<script type=\"application\/ld+json\" class=\"yoast-schema-graph\">{\"@context\":\"https:\/\/schema.org\",\"@graph\":[{\"@type\":\"WebSite\",\"@id\":\"https:\/\/www.grills-saveurs.ch\/fr\/#website\",\"url\":\"https:\/\/www.grills-saveurs.ch\/fr\/\",\"name\":\"Grills et Saveurs\",\"description\":\"Barbecues, Grills, Planchas, Chemin\u00e9es jardin - Lausanne, Suisse Romande\",\"potentialAction\":[{\"@type\":\"SearchAction\",\"target\":{\"@type\":\"EntryPoint\",\"urlTemplate\":\"https:\/\/www.grills-saveurs.ch\/fr\/?s={search_term_string}\"},\"query-input\":\"required name=search_term_string\"}],\"inLanguage\":\"fr-FR\"},{\"@type\":\"ImageObject\",\"@id\":\"https:\/\/www.grills-saveurs.ch\/fr\/produit\/plancha-weber-spirit-300\/#primaryimage\",\"inLanguage\":\"fr-FR\",\"url\":\"https:\/\/www.grills-saveurs.ch\/fr\/wp-content\/uploads\/2019\/03\/7579-Plaque-Plancha-Weber-Deluxe-Spirit-300.png\",\"contentUrl\":\"https:\/\/www.grills-saveurs.ch\/fr\/wp-content\/uploads\/2019\/03\/7579-Plaque-Plancha-Weber-Deluxe-Spirit-300.png\",\"width\":1000,\"height\":950,\"caption\":\"7579 Plaque Plancha Weber Deluxe Spirit 300\"},{\"@type\":\"WebPage\",\"@id\":\"https:\/\/www.grills-saveurs.ch\/fr\/produit\/plancha-weber-spirit-300\/#webpage\",\"url\":\"https:\/\/www.grills-saveurs.ch\/fr\/produit\/plancha-weber-spirit-300\/\",\"name\":\"Plaque Plancha Weber Deluxe - Spirit 300 - Grills et Saveurs\",\"isPartOf\":{\"@id\":\"https:\/\/www.grills-saveurs.ch\/fr\/#website\"},\"primaryImageOfPage\":{\"@id\":\"https:\/\/www.grills-saveurs.ch\/fr\/produit\/plancha-weber-spirit-300\/#primaryimage\"},\"datePublished\":\"2019-03-07T08:01:17+00:00\",\"dateModified\":\"2024-03-22T14:31:42+00:00\",\"description\":\"Ide\u0301ale pour la cuisson d\u2019une grande varie\u0301te\u0301 d\u2019aliments, y compris les viandes, les fruits de mer, les fruits et le\u0301gumes, les sandwichs ou les \u0153ufs.\",\"breadcrumb\":{\"@id\":\"https:\/\/www.grills-saveurs.ch\/fr\/produit\/plancha-weber-spirit-300\/#breadcrumb\"},\"inLanguage\":\"fr-FR\",\"potentialAction\":[{\"@type\":\"ReadAction\",\"target\":[\"https:\/\/www.grills-saveurs.ch\/fr\/produit\/plancha-weber-spirit-300\/\"]}]},{\"@type\":\"BreadcrumbList\",\"@id\":\"https:\/\/www.grills-saveurs.ch\/fr\/produit\/plancha-weber-spirit-300\/#breadcrumb\",\"itemListElement\":[{\"@type\":\"ListItem\",\"position\":1,\"name\":\"Accueil\",\"item\":\"https:\/\/www.grills-saveurs.ch\/fr\/\"},{\"@type\":\"ListItem\",\"position\":2,\"name\":\"Shop \/ Boutique\",\"item\":\"https:\/\/www.grills-saveurs.ch\/fr\/boutique\/\"},{\"@type\":\"ListItem\",\"position\":3,\"name\":\"Plaque Plancha Weber Deluxe &#8211; Spirit 300\"}]}]}<\/script>\n<!-- \/ Yoast SEO plugin. -->","yoast_head_json":{"title":"Plaque Plancha Weber Deluxe - Spirit 300 - Grills et Saveurs","description":"Ide\u0301ale pour la cuisson d\u2019une grande varie\u0301te\u0301 d\u2019aliments, y compris les viandes, les fruits de mer, les fruits et le\u0301gumes, les sandwichs ou les \u0153ufs.","robots":{"index":"index","follow":"follow","max-snippet":"max-snippet:-1","max-image-preview":"max-image-preview:large","max-video-preview":"max-video-preview:-1"},"canonical":"https:\/\/www.grills-saveurs.ch\/fr\/produit\/plancha-weber-spirit-300\/","og_locale":"fr_FR","og_type":"article","og_title":"Plaque Plancha Weber Deluxe - Spirit 300 - Grills et Saveurs","og_description":"Ide\u0301ale pour la cuisson d\u2019une grande varie\u0301te\u0301 d\u2019aliments, y compris les viandes, les fruits de mer, les fruits et le\u0301gumes, les sandwichs ou les \u0153ufs.","og_url":"https:\/\/www.grills-saveurs.ch\/fr\/produit\/plancha-weber-spirit-300\/","og_site_name":"Grills et Saveurs","article_modified_time":"2024-03-22T14:31:42+00:00","og_image":[{"width":1000,"height":950,"url":"https:\/\/www.grills-saveurs.ch\/fr\/wp-content\/uploads\/2019\/03\/7579-Plaque-Plancha-Weber-Deluxe-Spirit-300.png","type":"image\/png"}],"twitter_card":"summary_large_image","twitter_misc":{"Dur\u00e9e de lecture estim\u00e9e":"1 minute"},"schema":{"@context":"https:\/\/schema.org","@graph":[{"@type":"WebSite","@id":"https:\/\/www.grills-saveurs.ch\/fr\/#website","url":"https:\/\/www.grills-saveurs.ch\/fr\/","name":"Grills et Saveurs","description":"Barbecues, Grills, Planchas, Chemin\u00e9es jardin - Lausanne, Suisse Romande","potentialAction":[{"@type":"SearchAction","target":{"@type":"EntryPoint","urlTemplate":"https:\/\/www.grills-saveurs.ch\/fr\/?s={search_term_string}"},"query-input":"required name=search_term_string"}],"inLanguage":"fr-FR"},{"@type":"ImageObject","@id":"https:\/\/www.grills-saveurs.ch\/fr\/produit\/plancha-weber-spirit-300\/#primaryimage","inLanguage":"fr-FR","url":"https:\/\/www.grills-saveurs.ch\/fr\/wp-content\/uploads\/2019\/03\/7579-Plaque-Plancha-Weber-Deluxe-Spirit-300.png","contentUrl":"https:\/\/www.grills-saveurs.ch\/fr\/wp-content\/uploads\/2019\/03\/7579-Plaque-Plancha-Weber-Deluxe-Spirit-300.png","width":1000,"height":950,"caption":"7579 Plaque Plancha Weber Deluxe Spirit 300"},{"@type":"WebPage","@id":"https:\/\/www.grills-saveurs.ch\/fr\/produit\/plancha-weber-spirit-300\/#webpage","url":"https:\/\/www.grills-saveurs.ch\/fr\/produit\/plancha-weber-spirit-300\/","name":"Plaque Plancha Weber Deluxe - Spirit 300 - Grills et Saveurs","isPartOf":{"@id":"https:\/\/www.grills-saveurs.ch\/fr\/#website"},"primaryImageOfPage":{"@id":"https:\/\/www.grills-saveurs.ch\/fr\/produit\/plancha-weber-spirit-300\/#primaryimage"},"datePublished":"2019-03-07T08:01:17+00:00","dateModified":"2024-03-22T14:31:42+00:00","description":"Ide\u0301ale pour la cuisson d\u2019une grande varie\u0301te\u0301 d\u2019aliments, y compris les viandes, les fruits de mer, les fruits et le\u0301gumes, les sandwichs ou les \u0153ufs.","breadcrumb":{"@id":"https:\/\/www.grills-saveurs.ch\/fr\/produit\/plancha-weber-spirit-300\/#breadcrumb"},"inLanguage":"fr-FR","potentialAction":[{"@type":"ReadAction","target":["https:\/\/www.grills-saveurs.ch\/fr\/produit\/plancha-weber-spirit-300\/"]}]},{"@type":"BreadcrumbList","@id":"https:\/\/www.grills-saveurs.ch\/fr\/produit\/plancha-weber-spirit-300\/#breadcrumb","itemListElement":[{"@type":"ListItem","position":1,"name":"Accueil","item":"https:\/\/www.grills-saveurs.ch\/fr\/"},{"@type":"ListItem","position":2,"name":"Shop \/ Boutique","item":"https:\/\/www.grills-saveurs.ch\/fr\/boutique\/"},{"@type":"ListItem","position":3,"name":"Plaque Plancha Weber Deluxe &#8211; Spirit 300"}]}]}},"_links":{"self":[{"href":"https:\/\/www.grills-saveurs.ch\/fr\/wp-json\/wp\/v2\/product\/1792"}],"collection":[{"href":"https:\/\/www.grills-saveurs.ch\/fr\/wp-json\/wp\/v2\/product"}],"about":[{"href":"https:\/\/www.grills-saveurs.ch\/fr\/wp-json\/wp\/v2\/types\/product"}],"wp:featuredmedia":[{"embeddable":true,"href":"https:\/\/www.grills-saveurs.ch\/fr\/wp-json\/wp\/v2\/media\/3834"}],"wp:attachment":[{"href":"https:\/\/www.grills-saveurs.ch\/fr\/wp-json\/wp\/v2\/media?parent=1792"}],"wp:term":[{"taxonomy":"product_cat","embeddable":true,"href":"https:\/\/www.grills-saveurs.ch\/fr\/wp-json\/wp\/v2\/product_cat?post=1792"},{"taxonomy":"product_tag","embeddable":true,"href":"https:\/\/www.grills-saveurs.ch\/fr\/wp-json\/wp\/v2\/product_tag?post=1792"}],"curies":[{"name":"wp","href":"https:\/\/api.w.org\/{rel}","templated":true}]}}