{"id":1793,"date":"2019-03-07T09:01:18","date_gmt":"2019-03-07T08:01:18","guid":{"rendered":"https:\/\/www.grills-saveurs.ch\/fr\/produit\/plaque-weber-pour-serie-q-1000-1200-et-140-1400\/"},"modified":"2024-03-22T13:33:07","modified_gmt":"2024-03-22T12:33:07","slug":"plaque-weber-pour-serie-q-1000-1200-et-140-1400","status":"publish","type":"product","link":"https:\/\/www.grills-saveurs.ch\/fr\/produit\/plaque-weber-pour-serie-q-1000-1200-et-140-1400\/","title":{"rendered":"Plaque Plancha Weber &#8211; Q 1000\/1200 et 140\/1400"},"content":{"rendered":"<div>Pr\u00e9parez le petit-d\u00e9jeuner dans l\u2019air frais du matin, au r\u00e9veil. Faites sauter les pancakes devant un lever de soleil, ou les p\u00e2t\u00e9s de crabe au d\u00eener. Les deux c\u00f4t\u00e9s de la plancha vous permettent de cuire des aliments fins qu\u2019il serait impossible de cuire sur des grilles de cuisson. Que vous emplissiez l\u2019air de l\u2019ar\u00f4me sucr\u00e9 de cr\u00eapes fruit\u00e9es \u00e0 l\u2019aurore ou que vous fassiez un festin de fruits de mer \u00e0 la nuit tombante, transformez chaque instant en un moment de barbecue.<\/div>\n<p><strong>CARACT\u00c9RISTIQUES<\/strong><\/p>\n<ul>\n<li>Plancha en fonte \u00e9maill\u00e9e offrant une r\u00e9tention et une distribution de chaleur exceptionnelles pour une cuisson uniforme des aliments<\/li>\n<li>Con\u00e7ue pour remplacer une grille d\u2019un barbecue \u00e0 gaz Weber\u00ae Q<\/li>\n<li>Conseils de nettoyage : lavage \u00e0 la main<\/li>\n<li>Compatible : Barbecues \u00e0 gaz Weber\u00ae Q 100\/1000<\/li>\n<\/ul>\n","protected":false},"excerpt":{"rendered":"<p>6558<\/p>\n","protected":false},"featured_media":3824,"template":"","meta":[],"product_cat":[162],"product_tag":[84],"yoast_head":"<!-- This site is optimized with the Yoast SEO plugin v18.2 - https:\/\/yoast.com\/wordpress\/plugins\/seo\/ -->\n<title>Plaque Plancha Weber - Q 1000\/1200 et 140\/1400 - Grills et Saveurs<\/title>\n<meta name=\"description\" content=\"Plancha en fonte \u00e9maill\u00e9e offrant une r\u00e9tention et une distribution de chaleur exceptionnelles pour une cuisson uniforme des aliments.\" \/>\n<meta name=\"robots\" content=\"index, follow, max-snippet:-1, max-image-preview:large, max-video-preview:-1\" \/>\n<link rel=\"canonical\" href=\"https:\/\/www.grills-saveurs.ch\/fr\/produit\/plaque-weber-pour-serie-q-1000-1200-et-140-1400\/\" \/>\n<meta property=\"og:locale\" content=\"fr_FR\" \/>\n<meta property=\"og:type\" content=\"article\" \/>\n<meta property=\"og:title\" content=\"Plaque Plancha Weber - Q 1000\/1200 et 140\/1400 - Grills et Saveurs\" \/>\n<meta property=\"og:description\" content=\"Plancha en fonte \u00e9maill\u00e9e offrant une r\u00e9tention et une distribution de chaleur exceptionnelles pour une cuisson uniforme des aliments.\" \/>\n<meta property=\"og:url\" content=\"https:\/\/www.grills-saveurs.ch\/fr\/produit\/plaque-weber-pour-serie-q-1000-1200-et-140-1400\/\" \/>\n<meta property=\"og:site_name\" content=\"Grills et Saveurs\" \/>\n<meta property=\"article:modified_time\" content=\"2024-03-22T12:33:07+00:00\" \/>\n<meta property=\"og:image\" content=\"https:\/\/www.grills-saveurs.ch\/fr\/wp-content\/uploads\/2019\/03\/6558-Plaque-Plancha-Weber-Q-1000-1200-et-140-1400.png\" \/>\n\t<meta property=\"og:image:width\" content=\"1000\" \/>\n\t<meta property=\"og:image:height\" content=\"950\" \/>\n\t<meta property=\"og:image:type\" content=\"image\/png\" \/>\n<meta name=\"twitter:card\" content=\"summary_large_image\" \/>\n<meta name=\"twitter:label1\" content=\"Dur\u00e9e de lecture estim\u00e9e\" \/>\n\t<meta name=\"twitter:data1\" content=\"1 minute\" \/>\n<script type=\"application\/ld+json\" class=\"yoast-schema-graph\">{\"@context\":\"https:\/\/schema.org\",\"@graph\":[{\"@type\":\"WebSite\",\"@id\":\"https:\/\/www.grills-saveurs.ch\/fr\/#website\",\"url\":\"https:\/\/www.grills-saveurs.ch\/fr\/\",\"name\":\"Grills et Saveurs\",\"description\":\"Barbecues, Grills, Planchas, Chemin\u00e9es jardin - Lausanne, Suisse Romande\",\"potentialAction\":[{\"@type\":\"SearchAction\",\"target\":{\"@type\":\"EntryPoint\",\"urlTemplate\":\"https:\/\/www.grills-saveurs.ch\/fr\/?s={search_term_string}\"},\"query-input\":\"required name=search_term_string\"}],\"inLanguage\":\"fr-FR\"},{\"@type\":\"ImageObject\",\"@id\":\"https:\/\/www.grills-saveurs.ch\/fr\/produit\/plaque-weber-pour-serie-q-1000-1200-et-140-1400\/#primaryimage\",\"inLanguage\":\"fr-FR\",\"url\":\"https:\/\/www.grills-saveurs.ch\/fr\/wp-content\/uploads\/2019\/03\/6558-Plaque-Plancha-Weber-Q-1000-1200-et-140-1400.png\",\"contentUrl\":\"https:\/\/www.grills-saveurs.ch\/fr\/wp-content\/uploads\/2019\/03\/6558-Plaque-Plancha-Weber-Q-1000-1200-et-140-1400.png\",\"width\":1000,\"height\":950,\"caption\":\"6558 Plaque Plancha Weber - Q 1000 1200 et 140 1400\"},{\"@type\":\"WebPage\",\"@id\":\"https:\/\/www.grills-saveurs.ch\/fr\/produit\/plaque-weber-pour-serie-q-1000-1200-et-140-1400\/#webpage\",\"url\":\"https:\/\/www.grills-saveurs.ch\/fr\/produit\/plaque-weber-pour-serie-q-1000-1200-et-140-1400\/\",\"name\":\"Plaque Plancha Weber - Q 1000\/1200 et 140\/1400 - Grills et Saveurs\",\"isPartOf\":{\"@id\":\"https:\/\/www.grills-saveurs.ch\/fr\/#website\"},\"primaryImageOfPage\":{\"@id\":\"https:\/\/www.grills-saveurs.ch\/fr\/produit\/plaque-weber-pour-serie-q-1000-1200-et-140-1400\/#primaryimage\"},\"datePublished\":\"2019-03-07T08:01:18+00:00\",\"dateModified\":\"2024-03-22T12:33:07+00:00\",\"description\":\"Plancha en fonte \u00e9maill\u00e9e offrant une r\u00e9tention et une distribution de chaleur exceptionnelles pour une cuisson uniforme des aliments.\",\"breadcrumb\":{\"@id\":\"https:\/\/www.grills-saveurs.ch\/fr\/produit\/plaque-weber-pour-serie-q-1000-1200-et-140-1400\/#breadcrumb\"},\"inLanguage\":\"fr-FR\",\"potentialAction\":[{\"@type\":\"ReadAction\",\"target\":[\"https:\/\/www.grills-saveurs.ch\/fr\/produit\/plaque-weber-pour-serie-q-1000-1200-et-140-1400\/\"]}]},{\"@type\":\"BreadcrumbList\",\"@id\":\"https:\/\/www.grills-saveurs.ch\/fr\/produit\/plaque-weber-pour-serie-q-1000-1200-et-140-1400\/#breadcrumb\",\"itemListElement\":[{\"@type\":\"ListItem\",\"position\":1,\"name\":\"Accueil\",\"item\":\"https:\/\/www.grills-saveurs.ch\/fr\/\"},{\"@type\":\"ListItem\",\"position\":2,\"name\":\"Shop \/ Boutique\",\"item\":\"https:\/\/www.grills-saveurs.ch\/fr\/boutique\/\"},{\"@type\":\"ListItem\",\"position\":3,\"name\":\"Plaque Plancha Weber &#8211; Q 1000\/1200 et 140\/1400\"}]}]}<\/script>\n<!-- \/ Yoast SEO plugin. -->","yoast_head_json":{"title":"Plaque Plancha Weber - Q 1000\/1200 et 140\/1400 - Grills et Saveurs","description":"Plancha en fonte \u00e9maill\u00e9e offrant une r\u00e9tention et une distribution de chaleur exceptionnelles pour une cuisson uniforme des aliments.","robots":{"index":"index","follow":"follow","max-snippet":"max-snippet:-1","max-image-preview":"max-image-preview:large","max-video-preview":"max-video-preview:-1"},"canonical":"https:\/\/www.grills-saveurs.ch\/fr\/produit\/plaque-weber-pour-serie-q-1000-1200-et-140-1400\/","og_locale":"fr_FR","og_type":"article","og_title":"Plaque Plancha Weber - Q 1000\/1200 et 140\/1400 - Grills et Saveurs","og_description":"Plancha en fonte \u00e9maill\u00e9e offrant une r\u00e9tention et une distribution de chaleur exceptionnelles pour une cuisson uniforme des aliments.","og_url":"https:\/\/www.grills-saveurs.ch\/fr\/produit\/plaque-weber-pour-serie-q-1000-1200-et-140-1400\/","og_site_name":"Grills et Saveurs","article_modified_time":"2024-03-22T12:33:07+00:00","og_image":[{"width":1000,"height":950,"url":"https:\/\/www.grills-saveurs.ch\/fr\/wp-content\/uploads\/2019\/03\/6558-Plaque-Plancha-Weber-Q-1000-1200-et-140-1400.png","type":"image\/png"}],"twitter_card":"summary_large_image","twitter_misc":{"Dur\u00e9e de lecture estim\u00e9e":"1 minute"},"schema":{"@context":"https:\/\/schema.org","@graph":[{"@type":"WebSite","@id":"https:\/\/www.grills-saveurs.ch\/fr\/#website","url":"https:\/\/www.grills-saveurs.ch\/fr\/","name":"Grills et Saveurs","description":"Barbecues, Grills, Planchas, Chemin\u00e9es jardin - Lausanne, Suisse Romande","potentialAction":[{"@type":"SearchAction","target":{"@type":"EntryPoint","urlTemplate":"https:\/\/www.grills-saveurs.ch\/fr\/?s={search_term_string}"},"query-input":"required name=search_term_string"}],"inLanguage":"fr-FR"},{"@type":"ImageObject","@id":"https:\/\/www.grills-saveurs.ch\/fr\/produit\/plaque-weber-pour-serie-q-1000-1200-et-140-1400\/#primaryimage","inLanguage":"fr-FR","url":"https:\/\/www.grills-saveurs.ch\/fr\/wp-content\/uploads\/2019\/03\/6558-Plaque-Plancha-Weber-Q-1000-1200-et-140-1400.png","contentUrl":"https:\/\/www.grills-saveurs.ch\/fr\/wp-content\/uploads\/2019\/03\/6558-Plaque-Plancha-Weber-Q-1000-1200-et-140-1400.png","width":1000,"height":950,"caption":"6558 Plaque Plancha Weber - Q 1000 1200 et 140 1400"},{"@type":"WebPage","@id":"https:\/\/www.grills-saveurs.ch\/fr\/produit\/plaque-weber-pour-serie-q-1000-1200-et-140-1400\/#webpage","url":"https:\/\/www.grills-saveurs.ch\/fr\/produit\/plaque-weber-pour-serie-q-1000-1200-et-140-1400\/","name":"Plaque Plancha Weber - Q 1000\/1200 et 140\/1400 - Grills et Saveurs","isPartOf":{"@id":"https:\/\/www.grills-saveurs.ch\/fr\/#website"},"primaryImageOfPage":{"@id":"https:\/\/www.grills-saveurs.ch\/fr\/produit\/plaque-weber-pour-serie-q-1000-1200-et-140-1400\/#primaryimage"},"datePublished":"2019-03-07T08:01:18+00:00","dateModified":"2024-03-22T12:33:07+00:00","description":"Plancha en fonte \u00e9maill\u00e9e offrant une r\u00e9tention et une distribution de chaleur exceptionnelles pour une cuisson uniforme des aliments.","breadcrumb":{"@id":"https:\/\/www.grills-saveurs.ch\/fr\/produit\/plaque-weber-pour-serie-q-1000-1200-et-140-1400\/#breadcrumb"},"inLanguage":"fr-FR","potentialAction":[{"@type":"ReadAction","target":["https:\/\/www.grills-saveurs.ch\/fr\/produit\/plaque-weber-pour-serie-q-1000-1200-et-140-1400\/"]}]},{"@type":"BreadcrumbList","@id":"https:\/\/www.grills-saveurs.ch\/fr\/produit\/plaque-weber-pour-serie-q-1000-1200-et-140-1400\/#breadcrumb","itemListElement":[{"@type":"ListItem","position":1,"name":"Accueil","item":"https:\/\/www.grills-saveurs.ch\/fr\/"},{"@type":"ListItem","position":2,"name":"Shop \/ Boutique","item":"https:\/\/www.grills-saveurs.ch\/fr\/boutique\/"},{"@type":"ListItem","position":3,"name":"Plaque Plancha Weber &#8211; Q 1000\/1200 et 140\/1400"}]}]}},"_links":{"self":[{"href":"https:\/\/www.grills-saveurs.ch\/fr\/wp-json\/wp\/v2\/product\/1793"}],"collection":[{"href":"https:\/\/www.grills-saveurs.ch\/fr\/wp-json\/wp\/v2\/product"}],"about":[{"href":"https:\/\/www.grills-saveurs.ch\/fr\/wp-json\/wp\/v2\/types\/product"}],"wp:featuredmedia":[{"embeddable":true,"href":"https:\/\/www.grills-saveurs.ch\/fr\/wp-json\/wp\/v2\/media\/3824"}],"wp:attachment":[{"href":"https:\/\/www.grills-saveurs.ch\/fr\/wp-json\/wp\/v2\/media?parent=1793"}],"wp:term":[{"taxonomy":"product_cat","embeddable":true,"href":"https:\/\/www.grills-saveurs.ch\/fr\/wp-json\/wp\/v2\/product_cat?post=1793"},{"taxonomy":"product_tag","embeddable":true,"href":"https:\/\/www.grills-saveurs.ch\/fr\/wp-json\/wp\/v2\/product_tag?post=1793"}],"curies":[{"name":"wp","href":"https:\/\/api.w.org\/{rel}","templated":true}]}}