{"id":1803,"date":"2019-03-07T09:01:21","date_gmt":"2019-03-07T08:01:21","guid":{"rendered":"https:\/\/www.grills-saveurs.ch\/fr\/produit\/pelle-a-pizza-weber\/"},"modified":"2024-03-21T14:41:41","modified_gmt":"2024-03-21T13:41:41","slug":"pelle-a-pizza-weber","status":"publish","type":"product","link":"https:\/\/www.grills-saveurs.ch\/fr\/produit\/pelle-a-pizza-weber\/","title":{"rendered":"Pelle \u00e0 pizza Weber"},"content":{"rendered":"<div>Saupoudrez un peu de farine de ma\u00efs, \u00e9talez votre p\u00e2te et garnissez-la de viandes, l\u00e9gumes ou tout autre aliment qui vous fait envie. La pelle \u00e0 pizza robuste en acier inoxydable permet de facilement faire glisser votre pizza sur la pierre \u00e0 pizza ou les grilles de cuisson, et de la retirer d\u00e8s que la croute est dor\u00e9e et que le fromage est fondu.<\/div>\n<p><strong>CARACT\u00c9RISTIQUES<\/strong><\/p>\n<ul>\n<li>Pelle en acier inoxydable pour soulever et transporter des pizzas vers le barbecue et depuis celui-ci<\/li>\n<li>Manche rotatif permettant un rangement compact<\/li>\n<li>Acier inoxydable, 57 x 32 cm<\/li>\n<li>Passe au lave-vaisselle<\/li>\n<\/ul>\n","protected":false},"excerpt":{"rendered":"<p>6691<\/p>\n","protected":false},"featured_media":3812,"template":"","meta":[],"product_cat":[160],"product_tag":[84],"yoast_head":"<!-- This site is optimized with the Yoast SEO plugin v18.2 - https:\/\/yoast.com\/wordpress\/plugins\/seo\/ -->\n<title>Pelle \u00e0 pizza Weber - Grills et Saveurs<\/title>\n<meta name=\"description\" content=\"Pelle en acier inoxydable pour soulever et transporter des pizzas vers le barbecue et depuis celui-ci. Acier inoxydable, 57 x 32 cm.\" \/>\n<meta name=\"robots\" content=\"index, follow, max-snippet:-1, max-image-preview:large, max-video-preview:-1\" \/>\n<link rel=\"canonical\" href=\"https:\/\/www.grills-saveurs.ch\/fr\/produit\/pelle-a-pizza-weber\/\" \/>\n<meta property=\"og:locale\" content=\"fr_FR\" \/>\n<meta property=\"og:type\" content=\"article\" \/>\n<meta property=\"og:title\" content=\"Pelle \u00e0 pizza Weber - Grills et Saveurs\" \/>\n<meta property=\"og:description\" content=\"Pelle en acier inoxydable pour soulever et transporter des pizzas vers le barbecue et depuis celui-ci. Acier inoxydable, 57 x 32 cm.\" \/>\n<meta property=\"og:url\" content=\"https:\/\/www.grills-saveurs.ch\/fr\/produit\/pelle-a-pizza-weber\/\" \/>\n<meta property=\"og:site_name\" content=\"Grills et Saveurs\" \/>\n<meta property=\"article:modified_time\" content=\"2024-03-21T13:41:41+00:00\" \/>\n<meta property=\"og:image\" content=\"https:\/\/www.grills-saveurs.ch\/fr\/wp-content\/uploads\/2019\/03\/6691-Pelle-\u00e0-pizza-Weber.png\" \/>\n\t<meta property=\"og:image:width\" content=\"1000\" \/>\n\t<meta property=\"og:image:height\" content=\"950\" \/>\n\t<meta property=\"og:image:type\" content=\"image\/png\" \/>\n<meta name=\"twitter:card\" content=\"summary_large_image\" \/>\n<script type=\"application\/ld+json\" class=\"yoast-schema-graph\">{\"@context\":\"https:\/\/schema.org\",\"@graph\":[{\"@type\":\"WebSite\",\"@id\":\"https:\/\/www.grills-saveurs.ch\/fr\/#website\",\"url\":\"https:\/\/www.grills-saveurs.ch\/fr\/\",\"name\":\"Grills et Saveurs\",\"description\":\"Barbecues, Grills, Planchas, Chemin\u00e9es jardin - Lausanne, Suisse Romande\",\"potentialAction\":[{\"@type\":\"SearchAction\",\"target\":{\"@type\":\"EntryPoint\",\"urlTemplate\":\"https:\/\/www.grills-saveurs.ch\/fr\/?s={search_term_string}\"},\"query-input\":\"required name=search_term_string\"}],\"inLanguage\":\"fr-FR\"},{\"@type\":\"ImageObject\",\"@id\":\"https:\/\/www.grills-saveurs.ch\/fr\/produit\/pelle-a-pizza-weber\/#primaryimage\",\"inLanguage\":\"fr-FR\",\"url\":\"https:\/\/www.grills-saveurs.ch\/fr\/wp-content\/uploads\/2019\/03\/6691-Pelle-\u00e0-pizza-Weber.png\",\"contentUrl\":\"https:\/\/www.grills-saveurs.ch\/fr\/wp-content\/uploads\/2019\/03\/6691-Pelle-\u00e0-pizza-Weber.png\",\"width\":1000,\"height\":950,\"caption\":\"6691 Pelle \u00e0 pizza Weber\"},{\"@type\":\"WebPage\",\"@id\":\"https:\/\/www.grills-saveurs.ch\/fr\/produit\/pelle-a-pizza-weber\/#webpage\",\"url\":\"https:\/\/www.grills-saveurs.ch\/fr\/produit\/pelle-a-pizza-weber\/\",\"name\":\"Pelle \u00e0 pizza Weber - Grills et Saveurs\",\"isPartOf\":{\"@id\":\"https:\/\/www.grills-saveurs.ch\/fr\/#website\"},\"primaryImageOfPage\":{\"@id\":\"https:\/\/www.grills-saveurs.ch\/fr\/produit\/pelle-a-pizza-weber\/#primaryimage\"},\"datePublished\":\"2019-03-07T08:01:21+00:00\",\"dateModified\":\"2024-03-21T13:41:41+00:00\",\"description\":\"Pelle en acier inoxydable pour soulever et transporter des pizzas vers le barbecue et depuis celui-ci. Acier inoxydable, 57 x 32 cm.\",\"breadcrumb\":{\"@id\":\"https:\/\/www.grills-saveurs.ch\/fr\/produit\/pelle-a-pizza-weber\/#breadcrumb\"},\"inLanguage\":\"fr-FR\",\"potentialAction\":[{\"@type\":\"ReadAction\",\"target\":[\"https:\/\/www.grills-saveurs.ch\/fr\/produit\/pelle-a-pizza-weber\/\"]}]},{\"@type\":\"BreadcrumbList\",\"@id\":\"https:\/\/www.grills-saveurs.ch\/fr\/produit\/pelle-a-pizza-weber\/#breadcrumb\",\"itemListElement\":[{\"@type\":\"ListItem\",\"position\":1,\"name\":\"Accueil\",\"item\":\"https:\/\/www.grills-saveurs.ch\/fr\/\"},{\"@type\":\"ListItem\",\"position\":2,\"name\":\"Shop \/ Boutique\",\"item\":\"https:\/\/www.grills-saveurs.ch\/fr\/boutique\/\"},{\"@type\":\"ListItem\",\"position\":3,\"name\":\"Pelle \u00e0 pizza Weber\"}]}]}<\/script>\n<!-- \/ Yoast SEO plugin. -->","yoast_head_json":{"title":"Pelle \u00e0 pizza Weber - Grills et Saveurs","description":"Pelle en acier inoxydable pour soulever et transporter des pizzas vers le barbecue et depuis celui-ci. Acier inoxydable, 57 x 32 cm.","robots":{"index":"index","follow":"follow","max-snippet":"max-snippet:-1","max-image-preview":"max-image-preview:large","max-video-preview":"max-video-preview:-1"},"canonical":"https:\/\/www.grills-saveurs.ch\/fr\/produit\/pelle-a-pizza-weber\/","og_locale":"fr_FR","og_type":"article","og_title":"Pelle \u00e0 pizza Weber - Grills et Saveurs","og_description":"Pelle en acier inoxydable pour soulever et transporter des pizzas vers le barbecue et depuis celui-ci. Acier inoxydable, 57 x 32 cm.","og_url":"https:\/\/www.grills-saveurs.ch\/fr\/produit\/pelle-a-pizza-weber\/","og_site_name":"Grills et Saveurs","article_modified_time":"2024-03-21T13:41:41+00:00","og_image":[{"width":1000,"height":950,"url":"https:\/\/www.grills-saveurs.ch\/fr\/wp-content\/uploads\/2019\/03\/6691-Pelle-\u00e0-pizza-Weber.png","type":"image\/png"}],"twitter_card":"summary_large_image","schema":{"@context":"https:\/\/schema.org","@graph":[{"@type":"WebSite","@id":"https:\/\/www.grills-saveurs.ch\/fr\/#website","url":"https:\/\/www.grills-saveurs.ch\/fr\/","name":"Grills et Saveurs","description":"Barbecues, Grills, Planchas, Chemin\u00e9es jardin - Lausanne, Suisse Romande","potentialAction":[{"@type":"SearchAction","target":{"@type":"EntryPoint","urlTemplate":"https:\/\/www.grills-saveurs.ch\/fr\/?s={search_term_string}"},"query-input":"required name=search_term_string"}],"inLanguage":"fr-FR"},{"@type":"ImageObject","@id":"https:\/\/www.grills-saveurs.ch\/fr\/produit\/pelle-a-pizza-weber\/#primaryimage","inLanguage":"fr-FR","url":"https:\/\/www.grills-saveurs.ch\/fr\/wp-content\/uploads\/2019\/03\/6691-Pelle-\u00e0-pizza-Weber.png","contentUrl":"https:\/\/www.grills-saveurs.ch\/fr\/wp-content\/uploads\/2019\/03\/6691-Pelle-\u00e0-pizza-Weber.png","width":1000,"height":950,"caption":"6691 Pelle \u00e0 pizza Weber"},{"@type":"WebPage","@id":"https:\/\/www.grills-saveurs.ch\/fr\/produit\/pelle-a-pizza-weber\/#webpage","url":"https:\/\/www.grills-saveurs.ch\/fr\/produit\/pelle-a-pizza-weber\/","name":"Pelle \u00e0 pizza Weber - Grills et Saveurs","isPartOf":{"@id":"https:\/\/www.grills-saveurs.ch\/fr\/#website"},"primaryImageOfPage":{"@id":"https:\/\/www.grills-saveurs.ch\/fr\/produit\/pelle-a-pizza-weber\/#primaryimage"},"datePublished":"2019-03-07T08:01:21+00:00","dateModified":"2024-03-21T13:41:41+00:00","description":"Pelle en acier inoxydable pour soulever et transporter des pizzas vers le barbecue et depuis celui-ci. Acier inoxydable, 57 x 32 cm.","breadcrumb":{"@id":"https:\/\/www.grills-saveurs.ch\/fr\/produit\/pelle-a-pizza-weber\/#breadcrumb"},"inLanguage":"fr-FR","potentialAction":[{"@type":"ReadAction","target":["https:\/\/www.grills-saveurs.ch\/fr\/produit\/pelle-a-pizza-weber\/"]}]},{"@type":"BreadcrumbList","@id":"https:\/\/www.grills-saveurs.ch\/fr\/produit\/pelle-a-pizza-weber\/#breadcrumb","itemListElement":[{"@type":"ListItem","position":1,"name":"Accueil","item":"https:\/\/www.grills-saveurs.ch\/fr\/"},{"@type":"ListItem","position":2,"name":"Shop \/ Boutique","item":"https:\/\/www.grills-saveurs.ch\/fr\/boutique\/"},{"@type":"ListItem","position":3,"name":"Pelle \u00e0 pizza Weber"}]}]}},"_links":{"self":[{"href":"https:\/\/www.grills-saveurs.ch\/fr\/wp-json\/wp\/v2\/product\/1803"}],"collection":[{"href":"https:\/\/www.grills-saveurs.ch\/fr\/wp-json\/wp\/v2\/product"}],"about":[{"href":"https:\/\/www.grills-saveurs.ch\/fr\/wp-json\/wp\/v2\/types\/product"}],"wp:featuredmedia":[{"embeddable":true,"href":"https:\/\/www.grills-saveurs.ch\/fr\/wp-json\/wp\/v2\/media\/3812"}],"wp:attachment":[{"href":"https:\/\/www.grills-saveurs.ch\/fr\/wp-json\/wp\/v2\/media?parent=1803"}],"wp:term":[{"taxonomy":"product_cat","embeddable":true,"href":"https:\/\/www.grills-saveurs.ch\/fr\/wp-json\/wp\/v2\/product_cat?post=1803"},{"taxonomy":"product_tag","embeddable":true,"href":"https:\/\/www.grills-saveurs.ch\/fr\/wp-json\/wp\/v2\/product_tag?post=1803"}],"curies":[{"name":"wp","href":"https:\/\/api.w.org\/{rel}","templated":true}]}}