{"id":1812,"date":"2019-03-07T09:01:25","date_gmt":"2019-03-07T08:01:25","guid":{"rendered":"https:\/\/www.grills-saveurs.ch\/fr\/produit\/bsourmet-bbq-system\/"},"modified":"2024-03-22T15:29:45","modified_gmt":"2024-03-22T14:29:45","slug":"bsourmet-bbq-system","status":"publish","type":"product","link":"https:\/\/www.grills-saveurs.ch\/fr\/produit\/bsourmet-bbq-system\/","title":{"rendered":"Grille de saisie Sear Grate Weber \u2013 GBS"},"content":{"rendered":"<p>Devenez l\u2019expert en barbecue que vous avez toujours voulu \u00eatre en ma\u00eetrisant \u00e0 la perfection l\u2019art et la technique pour obtenir un steak parfaitement saisi. Heureusement pour vous, et pour vos convives, la grille de saisie Gourmet BBQ System est l\u00e0 pour que vous deveniez ce h\u00e9ros du jardin en un rien de temps. Cette grille en fonte \u00e9maill\u00e9e conduit la chaleur de mani\u00e8re uniforme, pour des marques de saisie professionnelles et une viande qui conserve sa tendresse et ses saveurs. Vos invit\u00e9s seront impressionn\u00e9s du premier coup d\u2019\u0153il \u00e0 leur derni\u00e8re bouch\u00e9e.<\/p>\n<p><strong>CARACT\u00c9RISTIQUES<\/strong><\/p>\n<ul>\n<li>Grille de saisie en fonte \u00e9maill\u00e9e qui \u00e9vite que les aliments n\u2019adh\u00e8rent et produit des marques de saisie professionnelles en croix<\/li>\n<li>Con\u00e7ue pour tenir dans la grille de cuisson\u00a0<a href=\"http:\/\/CARACT\u00c9RISTIQUES Plancha en fonte \u00e9maill\u00e9e offrant une r\u00e9tention et une distribution de chaleur exceptionnelles pour une cuisson uniforme des aliments. Con\u00e7ue pour tenir dans la grille de cuisson Gourmet BBQ System (voir ci-dessous). D\u00c9COUVREZ LE GOURMET BARBECUE SYSTEM Avec le Gourmet BBQ System, transformez votre barbecue en v\u00e9ritable cuisine tout-en-un. Il suffit de changer d\u2019accessoire en fonction de ce que vous pr\u00e9parez. Le Gourmet BBQ System Weber consiste en une grille dont la partie centrale est amovible, et de toute une s\u00e9rie d\u2019accessoires GBS. Du wok \u00e0 la plancha, de la cocotte au tout nouveau gaufrier la grille pr\u00e9sente 2 fonctions : elle peut \u00eatre utilis\u00e9e comme une grille de cuisson classique ou en combinaison avec les diff\u00e9rents accessoires qui s\u2019adaptent parfaitement \u00e0 la partie centrale. Pas besoin d\u2019attendre le week-end pour les exp\u00e9riences, dans un quotidien tr\u00e9pidant, l\u2019ambiance chaleureuse du barbecue est tr\u00e8s attirante !\">Gourmet BBQ System<\/a> (voir ci-dessous), de sorte qu\u2019elle reste en place pendant la cuisson<\/li>\n<li>Mat\u00e9riau : fonte \u00e9maill\u00e9e<\/li>\n<li>Conseils de nettoyage : lavage \u00e0 la main<\/li>\n<\/ul>\n<p><strong>D\u00c9COUVREZ LE GOURMET BARBECUE SYSTEM<\/strong><\/p>\n<p>Avec le Gourmet BBQ System, transformez votre barbecue en v\u00e9ritable cuisine tout-en-un. Il suffit de changer d\u2019accessoire en fonction de ce que vous pr\u00e9parez.<\/p>\n<p>Le Gourmet BBQ System Weber consiste en une grille dont la partie centrale est amovible, et de toute une s\u00e9rie d\u2019accessoires GBS. Du wok \u00e0 la plancha, de la cocotte au tout nouveau gaufrier la grille pr\u00e9sente 2 fonctions : elle peut \u00eatre utilis\u00e9e comme une grille de cuisson classique ou en combinaison avec les diff\u00e9rents accessoires qui s\u2019adaptent parfaitement \u00e0 la partie centrale. Pas besoin d\u2019attendre le week-end pour les exp\u00e9riences, dans un quotidien tr\u00e9pidant, l\u2019ambiance chaleureuse du barbecue est tr\u00e8s attirante !<\/p>\n","protected":false},"excerpt":{"rendered":"<p>8834<\/p>\n","protected":false},"featured_media":3785,"template":"","meta":[],"product_cat":[117],"product_tag":[84],"yoast_head":"<!-- This site is optimized with the Yoast SEO plugin v18.2 - https:\/\/yoast.com\/wordpress\/plugins\/seo\/ -->\n<title>Grille de saisie Sear Grate Weber \u2013 GBS - Grills et Saveurs<\/title>\n<meta name=\"description\" content=\"Cette grille en fonte \u00e9maill\u00e9e conduit la chaleur de mani\u00e8re uniforme, pour des marques de saisie professionnelles et une viande qui conserve ses saveurs.\" \/>\n<meta name=\"robots\" content=\"index, follow, max-snippet:-1, max-image-preview:large, max-video-preview:-1\" \/>\n<link rel=\"canonical\" href=\"https:\/\/www.grills-saveurs.ch\/fr\/produit\/bsourmet-bbq-system\/\" \/>\n<meta property=\"og:locale\" content=\"fr_FR\" \/>\n<meta property=\"og:type\" content=\"article\" \/>\n<meta property=\"og:title\" content=\"Grille de saisie Sear Grate Weber \u2013 GBS - Grills et Saveurs\" \/>\n<meta property=\"og:description\" content=\"Cette grille en fonte \u00e9maill\u00e9e conduit la chaleur de mani\u00e8re uniforme, pour des marques de saisie professionnelles et une viande qui conserve ses saveurs.\" \/>\n<meta property=\"og:url\" content=\"https:\/\/www.grills-saveurs.ch\/fr\/produit\/bsourmet-bbq-system\/\" \/>\n<meta property=\"og:site_name\" content=\"Grills et Saveurs\" \/>\n<meta property=\"article:modified_time\" content=\"2024-03-22T14:29:45+00:00\" \/>\n<meta property=\"og:image\" content=\"https:\/\/www.grills-saveurs.ch\/fr\/wp-content\/uploads\/2019\/03\/8834-Grille-de-saisie-Sear-Grate-Weber-GBS.png\" \/>\n\t<meta property=\"og:image:width\" content=\"1000\" \/>\n\t<meta property=\"og:image:height\" content=\"950\" \/>\n\t<meta property=\"og:image:type\" content=\"image\/png\" \/>\n<meta name=\"twitter:card\" content=\"summary_large_image\" \/>\n<meta name=\"twitter:label1\" content=\"Dur\u00e9e de lecture estim\u00e9e\" \/>\n\t<meta name=\"twitter:data1\" content=\"1 minute\" \/>\n<script type=\"application\/ld+json\" class=\"yoast-schema-graph\">{\"@context\":\"https:\/\/schema.org\",\"@graph\":[{\"@type\":\"WebSite\",\"@id\":\"https:\/\/www.grills-saveurs.ch\/fr\/#website\",\"url\":\"https:\/\/www.grills-saveurs.ch\/fr\/\",\"name\":\"Grills et Saveurs\",\"description\":\"Barbecues, Grills, Planchas, Chemin\u00e9es jardin - Lausanne, Suisse Romande\",\"potentialAction\":[{\"@type\":\"SearchAction\",\"target\":{\"@type\":\"EntryPoint\",\"urlTemplate\":\"https:\/\/www.grills-saveurs.ch\/fr\/?s={search_term_string}\"},\"query-input\":\"required name=search_term_string\"}],\"inLanguage\":\"fr-FR\"},{\"@type\":\"ImageObject\",\"@id\":\"https:\/\/www.grills-saveurs.ch\/fr\/produit\/bsourmet-bbq-system\/#primaryimage\",\"inLanguage\":\"fr-FR\",\"url\":\"https:\/\/www.grills-saveurs.ch\/fr\/wp-content\/uploads\/2019\/03\/8834-Grille-de-saisie-Sear-Grate-Weber-GBS.png\",\"contentUrl\":\"https:\/\/www.grills-saveurs.ch\/fr\/wp-content\/uploads\/2019\/03\/8834-Grille-de-saisie-Sear-Grate-Weber-GBS.png\",\"width\":1000,\"height\":950,\"caption\":\"8834 Grille de saisie Sear Grate Weber GBS\"},{\"@type\":\"WebPage\",\"@id\":\"https:\/\/www.grills-saveurs.ch\/fr\/produit\/bsourmet-bbq-system\/#webpage\",\"url\":\"https:\/\/www.grills-saveurs.ch\/fr\/produit\/bsourmet-bbq-system\/\",\"name\":\"Grille de saisie Sear Grate Weber \u2013 GBS - Grills et Saveurs\",\"isPartOf\":{\"@id\":\"https:\/\/www.grills-saveurs.ch\/fr\/#website\"},\"primaryImageOfPage\":{\"@id\":\"https:\/\/www.grills-saveurs.ch\/fr\/produit\/bsourmet-bbq-system\/#primaryimage\"},\"datePublished\":\"2019-03-07T08:01:25+00:00\",\"dateModified\":\"2024-03-22T14:29:45+00:00\",\"description\":\"Cette grille en fonte \u00e9maill\u00e9e conduit la chaleur de mani\u00e8re uniforme, pour des marques de saisie professionnelles et une viande qui conserve ses saveurs.\",\"breadcrumb\":{\"@id\":\"https:\/\/www.grills-saveurs.ch\/fr\/produit\/bsourmet-bbq-system\/#breadcrumb\"},\"inLanguage\":\"fr-FR\",\"potentialAction\":[{\"@type\":\"ReadAction\",\"target\":[\"https:\/\/www.grills-saveurs.ch\/fr\/produit\/bsourmet-bbq-system\/\"]}]},{\"@type\":\"BreadcrumbList\",\"@id\":\"https:\/\/www.grills-saveurs.ch\/fr\/produit\/bsourmet-bbq-system\/#breadcrumb\",\"itemListElement\":[{\"@type\":\"ListItem\",\"position\":1,\"name\":\"Accueil\",\"item\":\"https:\/\/www.grills-saveurs.ch\/fr\/\"},{\"@type\":\"ListItem\",\"position\":2,\"name\":\"Shop \/ Boutique\",\"item\":\"https:\/\/www.grills-saveurs.ch\/fr\/boutique\/\"},{\"@type\":\"ListItem\",\"position\":3,\"name\":\"Grille de saisie Sear Grate Weber \u2013 GBS\"}]}]}<\/script>\n<!-- \/ Yoast SEO plugin. -->","yoast_head_json":{"title":"Grille de saisie Sear Grate Weber \u2013 GBS - Grills et Saveurs","description":"Cette grille en fonte \u00e9maill\u00e9e conduit la chaleur de mani\u00e8re uniforme, pour des marques de saisie professionnelles et une viande qui conserve ses saveurs.","robots":{"index":"index","follow":"follow","max-snippet":"max-snippet:-1","max-image-preview":"max-image-preview:large","max-video-preview":"max-video-preview:-1"},"canonical":"https:\/\/www.grills-saveurs.ch\/fr\/produit\/bsourmet-bbq-system\/","og_locale":"fr_FR","og_type":"article","og_title":"Grille de saisie Sear Grate Weber \u2013 GBS - Grills et Saveurs","og_description":"Cette grille en fonte \u00e9maill\u00e9e conduit la chaleur de mani\u00e8re uniforme, pour des marques de saisie professionnelles et une viande qui conserve ses saveurs.","og_url":"https:\/\/www.grills-saveurs.ch\/fr\/produit\/bsourmet-bbq-system\/","og_site_name":"Grills et Saveurs","article_modified_time":"2024-03-22T14:29:45+00:00","og_image":[{"width":1000,"height":950,"url":"https:\/\/www.grills-saveurs.ch\/fr\/wp-content\/uploads\/2019\/03\/8834-Grille-de-saisie-Sear-Grate-Weber-GBS.png","type":"image\/png"}],"twitter_card":"summary_large_image","twitter_misc":{"Dur\u00e9e de lecture estim\u00e9e":"1 minute"},"schema":{"@context":"https:\/\/schema.org","@graph":[{"@type":"WebSite","@id":"https:\/\/www.grills-saveurs.ch\/fr\/#website","url":"https:\/\/www.grills-saveurs.ch\/fr\/","name":"Grills et Saveurs","description":"Barbecues, Grills, Planchas, Chemin\u00e9es jardin - Lausanne, Suisse Romande","potentialAction":[{"@type":"SearchAction","target":{"@type":"EntryPoint","urlTemplate":"https:\/\/www.grills-saveurs.ch\/fr\/?s={search_term_string}"},"query-input":"required name=search_term_string"}],"inLanguage":"fr-FR"},{"@type":"ImageObject","@id":"https:\/\/www.grills-saveurs.ch\/fr\/produit\/bsourmet-bbq-system\/#primaryimage","inLanguage":"fr-FR","url":"https:\/\/www.grills-saveurs.ch\/fr\/wp-content\/uploads\/2019\/03\/8834-Grille-de-saisie-Sear-Grate-Weber-GBS.png","contentUrl":"https:\/\/www.grills-saveurs.ch\/fr\/wp-content\/uploads\/2019\/03\/8834-Grille-de-saisie-Sear-Grate-Weber-GBS.png","width":1000,"height":950,"caption":"8834 Grille de saisie Sear Grate Weber GBS"},{"@type":"WebPage","@id":"https:\/\/www.grills-saveurs.ch\/fr\/produit\/bsourmet-bbq-system\/#webpage","url":"https:\/\/www.grills-saveurs.ch\/fr\/produit\/bsourmet-bbq-system\/","name":"Grille de saisie Sear Grate Weber \u2013 GBS - Grills et Saveurs","isPartOf":{"@id":"https:\/\/www.grills-saveurs.ch\/fr\/#website"},"primaryImageOfPage":{"@id":"https:\/\/www.grills-saveurs.ch\/fr\/produit\/bsourmet-bbq-system\/#primaryimage"},"datePublished":"2019-03-07T08:01:25+00:00","dateModified":"2024-03-22T14:29:45+00:00","description":"Cette grille en fonte \u00e9maill\u00e9e conduit la chaleur de mani\u00e8re uniforme, pour des marques de saisie professionnelles et une viande qui conserve ses saveurs.","breadcrumb":{"@id":"https:\/\/www.grills-saveurs.ch\/fr\/produit\/bsourmet-bbq-system\/#breadcrumb"},"inLanguage":"fr-FR","potentialAction":[{"@type":"ReadAction","target":["https:\/\/www.grills-saveurs.ch\/fr\/produit\/bsourmet-bbq-system\/"]}]},{"@type":"BreadcrumbList","@id":"https:\/\/www.grills-saveurs.ch\/fr\/produit\/bsourmet-bbq-system\/#breadcrumb","itemListElement":[{"@type":"ListItem","position":1,"name":"Accueil","item":"https:\/\/www.grills-saveurs.ch\/fr\/"},{"@type":"ListItem","position":2,"name":"Shop \/ Boutique","item":"https:\/\/www.grills-saveurs.ch\/fr\/boutique\/"},{"@type":"ListItem","position":3,"name":"Grille de saisie Sear Grate Weber \u2013 GBS"}]}]}},"_links":{"self":[{"href":"https:\/\/www.grills-saveurs.ch\/fr\/wp-json\/wp\/v2\/product\/1812"}],"collection":[{"href":"https:\/\/www.grills-saveurs.ch\/fr\/wp-json\/wp\/v2\/product"}],"about":[{"href":"https:\/\/www.grills-saveurs.ch\/fr\/wp-json\/wp\/v2\/types\/product"}],"wp:featuredmedia":[{"embeddable":true,"href":"https:\/\/www.grills-saveurs.ch\/fr\/wp-json\/wp\/v2\/media\/3785"}],"wp:attachment":[{"href":"https:\/\/www.grills-saveurs.ch\/fr\/wp-json\/wp\/v2\/media?parent=1812"}],"wp:term":[{"taxonomy":"product_cat","embeddable":true,"href":"https:\/\/www.grills-saveurs.ch\/fr\/wp-json\/wp\/v2\/product_cat?post=1812"},{"taxonomy":"product_tag","embeddable":true,"href":"https:\/\/www.grills-saveurs.ch\/fr\/wp-json\/wp\/v2\/product_tag?post=1812"}],"curies":[{"name":"wp","href":"https:\/\/api.w.org\/{rel}","templated":true}]}}