{"id":1815,"date":"2019-03-07T09:01:26","date_gmt":"2019-03-07T08:01:26","guid":{"rendered":"https:\/\/www.grills-saveurs.ch\/fr\/produit\/insert-dutch-oven-gbs\/"},"modified":"2024-03-22T15:28:50","modified_gmt":"2024-03-22T14:28:50","slug":"insert-dutch-oven-gbs","status":"publish","type":"product","link":"https:\/\/www.grills-saveurs.ch\/fr\/produit\/insert-dutch-oven-gbs\/","title":{"rendered":"Cocotte dutch oven Weber \u2013 GBS"},"content":{"rendered":"<p>Red\u00e9couvrez la cuisson lente \u00e0 feu doux et faites mijoter votre chili dans votre cocotte. Ou remplissez-la simplement de vos ingr\u00e9dients pr\u00e9f\u00e9r\u00e9s et profitez d\u2019un bon petit plat en plein air, dans votre jardin. La cocotte Gourmet BBQ System peut contenir jusqu\u2019\u00e0 7 l de rago\u00fbt et peut m\u00eame servir \u00e0 cuire du pain ou braiser de la viande.<\/p>\n<p><strong>CARACT\u00c9RISTIQUES<\/strong><\/p>\n<ul>\n<li>Mat\u00e9riau : fonte<\/li>\n<li>Conseils de nettoyage : lavage \u00e0 la main<\/li>\n<li>Con\u00e7ue pour tenir dans la grille de cuisson <a href=\"http:\/\/CARACT\u00c9RISTIQUES  Plancha en fonte \u00e9maill\u00e9e offrant une r\u00e9tention et une distribution de chaleur exceptionnelles pour une cuisson uniforme des aliments. Con\u00e7ue pour tenir dans la grille de cuisson Gourmet BBQ System (voir ci-dessous). D\u00c9COUVREZ LE GOURMET BARBECUE SYSTEM  Avec le Gourmet BBQ System, transformez votre barbecue en v\u00e9ritable cuisine tout-en-un. Il suffit de changer d\u2019accessoire en fonction de ce que vous pr\u00e9parez.  Le Gourmet BBQ System Weber consiste en une grille dont la partie centrale est amovible, et de toute une s\u00e9rie d\u2019accessoires GBS. Du wok \u00e0 la plancha, de la cocotte au tout nouveau gaufrier la grille pr\u00e9sente 2 fonctions : elle peut \u00eatre utilis\u00e9e comme une grille de cuisson classique ou en combinaison avec les diff\u00e9rents accessoires qui s\u2019adaptent parfaitement \u00e0 la partie centrale. Pas besoin d\u2019attendre le week-end pour les exp\u00e9riences, dans un quotidien tr\u00e9pidant, l\u2019ambiance chaleureuse du barbecue est tr\u00e8s attirante !\">Gourmet BBQ System<\/a> (voir ci-dessous).<\/li>\n<\/ul>\n<p><strong>D\u00c9COUVREZ LE GOURMET BARBECUE SYSTEM<\/strong><\/p>\n<p>Avec le Gourmet BBQ System, transformez votre barbecue en v\u00e9ritable cuisine tout-en-un. Il suffit de changer d\u2019accessoire en fonction de ce que vous pr\u00e9parez.<\/p>\n<p>Le Gourmet BBQ System Weber consiste en une grille dont la partie centrale est amovible, et de toute une s\u00e9rie d\u2019accessoires GBS. Du wok \u00e0 la plancha, de la cocotte au tout nouveau gaufrier la grille pr\u00e9sente 2 fonctions : elle peut \u00eatre utilis\u00e9e comme une grille de cuisson classique ou en combinaison avec les diff\u00e9rents accessoires qui s\u2019adaptent parfaitement \u00e0 la partie centrale. Pas besoin d\u2019attendre le week-end pour les exp\u00e9riences, dans un quotidien tr\u00e9pidant, l\u2019ambiance chaleureuse du barbecue est tr\u00e8s attirante !<\/p>\n","protected":false},"excerpt":{"rendered":"<p>8842<\/p>\n","protected":false},"featured_media":3781,"template":"","meta":[],"product_cat":[183,117],"product_tag":[84],"yoast_head":"<!-- This site is optimized with the Yoast SEO plugin v18.2 - https:\/\/yoast.com\/wordpress\/plugins\/seo\/ -->\n<title>Cocotte dutch oven Weber \u2013 GBS - Grills et Saveurs<\/title>\n<meta name=\"description\" content=\"La cocotte Gourmet BBQ System peut contenir jusqu\u2019\u00e0 7 l de rago\u00fbt et peut m\u00eame servir \u00e0 cuire du pain ou braiser de la viande.\" \/>\n<meta name=\"robots\" content=\"index, follow, max-snippet:-1, max-image-preview:large, max-video-preview:-1\" \/>\n<link rel=\"canonical\" href=\"https:\/\/www.grills-saveurs.ch\/fr\/produit\/insert-dutch-oven-gbs\/\" \/>\n<meta property=\"og:locale\" content=\"fr_FR\" \/>\n<meta property=\"og:type\" content=\"article\" \/>\n<meta property=\"og:title\" content=\"Cocotte dutch oven Weber \u2013 GBS - Grills et Saveurs\" \/>\n<meta property=\"og:description\" content=\"La cocotte Gourmet BBQ System peut contenir jusqu\u2019\u00e0 7 l de rago\u00fbt et peut m\u00eame servir \u00e0 cuire du pain ou braiser de la viande.\" \/>\n<meta property=\"og:url\" content=\"https:\/\/www.grills-saveurs.ch\/fr\/produit\/insert-dutch-oven-gbs\/\" \/>\n<meta property=\"og:site_name\" content=\"Grills et Saveurs\" \/>\n<meta property=\"article:modified_time\" content=\"2024-03-22T14:28:50+00:00\" \/>\n<meta property=\"og:image\" content=\"https:\/\/www.grills-saveurs.ch\/fr\/wp-content\/uploads\/2019\/03\/8842-Cocotte-dutch-oven-Weber-\u2013-GBS.png\" \/>\n\t<meta property=\"og:image:width\" content=\"1000\" \/>\n\t<meta property=\"og:image:height\" content=\"950\" \/>\n\t<meta property=\"og:image:type\" content=\"image\/png\" \/>\n<meta name=\"twitter:card\" content=\"summary_large_image\" \/>\n<meta name=\"twitter:label1\" content=\"Dur\u00e9e de lecture estim\u00e9e\" \/>\n\t<meta name=\"twitter:data1\" content=\"1 minute\" \/>\n<script type=\"application\/ld+json\" class=\"yoast-schema-graph\">{\"@context\":\"https:\/\/schema.org\",\"@graph\":[{\"@type\":\"WebSite\",\"@id\":\"https:\/\/www.grills-saveurs.ch\/fr\/#website\",\"url\":\"https:\/\/www.grills-saveurs.ch\/fr\/\",\"name\":\"Grills et Saveurs\",\"description\":\"Barbecues, Grills, Planchas, Chemin\u00e9es jardin - Lausanne, Suisse Romande\",\"potentialAction\":[{\"@type\":\"SearchAction\",\"target\":{\"@type\":\"EntryPoint\",\"urlTemplate\":\"https:\/\/www.grills-saveurs.ch\/fr\/?s={search_term_string}\"},\"query-input\":\"required name=search_term_string\"}],\"inLanguage\":\"fr-FR\"},{\"@type\":\"ImageObject\",\"@id\":\"https:\/\/www.grills-saveurs.ch\/fr\/produit\/insert-dutch-oven-gbs\/#primaryimage\",\"inLanguage\":\"fr-FR\",\"url\":\"https:\/\/www.grills-saveurs.ch\/fr\/wp-content\/uploads\/2019\/03\/8842-Cocotte-dutch-oven-Weber-\u2013-GBS.png\",\"contentUrl\":\"https:\/\/www.grills-saveurs.ch\/fr\/wp-content\/uploads\/2019\/03\/8842-Cocotte-dutch-oven-Weber-\u2013-GBS.png\",\"width\":1000,\"height\":950,\"caption\":\"8842 Cocotte dutch oven Weber GBS\"},{\"@type\":\"WebPage\",\"@id\":\"https:\/\/www.grills-saveurs.ch\/fr\/produit\/insert-dutch-oven-gbs\/#webpage\",\"url\":\"https:\/\/www.grills-saveurs.ch\/fr\/produit\/insert-dutch-oven-gbs\/\",\"name\":\"Cocotte dutch oven Weber \u2013 GBS - Grills et Saveurs\",\"isPartOf\":{\"@id\":\"https:\/\/www.grills-saveurs.ch\/fr\/#website\"},\"primaryImageOfPage\":{\"@id\":\"https:\/\/www.grills-saveurs.ch\/fr\/produit\/insert-dutch-oven-gbs\/#primaryimage\"},\"datePublished\":\"2019-03-07T08:01:26+00:00\",\"dateModified\":\"2024-03-22T14:28:50+00:00\",\"description\":\"La cocotte Gourmet BBQ System peut contenir jusqu\u2019\u00e0 7 l de rago\u00fbt et peut m\u00eame servir \u00e0 cuire du pain ou braiser de la viande.\",\"breadcrumb\":{\"@id\":\"https:\/\/www.grills-saveurs.ch\/fr\/produit\/insert-dutch-oven-gbs\/#breadcrumb\"},\"inLanguage\":\"fr-FR\",\"potentialAction\":[{\"@type\":\"ReadAction\",\"target\":[\"https:\/\/www.grills-saveurs.ch\/fr\/produit\/insert-dutch-oven-gbs\/\"]}]},{\"@type\":\"BreadcrumbList\",\"@id\":\"https:\/\/www.grills-saveurs.ch\/fr\/produit\/insert-dutch-oven-gbs\/#breadcrumb\",\"itemListElement\":[{\"@type\":\"ListItem\",\"position\":1,\"name\":\"Accueil\",\"item\":\"https:\/\/www.grills-saveurs.ch\/fr\/\"},{\"@type\":\"ListItem\",\"position\":2,\"name\":\"Shop \/ Boutique\",\"item\":\"https:\/\/www.grills-saveurs.ch\/fr\/boutique\/\"},{\"@type\":\"ListItem\",\"position\":3,\"name\":\"Cocotte dutch oven Weber \u2013 GBS\"}]}]}<\/script>\n<!-- \/ Yoast SEO plugin. -->","yoast_head_json":{"title":"Cocotte dutch oven Weber \u2013 GBS - Grills et Saveurs","description":"La cocotte Gourmet BBQ System peut contenir jusqu\u2019\u00e0 7 l de rago\u00fbt et peut m\u00eame servir \u00e0 cuire du pain ou braiser de la viande.","robots":{"index":"index","follow":"follow","max-snippet":"max-snippet:-1","max-image-preview":"max-image-preview:large","max-video-preview":"max-video-preview:-1"},"canonical":"https:\/\/www.grills-saveurs.ch\/fr\/produit\/insert-dutch-oven-gbs\/","og_locale":"fr_FR","og_type":"article","og_title":"Cocotte dutch oven Weber \u2013 GBS - Grills et Saveurs","og_description":"La cocotte Gourmet BBQ System peut contenir jusqu\u2019\u00e0 7 l de rago\u00fbt et peut m\u00eame servir \u00e0 cuire du pain ou braiser de la viande.","og_url":"https:\/\/www.grills-saveurs.ch\/fr\/produit\/insert-dutch-oven-gbs\/","og_site_name":"Grills et Saveurs","article_modified_time":"2024-03-22T14:28:50+00:00","og_image":[{"width":1000,"height":950,"url":"https:\/\/www.grills-saveurs.ch\/fr\/wp-content\/uploads\/2019\/03\/8842-Cocotte-dutch-oven-Weber-\u2013-GBS.png","type":"image\/png"}],"twitter_card":"summary_large_image","twitter_misc":{"Dur\u00e9e de lecture estim\u00e9e":"1 minute"},"schema":{"@context":"https:\/\/schema.org","@graph":[{"@type":"WebSite","@id":"https:\/\/www.grills-saveurs.ch\/fr\/#website","url":"https:\/\/www.grills-saveurs.ch\/fr\/","name":"Grills et Saveurs","description":"Barbecues, Grills, Planchas, Chemin\u00e9es jardin - Lausanne, Suisse Romande","potentialAction":[{"@type":"SearchAction","target":{"@type":"EntryPoint","urlTemplate":"https:\/\/www.grills-saveurs.ch\/fr\/?s={search_term_string}"},"query-input":"required name=search_term_string"}],"inLanguage":"fr-FR"},{"@type":"ImageObject","@id":"https:\/\/www.grills-saveurs.ch\/fr\/produit\/insert-dutch-oven-gbs\/#primaryimage","inLanguage":"fr-FR","url":"https:\/\/www.grills-saveurs.ch\/fr\/wp-content\/uploads\/2019\/03\/8842-Cocotte-dutch-oven-Weber-\u2013-GBS.png","contentUrl":"https:\/\/www.grills-saveurs.ch\/fr\/wp-content\/uploads\/2019\/03\/8842-Cocotte-dutch-oven-Weber-\u2013-GBS.png","width":1000,"height":950,"caption":"8842 Cocotte dutch oven Weber GBS"},{"@type":"WebPage","@id":"https:\/\/www.grills-saveurs.ch\/fr\/produit\/insert-dutch-oven-gbs\/#webpage","url":"https:\/\/www.grills-saveurs.ch\/fr\/produit\/insert-dutch-oven-gbs\/","name":"Cocotte dutch oven Weber \u2013 GBS - Grills et Saveurs","isPartOf":{"@id":"https:\/\/www.grills-saveurs.ch\/fr\/#website"},"primaryImageOfPage":{"@id":"https:\/\/www.grills-saveurs.ch\/fr\/produit\/insert-dutch-oven-gbs\/#primaryimage"},"datePublished":"2019-03-07T08:01:26+00:00","dateModified":"2024-03-22T14:28:50+00:00","description":"La cocotte Gourmet BBQ System peut contenir jusqu\u2019\u00e0 7 l de rago\u00fbt et peut m\u00eame servir \u00e0 cuire du pain ou braiser de la viande.","breadcrumb":{"@id":"https:\/\/www.grills-saveurs.ch\/fr\/produit\/insert-dutch-oven-gbs\/#breadcrumb"},"inLanguage":"fr-FR","potentialAction":[{"@type":"ReadAction","target":["https:\/\/www.grills-saveurs.ch\/fr\/produit\/insert-dutch-oven-gbs\/"]}]},{"@type":"BreadcrumbList","@id":"https:\/\/www.grills-saveurs.ch\/fr\/produit\/insert-dutch-oven-gbs\/#breadcrumb","itemListElement":[{"@type":"ListItem","position":1,"name":"Accueil","item":"https:\/\/www.grills-saveurs.ch\/fr\/"},{"@type":"ListItem","position":2,"name":"Shop \/ Boutique","item":"https:\/\/www.grills-saveurs.ch\/fr\/boutique\/"},{"@type":"ListItem","position":3,"name":"Cocotte dutch oven Weber \u2013 GBS"}]}]}},"_links":{"self":[{"href":"https:\/\/www.grills-saveurs.ch\/fr\/wp-json\/wp\/v2\/product\/1815"}],"collection":[{"href":"https:\/\/www.grills-saveurs.ch\/fr\/wp-json\/wp\/v2\/product"}],"about":[{"href":"https:\/\/www.grills-saveurs.ch\/fr\/wp-json\/wp\/v2\/types\/product"}],"wp:featuredmedia":[{"embeddable":true,"href":"https:\/\/www.grills-saveurs.ch\/fr\/wp-json\/wp\/v2\/media\/3781"}],"wp:attachment":[{"href":"https:\/\/www.grills-saveurs.ch\/fr\/wp-json\/wp\/v2\/media?parent=1815"}],"wp:term":[{"taxonomy":"product_cat","embeddable":true,"href":"https:\/\/www.grills-saveurs.ch\/fr\/wp-json\/wp\/v2\/product_cat?post=1815"},{"taxonomy":"product_tag","embeddable":true,"href":"https:\/\/www.grills-saveurs.ch\/fr\/wp-json\/wp\/v2\/product_tag?post=1815"}],"curies":[{"name":"wp","href":"https:\/\/api.w.org\/{rel}","templated":true}]}}